{"id":15715,"date":"2025-08-01T15:51:17","date_gmt":"2025-08-01T15:51:17","guid":{"rendered":"https:\/\/www.fundaciomascort.com\/?post_type=product&#038;p=15715"},"modified":"2025-08-04T13:57:38","modified_gmt":"2025-08-04T13:57:38","slug":"joan-pericot-garcia-1907-1987","status":"publish","type":"product","link":"https:\/\/www.fundaciomascort.com\/fr\/publication\/joan-pericot-garcia-1907-1987\/","title":{"rendered":"Joan Pericot Garcia (1907-1987)"},"content":{"rendered":"<div data-olk-copy-source=\"MailCompose\">Ce catalogue rassemble le contenu de l\u2019exposition consacr\u00e9e \u00e0 Joan Pericot Garcia (G\u00e9rone, 1907\u20131987), une figure prot\u00e9iforme de la culture catalane du XXe si\u00e8cle. Peintre, d\u00e9corateur, designer, po\u00e8te, \u00e9crivain et activiste culturel, Pericot a d\u00e9velopp\u00e9 une \u0153uvre riche et vari\u00e9e, profond\u00e9ment li\u00e9e \u00e0 la r\u00e9gion de l\u2019Empord\u00e0, notamment aux villages de Torroella de Montgr\u00ed et Calella de Palafrugell, deux lieux essentiels de sa vie et sources constantes d\u2019inspiration.<\/div>\n<div>Le catalogue pr\u00e9sente une s\u00e9lection repr\u00e9sentative de son \u0153uvre picturale et de ses projets architecturaux, \u00e0 travers lesquels on peut suivre son regard sensible et profond sur le paysage de l\u2019Empord\u00e0. Pericot ne se contentait pas de le repr\u00e9senter\u202f: il le r\u00e9interpr\u00e9tait avec une vision personnelle et po\u00e9tique, en utilisant une grande vari\u00e9t\u00e9 de techniques \u2014 de l\u2019huile sur toile \u00e0 l\u2019aquarelle et aux marqueurs flowmaster \u2014, avec lesquels il atteignait une synth\u00e8se expressive et moderne des formes et de l\u2019atmosph\u00e8re de son environnement.<\/div>\n","protected":false},"excerpt":{"rendered":"<p>Ce catalogue rassemble le contenu de l\u2019exposition consacr\u00e9e \u00e0 Joan Pericot Garcia (G\u00e9rone, 1907\u20131987), une figure prot\u00e9iforme de la culture catalane du XXe si\u00e8cle. Peintre, d\u00e9corateur, designer, po\u00e8te, \u00e9crivain et activiste culturel, Pericot a d\u00e9velopp\u00e9 une \u0153uvre riche et vari\u00e9e, profond\u00e9ment li\u00e9e \u00e0 la r\u00e9gion de l\u2019Empord\u00e0, notamment aux villages de Torroella de Montgr\u00ed et [&hellip;]<\/p>\n","protected":false},"featured_media":15711,"template":"","meta":{"_acf_changed":false},"product_brand":[],"product_cat":[41],"product_tag":[],"class_list":{"0":"post-15715","1":"product","2":"type-product","3":"status-publish","4":"has-post-thumbnail","6":"product_cat-sense-categoria-fr","8":"first","9":"instock","10":"taxable","11":"shipping-taxable","12":"purchasable","13":"product-type-simple"},"acf":[],"yoast_head":"<!-- This site is optimized with the Yoast SEO plugin v25.6 - https:\/\/yoast.com\/wordpress\/plugins\/seo\/ -->\n<title>Joan Pericot Garcia (1907-1987) - Fundaci\u00f3 Mascort<\/title>\n<meta name=\"robots\" content=\"index, follow, max-snippet:-1, max-image-preview:large, max-video-preview:-1\" \/>\n<link rel=\"canonical\" href=\"https:\/\/www.fundaciomascort.com\/fr\/publication\/joan-pericot-garcia-1907-1987\/\" \/>\n<meta property=\"og:locale\" content=\"fr_FR\" \/>\n<meta property=\"og:type\" content=\"article\" \/>\n<meta property=\"og:title\" content=\"Joan Pericot Garcia (1907-1987) - Fundaci\u00f3 Mascort\" \/>\n<meta property=\"og:description\" content=\"Ce catalogue rassemble le contenu de l\u2019exposition consacr\u00e9e \u00e0 Joan Pericot Garcia (G\u00e9rone, 1907\u20131987), une figure prot\u00e9iforme de la culture catalane du XXe si\u00e8cle. Peintre, d\u00e9corateur, designer, po\u00e8te, \u00e9crivain et activiste culturel, Pericot a d\u00e9velopp\u00e9 une \u0153uvre riche et vari\u00e9e, profond\u00e9ment li\u00e9e \u00e0 la r\u00e9gion de l\u2019Empord\u00e0, notamment aux villages de Torroella de Montgr\u00ed et [&hellip;]\" \/>\n<meta property=\"og:url\" content=\"https:\/\/www.fundaciomascort.com\/fr\/publication\/joan-pericot-garcia-1907-1987\/\" \/>\n<meta property=\"og:site_name\" content=\"Fundaci\u00f3 Mascort\" \/>\n<meta property=\"article:publisher\" content=\"https:\/\/www.facebook.com\/fundaciomascort\" \/>\n<meta property=\"article:modified_time\" content=\"2025-08-04T13:57:38+00:00\" \/>\n<meta property=\"og:image\" content=\"https:\/\/www.fundaciomascort.com\/wp-content\/uploads\/2025\/08\/PortadaJP.jpg\" \/>\n\t<meta property=\"og:image:width\" content=\"608\" \/>\n\t<meta property=\"og:image:height\" content=\"735\" \/>\n\t<meta property=\"og:image:type\" content=\"image\/jpeg\" \/>\n<meta name=\"twitter:card\" content=\"summary_large_image\" \/>\n<meta name=\"twitter:site\" content=\"@fundaciomascort\" \/>\n<meta name=\"twitter:label1\" content=\"Dur\u00e9e de lecture estim\u00e9e\" \/>\n\t<meta name=\"twitter:data1\" content=\"2 minutes\" \/>\n<script type=\"application\/ld+json\" class=\"yoast-schema-graph\">{\"@context\":\"https:\/\/schema.org\",\"@graph\":[{\"@type\":\"WebPage\",\"@id\":\"https:\/\/www.fundaciomascort.com\/fr\/publication\/joan-pericot-garcia-1907-1987\/\",\"url\":\"https:\/\/www.fundaciomascort.com\/fr\/publication\/joan-pericot-garcia-1907-1987\/\",\"name\":\"Joan Pericot Garcia (1907-1987) - Fundaci\u00f3 Mascort\",\"isPartOf\":{\"@id\":\"https:\/\/www.fundaciomascort.com\/fr\/#website\"},\"primaryImageOfPage\":{\"@id\":\"https:\/\/www.fundaciomascort.com\/fr\/publication\/joan-pericot-garcia-1907-1987\/#primaryimage\"},\"image\":{\"@id\":\"https:\/\/www.fundaciomascort.com\/fr\/publication\/joan-pericot-garcia-1907-1987\/#primaryimage\"},\"thumbnailUrl\":\"https:\/\/www.fundaciomascort.com\/wp-content\/uploads\/2025\/08\/PortadaJP.jpg\",\"datePublished\":\"2025-08-01T15:51:17+00:00\",\"dateModified\":\"2025-08-04T13:57:38+00:00\",\"breadcrumb\":{\"@id\":\"https:\/\/www.fundaciomascort.com\/fr\/publication\/joan-pericot-garcia-1907-1987\/#breadcrumb\"},\"inLanguage\":\"fr-FR\",\"potentialAction\":[{\"@type\":\"ReadAction\",\"target\":[\"https:\/\/www.fundaciomascort.com\/fr\/publication\/joan-pericot-garcia-1907-1987\/\"]}]},{\"@type\":\"ImageObject\",\"inLanguage\":\"fr-FR\",\"@id\":\"https:\/\/www.fundaciomascort.com\/fr\/publication\/joan-pericot-garcia-1907-1987\/#primaryimage\",\"url\":\"https:\/\/www.fundaciomascort.com\/wp-content\/uploads\/2025\/08\/PortadaJP.jpg\",\"contentUrl\":\"https:\/\/www.fundaciomascort.com\/wp-content\/uploads\/2025\/08\/PortadaJP.jpg\",\"width\":608,\"height\":735},{\"@type\":\"BreadcrumbList\",\"@id\":\"https:\/\/www.fundaciomascort.com\/fr\/publication\/joan-pericot-garcia-1907-1987\/#breadcrumb\",\"itemListElement\":[{\"@type\":\"ListItem\",\"position\":1,\"name\":\"Home\",\"item\":\"https:\/\/www.fundaciomascort.com\/fr\/\"},{\"@type\":\"ListItem\",\"position\":2,\"name\":\"Publications\",\"item\":\"https:\/\/www.fundaciomascort.com\/fr\/publicacions\/\"},{\"@type\":\"ListItem\",\"position\":3,\"name\":\"Joan Pericot Garcia (1907-1987)\"}]},{\"@type\":\"WebSite\",\"@id\":\"https:\/\/www.fundaciomascort.com\/fr\/#website\",\"url\":\"https:\/\/www.fundaciomascort.com\/fr\/\",\"name\":\"Fundaci\u00f3 Mascort\",\"description\":\"Esperem que compartiu amb nosaltres les exposicions de la Casa Galibern i les nostres publicacions.\",\"potentialAction\":[{\"@type\":\"SearchAction\",\"target\":{\"@type\":\"EntryPoint\",\"urlTemplate\":\"https:\/\/www.fundaciomascort.com\/fr\/?s={search_term_string}\"},\"query-input\":{\"@type\":\"PropertyValueSpecification\",\"valueRequired\":true,\"valueName\":\"search_term_string\"}}],\"inLanguage\":\"fr-FR\"}]}<\/script>\n<!-- \/ Yoast SEO plugin. -->","yoast_head_json":{"title":"Joan Pericot Garcia (1907-1987) - Fundaci\u00f3 Mascort","robots":{"index":"index","follow":"follow","max-snippet":"max-snippet:-1","max-image-preview":"max-image-preview:large","max-video-preview":"max-video-preview:-1"},"canonical":"https:\/\/www.fundaciomascort.com\/fr\/publication\/joan-pericot-garcia-1907-1987\/","og_locale":"fr_FR","og_type":"article","og_title":"Joan Pericot Garcia (1907-1987) - Fundaci\u00f3 Mascort","og_description":"Ce catalogue rassemble le contenu de l\u2019exposition consacr\u00e9e \u00e0 Joan Pericot Garcia (G\u00e9rone, 1907\u20131987), une figure prot\u00e9iforme de la culture catalane du XXe si\u00e8cle. Peintre, d\u00e9corateur, designer, po\u00e8te, \u00e9crivain et activiste culturel, Pericot a d\u00e9velopp\u00e9 une \u0153uvre riche et vari\u00e9e, profond\u00e9ment li\u00e9e \u00e0 la r\u00e9gion de l\u2019Empord\u00e0, notamment aux villages de Torroella de Montgr\u00ed et [&hellip;]","og_url":"https:\/\/www.fundaciomascort.com\/fr\/publication\/joan-pericot-garcia-1907-1987\/","og_site_name":"Fundaci\u00f3 Mascort","article_publisher":"https:\/\/www.facebook.com\/fundaciomascort","article_modified_time":"2025-08-04T13:57:38+00:00","og_image":[{"width":608,"height":735,"url":"https:\/\/www.fundaciomascort.com\/wp-content\/uploads\/2025\/08\/PortadaJP.jpg","type":"image\/jpeg"}],"twitter_card":"summary_large_image","twitter_site":"@fundaciomascort","twitter_misc":{"Dur\u00e9e de lecture estim\u00e9e":"2 minutes"},"schema":{"@context":"https:\/\/schema.org","@graph":[{"@type":"WebPage","@id":"https:\/\/www.fundaciomascort.com\/fr\/publication\/joan-pericot-garcia-1907-1987\/","url":"https:\/\/www.fundaciomascort.com\/fr\/publication\/joan-pericot-garcia-1907-1987\/","name":"Joan Pericot Garcia (1907-1987) - Fundaci\u00f3 Mascort","isPartOf":{"@id":"https:\/\/www.fundaciomascort.com\/fr\/#website"},"primaryImageOfPage":{"@id":"https:\/\/www.fundaciomascort.com\/fr\/publication\/joan-pericot-garcia-1907-1987\/#primaryimage"},"image":{"@id":"https:\/\/www.fundaciomascort.com\/fr\/publication\/joan-pericot-garcia-1907-1987\/#primaryimage"},"thumbnailUrl":"https:\/\/www.fundaciomascort.com\/wp-content\/uploads\/2025\/08\/PortadaJP.jpg","datePublished":"2025-08-01T15:51:17+00:00","dateModified":"2025-08-04T13:57:38+00:00","breadcrumb":{"@id":"https:\/\/www.fundaciomascort.com\/fr\/publication\/joan-pericot-garcia-1907-1987\/#breadcrumb"},"inLanguage":"fr-FR","potentialAction":[{"@type":"ReadAction","target":["https:\/\/www.fundaciomascort.com\/fr\/publication\/joan-pericot-garcia-1907-1987\/"]}]},{"@type":"ImageObject","inLanguage":"fr-FR","@id":"https:\/\/www.fundaciomascort.com\/fr\/publication\/joan-pericot-garcia-1907-1987\/#primaryimage","url":"https:\/\/www.fundaciomascort.com\/wp-content\/uploads\/2025\/08\/PortadaJP.jpg","contentUrl":"https:\/\/www.fundaciomascort.com\/wp-content\/uploads\/2025\/08\/PortadaJP.jpg","width":608,"height":735},{"@type":"BreadcrumbList","@id":"https:\/\/www.fundaciomascort.com\/fr\/publication\/joan-pericot-garcia-1907-1987\/#breadcrumb","itemListElement":[{"@type":"ListItem","position":1,"name":"Home","item":"https:\/\/www.fundaciomascort.com\/fr\/"},{"@type":"ListItem","position":2,"name":"Publications","item":"https:\/\/www.fundaciomascort.com\/fr\/publicacions\/"},{"@type":"ListItem","position":3,"name":"Joan Pericot Garcia (1907-1987)"}]},{"@type":"WebSite","@id":"https:\/\/www.fundaciomascort.com\/fr\/#website","url":"https:\/\/www.fundaciomascort.com\/fr\/","name":"Fundaci\u00f3 Mascort","description":"Esperem que compartiu amb nosaltres les exposicions de la Casa Galibern i les nostres publicacions.","potentialAction":[{"@type":"SearchAction","target":{"@type":"EntryPoint","urlTemplate":"https:\/\/www.fundaciomascort.com\/fr\/?s={search_term_string}"},"query-input":{"@type":"PropertyValueSpecification","valueRequired":true,"valueName":"search_term_string"}}],"inLanguage":"fr-FR"}]}},"_links":{"self":[{"href":"https:\/\/www.fundaciomascort.com\/fr\/wp-json\/wp\/v2\/product\/15715"}],"collection":[{"href":"https:\/\/www.fundaciomascort.com\/fr\/wp-json\/wp\/v2\/product"}],"about":[{"href":"https:\/\/www.fundaciomascort.com\/fr\/wp-json\/wp\/v2\/types\/product"}],"wp:featuredmedia":[{"embeddable":true,"href":"https:\/\/www.fundaciomascort.com\/fr\/wp-json\/wp\/v2\/media\/15711"}],"wp:attachment":[{"href":"https:\/\/www.fundaciomascort.com\/fr\/wp-json\/wp\/v2\/media?parent=15715"}],"wp:term":[{"taxonomy":"product_brand","embeddable":true,"href":"https:\/\/www.fundaciomascort.com\/fr\/wp-json\/wp\/v2\/product_brand?post=15715"},{"taxonomy":"product_cat","embeddable":true,"href":"https:\/\/www.fundaciomascort.com\/fr\/wp-json\/wp\/v2\/product_cat?post=15715"},{"taxonomy":"product_tag","embeddable":true,"href":"https:\/\/www.fundaciomascort.com\/fr\/wp-json\/wp\/v2\/product_tag?post=15715"}],"curies":[{"name":"wp","href":"https:\/\/api.w.org\/{rel}","templated":true}]}}