{"id":15632,"date":"2025-05-12T15:11:29","date_gmt":"2025-05-12T15:11:29","guid":{"rendered":"https:\/\/www.fundaciomascort.com\/?post_type=product&#038;p=15632"},"modified":"2025-05-12T15:46:54","modified_gmt":"2025-05-12T15:46:54","slug":"panneaux-de-saints-en-carrelage-catalan-art-et-devotion-populaire","status":"publish","type":"product","link":"https:\/\/www.fundaciomascort.com\/fr\/publication\/panneaux-de-saints-en-carrelage-catalan-art-et-devotion-populaire\/","title":{"rendered":"Panneaux de saints en carrelage catalan : art et d\u00e9votion populaire"},"content":{"rendered":"<p>Le catalogue, qui accompagnait l&rsquo;exposition <em>Panneaux de saints en carrelage catalan : art et d\u00e9votion populaire<\/em>, rassemble une s\u00e9lection d&rsquo;imagerie religieuse compos\u00e9e de plus de 140 panneaux de c\u00e9ramique de Barcelone, dat\u00e9s entre les XVIIe et XIXe si\u00e8cles, provenant de collections priv\u00e9es et institutionnelles. Ces pi\u00e8ces, en plus de pr\u00e9sider des espaces de culte, d\u00e9coraient \u00e9galement les murs des maisons de campagne (<i>masies<\/i>), des places et des rues, acqu\u00e9rant une nouvelle dimension en\u00a0tant que\u00a0petites \u0153uvres d\u2019art populaire.<\/p>\n","protected":false},"excerpt":{"rendered":"<p>ISBN: 978-84-09-71300-4<\/p>\n<p><strong><span class=\"author notFaded\" data-width=\"\">Josep Antoni Cerd\u00e0 Mellado<\/span><\/strong><\/p>\n<p>2025<\/p>\n<p>30 x 24 x 1 cm<\/p>\n<p>P\u00e0g. 136<\/p>\n","protected":false},"featured_media":15635,"template":"","meta":{"_acf_changed":false},"product_brand":[],"product_cat":[41],"product_tag":[],"class_list":{"0":"post-15632","1":"product","2":"type-product","3":"status-publish","4":"has-post-thumbnail","6":"product_cat-sense-categoria-fr","8":"first","9":"instock","10":"sale","11":"taxable","12":"shipping-taxable","13":"purchasable","14":"product-type-simple"},"acf":[],"yoast_head":"<!-- This site is optimized with the Yoast SEO plugin v25.6 - https:\/\/yoast.com\/wordpress\/plugins\/seo\/ -->\n<title>Panneaux de saints en carrelage catalan : art et d\u00e9votion populaire - Fundaci\u00f3 Mascort<\/title>\n<meta name=\"description\" content=\"Le catalogue, qui accompagnait l&#039;exposition Panneaux de saints en carrelage catalan : art et d\u00e9votion populaire, rassemble une s\u00e9lection d&#039;imagerie religieuse compos\u00e9e de plus de 140 panneaux de c\u00e9ramique de Barcelone, dat\u00e9s entre les XVIIe et XIXe si\u00e8cles, provenant de collections priv\u00e9es et institutionnelles. Ces pi\u00e8ces, en plus de pr\u00e9sider des espaces de culte, d\u00e9coraient \u00e9galement les murs des maisons de campagne (masies), des places et des rues, acqu\u00e9rant une nouvelle dimension en\u00a0tant que\u00a0petites \u0153uvres d\u2019art populaire.\" \/>\n<meta name=\"robots\" content=\"index, follow, max-snippet:-1, max-image-preview:large, max-video-preview:-1\" \/>\n<link rel=\"canonical\" href=\"https:\/\/www.fundaciomascort.com\/fr\/publication\/panneaux-de-saints-en-carrelage-catalan-art-et-devotion-populaire\/\" \/>\n<meta property=\"og:locale\" content=\"fr_FR\" \/>\n<meta property=\"og:type\" content=\"article\" \/>\n<meta property=\"og:title\" content=\"Panneaux de saints en carrelage catalan : art et d\u00e9votion populaire - Fundaci\u00f3 Mascort\" \/>\n<meta property=\"og:description\" content=\"Le catalogue, qui accompagnait l&#039;exposition Panneaux de saints en carrelage catalan : art et d\u00e9votion populaire, rassemble une s\u00e9lection d&#039;imagerie religieuse compos\u00e9e de plus de 140 panneaux de c\u00e9ramique de Barcelone, dat\u00e9s entre les XVIIe et XIXe si\u00e8cles, provenant de collections priv\u00e9es et institutionnelles. Ces pi\u00e8ces, en plus de pr\u00e9sider des espaces de culte, d\u00e9coraient \u00e9galement les murs des maisons de campagne (masies), des places et des rues, acqu\u00e9rant une nouvelle dimension en\u00a0tant que\u00a0petites \u0153uvres d\u2019art populaire.\" \/>\n<meta property=\"og:url\" content=\"https:\/\/www.fundaciomascort.com\/fr\/publication\/panneaux-de-saints-en-carrelage-catalan-art-et-devotion-populaire\/\" \/>\n<meta property=\"og:site_name\" content=\"Fundaci\u00f3 Mascort\" \/>\n<meta property=\"article:publisher\" content=\"https:\/\/www.facebook.com\/fundaciomascort\" \/>\n<meta property=\"article:modified_time\" content=\"2025-05-12T15:46:54+00:00\" \/>\n<meta property=\"og:image\" content=\"https:\/\/www.fundaciomascort.com\/wp-content\/uploads\/2025\/05\/Portada-plafons-de-sants.jpg\" \/>\n\t<meta property=\"og:image:width\" content=\"546\" \/>\n\t<meta property=\"og:image:height\" content=\"653\" \/>\n\t<meta property=\"og:image:type\" content=\"image\/jpeg\" \/>\n<meta name=\"twitter:card\" content=\"summary_large_image\" \/>\n<meta name=\"twitter:site\" content=\"@fundaciomascort\" \/>\n<meta name=\"twitter:label1\" content=\"Dur\u00e9e de lecture estim\u00e9e\" \/>\n\t<meta name=\"twitter:data1\" content=\"1 minute\" \/>\n<script type=\"application\/ld+json\" class=\"yoast-schema-graph\">{\"@context\":\"https:\/\/schema.org\",\"@graph\":[{\"@type\":\"WebPage\",\"@id\":\"https:\/\/www.fundaciomascort.com\/fr\/publication\/panneaux-de-saints-en-carrelage-catalan-art-et-devotion-populaire\/\",\"url\":\"https:\/\/www.fundaciomascort.com\/fr\/publication\/panneaux-de-saints-en-carrelage-catalan-art-et-devotion-populaire\/\",\"name\":\"Panneaux de saints en carrelage catalan : art et d\u00e9votion populaire - Fundaci\u00f3 Mascort\",\"isPartOf\":{\"@id\":\"https:\/\/www.fundaciomascort.com\/fr\/#website\"},\"primaryImageOfPage\":{\"@id\":\"https:\/\/www.fundaciomascort.com\/fr\/publication\/panneaux-de-saints-en-carrelage-catalan-art-et-devotion-populaire\/#primaryimage\"},\"image\":{\"@id\":\"https:\/\/www.fundaciomascort.com\/fr\/publication\/panneaux-de-saints-en-carrelage-catalan-art-et-devotion-populaire\/#primaryimage\"},\"thumbnailUrl\":\"https:\/\/www.fundaciomascort.com\/wp-content\/uploads\/2025\/05\/Portada-plafons-de-sants.jpg\",\"datePublished\":\"2025-05-12T15:11:29+00:00\",\"dateModified\":\"2025-05-12T15:46:54+00:00\",\"description\":\"Le catalogue, qui accompagnait l'exposition Panneaux de saints en carrelage catalan : art et d\u00e9votion populaire, rassemble une s\u00e9lection d'imagerie religieuse compos\u00e9e de plus de 140 panneaux de c\u00e9ramique de Barcelone, dat\u00e9s entre les XVIIe et XIXe si\u00e8cles, provenant de collections priv\u00e9es et institutionnelles. Ces pi\u00e8ces, en plus de pr\u00e9sider des espaces de culte, d\u00e9coraient \u00e9galement les murs des maisons de campagne (masies), des places et des rues, acqu\u00e9rant une nouvelle dimension en\u00a0tant que\u00a0petites \u0153uvres d\u2019art populaire.\",\"breadcrumb\":{\"@id\":\"https:\/\/www.fundaciomascort.com\/fr\/publication\/panneaux-de-saints-en-carrelage-catalan-art-et-devotion-populaire\/#breadcrumb\"},\"inLanguage\":\"fr-FR\",\"potentialAction\":[{\"@type\":\"ReadAction\",\"target\":[\"https:\/\/www.fundaciomascort.com\/fr\/publication\/panneaux-de-saints-en-carrelage-catalan-art-et-devotion-populaire\/\"]}]},{\"@type\":\"ImageObject\",\"inLanguage\":\"fr-FR\",\"@id\":\"https:\/\/www.fundaciomascort.com\/fr\/publication\/panneaux-de-saints-en-carrelage-catalan-art-et-devotion-populaire\/#primaryimage\",\"url\":\"https:\/\/www.fundaciomascort.com\/wp-content\/uploads\/2025\/05\/Portada-plafons-de-sants.jpg\",\"contentUrl\":\"https:\/\/www.fundaciomascort.com\/wp-content\/uploads\/2025\/05\/Portada-plafons-de-sants.jpg\",\"width\":546,\"height\":653,\"caption\":\"Screenshot\"},{\"@type\":\"BreadcrumbList\",\"@id\":\"https:\/\/www.fundaciomascort.com\/fr\/publication\/panneaux-de-saints-en-carrelage-catalan-art-et-devotion-populaire\/#breadcrumb\",\"itemListElement\":[{\"@type\":\"ListItem\",\"position\":1,\"name\":\"Home\",\"item\":\"https:\/\/www.fundaciomascort.com\/fr\/\"},{\"@type\":\"ListItem\",\"position\":2,\"name\":\"Publications\",\"item\":\"https:\/\/www.fundaciomascort.com\/fr\/publicacions\/\"},{\"@type\":\"ListItem\",\"position\":3,\"name\":\"Panneaux de saints en carrelage catalan : art et d\u00e9votion populaire\"}]},{\"@type\":\"WebSite\",\"@id\":\"https:\/\/www.fundaciomascort.com\/fr\/#website\",\"url\":\"https:\/\/www.fundaciomascort.com\/fr\/\",\"name\":\"Fundaci\u00f3 Mascort\",\"description\":\"Esperem que compartiu amb nosaltres les exposicions de la Casa Galibern i les nostres publicacions.\",\"potentialAction\":[{\"@type\":\"SearchAction\",\"target\":{\"@type\":\"EntryPoint\",\"urlTemplate\":\"https:\/\/www.fundaciomascort.com\/fr\/?s={search_term_string}\"},\"query-input\":{\"@type\":\"PropertyValueSpecification\",\"valueRequired\":true,\"valueName\":\"search_term_string\"}}],\"inLanguage\":\"fr-FR\"}]}<\/script>\n<!-- \/ Yoast SEO plugin. -->","yoast_head_json":{"title":"Panneaux de saints en carrelage catalan : art et d\u00e9votion populaire - Fundaci\u00f3 Mascort","description":"Le catalogue, qui accompagnait l'exposition Panneaux de saints en carrelage catalan : art et d\u00e9votion populaire, rassemble une s\u00e9lection d'imagerie religieuse compos\u00e9e de plus de 140 panneaux de c\u00e9ramique de Barcelone, dat\u00e9s entre les XVIIe et XIXe si\u00e8cles, provenant de collections priv\u00e9es et institutionnelles. Ces pi\u00e8ces, en plus de pr\u00e9sider des espaces de culte, d\u00e9coraient \u00e9galement les murs des maisons de campagne (masies), des places et des rues, acqu\u00e9rant une nouvelle dimension en\u00a0tant que\u00a0petites \u0153uvres d\u2019art populaire.","robots":{"index":"index","follow":"follow","max-snippet":"max-snippet:-1","max-image-preview":"max-image-preview:large","max-video-preview":"max-video-preview:-1"},"canonical":"https:\/\/www.fundaciomascort.com\/fr\/publication\/panneaux-de-saints-en-carrelage-catalan-art-et-devotion-populaire\/","og_locale":"fr_FR","og_type":"article","og_title":"Panneaux de saints en carrelage catalan : art et d\u00e9votion populaire - Fundaci\u00f3 Mascort","og_description":"Le catalogue, qui accompagnait l'exposition Panneaux de saints en carrelage catalan : art et d\u00e9votion populaire, rassemble une s\u00e9lection d'imagerie religieuse compos\u00e9e de plus de 140 panneaux de c\u00e9ramique de Barcelone, dat\u00e9s entre les XVIIe et XIXe si\u00e8cles, provenant de collections priv\u00e9es et institutionnelles. Ces pi\u00e8ces, en plus de pr\u00e9sider des espaces de culte, d\u00e9coraient \u00e9galement les murs des maisons de campagne (masies), des places et des rues, acqu\u00e9rant une nouvelle dimension en\u00a0tant que\u00a0petites \u0153uvres d\u2019art populaire.","og_url":"https:\/\/www.fundaciomascort.com\/fr\/publication\/panneaux-de-saints-en-carrelage-catalan-art-et-devotion-populaire\/","og_site_name":"Fundaci\u00f3 Mascort","article_publisher":"https:\/\/www.facebook.com\/fundaciomascort","article_modified_time":"2025-05-12T15:46:54+00:00","og_image":[{"width":546,"height":653,"url":"https:\/\/www.fundaciomascort.com\/wp-content\/uploads\/2025\/05\/Portada-plafons-de-sants.jpg","type":"image\/jpeg"}],"twitter_card":"summary_large_image","twitter_site":"@fundaciomascort","twitter_misc":{"Dur\u00e9e de lecture estim\u00e9e":"1 minute"},"schema":{"@context":"https:\/\/schema.org","@graph":[{"@type":"WebPage","@id":"https:\/\/www.fundaciomascort.com\/fr\/publication\/panneaux-de-saints-en-carrelage-catalan-art-et-devotion-populaire\/","url":"https:\/\/www.fundaciomascort.com\/fr\/publication\/panneaux-de-saints-en-carrelage-catalan-art-et-devotion-populaire\/","name":"Panneaux de saints en carrelage catalan : art et d\u00e9votion populaire - Fundaci\u00f3 Mascort","isPartOf":{"@id":"https:\/\/www.fundaciomascort.com\/fr\/#website"},"primaryImageOfPage":{"@id":"https:\/\/www.fundaciomascort.com\/fr\/publication\/panneaux-de-saints-en-carrelage-catalan-art-et-devotion-populaire\/#primaryimage"},"image":{"@id":"https:\/\/www.fundaciomascort.com\/fr\/publication\/panneaux-de-saints-en-carrelage-catalan-art-et-devotion-populaire\/#primaryimage"},"thumbnailUrl":"https:\/\/www.fundaciomascort.com\/wp-content\/uploads\/2025\/05\/Portada-plafons-de-sants.jpg","datePublished":"2025-05-12T15:11:29+00:00","dateModified":"2025-05-12T15:46:54+00:00","description":"Le catalogue, qui accompagnait l'exposition Panneaux de saints en carrelage catalan : art et d\u00e9votion populaire, rassemble une s\u00e9lection d'imagerie religieuse compos\u00e9e de plus de 140 panneaux de c\u00e9ramique de Barcelone, dat\u00e9s entre les XVIIe et XIXe si\u00e8cles, provenant de collections priv\u00e9es et institutionnelles. Ces pi\u00e8ces, en plus de pr\u00e9sider des espaces de culte, d\u00e9coraient \u00e9galement les murs des maisons de campagne (masies), des places et des rues, acqu\u00e9rant une nouvelle dimension en\u00a0tant que\u00a0petites \u0153uvres d\u2019art populaire.","breadcrumb":{"@id":"https:\/\/www.fundaciomascort.com\/fr\/publication\/panneaux-de-saints-en-carrelage-catalan-art-et-devotion-populaire\/#breadcrumb"},"inLanguage":"fr-FR","potentialAction":[{"@type":"ReadAction","target":["https:\/\/www.fundaciomascort.com\/fr\/publication\/panneaux-de-saints-en-carrelage-catalan-art-et-devotion-populaire\/"]}]},{"@type":"ImageObject","inLanguage":"fr-FR","@id":"https:\/\/www.fundaciomascort.com\/fr\/publication\/panneaux-de-saints-en-carrelage-catalan-art-et-devotion-populaire\/#primaryimage","url":"https:\/\/www.fundaciomascort.com\/wp-content\/uploads\/2025\/05\/Portada-plafons-de-sants.jpg","contentUrl":"https:\/\/www.fundaciomascort.com\/wp-content\/uploads\/2025\/05\/Portada-plafons-de-sants.jpg","width":546,"height":653,"caption":"Screenshot"},{"@type":"BreadcrumbList","@id":"https:\/\/www.fundaciomascort.com\/fr\/publication\/panneaux-de-saints-en-carrelage-catalan-art-et-devotion-populaire\/#breadcrumb","itemListElement":[{"@type":"ListItem","position":1,"name":"Home","item":"https:\/\/www.fundaciomascort.com\/fr\/"},{"@type":"ListItem","position":2,"name":"Publications","item":"https:\/\/www.fundaciomascort.com\/fr\/publicacions\/"},{"@type":"ListItem","position":3,"name":"Panneaux de saints en carrelage catalan : art et d\u00e9votion populaire"}]},{"@type":"WebSite","@id":"https:\/\/www.fundaciomascort.com\/fr\/#website","url":"https:\/\/www.fundaciomascort.com\/fr\/","name":"Fundaci\u00f3 Mascort","description":"Esperem que compartiu amb nosaltres les exposicions de la Casa Galibern i les nostres publicacions.","potentialAction":[{"@type":"SearchAction","target":{"@type":"EntryPoint","urlTemplate":"https:\/\/www.fundaciomascort.com\/fr\/?s={search_term_string}"},"query-input":{"@type":"PropertyValueSpecification","valueRequired":true,"valueName":"search_term_string"}}],"inLanguage":"fr-FR"}]}},"_links":{"self":[{"href":"https:\/\/www.fundaciomascort.com\/fr\/wp-json\/wp\/v2\/product\/15632"}],"collection":[{"href":"https:\/\/www.fundaciomascort.com\/fr\/wp-json\/wp\/v2\/product"}],"about":[{"href":"https:\/\/www.fundaciomascort.com\/fr\/wp-json\/wp\/v2\/types\/product"}],"wp:featuredmedia":[{"embeddable":true,"href":"https:\/\/www.fundaciomascort.com\/fr\/wp-json\/wp\/v2\/media\/15635"}],"wp:attachment":[{"href":"https:\/\/www.fundaciomascort.com\/fr\/wp-json\/wp\/v2\/media?parent=15632"}],"wp:term":[{"taxonomy":"product_brand","embeddable":true,"href":"https:\/\/www.fundaciomascort.com\/fr\/wp-json\/wp\/v2\/product_brand?post=15632"},{"taxonomy":"product_cat","embeddable":true,"href":"https:\/\/www.fundaciomascort.com\/fr\/wp-json\/wp\/v2\/product_cat?post=15632"},{"taxonomy":"product_tag","embeddable":true,"href":"https:\/\/www.fundaciomascort.com\/fr\/wp-json\/wp\/v2\/product_tag?post=15632"}],"curies":[{"name":"wp","href":"https:\/\/api.w.org\/{rel}","templated":true}]}}