{"id":14821,"date":"2023-06-20T08:43:06","date_gmt":"2023-06-20T08:43:07","guid":{"rendered":"https:\/\/www.fundaciomascort.com\/?post_type=product&#038;p=14821"},"modified":"2024-09-27T16:49:48","modified_gmt":"2024-09-27T16:49:48","slug":"en-busca-de-la-belleza","status":"publish","type":"product","link":"https:\/\/www.fundaciomascort.com\/fr\/publication\/en-busca-de-la-belleza\/","title":{"rendered":"En busca de la belleza"},"content":{"rendered":"<p>Le catalogue, qui accompagnait l&rsquo;exposition \u00ab\u00a0A la recerca de la bellesa. La col\u00b7lecci\u00f3 de cer\u00e0mica d&rsquo;Ignacio Brugarolas\u00a0\u00bb, rassemble une s\u00e9lection rigoureuse de c\u00e9ramiques de la collection d&rsquo;Ignacio Brugarolas, dans laquelle les panneaux se distinguent par des carreaux catalans, des aguamans et des c\u00e9ramiques de la Renaissance italienne. objets, ainsi que des exemples de c\u00e9ramiques espagnoles, fran\u00e7aises, hollandaises, suisses, perses, chinoises et pr\u00e9colombiennes.<\/p>\n","protected":false},"excerpt":{"rendered":"<p>ISBN: 978-84-09-51264-5<\/p>\n<p><strong><span class=\"author notFaded\" data-width=\"\">Josep Antoni Cerd\u00e0 Mellado<\/span><\/strong><\/p>\n<p>2023<\/p>\n<p>30 x 24 x 1 cm<\/p>\n<p>P\u00e0g. 124<\/p>\n","protected":false},"featured_media":14824,"template":"","meta":{"_acf_changed":false},"product_brand":[],"product_cat":[41],"product_tag":[],"class_list":{"0":"post-14821","1":"product","2":"type-product","3":"status-publish","4":"has-post-thumbnail","6":"product_cat-sense-categoria-fr","8":"first","9":"instock","10":"taxable","11":"shipping-taxable","12":"purchasable","13":"product-type-simple"},"acf":[],"yoast_head":"<!-- This site is optimized with the Yoast SEO plugin v25.6 - https:\/\/yoast.com\/wordpress\/plugins\/seo\/ -->\n<title>En busca de la belleza - Fundaci\u00f3 Mascort<\/title>\n<meta name=\"description\" content=\"Le catalogue, qui accompagnait l&#039;exposition &quot;A la recerca de la bellesa. La col\u00b7lecci\u00f3 de cer\u00e0mica d&#039;Ignacio Brugarolas&quot;, rassemble une s\u00e9lection rigoureuse de c\u00e9ramiques de la collection d&#039;Ignacio Brugarolas, dans laquelle les panneaux se distinguent par des carreaux catalans, des aguamans et des c\u00e9ramiques de la Renaissance italienne. objets, ainsi que des exemples de c\u00e9ramiques espagnoles, fran\u00e7aises, hollandaises, suisses, perses, chinoises et pr\u00e9colombiennes.\" \/>\n<meta name=\"robots\" content=\"index, follow, max-snippet:-1, max-image-preview:large, max-video-preview:-1\" \/>\n<link rel=\"canonical\" href=\"https:\/\/www.fundaciomascort.com\/fr\/publication\/en-busca-de-la-belleza\/\" \/>\n<meta property=\"og:locale\" content=\"fr_FR\" \/>\n<meta property=\"og:type\" content=\"article\" \/>\n<meta property=\"og:title\" content=\"En busca de la belleza - Fundaci\u00f3 Mascort\" \/>\n<meta property=\"og:description\" content=\"Le catalogue, qui accompagnait l&#039;exposition &quot;A la recerca de la bellesa. La col\u00b7lecci\u00f3 de cer\u00e0mica d&#039;Ignacio Brugarolas&quot;, rassemble une s\u00e9lection rigoureuse de c\u00e9ramiques de la collection d&#039;Ignacio Brugarolas, dans laquelle les panneaux se distinguent par des carreaux catalans, des aguamans et des c\u00e9ramiques de la Renaissance italienne. objets, ainsi que des exemples de c\u00e9ramiques espagnoles, fran\u00e7aises, hollandaises, suisses, perses, chinoises et pr\u00e9colombiennes.\" \/>\n<meta property=\"og:url\" content=\"https:\/\/www.fundaciomascort.com\/fr\/publication\/en-busca-de-la-belleza\/\" \/>\n<meta property=\"og:site_name\" content=\"Fundaci\u00f3 Mascort\" \/>\n<meta property=\"article:publisher\" content=\"https:\/\/www.facebook.com\/fundaciomascort\" \/>\n<meta property=\"article:modified_time\" content=\"2024-09-27T16:49:48+00:00\" \/>\n<meta property=\"og:image\" content=\"https:\/\/www.fundaciomascort.com\/wp-content\/uploads\/2023\/06\/Coberta-busca-belleza.jpg\" \/>\n\t<meta property=\"og:image:width\" content=\"600\" \/>\n\t<meta property=\"og:image:height\" content=\"809\" \/>\n\t<meta property=\"og:image:type\" content=\"image\/jpeg\" \/>\n<meta name=\"twitter:card\" content=\"summary_large_image\" \/>\n<meta name=\"twitter:site\" content=\"@fundaciomascort\" \/>\n<meta name=\"twitter:label1\" content=\"Dur\u00e9e de lecture estim\u00e9e\" \/>\n\t<meta name=\"twitter:data1\" content=\"1 minute\" \/>\n<script type=\"application\/ld+json\" class=\"yoast-schema-graph\">{\"@context\":\"https:\/\/schema.org\",\"@graph\":[{\"@type\":\"WebPage\",\"@id\":\"https:\/\/www.fundaciomascort.com\/fr\/publication\/en-busca-de-la-belleza\/\",\"url\":\"https:\/\/www.fundaciomascort.com\/fr\/publication\/en-busca-de-la-belleza\/\",\"name\":\"En busca de la belleza - Fundaci\u00f3 Mascort\",\"isPartOf\":{\"@id\":\"https:\/\/www.fundaciomascort.com\/fr\/#website\"},\"primaryImageOfPage\":{\"@id\":\"https:\/\/www.fundaciomascort.com\/fr\/publication\/en-busca-de-la-belleza\/#primaryimage\"},\"image\":{\"@id\":\"https:\/\/www.fundaciomascort.com\/fr\/publication\/en-busca-de-la-belleza\/#primaryimage\"},\"thumbnailUrl\":\"https:\/\/www.fundaciomascort.com\/wp-content\/uploads\/2023\/06\/Coberta-busca-belleza.jpg\",\"datePublished\":\"2023-06-20T08:43:07+00:00\",\"dateModified\":\"2024-09-27T16:49:48+00:00\",\"description\":\"Le catalogue, qui accompagnait l'exposition \\\"A la recerca de la bellesa. La col\u00b7lecci\u00f3 de cer\u00e0mica d'Ignacio Brugarolas\\\", rassemble une s\u00e9lection rigoureuse de c\u00e9ramiques de la collection d'Ignacio Brugarolas, dans laquelle les panneaux se distinguent par des carreaux catalans, des aguamans et des c\u00e9ramiques de la Renaissance italienne. objets, ainsi que des exemples de c\u00e9ramiques espagnoles, fran\u00e7aises, hollandaises, suisses, perses, chinoises et pr\u00e9colombiennes.\",\"breadcrumb\":{\"@id\":\"https:\/\/www.fundaciomascort.com\/fr\/publication\/en-busca-de-la-belleza\/#breadcrumb\"},\"inLanguage\":\"fr-FR\",\"potentialAction\":[{\"@type\":\"ReadAction\",\"target\":[\"https:\/\/www.fundaciomascort.com\/fr\/publication\/en-busca-de-la-belleza\/\"]}]},{\"@type\":\"ImageObject\",\"inLanguage\":\"fr-FR\",\"@id\":\"https:\/\/www.fundaciomascort.com\/fr\/publication\/en-busca-de-la-belleza\/#primaryimage\",\"url\":\"https:\/\/www.fundaciomascort.com\/wp-content\/uploads\/2023\/06\/Coberta-busca-belleza.jpg\",\"contentUrl\":\"https:\/\/www.fundaciomascort.com\/wp-content\/uploads\/2023\/06\/Coberta-busca-belleza.jpg\",\"width\":600,\"height\":809},{\"@type\":\"BreadcrumbList\",\"@id\":\"https:\/\/www.fundaciomascort.com\/fr\/publication\/en-busca-de-la-belleza\/#breadcrumb\",\"itemListElement\":[{\"@type\":\"ListItem\",\"position\":1,\"name\":\"Home\",\"item\":\"https:\/\/www.fundaciomascort.com\/fr\/\"},{\"@type\":\"ListItem\",\"position\":2,\"name\":\"Publications\",\"item\":\"https:\/\/www.fundaciomascort.com\/fr\/publicacions\/\"},{\"@type\":\"ListItem\",\"position\":3,\"name\":\"En busca de la belleza\"}]},{\"@type\":\"WebSite\",\"@id\":\"https:\/\/www.fundaciomascort.com\/fr\/#website\",\"url\":\"https:\/\/www.fundaciomascort.com\/fr\/\",\"name\":\"Fundaci\u00f3 Mascort\",\"description\":\"Esperem que compartiu amb nosaltres les exposicions de la Casa Galibern i les nostres publicacions.\",\"potentialAction\":[{\"@type\":\"SearchAction\",\"target\":{\"@type\":\"EntryPoint\",\"urlTemplate\":\"https:\/\/www.fundaciomascort.com\/fr\/?s={search_term_string}\"},\"query-input\":{\"@type\":\"PropertyValueSpecification\",\"valueRequired\":true,\"valueName\":\"search_term_string\"}}],\"inLanguage\":\"fr-FR\"}]}<\/script>\n<!-- \/ Yoast SEO plugin. -->","yoast_head_json":{"title":"En busca de la belleza - Fundaci\u00f3 Mascort","description":"Le catalogue, qui accompagnait l'exposition \"A la recerca de la bellesa. La col\u00b7lecci\u00f3 de cer\u00e0mica d'Ignacio Brugarolas\", rassemble une s\u00e9lection rigoureuse de c\u00e9ramiques de la collection d'Ignacio Brugarolas, dans laquelle les panneaux se distinguent par des carreaux catalans, des aguamans et des c\u00e9ramiques de la Renaissance italienne. objets, ainsi que des exemples de c\u00e9ramiques espagnoles, fran\u00e7aises, hollandaises, suisses, perses, chinoises et pr\u00e9colombiennes.","robots":{"index":"index","follow":"follow","max-snippet":"max-snippet:-1","max-image-preview":"max-image-preview:large","max-video-preview":"max-video-preview:-1"},"canonical":"https:\/\/www.fundaciomascort.com\/fr\/publication\/en-busca-de-la-belleza\/","og_locale":"fr_FR","og_type":"article","og_title":"En busca de la belleza - Fundaci\u00f3 Mascort","og_description":"Le catalogue, qui accompagnait l'exposition \"A la recerca de la bellesa. La col\u00b7lecci\u00f3 de cer\u00e0mica d'Ignacio Brugarolas\", rassemble une s\u00e9lection rigoureuse de c\u00e9ramiques de la collection d'Ignacio Brugarolas, dans laquelle les panneaux se distinguent par des carreaux catalans, des aguamans et des c\u00e9ramiques de la Renaissance italienne. objets, ainsi que des exemples de c\u00e9ramiques espagnoles, fran\u00e7aises, hollandaises, suisses, perses, chinoises et pr\u00e9colombiennes.","og_url":"https:\/\/www.fundaciomascort.com\/fr\/publication\/en-busca-de-la-belleza\/","og_site_name":"Fundaci\u00f3 Mascort","article_publisher":"https:\/\/www.facebook.com\/fundaciomascort","article_modified_time":"2024-09-27T16:49:48+00:00","og_image":[{"width":600,"height":809,"url":"https:\/\/www.fundaciomascort.com\/wp-content\/uploads\/2023\/06\/Coberta-busca-belleza.jpg","type":"image\/jpeg"}],"twitter_card":"summary_large_image","twitter_site":"@fundaciomascort","twitter_misc":{"Dur\u00e9e de lecture estim\u00e9e":"1 minute"},"schema":{"@context":"https:\/\/schema.org","@graph":[{"@type":"WebPage","@id":"https:\/\/www.fundaciomascort.com\/fr\/publication\/en-busca-de-la-belleza\/","url":"https:\/\/www.fundaciomascort.com\/fr\/publication\/en-busca-de-la-belleza\/","name":"En busca de la belleza - Fundaci\u00f3 Mascort","isPartOf":{"@id":"https:\/\/www.fundaciomascort.com\/fr\/#website"},"primaryImageOfPage":{"@id":"https:\/\/www.fundaciomascort.com\/fr\/publication\/en-busca-de-la-belleza\/#primaryimage"},"image":{"@id":"https:\/\/www.fundaciomascort.com\/fr\/publication\/en-busca-de-la-belleza\/#primaryimage"},"thumbnailUrl":"https:\/\/www.fundaciomascort.com\/wp-content\/uploads\/2023\/06\/Coberta-busca-belleza.jpg","datePublished":"2023-06-20T08:43:07+00:00","dateModified":"2024-09-27T16:49:48+00:00","description":"Le catalogue, qui accompagnait l'exposition \"A la recerca de la bellesa. La col\u00b7lecci\u00f3 de cer\u00e0mica d'Ignacio Brugarolas\", rassemble une s\u00e9lection rigoureuse de c\u00e9ramiques de la collection d'Ignacio Brugarolas, dans laquelle les panneaux se distinguent par des carreaux catalans, des aguamans et des c\u00e9ramiques de la Renaissance italienne. objets, ainsi que des exemples de c\u00e9ramiques espagnoles, fran\u00e7aises, hollandaises, suisses, perses, chinoises et pr\u00e9colombiennes.","breadcrumb":{"@id":"https:\/\/www.fundaciomascort.com\/fr\/publication\/en-busca-de-la-belleza\/#breadcrumb"},"inLanguage":"fr-FR","potentialAction":[{"@type":"ReadAction","target":["https:\/\/www.fundaciomascort.com\/fr\/publication\/en-busca-de-la-belleza\/"]}]},{"@type":"ImageObject","inLanguage":"fr-FR","@id":"https:\/\/www.fundaciomascort.com\/fr\/publication\/en-busca-de-la-belleza\/#primaryimage","url":"https:\/\/www.fundaciomascort.com\/wp-content\/uploads\/2023\/06\/Coberta-busca-belleza.jpg","contentUrl":"https:\/\/www.fundaciomascort.com\/wp-content\/uploads\/2023\/06\/Coberta-busca-belleza.jpg","width":600,"height":809},{"@type":"BreadcrumbList","@id":"https:\/\/www.fundaciomascort.com\/fr\/publication\/en-busca-de-la-belleza\/#breadcrumb","itemListElement":[{"@type":"ListItem","position":1,"name":"Home","item":"https:\/\/www.fundaciomascort.com\/fr\/"},{"@type":"ListItem","position":2,"name":"Publications","item":"https:\/\/www.fundaciomascort.com\/fr\/publicacions\/"},{"@type":"ListItem","position":3,"name":"En busca de la belleza"}]},{"@type":"WebSite","@id":"https:\/\/www.fundaciomascort.com\/fr\/#website","url":"https:\/\/www.fundaciomascort.com\/fr\/","name":"Fundaci\u00f3 Mascort","description":"Esperem que compartiu amb nosaltres les exposicions de la Casa Galibern i les nostres publicacions.","potentialAction":[{"@type":"SearchAction","target":{"@type":"EntryPoint","urlTemplate":"https:\/\/www.fundaciomascort.com\/fr\/?s={search_term_string}"},"query-input":{"@type":"PropertyValueSpecification","valueRequired":true,"valueName":"search_term_string"}}],"inLanguage":"fr-FR"}]}},"_links":{"self":[{"href":"https:\/\/www.fundaciomascort.com\/fr\/wp-json\/wp\/v2\/product\/14821"}],"collection":[{"href":"https:\/\/www.fundaciomascort.com\/fr\/wp-json\/wp\/v2\/product"}],"about":[{"href":"https:\/\/www.fundaciomascort.com\/fr\/wp-json\/wp\/v2\/types\/product"}],"wp:featuredmedia":[{"embeddable":true,"href":"https:\/\/www.fundaciomascort.com\/fr\/wp-json\/wp\/v2\/media\/14824"}],"wp:attachment":[{"href":"https:\/\/www.fundaciomascort.com\/fr\/wp-json\/wp\/v2\/media?parent=14821"}],"wp:term":[{"taxonomy":"product_brand","embeddable":true,"href":"https:\/\/www.fundaciomascort.com\/fr\/wp-json\/wp\/v2\/product_brand?post=14821"},{"taxonomy":"product_cat","embeddable":true,"href":"https:\/\/www.fundaciomascort.com\/fr\/wp-json\/wp\/v2\/product_cat?post=14821"},{"taxonomy":"product_tag","embeddable":true,"href":"https:\/\/www.fundaciomascort.com\/fr\/wp-json\/wp\/v2\/product_tag?post=14821"}],"curies":[{"name":"wp","href":"https:\/\/api.w.org\/{rel}","templated":true}]}}