{"id":14070,"date":"2022-06-20T09:10:16","date_gmt":"2022-06-20T09:10:16","guid":{"rendered":"https:\/\/www.fundaciomascort.com\/publicacio\/la-plateria-en-la-coleccion-mascort\/"},"modified":"2024-04-29T00:01:00","modified_gmt":"2024-04-29T00:01:00","slug":"la-plateria-en-la-coleccion-mascort","status":"publish","type":"product","link":"https:\/\/www.fundaciomascort.com\/fr\/publication\/la-plateria-en-la-coleccion-mascort\/","title":{"rendered":"La plater\u00eda en la Colecci\u00f3n Mascort"},"content":{"rendered":"<p style=\"font-weight: 400;\">El cat\u00e1logo de la plater\u00eda en la colecci\u00f3n Mascort re\u00fane un conjunto de obras in\u00e9ditas que del siglo XIV hasta el XIX. Son 221 obras representativas de los centros plateros hisp\u00e1nicos m\u00e1s importantes como Barcelona, Burgos, Le\u00f3n, Valladolid, Alcal\u00e1 de Henares, Madrid, Tortosa, Vic, entre otros.<\/p>\n<p style=\"font-weight: 400;\">\n<p style=\"font-weight: 400;\">Las obras se han clasificado cronol\u00f3gicamente en dos grupos: el primero del siglo XIV al XVI con las piezas de car\u00e1cter lit\u00fargico, y el segundo grupo, del siglo XVII al XIX con las piezas de culto y uso civil. Dentro de las obras de culto se estudian tambi\u00e9n 53 p\u00edxides o cajas eucar\u00edsticas, lo que representa una colecci\u00f3n dentro de la colecci\u00f3n.<\/p>\n<p style=\"font-weight: 400;\">\n<p style=\"font-weight: 400;\">El cat\u00e1logo presenta una catalogaci\u00f3n individualizada de cada pieza, con la ficha t\u00e9cnica, la fotograf\u00eda, el estudio, la comparaci\u00f3n con otras obras y el dibujo. Con el fin de mostrar la evoluci\u00f3n, tambi\u00e9n incluye unas l\u00e1minas con el desarrollo gr\u00e1fico de las tipolog\u00edas. Complementa esta parte la bibliograf\u00eda utilizada, la traducci\u00f3n al catal\u00e1n y al ingl\u00e9s del pr\u00f3logo y los textos introductorios y el \u00edndice general de nombres de personas, objetos y lugares.<\/p>\n<p style=\"font-weight: 400;\">\n<p style=\"font-weight: 400;\">El libro incluye una colaboraci\u00f3n de \u00c0ngels Busquets con un art\u00edculo sobre los fondos de los plateros del Archivo Hist\u00f3rico de la Ciudad de Barcelona que pretende ser una gu\u00eda para todos los que est\u00e9n interesados.<\/p>\n","protected":false},"excerpt":{"rendered":"<p>ISBN: 978-84-09-40897-9<\/p>\n<p><strong>Lourdes de Sanjos\u00e9 Llongueras<\/strong><\/p>\n<p>2022<\/p>\n<p>30 x 25 x 5,5 cm<\/p>\n<p>P\u00e0g. 608<\/p>\n","protected":false},"featured_media":14023,"template":"","meta":{"_acf_changed":false},"product_brand":[],"product_cat":[41],"product_tag":[],"class_list":{"0":"post-14070","1":"product","2":"type-product","3":"status-publish","4":"has-post-thumbnail","6":"product_cat-sense-categoria-fr","8":"first","9":"instock","10":"taxable","11":"shipping-taxable","12":"purchasable","13":"product-type-simple"},"acf":[],"yoast_head":"<!-- This site is optimized with the Yoast SEO plugin v25.6 - https:\/\/yoast.com\/wordpress\/plugins\/seo\/ -->\n<title>La plater\u00eda en la Colecci\u00f3n Mascort - Fundaci\u00f3 Mascort<\/title>\n<meta name=\"robots\" content=\"index, follow, max-snippet:-1, max-image-preview:large, max-video-preview:-1\" \/>\n<link rel=\"canonical\" href=\"https:\/\/www.fundaciomascort.com\/fr\/publication\/la-plateria-en-la-coleccion-mascort\/\" \/>\n<meta property=\"og:locale\" content=\"fr_FR\" \/>\n<meta property=\"og:type\" content=\"article\" \/>\n<meta property=\"og:title\" content=\"La plater\u00eda en la Colecci\u00f3n Mascort - Fundaci\u00f3 Mascort\" \/>\n<meta property=\"og:description\" content=\"ISBN: 978-84-09-40897-9 Lourdes de Sanjos\u00e9 Llongueras 2022 30 x 25 x 5,5 cm P\u00e0g. 608\" \/>\n<meta property=\"og:url\" content=\"https:\/\/www.fundaciomascort.com\/fr\/publication\/la-plateria-en-la-coleccion-mascort\/\" \/>\n<meta property=\"og:site_name\" content=\"Fundaci\u00f3 Mascort\" \/>\n<meta property=\"article:publisher\" content=\"https:\/\/www.facebook.com\/fundaciomascort\" \/>\n<meta property=\"article:modified_time\" content=\"2024-04-29T00:01:00+00:00\" \/>\n<meta property=\"og:image\" content=\"https:\/\/www.fundaciomascort.com\/wp-content\/uploads\/2022\/06\/Sobrecoberta-FM22-OK-1.jpg\" \/>\n\t<meta property=\"og:image:width\" content=\"1329\" \/>\n\t<meta property=\"og:image:height\" content=\"1793\" \/>\n\t<meta property=\"og:image:type\" content=\"image\/jpeg\" \/>\n<meta name=\"twitter:card\" content=\"summary_large_image\" \/>\n<meta name=\"twitter:site\" content=\"@fundaciomascort\" \/>\n<meta name=\"twitter:label1\" content=\"Dur\u00e9e de lecture estim\u00e9e\" \/>\n\t<meta name=\"twitter:data1\" content=\"1 minute\" \/>\n<script type=\"application\/ld+json\" class=\"yoast-schema-graph\">{\"@context\":\"https:\/\/schema.org\",\"@graph\":[{\"@type\":\"WebPage\",\"@id\":\"https:\/\/www.fundaciomascort.com\/fr\/publication\/la-plateria-en-la-coleccion-mascort\/\",\"url\":\"https:\/\/www.fundaciomascort.com\/fr\/publication\/la-plateria-en-la-coleccion-mascort\/\",\"name\":\"La plater\u00eda en la Colecci\u00f3n Mascort - Fundaci\u00f3 Mascort\",\"isPartOf\":{\"@id\":\"https:\/\/www.fundaciomascort.com\/fr\/#website\"},\"primaryImageOfPage\":{\"@id\":\"https:\/\/www.fundaciomascort.com\/fr\/publication\/la-plateria-en-la-coleccion-mascort\/#primaryimage\"},\"image\":{\"@id\":\"https:\/\/www.fundaciomascort.com\/fr\/publication\/la-plateria-en-la-coleccion-mascort\/#primaryimage\"},\"thumbnailUrl\":\"https:\/\/www.fundaciomascort.com\/wp-content\/uploads\/2022\/06\/Sobrecoberta-FM22-OK-1.jpg\",\"datePublished\":\"2022-06-20T09:10:16+00:00\",\"dateModified\":\"2024-04-29T00:01:00+00:00\",\"breadcrumb\":{\"@id\":\"https:\/\/www.fundaciomascort.com\/fr\/publication\/la-plateria-en-la-coleccion-mascort\/#breadcrumb\"},\"inLanguage\":\"fr-FR\",\"potentialAction\":[{\"@type\":\"ReadAction\",\"target\":[\"https:\/\/www.fundaciomascort.com\/fr\/publication\/la-plateria-en-la-coleccion-mascort\/\"]}]},{\"@type\":\"ImageObject\",\"inLanguage\":\"fr-FR\",\"@id\":\"https:\/\/www.fundaciomascort.com\/fr\/publication\/la-plateria-en-la-coleccion-mascort\/#primaryimage\",\"url\":\"https:\/\/www.fundaciomascort.com\/wp-content\/uploads\/2022\/06\/Sobrecoberta-FM22-OK-1.jpg\",\"contentUrl\":\"https:\/\/www.fundaciomascort.com\/wp-content\/uploads\/2022\/06\/Sobrecoberta-FM22-OK-1.jpg\",\"width\":1329,\"height\":1793},{\"@type\":\"BreadcrumbList\",\"@id\":\"https:\/\/www.fundaciomascort.com\/fr\/publication\/la-plateria-en-la-coleccion-mascort\/#breadcrumb\",\"itemListElement\":[{\"@type\":\"ListItem\",\"position\":1,\"name\":\"Home\",\"item\":\"https:\/\/www.fundaciomascort.com\/fr\/\"},{\"@type\":\"ListItem\",\"position\":2,\"name\":\"Publications\",\"item\":\"https:\/\/www.fundaciomascort.com\/fr\/publicacions\/\"},{\"@type\":\"ListItem\",\"position\":3,\"name\":\"La plater\u00eda en la Colecci\u00f3n Mascort\"}]},{\"@type\":\"WebSite\",\"@id\":\"https:\/\/www.fundaciomascort.com\/fr\/#website\",\"url\":\"https:\/\/www.fundaciomascort.com\/fr\/\",\"name\":\"Fundaci\u00f3 Mascort\",\"description\":\"Esperem que compartiu amb nosaltres les exposicions de la Casa Galibern i les nostres publicacions.\",\"potentialAction\":[{\"@type\":\"SearchAction\",\"target\":{\"@type\":\"EntryPoint\",\"urlTemplate\":\"https:\/\/www.fundaciomascort.com\/fr\/?s={search_term_string}\"},\"query-input\":{\"@type\":\"PropertyValueSpecification\",\"valueRequired\":true,\"valueName\":\"search_term_string\"}}],\"inLanguage\":\"fr-FR\"}]}<\/script>\n<!-- \/ Yoast SEO plugin. -->","yoast_head_json":{"title":"La plater\u00eda en la Colecci\u00f3n Mascort - Fundaci\u00f3 Mascort","robots":{"index":"index","follow":"follow","max-snippet":"max-snippet:-1","max-image-preview":"max-image-preview:large","max-video-preview":"max-video-preview:-1"},"canonical":"https:\/\/www.fundaciomascort.com\/fr\/publication\/la-plateria-en-la-coleccion-mascort\/","og_locale":"fr_FR","og_type":"article","og_title":"La plater\u00eda en la Colecci\u00f3n Mascort - Fundaci\u00f3 Mascort","og_description":"ISBN: 978-84-09-40897-9 Lourdes de Sanjos\u00e9 Llongueras 2022 30 x 25 x 5,5 cm P\u00e0g. 608","og_url":"https:\/\/www.fundaciomascort.com\/fr\/publication\/la-plateria-en-la-coleccion-mascort\/","og_site_name":"Fundaci\u00f3 Mascort","article_publisher":"https:\/\/www.facebook.com\/fundaciomascort","article_modified_time":"2024-04-29T00:01:00+00:00","og_image":[{"width":1329,"height":1793,"url":"https:\/\/www.fundaciomascort.com\/wp-content\/uploads\/2022\/06\/Sobrecoberta-FM22-OK-1.jpg","type":"image\/jpeg"}],"twitter_card":"summary_large_image","twitter_site":"@fundaciomascort","twitter_misc":{"Dur\u00e9e de lecture estim\u00e9e":"1 minute"},"schema":{"@context":"https:\/\/schema.org","@graph":[{"@type":"WebPage","@id":"https:\/\/www.fundaciomascort.com\/fr\/publication\/la-plateria-en-la-coleccion-mascort\/","url":"https:\/\/www.fundaciomascort.com\/fr\/publication\/la-plateria-en-la-coleccion-mascort\/","name":"La plater\u00eda en la Colecci\u00f3n Mascort - Fundaci\u00f3 Mascort","isPartOf":{"@id":"https:\/\/www.fundaciomascort.com\/fr\/#website"},"primaryImageOfPage":{"@id":"https:\/\/www.fundaciomascort.com\/fr\/publication\/la-plateria-en-la-coleccion-mascort\/#primaryimage"},"image":{"@id":"https:\/\/www.fundaciomascort.com\/fr\/publication\/la-plateria-en-la-coleccion-mascort\/#primaryimage"},"thumbnailUrl":"https:\/\/www.fundaciomascort.com\/wp-content\/uploads\/2022\/06\/Sobrecoberta-FM22-OK-1.jpg","datePublished":"2022-06-20T09:10:16+00:00","dateModified":"2024-04-29T00:01:00+00:00","breadcrumb":{"@id":"https:\/\/www.fundaciomascort.com\/fr\/publication\/la-plateria-en-la-coleccion-mascort\/#breadcrumb"},"inLanguage":"fr-FR","potentialAction":[{"@type":"ReadAction","target":["https:\/\/www.fundaciomascort.com\/fr\/publication\/la-plateria-en-la-coleccion-mascort\/"]}]},{"@type":"ImageObject","inLanguage":"fr-FR","@id":"https:\/\/www.fundaciomascort.com\/fr\/publication\/la-plateria-en-la-coleccion-mascort\/#primaryimage","url":"https:\/\/www.fundaciomascort.com\/wp-content\/uploads\/2022\/06\/Sobrecoberta-FM22-OK-1.jpg","contentUrl":"https:\/\/www.fundaciomascort.com\/wp-content\/uploads\/2022\/06\/Sobrecoberta-FM22-OK-1.jpg","width":1329,"height":1793},{"@type":"BreadcrumbList","@id":"https:\/\/www.fundaciomascort.com\/fr\/publication\/la-plateria-en-la-coleccion-mascort\/#breadcrumb","itemListElement":[{"@type":"ListItem","position":1,"name":"Home","item":"https:\/\/www.fundaciomascort.com\/fr\/"},{"@type":"ListItem","position":2,"name":"Publications","item":"https:\/\/www.fundaciomascort.com\/fr\/publicacions\/"},{"@type":"ListItem","position":3,"name":"La plater\u00eda en la Colecci\u00f3n Mascort"}]},{"@type":"WebSite","@id":"https:\/\/www.fundaciomascort.com\/fr\/#website","url":"https:\/\/www.fundaciomascort.com\/fr\/","name":"Fundaci\u00f3 Mascort","description":"Esperem que compartiu amb nosaltres les exposicions de la Casa Galibern i les nostres publicacions.","potentialAction":[{"@type":"SearchAction","target":{"@type":"EntryPoint","urlTemplate":"https:\/\/www.fundaciomascort.com\/fr\/?s={search_term_string}"},"query-input":{"@type":"PropertyValueSpecification","valueRequired":true,"valueName":"search_term_string"}}],"inLanguage":"fr-FR"}]}},"_links":{"self":[{"href":"https:\/\/www.fundaciomascort.com\/fr\/wp-json\/wp\/v2\/product\/14070"}],"collection":[{"href":"https:\/\/www.fundaciomascort.com\/fr\/wp-json\/wp\/v2\/product"}],"about":[{"href":"https:\/\/www.fundaciomascort.com\/fr\/wp-json\/wp\/v2\/types\/product"}],"wp:featuredmedia":[{"embeddable":true,"href":"https:\/\/www.fundaciomascort.com\/fr\/wp-json\/wp\/v2\/media\/14023"}],"wp:attachment":[{"href":"https:\/\/www.fundaciomascort.com\/fr\/wp-json\/wp\/v2\/media?parent=14070"}],"wp:term":[{"taxonomy":"product_brand","embeddable":true,"href":"https:\/\/www.fundaciomascort.com\/fr\/wp-json\/wp\/v2\/product_brand?post=14070"},{"taxonomy":"product_cat","embeddable":true,"href":"https:\/\/www.fundaciomascort.com\/fr\/wp-json\/wp\/v2\/product_cat?post=14070"},{"taxonomy":"product_tag","embeddable":true,"href":"https:\/\/www.fundaciomascort.com\/fr\/wp-json\/wp\/v2\/product_tag?post=14070"}],"curies":[{"name":"wp","href":"https:\/\/api.w.org\/{rel}","templated":true}]}}