{"id":13717,"date":"2021-10-27T09:58:53","date_gmt":"2021-10-27T09:58:52","guid":{"rendered":"https:\/\/www.fundaciomascort.com\/?post_type=product&#038;p=13717"},"modified":"2024-04-29T00:01:00","modified_gmt":"2024-04-29T00:01:00","slug":"1000-anys-de-ceramica-catalana-celebrant-els-40-anys-de-lassociacio-catalana-de-ceramica","status":"publish","type":"product","link":"https:\/\/www.fundaciomascort.com\/fr\/publication\/1000-anys-de-ceramica-catalana-celebrant-els-40-anys-de-lassociacio-catalana-de-ceramica\/","title":{"rendered":"1000 anys de cer\u00e0mica catalana. Celebrant els 40 anys de l\u2019Associaci\u00f3 Catalana de Cer\u00e0mica"},"content":{"rendered":"<p>A cette occasion, le catalogue de l&rsquo;exposition de la Fondation Mascort, <em>1000 anys de cer\u00e0mica catalana. Celebrant els 40 anys de l\u2019Associaci\u00f3 Catalana de Cer\u00e0mica<\/em>, est le double num\u00e9ro (121-122) et monographique du c\u00e9l\u00e8bre magazine <em>Butllet\u00ed Informatiu de Cer\u00e0mica<\/em>, \u00e9dit\u00e9 par l&rsquo;association elle-m\u00eame, et qui a une diffusion mondiale avec pr\u00e8s de quatre cents abonn\u00e9s, parmi ceux qui sont les mus\u00e9es les plus prestigieux.<\/p>\n<p>Dans le catalogue, vous pouvez voir repr\u00e9sent\u00e9s environ 300 pi\u00e8ces en c\u00e9ramique de toute la Catalogne qui font non seulement partie de la collection Mascort, mais rassemblent \u00e9galement des \u0153uvres d&rsquo;autres collections priv\u00e9es et institutions mus\u00e9ales, telles que le Museu d&rsquo;Hist\u00f2ria de Barcelona, le Museu del Disseny de Barcelona, le Museu de Matar\u00f3, les Museus de Martorell, le Museu del C\u00e0ntir o la Fundaci\u00f3 La Fontana, entre autres.<\/p>\n","protected":false},"excerpt":{"rendered":"<p>ISSN: 0213-1978<\/p>\n<p><strong>Josep A. Cerd\u00e0 et Alfons Romero<\/strong><\/p>\n<p>2021<\/p>\n<p>21 x 30 cm<\/p>\n<p>P\u00e0g. 158<\/p>\n","protected":false},"featured_media":13723,"template":"","meta":{"_acf_changed":false},"product_brand":[],"product_cat":[41],"product_tag":[],"class_list":{"0":"post-13717","1":"product","2":"type-product","3":"status-publish","4":"has-post-thumbnail","6":"product_cat-sense-categoria-fr","8":"first","9":"instock","10":"taxable","11":"shipping-taxable","12":"purchasable","13":"product-type-simple"},"acf":[],"yoast_head":"<!-- This site is optimized with the Yoast SEO plugin v25.6 - https:\/\/yoast.com\/wordpress\/plugins\/seo\/ -->\n<title>1000 anys de cer\u00e0mica catalana. Celebrant els 40 anys de l\u2019Associaci\u00f3 Catalana de Cer\u00e0mica - Fundaci\u00f3 Mascort<\/title>\n<meta name=\"robots\" content=\"index, follow, max-snippet:-1, max-image-preview:large, max-video-preview:-1\" \/>\n<link rel=\"canonical\" href=\"https:\/\/www.fundaciomascort.com\/fr\/publication\/1000-anys-de-ceramica-catalana-celebrant-els-40-anys-de-lassociacio-catalana-de-ceramica\/\" \/>\n<meta property=\"og:locale\" content=\"fr_FR\" \/>\n<meta property=\"og:type\" content=\"article\" \/>\n<meta property=\"og:title\" content=\"1000 anys de cer\u00e0mica catalana. Celebrant els 40 anys de l\u2019Associaci\u00f3 Catalana de Cer\u00e0mica - Fundaci\u00f3 Mascort\" \/>\n<meta property=\"og:description\" content=\"ISSN: 0213-1978  Josep A. Cerd\u00e0 et Alfons Romero  2021  21 x 30 cm  P\u00e0g. 158\" \/>\n<meta property=\"og:url\" content=\"https:\/\/www.fundaciomascort.com\/fr\/publication\/1000-anys-de-ceramica-catalana-celebrant-els-40-anys-de-lassociacio-catalana-de-ceramica\/\" \/>\n<meta property=\"og:site_name\" content=\"Fundaci\u00f3 Mascort\" \/>\n<meta property=\"article:publisher\" content=\"https:\/\/www.facebook.com\/fundaciomascort\" \/>\n<meta property=\"article:modified_time\" content=\"2024-04-29T00:01:00+00:00\" \/>\n<meta property=\"og:image\" content=\"https:\/\/www.fundaciomascort.com\/wp-content\/uploads\/2021\/10\/D001-726x1024.jpg\" \/>\n\t<meta property=\"og:image:width\" content=\"726\" \/>\n\t<meta property=\"og:image:height\" content=\"1024\" \/>\n\t<meta property=\"og:image:type\" content=\"image\/jpeg\" \/>\n<meta name=\"twitter:card\" content=\"summary_large_image\" \/>\n<meta name=\"twitter:site\" content=\"@fundaciomascort\" \/>\n<meta name=\"twitter:label1\" content=\"Dur\u00e9e de lecture estim\u00e9e\" \/>\n\t<meta name=\"twitter:data1\" content=\"1 minute\" \/>\n<script type=\"application\/ld+json\" class=\"yoast-schema-graph\">{\"@context\":\"https:\/\/schema.org\",\"@graph\":[{\"@type\":\"WebPage\",\"@id\":\"https:\/\/www.fundaciomascort.com\/fr\/publication\/1000-anys-de-ceramica-catalana-celebrant-els-40-anys-de-lassociacio-catalana-de-ceramica\/\",\"url\":\"https:\/\/www.fundaciomascort.com\/fr\/publication\/1000-anys-de-ceramica-catalana-celebrant-els-40-anys-de-lassociacio-catalana-de-ceramica\/\",\"name\":\"1000 anys de cer\u00e0mica catalana. Celebrant els 40 anys de l\u2019Associaci\u00f3 Catalana de Cer\u00e0mica - Fundaci\u00f3 Mascort\",\"isPartOf\":{\"@id\":\"https:\/\/www.fundaciomascort.com\/fr\/#website\"},\"primaryImageOfPage\":{\"@id\":\"https:\/\/www.fundaciomascort.com\/fr\/publication\/1000-anys-de-ceramica-catalana-celebrant-els-40-anys-de-lassociacio-catalana-de-ceramica\/#primaryimage\"},\"image\":{\"@id\":\"https:\/\/www.fundaciomascort.com\/fr\/publication\/1000-anys-de-ceramica-catalana-celebrant-els-40-anys-de-lassociacio-catalana-de-ceramica\/#primaryimage\"},\"thumbnailUrl\":\"https:\/\/www.fundaciomascort.com\/wp-content\/uploads\/2021\/10\/D001.jpg\",\"datePublished\":\"2021-10-27T09:58:52+00:00\",\"dateModified\":\"2024-04-29T00:01:00+00:00\",\"breadcrumb\":{\"@id\":\"https:\/\/www.fundaciomascort.com\/fr\/publication\/1000-anys-de-ceramica-catalana-celebrant-els-40-anys-de-lassociacio-catalana-de-ceramica\/#breadcrumb\"},\"inLanguage\":\"fr-FR\",\"potentialAction\":[{\"@type\":\"ReadAction\",\"target\":[\"https:\/\/www.fundaciomascort.com\/fr\/publication\/1000-anys-de-ceramica-catalana-celebrant-els-40-anys-de-lassociacio-catalana-de-ceramica\/\"]}]},{\"@type\":\"ImageObject\",\"inLanguage\":\"fr-FR\",\"@id\":\"https:\/\/www.fundaciomascort.com\/fr\/publication\/1000-anys-de-ceramica-catalana-celebrant-els-40-anys-de-lassociacio-catalana-de-ceramica\/#primaryimage\",\"url\":\"https:\/\/www.fundaciomascort.com\/wp-content\/uploads\/2021\/10\/D001.jpg\",\"contentUrl\":\"https:\/\/www.fundaciomascort.com\/wp-content\/uploads\/2021\/10\/D001.jpg\",\"width\":1816,\"height\":2560},{\"@type\":\"BreadcrumbList\",\"@id\":\"https:\/\/www.fundaciomascort.com\/fr\/publication\/1000-anys-de-ceramica-catalana-celebrant-els-40-anys-de-lassociacio-catalana-de-ceramica\/#breadcrumb\",\"itemListElement\":[{\"@type\":\"ListItem\",\"position\":1,\"name\":\"Home\",\"item\":\"https:\/\/www.fundaciomascort.com\/fr\/\"},{\"@type\":\"ListItem\",\"position\":2,\"name\":\"Publications\",\"item\":\"https:\/\/www.fundaciomascort.com\/fr\/publicacions\/\"},{\"@type\":\"ListItem\",\"position\":3,\"name\":\"1000 anys de cer\u00e0mica catalana. Celebrant els 40 anys de l\u2019Associaci\u00f3 Catalana de Cer\u00e0mica\"}]},{\"@type\":\"WebSite\",\"@id\":\"https:\/\/www.fundaciomascort.com\/fr\/#website\",\"url\":\"https:\/\/www.fundaciomascort.com\/fr\/\",\"name\":\"Fundaci\u00f3 Mascort\",\"description\":\"Esperem que compartiu amb nosaltres les exposicions de la Casa Galibern i les nostres publicacions.\",\"potentialAction\":[{\"@type\":\"SearchAction\",\"target\":{\"@type\":\"EntryPoint\",\"urlTemplate\":\"https:\/\/www.fundaciomascort.com\/fr\/?s={search_term_string}\"},\"query-input\":{\"@type\":\"PropertyValueSpecification\",\"valueRequired\":true,\"valueName\":\"search_term_string\"}}],\"inLanguage\":\"fr-FR\"}]}<\/script>\n<!-- \/ Yoast SEO plugin. -->","yoast_head_json":{"title":"1000 anys de cer\u00e0mica catalana. Celebrant els 40 anys de l\u2019Associaci\u00f3 Catalana de Cer\u00e0mica - Fundaci\u00f3 Mascort","robots":{"index":"index","follow":"follow","max-snippet":"max-snippet:-1","max-image-preview":"max-image-preview:large","max-video-preview":"max-video-preview:-1"},"canonical":"https:\/\/www.fundaciomascort.com\/fr\/publication\/1000-anys-de-ceramica-catalana-celebrant-els-40-anys-de-lassociacio-catalana-de-ceramica\/","og_locale":"fr_FR","og_type":"article","og_title":"1000 anys de cer\u00e0mica catalana. Celebrant els 40 anys de l\u2019Associaci\u00f3 Catalana de Cer\u00e0mica - Fundaci\u00f3 Mascort","og_description":"ISSN: 0213-1978  Josep A. Cerd\u00e0 et Alfons Romero  2021  21 x 30 cm  P\u00e0g. 158","og_url":"https:\/\/www.fundaciomascort.com\/fr\/publication\/1000-anys-de-ceramica-catalana-celebrant-els-40-anys-de-lassociacio-catalana-de-ceramica\/","og_site_name":"Fundaci\u00f3 Mascort","article_publisher":"https:\/\/www.facebook.com\/fundaciomascort","article_modified_time":"2024-04-29T00:01:00+00:00","og_image":[{"width":726,"height":1024,"url":"https:\/\/www.fundaciomascort.com\/wp-content\/uploads\/2021\/10\/D001-726x1024.jpg","type":"image\/jpeg"}],"twitter_card":"summary_large_image","twitter_site":"@fundaciomascort","twitter_misc":{"Dur\u00e9e de lecture estim\u00e9e":"1 minute"},"schema":{"@context":"https:\/\/schema.org","@graph":[{"@type":"WebPage","@id":"https:\/\/www.fundaciomascort.com\/fr\/publication\/1000-anys-de-ceramica-catalana-celebrant-els-40-anys-de-lassociacio-catalana-de-ceramica\/","url":"https:\/\/www.fundaciomascort.com\/fr\/publication\/1000-anys-de-ceramica-catalana-celebrant-els-40-anys-de-lassociacio-catalana-de-ceramica\/","name":"1000 anys de cer\u00e0mica catalana. Celebrant els 40 anys de l\u2019Associaci\u00f3 Catalana de Cer\u00e0mica - Fundaci\u00f3 Mascort","isPartOf":{"@id":"https:\/\/www.fundaciomascort.com\/fr\/#website"},"primaryImageOfPage":{"@id":"https:\/\/www.fundaciomascort.com\/fr\/publication\/1000-anys-de-ceramica-catalana-celebrant-els-40-anys-de-lassociacio-catalana-de-ceramica\/#primaryimage"},"image":{"@id":"https:\/\/www.fundaciomascort.com\/fr\/publication\/1000-anys-de-ceramica-catalana-celebrant-els-40-anys-de-lassociacio-catalana-de-ceramica\/#primaryimage"},"thumbnailUrl":"https:\/\/www.fundaciomascort.com\/wp-content\/uploads\/2021\/10\/D001.jpg","datePublished":"2021-10-27T09:58:52+00:00","dateModified":"2024-04-29T00:01:00+00:00","breadcrumb":{"@id":"https:\/\/www.fundaciomascort.com\/fr\/publication\/1000-anys-de-ceramica-catalana-celebrant-els-40-anys-de-lassociacio-catalana-de-ceramica\/#breadcrumb"},"inLanguage":"fr-FR","potentialAction":[{"@type":"ReadAction","target":["https:\/\/www.fundaciomascort.com\/fr\/publication\/1000-anys-de-ceramica-catalana-celebrant-els-40-anys-de-lassociacio-catalana-de-ceramica\/"]}]},{"@type":"ImageObject","inLanguage":"fr-FR","@id":"https:\/\/www.fundaciomascort.com\/fr\/publication\/1000-anys-de-ceramica-catalana-celebrant-els-40-anys-de-lassociacio-catalana-de-ceramica\/#primaryimage","url":"https:\/\/www.fundaciomascort.com\/wp-content\/uploads\/2021\/10\/D001.jpg","contentUrl":"https:\/\/www.fundaciomascort.com\/wp-content\/uploads\/2021\/10\/D001.jpg","width":1816,"height":2560},{"@type":"BreadcrumbList","@id":"https:\/\/www.fundaciomascort.com\/fr\/publication\/1000-anys-de-ceramica-catalana-celebrant-els-40-anys-de-lassociacio-catalana-de-ceramica\/#breadcrumb","itemListElement":[{"@type":"ListItem","position":1,"name":"Home","item":"https:\/\/www.fundaciomascort.com\/fr\/"},{"@type":"ListItem","position":2,"name":"Publications","item":"https:\/\/www.fundaciomascort.com\/fr\/publicacions\/"},{"@type":"ListItem","position":3,"name":"1000 anys de cer\u00e0mica catalana. Celebrant els 40 anys de l\u2019Associaci\u00f3 Catalana de Cer\u00e0mica"}]},{"@type":"WebSite","@id":"https:\/\/www.fundaciomascort.com\/fr\/#website","url":"https:\/\/www.fundaciomascort.com\/fr\/","name":"Fundaci\u00f3 Mascort","description":"Esperem que compartiu amb nosaltres les exposicions de la Casa Galibern i les nostres publicacions.","potentialAction":[{"@type":"SearchAction","target":{"@type":"EntryPoint","urlTemplate":"https:\/\/www.fundaciomascort.com\/fr\/?s={search_term_string}"},"query-input":{"@type":"PropertyValueSpecification","valueRequired":true,"valueName":"search_term_string"}}],"inLanguage":"fr-FR"}]}},"_links":{"self":[{"href":"https:\/\/www.fundaciomascort.com\/fr\/wp-json\/wp\/v2\/product\/13717"}],"collection":[{"href":"https:\/\/www.fundaciomascort.com\/fr\/wp-json\/wp\/v2\/product"}],"about":[{"href":"https:\/\/www.fundaciomascort.com\/fr\/wp-json\/wp\/v2\/types\/product"}],"wp:featuredmedia":[{"embeddable":true,"href":"https:\/\/www.fundaciomascort.com\/fr\/wp-json\/wp\/v2\/media\/13723"}],"wp:attachment":[{"href":"https:\/\/www.fundaciomascort.com\/fr\/wp-json\/wp\/v2\/media?parent=13717"}],"wp:term":[{"taxonomy":"product_brand","embeddable":true,"href":"https:\/\/www.fundaciomascort.com\/fr\/wp-json\/wp\/v2\/product_brand?post=13717"},{"taxonomy":"product_cat","embeddable":true,"href":"https:\/\/www.fundaciomascort.com\/fr\/wp-json\/wp\/v2\/product_cat?post=13717"},{"taxonomy":"product_tag","embeddable":true,"href":"https:\/\/www.fundaciomascort.com\/fr\/wp-json\/wp\/v2\/product_tag?post=13717"}],"curies":[{"name":"wp","href":"https:\/\/api.w.org\/{rel}","templated":true}]}}