{"id":11498,"date":"2020-03-19T05:08:16","date_gmt":"2020-03-19T05:08:16","guid":{"rendered":"https:\/\/www.fundaciomascort.com\/publicacio\/torroella-vila-vella\/"},"modified":"2024-04-29T00:01:03","modified_gmt":"2024-04-29T00:01:03","slug":"torroella-vila-vella","status":"publish","type":"product","link":"https:\/\/www.fundaciomascort.com\/fr\/publication\/torroella-vila-vella\/","title":{"rendered":"Torroella Vila Vella"},"content":{"rendered":"<p>(&#8230;) Le livre nous offre une grande quantit\u00e9 d\u2019informations sur la ville, des suggestions, de bonnes le\u00e7ons et montre les opportunit\u00e9s du changement toujours n\u00e9cessaire pour \u00e9viter la scl\u00e9rose. Il est \u00e9vident que cela se produit gr\u00e2ce \u00e0 la richesse des descriptions, les notes in\u00e9dites, les approches renouvel\u00e9es, les interpellations compromises, les dessins r\u00e9ussis et magnifiques et du fait d\u2019\u00eatre une pi\u00e8ce esth\u00e9tiquement d\u2019art pur. (&#8230;)<\/p>\n<p>(&#8230;) S\u2019il fallait choisir un mot pour d\u00e9finir ce livre Torroella Vila Vella (Torroella Ville Ancienne), ce serait \u00ab\u00a0\u00e9quilibre\u00a0\u00bb. \u00c0 nouveau l\u2019\u00e9quilibre de ses auteurs. (&#8230;) En serait-il ainsi car il s\u2019agit d\u2019un ing\u00e9nieur et d\u2019un architecte qui ont su trouver la juste mesure, la mani\u00e8re d\u2019organiser la narration\u00a0? Ce n\u2019est pas un livre qui commence par la partie g\u00e9ographique et s\u2019ach\u00e8ve par une r\u00e9daction de l\u2019histoire chronologique comme le sont souvent ces types d\u2019\u0153uvres. Pas du tout, ils ont pr\u00e9f\u00e9r\u00e9 alterner les th\u00e8mes de mani\u00e8re d\u00e9licate, juste et agr\u00e9able, sans pour autant tomber dans le d\u00e9sordre. (&#8230;)<\/p>\n","protected":false},"excerpt":{"rendered":"<p>(&#8230;) Le livre nous offre une grande quantit\u00e9 d\u2019informations sur la ville, des suggestions, de bonnes le\u00e7ons et montre les opportunit\u00e9s du changement toujours n\u00e9cessaire pour \u00e9viter la scl\u00e9rose. Il est \u00e9vident que cela se produit gr\u00e2ce \u00e0 la richesse des descriptions, les notes in\u00e9dites, les approches renouvel\u00e9es, les interpellations compromises, les dessins r\u00e9ussis et [&hellip;]<\/p>\n","protected":false},"featured_media":9612,"template":"","meta":{"_acf_changed":false},"product_brand":[],"product_cat":[41],"product_tag":[],"class_list":{"0":"post-11498","1":"product","2":"type-product","3":"status-publish","4":"has-post-thumbnail","6":"product_cat-sense-categoria-fr","8":"first","9":"instock","10":"taxable","11":"shipping-taxable","12":"purchasable","13":"product-type-simple"},"acf":[],"yoast_head":"<!-- This site is optimized with the Yoast SEO plugin v25.6 - https:\/\/yoast.com\/wordpress\/plugins\/seo\/ -->\n<title>Torroella Vila Vella - Fundaci\u00f3 Mascort<\/title>\n<meta name=\"robots\" content=\"index, follow, max-snippet:-1, max-image-preview:large, max-video-preview:-1\" \/>\n<link rel=\"canonical\" href=\"https:\/\/www.fundaciomascort.com\/fr\/publication\/torroella-vila-vella\/\" \/>\n<meta property=\"og:locale\" content=\"fr_FR\" \/>\n<meta property=\"og:type\" content=\"article\" \/>\n<meta property=\"og:title\" content=\"Torroella Vila Vella - Fundaci\u00f3 Mascort\" \/>\n<meta property=\"og:description\" content=\"(&#8230;) Le livre nous offre une grande quantit\u00e9 d\u2019informations sur la ville, des suggestions, de bonnes le\u00e7ons et montre les opportunit\u00e9s du changement toujours n\u00e9cessaire pour \u00e9viter la scl\u00e9rose. Il est \u00e9vident que cela se produit gr\u00e2ce \u00e0 la richesse des descriptions, les notes in\u00e9dites, les approches renouvel\u00e9es, les interpellations compromises, les dessins r\u00e9ussis et [&hellip;]\" \/>\n<meta property=\"og:url\" content=\"https:\/\/www.fundaciomascort.com\/fr\/publication\/torroella-vila-vella\/\" \/>\n<meta property=\"og:site_name\" content=\"Fundaci\u00f3 Mascort\" \/>\n<meta property=\"article:publisher\" content=\"https:\/\/www.facebook.com\/fundaciomascort\" \/>\n<meta property=\"article:modified_time\" content=\"2024-04-29T00:01:03+00:00\" \/>\n<meta property=\"og:image\" content=\"https:\/\/www.fundaciomascort.com\/wp-content\/uploads\/2020\/03\/Coberta-Torroella-Vila-Vella.jpg\" \/>\n\t<meta property=\"og:image:width\" content=\"568\" \/>\n\t<meta property=\"og:image:height\" content=\"600\" \/>\n\t<meta property=\"og:image:type\" content=\"image\/jpeg\" \/>\n<meta name=\"twitter:card\" content=\"summary_large_image\" \/>\n<meta name=\"twitter:site\" content=\"@fundaciomascort\" \/>\n<meta name=\"twitter:label1\" content=\"Dur\u00e9e de lecture estim\u00e9e\" \/>\n\t<meta name=\"twitter:data1\" content=\"1 minute\" \/>\n<script type=\"application\/ld+json\" class=\"yoast-schema-graph\">{\"@context\":\"https:\/\/schema.org\",\"@graph\":[{\"@type\":\"WebPage\",\"@id\":\"https:\/\/www.fundaciomascort.com\/fr\/publication\/torroella-vila-vella\/\",\"url\":\"https:\/\/www.fundaciomascort.com\/fr\/publication\/torroella-vila-vella\/\",\"name\":\"Torroella Vila Vella - Fundaci\u00f3 Mascort\",\"isPartOf\":{\"@id\":\"https:\/\/www.fundaciomascort.com\/fr\/#website\"},\"primaryImageOfPage\":{\"@id\":\"https:\/\/www.fundaciomascort.com\/fr\/publication\/torroella-vila-vella\/#primaryimage\"},\"image\":{\"@id\":\"https:\/\/www.fundaciomascort.com\/fr\/publication\/torroella-vila-vella\/#primaryimage\"},\"thumbnailUrl\":\"https:\/\/www.fundaciomascort.com\/wp-content\/uploads\/2020\/03\/Coberta-Torroella-Vila-Vella.jpg\",\"datePublished\":\"2020-03-19T05:08:16+00:00\",\"dateModified\":\"2024-04-29T00:01:03+00:00\",\"breadcrumb\":{\"@id\":\"https:\/\/www.fundaciomascort.com\/fr\/publication\/torroella-vila-vella\/#breadcrumb\"},\"inLanguage\":\"fr-FR\",\"potentialAction\":[{\"@type\":\"ReadAction\",\"target\":[\"https:\/\/www.fundaciomascort.com\/fr\/publication\/torroella-vila-vella\/\"]}]},{\"@type\":\"ImageObject\",\"inLanguage\":\"fr-FR\",\"@id\":\"https:\/\/www.fundaciomascort.com\/fr\/publication\/torroella-vila-vella\/#primaryimage\",\"url\":\"https:\/\/www.fundaciomascort.com\/wp-content\/uploads\/2020\/03\/Coberta-Torroella-Vila-Vella.jpg\",\"contentUrl\":\"https:\/\/www.fundaciomascort.com\/wp-content\/uploads\/2020\/03\/Coberta-Torroella-Vila-Vella.jpg\",\"width\":568,\"height\":600},{\"@type\":\"BreadcrumbList\",\"@id\":\"https:\/\/www.fundaciomascort.com\/fr\/publication\/torroella-vila-vella\/#breadcrumb\",\"itemListElement\":[{\"@type\":\"ListItem\",\"position\":1,\"name\":\"Home\",\"item\":\"https:\/\/www.fundaciomascort.com\/fr\/\"},{\"@type\":\"ListItem\",\"position\":2,\"name\":\"Publications\",\"item\":\"https:\/\/www.fundaciomascort.com\/fr\/publicacions\/\"},{\"@type\":\"ListItem\",\"position\":3,\"name\":\"Torroella Vila Vella\"}]},{\"@type\":\"WebSite\",\"@id\":\"https:\/\/www.fundaciomascort.com\/fr\/#website\",\"url\":\"https:\/\/www.fundaciomascort.com\/fr\/\",\"name\":\"Fundaci\u00f3 Mascort\",\"description\":\"Esperem que compartiu amb nosaltres les exposicions de la Casa Galibern i les nostres publicacions.\",\"potentialAction\":[{\"@type\":\"SearchAction\",\"target\":{\"@type\":\"EntryPoint\",\"urlTemplate\":\"https:\/\/www.fundaciomascort.com\/fr\/?s={search_term_string}\"},\"query-input\":{\"@type\":\"PropertyValueSpecification\",\"valueRequired\":true,\"valueName\":\"search_term_string\"}}],\"inLanguage\":\"fr-FR\"}]}<\/script>\n<!-- \/ Yoast SEO plugin. -->","yoast_head_json":{"title":"Torroella Vila Vella - Fundaci\u00f3 Mascort","robots":{"index":"index","follow":"follow","max-snippet":"max-snippet:-1","max-image-preview":"max-image-preview:large","max-video-preview":"max-video-preview:-1"},"canonical":"https:\/\/www.fundaciomascort.com\/fr\/publication\/torroella-vila-vella\/","og_locale":"fr_FR","og_type":"article","og_title":"Torroella Vila Vella - Fundaci\u00f3 Mascort","og_description":"(&#8230;) Le livre nous offre une grande quantit\u00e9 d\u2019informations sur la ville, des suggestions, de bonnes le\u00e7ons et montre les opportunit\u00e9s du changement toujours n\u00e9cessaire pour \u00e9viter la scl\u00e9rose. Il est \u00e9vident que cela se produit gr\u00e2ce \u00e0 la richesse des descriptions, les notes in\u00e9dites, les approches renouvel\u00e9es, les interpellations compromises, les dessins r\u00e9ussis et [&hellip;]","og_url":"https:\/\/www.fundaciomascort.com\/fr\/publication\/torroella-vila-vella\/","og_site_name":"Fundaci\u00f3 Mascort","article_publisher":"https:\/\/www.facebook.com\/fundaciomascort","article_modified_time":"2024-04-29T00:01:03+00:00","og_image":[{"width":568,"height":600,"url":"https:\/\/www.fundaciomascort.com\/wp-content\/uploads\/2020\/03\/Coberta-Torroella-Vila-Vella.jpg","type":"image\/jpeg"}],"twitter_card":"summary_large_image","twitter_site":"@fundaciomascort","twitter_misc":{"Dur\u00e9e de lecture estim\u00e9e":"1 minute"},"schema":{"@context":"https:\/\/schema.org","@graph":[{"@type":"WebPage","@id":"https:\/\/www.fundaciomascort.com\/fr\/publication\/torroella-vila-vella\/","url":"https:\/\/www.fundaciomascort.com\/fr\/publication\/torroella-vila-vella\/","name":"Torroella Vila Vella - Fundaci\u00f3 Mascort","isPartOf":{"@id":"https:\/\/www.fundaciomascort.com\/fr\/#website"},"primaryImageOfPage":{"@id":"https:\/\/www.fundaciomascort.com\/fr\/publication\/torroella-vila-vella\/#primaryimage"},"image":{"@id":"https:\/\/www.fundaciomascort.com\/fr\/publication\/torroella-vila-vella\/#primaryimage"},"thumbnailUrl":"https:\/\/www.fundaciomascort.com\/wp-content\/uploads\/2020\/03\/Coberta-Torroella-Vila-Vella.jpg","datePublished":"2020-03-19T05:08:16+00:00","dateModified":"2024-04-29T00:01:03+00:00","breadcrumb":{"@id":"https:\/\/www.fundaciomascort.com\/fr\/publication\/torroella-vila-vella\/#breadcrumb"},"inLanguage":"fr-FR","potentialAction":[{"@type":"ReadAction","target":["https:\/\/www.fundaciomascort.com\/fr\/publication\/torroella-vila-vella\/"]}]},{"@type":"ImageObject","inLanguage":"fr-FR","@id":"https:\/\/www.fundaciomascort.com\/fr\/publication\/torroella-vila-vella\/#primaryimage","url":"https:\/\/www.fundaciomascort.com\/wp-content\/uploads\/2020\/03\/Coberta-Torroella-Vila-Vella.jpg","contentUrl":"https:\/\/www.fundaciomascort.com\/wp-content\/uploads\/2020\/03\/Coberta-Torroella-Vila-Vella.jpg","width":568,"height":600},{"@type":"BreadcrumbList","@id":"https:\/\/www.fundaciomascort.com\/fr\/publication\/torroella-vila-vella\/#breadcrumb","itemListElement":[{"@type":"ListItem","position":1,"name":"Home","item":"https:\/\/www.fundaciomascort.com\/fr\/"},{"@type":"ListItem","position":2,"name":"Publications","item":"https:\/\/www.fundaciomascort.com\/fr\/publicacions\/"},{"@type":"ListItem","position":3,"name":"Torroella Vila Vella"}]},{"@type":"WebSite","@id":"https:\/\/www.fundaciomascort.com\/fr\/#website","url":"https:\/\/www.fundaciomascort.com\/fr\/","name":"Fundaci\u00f3 Mascort","description":"Esperem que compartiu amb nosaltres les exposicions de la Casa Galibern i les nostres publicacions.","potentialAction":[{"@type":"SearchAction","target":{"@type":"EntryPoint","urlTemplate":"https:\/\/www.fundaciomascort.com\/fr\/?s={search_term_string}"},"query-input":{"@type":"PropertyValueSpecification","valueRequired":true,"valueName":"search_term_string"}}],"inLanguage":"fr-FR"}]}},"_links":{"self":[{"href":"https:\/\/www.fundaciomascort.com\/fr\/wp-json\/wp\/v2\/product\/11498"}],"collection":[{"href":"https:\/\/www.fundaciomascort.com\/fr\/wp-json\/wp\/v2\/product"}],"about":[{"href":"https:\/\/www.fundaciomascort.com\/fr\/wp-json\/wp\/v2\/types\/product"}],"wp:featuredmedia":[{"embeddable":true,"href":"https:\/\/www.fundaciomascort.com\/fr\/wp-json\/wp\/v2\/media\/9612"}],"wp:attachment":[{"href":"https:\/\/www.fundaciomascort.com\/fr\/wp-json\/wp\/v2\/media?parent=11498"}],"wp:term":[{"taxonomy":"product_brand","embeddable":true,"href":"https:\/\/www.fundaciomascort.com\/fr\/wp-json\/wp\/v2\/product_brand?post=11498"},{"taxonomy":"product_cat","embeddable":true,"href":"https:\/\/www.fundaciomascort.com\/fr\/wp-json\/wp\/v2\/product_cat?post=11498"},{"taxonomy":"product_tag","embeddable":true,"href":"https:\/\/www.fundaciomascort.com\/fr\/wp-json\/wp\/v2\/product_tag?post=11498"}],"curies":[{"name":"wp","href":"https:\/\/api.w.org\/{rel}","templated":true}]}}