{"id":11495,"date":"2020-03-19T05:08:16","date_gmt":"2020-03-19T05:08:16","guid":{"rendered":"https:\/\/www.fundaciomascort.com\/publicacio\/audacia-i-delicadesa\/"},"modified":"2024-04-29T00:01:03","modified_gmt":"2024-04-29T00:01:03","slug":"audacia-i-delicadesa","status":"publish","type":"product","link":"https:\/\/www.fundaciomascort.com\/fr\/publication\/audacia-i-delicadesa\/","title":{"rendered":"Aud\u00e0cia i Delicadesa"},"content":{"rendered":"<p>Les meubles connus sous le nom \u00ab<em>\u00a0de Torroella\u00a0<\/em>\u00bb sont appr\u00e9ci\u00e9s depuis tr\u00e8s longtemps par tous ceux qui aiment le travail bien fait ; significatifs par leur beaut\u00e9 et marqu\u00e9s par l\u2019\u00e9poque de leur cr\u00e9ation.<\/p>\n<p>Il reste encore des traces des origines de ces meubles, transmises par la tradition orale, tr\u00e8s souvent au sein des familles qui les ont conserv\u00e9s pendant des g\u00e9n\u00e9rations. Bien qu\u2019ils aient fait l\u2019objet d\u2019une appr\u00e9ciable mais br\u00e8ve \u00e9tude, une dette leur \u00e9tait due\u00a0: un travail scientifique m\u00e9rit\u00e9 en raison de leur qualit\u00e9 et importance.<\/p>\n<p>La FUNDACI\u00d3 PRIVADA MASCORT de Torroella de Montgr\u00ed, dont l\u2019un des objectifs est de soutenir la connaissance de l\u2019art et des d\u00e9nomm\u00e9s arts meneurs, a pens\u00e9 que le moment \u00e9tait venu de contribuer \u00e0 ce que l\u2019auteure, qui d\u00e9montre si bien ses connaissances, une grande exp\u00e9rience et un amour pour les meubles, puisse consacrer son attention personnelle sp\u00e9ciale, ainsi que celle d\u2019une \u00e9quipe exceptionnelle, \u00e0 la r\u00e9alisation de ce livre et dont nous nous sentons tr\u00e8s satisfaits, dans l\u2019attente de l\u2019approbation des lecteurs.<\/p>\n","protected":false},"excerpt":{"rendered":"<p>Les meubles connus sous le nom \u00ab\u00a0de Torroella\u00a0\u00bb sont appr\u00e9ci\u00e9s depuis tr\u00e8s longtemps par tous ceux qui aiment le travail bien fait ; significatifs par leur beaut\u00e9 et marqu\u00e9s par l\u2019\u00e9poque de leur cr\u00e9ation. Il reste encore des traces des origines de ces meubles, transmises par la tradition orale, tr\u00e8s souvent au sein des familles [&hellip;]<\/p>\n","protected":false},"featured_media":9609,"template":"","meta":{"_acf_changed":false},"product_brand":[],"product_cat":[41],"product_tag":[],"class_list":{"0":"post-11495","1":"product","2":"type-product","3":"status-publish","4":"has-post-thumbnail","6":"product_cat-sense-categoria-fr","8":"first","9":"instock","10":"taxable","11":"shipping-taxable","12":"purchasable","13":"product-type-simple"},"acf":[],"yoast_head":"<!-- This site is optimized with the Yoast SEO plugin v25.6 - https:\/\/yoast.com\/wordpress\/plugins\/seo\/ -->\n<title>Aud\u00e0cia i Delicadesa - Fundaci\u00f3 Mascort<\/title>\n<meta name=\"robots\" content=\"index, follow, max-snippet:-1, max-image-preview:large, max-video-preview:-1\" \/>\n<link rel=\"canonical\" href=\"https:\/\/www.fundaciomascort.com\/fr\/publication\/audacia-i-delicadesa\/\" \/>\n<meta property=\"og:locale\" content=\"fr_FR\" \/>\n<meta property=\"og:type\" content=\"article\" \/>\n<meta property=\"og:title\" content=\"Aud\u00e0cia i Delicadesa - Fundaci\u00f3 Mascort\" \/>\n<meta property=\"og:description\" content=\"Les meubles connus sous le nom \u00ab\u00a0de Torroella\u00a0\u00bb sont appr\u00e9ci\u00e9s depuis tr\u00e8s longtemps par tous ceux qui aiment le travail bien fait ; significatifs par leur beaut\u00e9 et marqu\u00e9s par l\u2019\u00e9poque de leur cr\u00e9ation. Il reste encore des traces des origines de ces meubles, transmises par la tradition orale, tr\u00e8s souvent au sein des familles [&hellip;]\" \/>\n<meta property=\"og:url\" content=\"https:\/\/www.fundaciomascort.com\/fr\/publication\/audacia-i-delicadesa\/\" \/>\n<meta property=\"og:site_name\" content=\"Fundaci\u00f3 Mascort\" \/>\n<meta property=\"article:publisher\" content=\"https:\/\/www.facebook.com\/fundaciomascort\" \/>\n<meta property=\"article:modified_time\" content=\"2024-04-29T00:01:03+00:00\" \/>\n<meta property=\"og:image\" content=\"https:\/\/www.fundaciomascort.com\/wp-content\/uploads\/2020\/03\/Coberta-Audacia-delicadesa.jpg\" \/>\n\t<meta property=\"og:image:width\" content=\"595\" \/>\n\t<meta property=\"og:image:height\" content=\"709\" \/>\n\t<meta property=\"og:image:type\" content=\"image\/jpeg\" \/>\n<meta name=\"twitter:card\" content=\"summary_large_image\" \/>\n<meta name=\"twitter:site\" content=\"@fundaciomascort\" \/>\n<meta name=\"twitter:label1\" content=\"Dur\u00e9e de lecture estim\u00e9e\" \/>\n\t<meta name=\"twitter:data1\" content=\"1 minute\" \/>\n<script type=\"application\/ld+json\" class=\"yoast-schema-graph\">{\"@context\":\"https:\/\/schema.org\",\"@graph\":[{\"@type\":\"WebPage\",\"@id\":\"https:\/\/www.fundaciomascort.com\/fr\/publication\/audacia-i-delicadesa\/\",\"url\":\"https:\/\/www.fundaciomascort.com\/fr\/publication\/audacia-i-delicadesa\/\",\"name\":\"Aud\u00e0cia i Delicadesa - Fundaci\u00f3 Mascort\",\"isPartOf\":{\"@id\":\"https:\/\/www.fundaciomascort.com\/fr\/#website\"},\"primaryImageOfPage\":{\"@id\":\"https:\/\/www.fundaciomascort.com\/fr\/publication\/audacia-i-delicadesa\/#primaryimage\"},\"image\":{\"@id\":\"https:\/\/www.fundaciomascort.com\/fr\/publication\/audacia-i-delicadesa\/#primaryimage\"},\"thumbnailUrl\":\"https:\/\/www.fundaciomascort.com\/wp-content\/uploads\/2020\/03\/Coberta-Audacia-delicadesa.jpg\",\"datePublished\":\"2020-03-19T05:08:16+00:00\",\"dateModified\":\"2024-04-29T00:01:03+00:00\",\"breadcrumb\":{\"@id\":\"https:\/\/www.fundaciomascort.com\/fr\/publication\/audacia-i-delicadesa\/#breadcrumb\"},\"inLanguage\":\"fr-FR\",\"potentialAction\":[{\"@type\":\"ReadAction\",\"target\":[\"https:\/\/www.fundaciomascort.com\/fr\/publication\/audacia-i-delicadesa\/\"]}]},{\"@type\":\"ImageObject\",\"inLanguage\":\"fr-FR\",\"@id\":\"https:\/\/www.fundaciomascort.com\/fr\/publication\/audacia-i-delicadesa\/#primaryimage\",\"url\":\"https:\/\/www.fundaciomascort.com\/wp-content\/uploads\/2020\/03\/Coberta-Audacia-delicadesa.jpg\",\"contentUrl\":\"https:\/\/www.fundaciomascort.com\/wp-content\/uploads\/2020\/03\/Coberta-Audacia-delicadesa.jpg\",\"width\":595,\"height\":709},{\"@type\":\"BreadcrumbList\",\"@id\":\"https:\/\/www.fundaciomascort.com\/fr\/publication\/audacia-i-delicadesa\/#breadcrumb\",\"itemListElement\":[{\"@type\":\"ListItem\",\"position\":1,\"name\":\"Home\",\"item\":\"https:\/\/www.fundaciomascort.com\/fr\/\"},{\"@type\":\"ListItem\",\"position\":2,\"name\":\"Publications\",\"item\":\"https:\/\/www.fundaciomascort.com\/fr\/publicacions\/\"},{\"@type\":\"ListItem\",\"position\":3,\"name\":\"Aud\u00e0cia i Delicadesa\"}]},{\"@type\":\"WebSite\",\"@id\":\"https:\/\/www.fundaciomascort.com\/fr\/#website\",\"url\":\"https:\/\/www.fundaciomascort.com\/fr\/\",\"name\":\"Fundaci\u00f3 Mascort\",\"description\":\"Esperem que compartiu amb nosaltres les exposicions de la Casa Galibern i les nostres publicacions.\",\"potentialAction\":[{\"@type\":\"SearchAction\",\"target\":{\"@type\":\"EntryPoint\",\"urlTemplate\":\"https:\/\/www.fundaciomascort.com\/fr\/?s={search_term_string}\"},\"query-input\":{\"@type\":\"PropertyValueSpecification\",\"valueRequired\":true,\"valueName\":\"search_term_string\"}}],\"inLanguage\":\"fr-FR\"}]}<\/script>\n<!-- \/ Yoast SEO plugin. -->","yoast_head_json":{"title":"Aud\u00e0cia i Delicadesa - Fundaci\u00f3 Mascort","robots":{"index":"index","follow":"follow","max-snippet":"max-snippet:-1","max-image-preview":"max-image-preview:large","max-video-preview":"max-video-preview:-1"},"canonical":"https:\/\/www.fundaciomascort.com\/fr\/publication\/audacia-i-delicadesa\/","og_locale":"fr_FR","og_type":"article","og_title":"Aud\u00e0cia i Delicadesa - Fundaci\u00f3 Mascort","og_description":"Les meubles connus sous le nom \u00ab\u00a0de Torroella\u00a0\u00bb sont appr\u00e9ci\u00e9s depuis tr\u00e8s longtemps par tous ceux qui aiment le travail bien fait ; significatifs par leur beaut\u00e9 et marqu\u00e9s par l\u2019\u00e9poque de leur cr\u00e9ation. Il reste encore des traces des origines de ces meubles, transmises par la tradition orale, tr\u00e8s souvent au sein des familles [&hellip;]","og_url":"https:\/\/www.fundaciomascort.com\/fr\/publication\/audacia-i-delicadesa\/","og_site_name":"Fundaci\u00f3 Mascort","article_publisher":"https:\/\/www.facebook.com\/fundaciomascort","article_modified_time":"2024-04-29T00:01:03+00:00","og_image":[{"width":595,"height":709,"url":"https:\/\/www.fundaciomascort.com\/wp-content\/uploads\/2020\/03\/Coberta-Audacia-delicadesa.jpg","type":"image\/jpeg"}],"twitter_card":"summary_large_image","twitter_site":"@fundaciomascort","twitter_misc":{"Dur\u00e9e de lecture estim\u00e9e":"1 minute"},"schema":{"@context":"https:\/\/schema.org","@graph":[{"@type":"WebPage","@id":"https:\/\/www.fundaciomascort.com\/fr\/publication\/audacia-i-delicadesa\/","url":"https:\/\/www.fundaciomascort.com\/fr\/publication\/audacia-i-delicadesa\/","name":"Aud\u00e0cia i Delicadesa - Fundaci\u00f3 Mascort","isPartOf":{"@id":"https:\/\/www.fundaciomascort.com\/fr\/#website"},"primaryImageOfPage":{"@id":"https:\/\/www.fundaciomascort.com\/fr\/publication\/audacia-i-delicadesa\/#primaryimage"},"image":{"@id":"https:\/\/www.fundaciomascort.com\/fr\/publication\/audacia-i-delicadesa\/#primaryimage"},"thumbnailUrl":"https:\/\/www.fundaciomascort.com\/wp-content\/uploads\/2020\/03\/Coberta-Audacia-delicadesa.jpg","datePublished":"2020-03-19T05:08:16+00:00","dateModified":"2024-04-29T00:01:03+00:00","breadcrumb":{"@id":"https:\/\/www.fundaciomascort.com\/fr\/publication\/audacia-i-delicadesa\/#breadcrumb"},"inLanguage":"fr-FR","potentialAction":[{"@type":"ReadAction","target":["https:\/\/www.fundaciomascort.com\/fr\/publication\/audacia-i-delicadesa\/"]}]},{"@type":"ImageObject","inLanguage":"fr-FR","@id":"https:\/\/www.fundaciomascort.com\/fr\/publication\/audacia-i-delicadesa\/#primaryimage","url":"https:\/\/www.fundaciomascort.com\/wp-content\/uploads\/2020\/03\/Coberta-Audacia-delicadesa.jpg","contentUrl":"https:\/\/www.fundaciomascort.com\/wp-content\/uploads\/2020\/03\/Coberta-Audacia-delicadesa.jpg","width":595,"height":709},{"@type":"BreadcrumbList","@id":"https:\/\/www.fundaciomascort.com\/fr\/publication\/audacia-i-delicadesa\/#breadcrumb","itemListElement":[{"@type":"ListItem","position":1,"name":"Home","item":"https:\/\/www.fundaciomascort.com\/fr\/"},{"@type":"ListItem","position":2,"name":"Publications","item":"https:\/\/www.fundaciomascort.com\/fr\/publicacions\/"},{"@type":"ListItem","position":3,"name":"Aud\u00e0cia i Delicadesa"}]},{"@type":"WebSite","@id":"https:\/\/www.fundaciomascort.com\/fr\/#website","url":"https:\/\/www.fundaciomascort.com\/fr\/","name":"Fundaci\u00f3 Mascort","description":"Esperem que compartiu amb nosaltres les exposicions de la Casa Galibern i les nostres publicacions.","potentialAction":[{"@type":"SearchAction","target":{"@type":"EntryPoint","urlTemplate":"https:\/\/www.fundaciomascort.com\/fr\/?s={search_term_string}"},"query-input":{"@type":"PropertyValueSpecification","valueRequired":true,"valueName":"search_term_string"}}],"inLanguage":"fr-FR"}]}},"_links":{"self":[{"href":"https:\/\/www.fundaciomascort.com\/fr\/wp-json\/wp\/v2\/product\/11495"}],"collection":[{"href":"https:\/\/www.fundaciomascort.com\/fr\/wp-json\/wp\/v2\/product"}],"about":[{"href":"https:\/\/www.fundaciomascort.com\/fr\/wp-json\/wp\/v2\/types\/product"}],"wp:featuredmedia":[{"embeddable":true,"href":"https:\/\/www.fundaciomascort.com\/fr\/wp-json\/wp\/v2\/media\/9609"}],"wp:attachment":[{"href":"https:\/\/www.fundaciomascort.com\/fr\/wp-json\/wp\/v2\/media?parent=11495"}],"wp:term":[{"taxonomy":"product_brand","embeddable":true,"href":"https:\/\/www.fundaciomascort.com\/fr\/wp-json\/wp\/v2\/product_brand?post=11495"},{"taxonomy":"product_cat","embeddable":true,"href":"https:\/\/www.fundaciomascort.com\/fr\/wp-json\/wp\/v2\/product_cat?post=11495"},{"taxonomy":"product_tag","embeddable":true,"href":"https:\/\/www.fundaciomascort.com\/fr\/wp-json\/wp\/v2\/product_tag?post=11495"}],"curies":[{"name":"wp","href":"https:\/\/api.w.org\/{rel}","templated":true}]}}