{"id":11486,"date":"2020-03-19T05:08:14","date_gmt":"2020-03-19T05:08:14","guid":{"rendered":"https:\/\/www.fundaciomascort.com\/publicacio\/a-redos-del-montgri-1850-1950\/"},"modified":"2020-04-25T14:38:28","modified_gmt":"2020-04-25T14:38:28","slug":"a-redos-del-montgri-1850-1950","status":"publish","type":"product","link":"https:\/\/www.fundaciomascort.com\/fr\/publication\/a-redos-del-montgri-1850-1950\/","title":{"rendered":"A red\u00f3s del Montgr\u00ed 1850-1950"},"content":{"rendered":"<p>Parlar del Montgr\u00ed humanitzat \u00e9s referir-nos a petits pastors, llenyataires i pagesos que, o b\u00e9 per necessitat o b\u00e9 per millorar el seu patrimoni, van bastir un paisatge, alhora que modest, immillorable, amb parets, barraques i forns de cal\u00e7; fets a partir del material m\u00e9s humil, com ara les pedres, per aconseguir un resultat que encara avui dia no som capa\u00e7os d\u2019igualar. A m\u00e9s, el resultat final obtingut \u00e9s una obra completament casada amb l\u2019entorn.<\/p>\n","protected":false},"excerpt":{"rendered":"<p>Parlar del Montgr\u00ed humanitzat \u00e9s referir-nos a petits pastors, llenyataires i pagesos que, o b\u00e9 per necessitat o b\u00e9 per millorar el seu patrimoni, van bastir un paisatge, alhora que modest, immillorable, amb parets, barraques i forns de cal\u00e7; fets a partir del material m\u00e9s humil, com ara les pedres, per aconseguir un resultat que [&hellip;]<\/p>\n","protected":false},"featured_media":9597,"template":"","meta":{"_acf_changed":false},"product_brand":[],"product_cat":[41],"product_tag":[],"class_list":{"0":"post-11486","1":"product","2":"type-product","3":"status-publish","4":"has-post-thumbnail","6":"product_cat-sense-categoria-fr","8":"first","9":"instock","10":"taxable","11":"shipping-taxable","12":"purchasable","13":"product-type-simple"},"acf":[],"yoast_head":"<!-- This site is optimized with the Yoast SEO plugin v25.6 - https:\/\/yoast.com\/wordpress\/plugins\/seo\/ -->\n<title>A red\u00f3s del Montgr\u00ed 1850-1950 - Fundaci\u00f3 Mascort<\/title>\n<meta name=\"robots\" content=\"index, follow, max-snippet:-1, max-image-preview:large, max-video-preview:-1\" \/>\n<link rel=\"canonical\" href=\"https:\/\/www.fundaciomascort.com\/fr\/publication\/a-redos-del-montgri-1850-1950\/\" \/>\n<meta property=\"og:locale\" content=\"fr_FR\" \/>\n<meta property=\"og:type\" content=\"article\" \/>\n<meta property=\"og:title\" content=\"A red\u00f3s del Montgr\u00ed 1850-1950 - Fundaci\u00f3 Mascort\" \/>\n<meta property=\"og:description\" content=\"Parlar del Montgr\u00ed humanitzat \u00e9s referir-nos a petits pastors, llenyataires i pagesos que, o b\u00e9 per necessitat o b\u00e9 per millorar el seu patrimoni, van bastir un paisatge, alhora que modest, immillorable, amb parets, barraques i forns de cal\u00e7; fets a partir del material m\u00e9s humil, com ara les pedres, per aconseguir un resultat que [&hellip;]\" \/>\n<meta property=\"og:url\" content=\"https:\/\/www.fundaciomascort.com\/fr\/publication\/a-redos-del-montgri-1850-1950\/\" \/>\n<meta property=\"og:site_name\" content=\"Fundaci\u00f3 Mascort\" \/>\n<meta property=\"article:publisher\" content=\"https:\/\/www.facebook.com\/fundaciomascort\" \/>\n<meta property=\"article:modified_time\" content=\"2020-04-25T14:38:28+00:00\" \/>\n<meta property=\"og:image\" content=\"https:\/\/www.fundaciomascort.com\/wp-content\/uploads\/2020\/03\/Coberta-Redos-Montgri.jpg\" \/>\n\t<meta property=\"og:image:width\" content=\"595\" \/>\n\t<meta property=\"og:image:height\" content=\"709\" \/>\n\t<meta property=\"og:image:type\" content=\"image\/jpeg\" \/>\n<meta name=\"twitter:card\" content=\"summary_large_image\" \/>\n<meta name=\"twitter:site\" content=\"@fundaciomascort\" \/>\n<script type=\"application\/ld+json\" class=\"yoast-schema-graph\">{\"@context\":\"https:\/\/schema.org\",\"@graph\":[{\"@type\":\"WebPage\",\"@id\":\"https:\/\/www.fundaciomascort.com\/fr\/publication\/a-redos-del-montgri-1850-1950\/\",\"url\":\"https:\/\/www.fundaciomascort.com\/fr\/publication\/a-redos-del-montgri-1850-1950\/\",\"name\":\"A red\u00f3s del Montgr\u00ed 1850-1950 - Fundaci\u00f3 Mascort\",\"isPartOf\":{\"@id\":\"https:\/\/www.fundaciomascort.com\/fr\/#website\"},\"primaryImageOfPage\":{\"@id\":\"https:\/\/www.fundaciomascort.com\/fr\/publication\/a-redos-del-montgri-1850-1950\/#primaryimage\"},\"image\":{\"@id\":\"https:\/\/www.fundaciomascort.com\/fr\/publication\/a-redos-del-montgri-1850-1950\/#primaryimage\"},\"thumbnailUrl\":\"https:\/\/www.fundaciomascort.com\/wp-content\/uploads\/2020\/03\/Coberta-Redos-Montgri.jpg\",\"datePublished\":\"2020-03-19T05:08:14+00:00\",\"dateModified\":\"2020-04-25T14:38:28+00:00\",\"breadcrumb\":{\"@id\":\"https:\/\/www.fundaciomascort.com\/fr\/publication\/a-redos-del-montgri-1850-1950\/#breadcrumb\"},\"inLanguage\":\"fr-FR\",\"potentialAction\":[{\"@type\":\"ReadAction\",\"target\":[\"https:\/\/www.fundaciomascort.com\/fr\/publication\/a-redos-del-montgri-1850-1950\/\"]}]},{\"@type\":\"ImageObject\",\"inLanguage\":\"fr-FR\",\"@id\":\"https:\/\/www.fundaciomascort.com\/fr\/publication\/a-redos-del-montgri-1850-1950\/#primaryimage\",\"url\":\"https:\/\/www.fundaciomascort.com\/wp-content\/uploads\/2020\/03\/Coberta-Redos-Montgri.jpg\",\"contentUrl\":\"https:\/\/www.fundaciomascort.com\/wp-content\/uploads\/2020\/03\/Coberta-Redos-Montgri.jpg\",\"width\":595,\"height\":709},{\"@type\":\"BreadcrumbList\",\"@id\":\"https:\/\/www.fundaciomascort.com\/fr\/publication\/a-redos-del-montgri-1850-1950\/#breadcrumb\",\"itemListElement\":[{\"@type\":\"ListItem\",\"position\":1,\"name\":\"Home\",\"item\":\"https:\/\/www.fundaciomascort.com\/fr\/\"},{\"@type\":\"ListItem\",\"position\":2,\"name\":\"Publications\",\"item\":\"https:\/\/www.fundaciomascort.com\/fr\/publicacions\/\"},{\"@type\":\"ListItem\",\"position\":3,\"name\":\"A red\u00f3s del Montgr\u00ed 1850-1950\"}]},{\"@type\":\"WebSite\",\"@id\":\"https:\/\/www.fundaciomascort.com\/fr\/#website\",\"url\":\"https:\/\/www.fundaciomascort.com\/fr\/\",\"name\":\"Fundaci\u00f3 Mascort\",\"description\":\"Esperem que compartiu amb nosaltres les exposicions de la Casa Galibern i les nostres publicacions.\",\"potentialAction\":[{\"@type\":\"SearchAction\",\"target\":{\"@type\":\"EntryPoint\",\"urlTemplate\":\"https:\/\/www.fundaciomascort.com\/fr\/?s={search_term_string}\"},\"query-input\":{\"@type\":\"PropertyValueSpecification\",\"valueRequired\":true,\"valueName\":\"search_term_string\"}}],\"inLanguage\":\"fr-FR\"}]}<\/script>\n<!-- \/ Yoast SEO plugin. -->","yoast_head_json":{"title":"A red\u00f3s del Montgr\u00ed 1850-1950 - Fundaci\u00f3 Mascort","robots":{"index":"index","follow":"follow","max-snippet":"max-snippet:-1","max-image-preview":"max-image-preview:large","max-video-preview":"max-video-preview:-1"},"canonical":"https:\/\/www.fundaciomascort.com\/fr\/publication\/a-redos-del-montgri-1850-1950\/","og_locale":"fr_FR","og_type":"article","og_title":"A red\u00f3s del Montgr\u00ed 1850-1950 - Fundaci\u00f3 Mascort","og_description":"Parlar del Montgr\u00ed humanitzat \u00e9s referir-nos a petits pastors, llenyataires i pagesos que, o b\u00e9 per necessitat o b\u00e9 per millorar el seu patrimoni, van bastir un paisatge, alhora que modest, immillorable, amb parets, barraques i forns de cal\u00e7; fets a partir del material m\u00e9s humil, com ara les pedres, per aconseguir un resultat que [&hellip;]","og_url":"https:\/\/www.fundaciomascort.com\/fr\/publication\/a-redos-del-montgri-1850-1950\/","og_site_name":"Fundaci\u00f3 Mascort","article_publisher":"https:\/\/www.facebook.com\/fundaciomascort","article_modified_time":"2020-04-25T14:38:28+00:00","og_image":[{"width":595,"height":709,"url":"https:\/\/www.fundaciomascort.com\/wp-content\/uploads\/2020\/03\/Coberta-Redos-Montgri.jpg","type":"image\/jpeg"}],"twitter_card":"summary_large_image","twitter_site":"@fundaciomascort","schema":{"@context":"https:\/\/schema.org","@graph":[{"@type":"WebPage","@id":"https:\/\/www.fundaciomascort.com\/fr\/publication\/a-redos-del-montgri-1850-1950\/","url":"https:\/\/www.fundaciomascort.com\/fr\/publication\/a-redos-del-montgri-1850-1950\/","name":"A red\u00f3s del Montgr\u00ed 1850-1950 - Fundaci\u00f3 Mascort","isPartOf":{"@id":"https:\/\/www.fundaciomascort.com\/fr\/#website"},"primaryImageOfPage":{"@id":"https:\/\/www.fundaciomascort.com\/fr\/publication\/a-redos-del-montgri-1850-1950\/#primaryimage"},"image":{"@id":"https:\/\/www.fundaciomascort.com\/fr\/publication\/a-redos-del-montgri-1850-1950\/#primaryimage"},"thumbnailUrl":"https:\/\/www.fundaciomascort.com\/wp-content\/uploads\/2020\/03\/Coberta-Redos-Montgri.jpg","datePublished":"2020-03-19T05:08:14+00:00","dateModified":"2020-04-25T14:38:28+00:00","breadcrumb":{"@id":"https:\/\/www.fundaciomascort.com\/fr\/publication\/a-redos-del-montgri-1850-1950\/#breadcrumb"},"inLanguage":"fr-FR","potentialAction":[{"@type":"ReadAction","target":["https:\/\/www.fundaciomascort.com\/fr\/publication\/a-redos-del-montgri-1850-1950\/"]}]},{"@type":"ImageObject","inLanguage":"fr-FR","@id":"https:\/\/www.fundaciomascort.com\/fr\/publication\/a-redos-del-montgri-1850-1950\/#primaryimage","url":"https:\/\/www.fundaciomascort.com\/wp-content\/uploads\/2020\/03\/Coberta-Redos-Montgri.jpg","contentUrl":"https:\/\/www.fundaciomascort.com\/wp-content\/uploads\/2020\/03\/Coberta-Redos-Montgri.jpg","width":595,"height":709},{"@type":"BreadcrumbList","@id":"https:\/\/www.fundaciomascort.com\/fr\/publication\/a-redos-del-montgri-1850-1950\/#breadcrumb","itemListElement":[{"@type":"ListItem","position":1,"name":"Home","item":"https:\/\/www.fundaciomascort.com\/fr\/"},{"@type":"ListItem","position":2,"name":"Publications","item":"https:\/\/www.fundaciomascort.com\/fr\/publicacions\/"},{"@type":"ListItem","position":3,"name":"A red\u00f3s del Montgr\u00ed 1850-1950"}]},{"@type":"WebSite","@id":"https:\/\/www.fundaciomascort.com\/fr\/#website","url":"https:\/\/www.fundaciomascort.com\/fr\/","name":"Fundaci\u00f3 Mascort","description":"Esperem que compartiu amb nosaltres les exposicions de la Casa Galibern i les nostres publicacions.","potentialAction":[{"@type":"SearchAction","target":{"@type":"EntryPoint","urlTemplate":"https:\/\/www.fundaciomascort.com\/fr\/?s={search_term_string}"},"query-input":{"@type":"PropertyValueSpecification","valueRequired":true,"valueName":"search_term_string"}}],"inLanguage":"fr-FR"}]}},"_links":{"self":[{"href":"https:\/\/www.fundaciomascort.com\/fr\/wp-json\/wp\/v2\/product\/11486"}],"collection":[{"href":"https:\/\/www.fundaciomascort.com\/fr\/wp-json\/wp\/v2\/product"}],"about":[{"href":"https:\/\/www.fundaciomascort.com\/fr\/wp-json\/wp\/v2\/types\/product"}],"wp:featuredmedia":[{"embeddable":true,"href":"https:\/\/www.fundaciomascort.com\/fr\/wp-json\/wp\/v2\/media\/9597"}],"wp:attachment":[{"href":"https:\/\/www.fundaciomascort.com\/fr\/wp-json\/wp\/v2\/media?parent=11486"}],"wp:term":[{"taxonomy":"product_brand","embeddable":true,"href":"https:\/\/www.fundaciomascort.com\/fr\/wp-json\/wp\/v2\/product_brand?post=11486"},{"taxonomy":"product_cat","embeddable":true,"href":"https:\/\/www.fundaciomascort.com\/fr\/wp-json\/wp\/v2\/product_cat?post=11486"},{"taxonomy":"product_tag","embeddable":true,"href":"https:\/\/www.fundaciomascort.com\/fr\/wp-json\/wp\/v2\/product_tag?post=11486"}],"curies":[{"name":"wp","href":"https:\/\/api.w.org\/{rel}","templated":true}]}}