{"id":11480,"date":"2020-03-19T05:08:14","date_gmt":"2020-03-19T05:08:14","guid":{"rendered":"https:\/\/www.fundaciomascort.com\/publicacio\/la-loza-catalana\/"},"modified":"2024-04-29T00:01:02","modified_gmt":"2024-04-29T00:01:02","slug":"la-loza-catalana","status":"publish","type":"product","link":"https:\/\/www.fundaciomascort.com\/fr\/publication\/la-loza-catalana\/","title":{"rendered":"La loza catalana"},"content":{"rendered":"<p>Le catalogue montre la Collection Mascort de c\u00e9ramique catalane, compos\u00e9e d\u2019environ six-cents pi\u00e8ces de c\u00e9ramique bleue et polychrome, \u00e0 l\u2019occasion de l\u2019exposition qui eut lieu en 2012 \u00e0 la Fondation Mascort. En raison de la quantit\u00e9, qualit\u00e9 et vari\u00e9t\u00e9 des pi\u00e8ces, il constitue une r\u00e9f\u00e9rence parfaite des principales s\u00e9ries produites \u00e0 Barcelone, Lleida et Reus, du XIV<sup>e<\/sup>\u00a0si\u00e8cle au premier tiers du XIX<sup>e<\/sup>\u00a0si\u00e8cle. Chaque pi\u00e8ce est illustr\u00e9e et d\u00e9crite en d\u00e9tail. Il s\u2019agit d\u2019une oeuvre essential pour toutes les personnes int\u00e9ress\u00e9es par la fa\u00efence et par la fa\u00efence catalane.<\/p>\n","protected":false},"excerpt":{"rendered":"<p>Le catalogue montre la Collection Mascort de c\u00e9ramique catalane, compos\u00e9e d\u2019environ six-cents pi\u00e8ces de c\u00e9ramique bleue et polychrome, \u00e0 l\u2019occasion de l\u2019exposition qui eut lieu en 2012 \u00e0 la Fondation Mascort. En raison de la quantit\u00e9, qualit\u00e9 et vari\u00e9t\u00e9 des pi\u00e8ces, il constitue une r\u00e9f\u00e9rence parfaite des principales s\u00e9ries produites \u00e0 Barcelone, Lleida et Reus, [&hellip;]<\/p>\n","protected":false},"featured_media":9594,"template":"","meta":{"_acf_changed":false},"product_brand":[],"product_cat":[41],"product_tag":[],"class_list":{"0":"post-11480","1":"product","2":"type-product","3":"status-publish","4":"has-post-thumbnail","6":"product_cat-sense-categoria-fr","8":"first","9":"instock","10":"taxable","11":"shipping-taxable","12":"purchasable","13":"product-type-simple"},"acf":[],"yoast_head":"<!-- This site is optimized with the Yoast SEO plugin v25.6 - https:\/\/yoast.com\/wordpress\/plugins\/seo\/ -->\n<title>La loza catalana - Fundaci\u00f3 Mascort<\/title>\n<meta name=\"robots\" content=\"index, follow, max-snippet:-1, max-image-preview:large, max-video-preview:-1\" \/>\n<link rel=\"canonical\" href=\"https:\/\/www.fundaciomascort.com\/fr\/publication\/la-loza-catalana\/\" \/>\n<meta property=\"og:locale\" content=\"fr_FR\" \/>\n<meta property=\"og:type\" content=\"article\" \/>\n<meta property=\"og:title\" content=\"La loza catalana - Fundaci\u00f3 Mascort\" \/>\n<meta property=\"og:description\" content=\"Le catalogue montre la Collection Mascort de c\u00e9ramique catalane, compos\u00e9e d\u2019environ six-cents pi\u00e8ces de c\u00e9ramique bleue et polychrome, \u00e0 l\u2019occasion de l\u2019exposition qui eut lieu en 2012 \u00e0 la Fondation Mascort. En raison de la quantit\u00e9, qualit\u00e9 et vari\u00e9t\u00e9 des pi\u00e8ces, il constitue une r\u00e9f\u00e9rence parfaite des principales s\u00e9ries produites \u00e0 Barcelone, Lleida et Reus, [&hellip;]\" \/>\n<meta property=\"og:url\" content=\"https:\/\/www.fundaciomascort.com\/fr\/publication\/la-loza-catalana\/\" \/>\n<meta property=\"og:site_name\" content=\"Fundaci\u00f3 Mascort\" \/>\n<meta property=\"article:publisher\" content=\"https:\/\/www.facebook.com\/fundaciomascort\" \/>\n<meta property=\"article:modified_time\" content=\"2024-04-29T00:01:02+00:00\" \/>\n<meta property=\"og:image\" content=\"https:\/\/www.fundaciomascort.com\/wp-content\/uploads\/2020\/03\/Coberta-Loza-catalana.jpg\" \/>\n\t<meta property=\"og:image:width\" content=\"595\" \/>\n\t<meta property=\"og:image:height\" content=\"709\" \/>\n\t<meta property=\"og:image:type\" content=\"image\/jpeg\" \/>\n<meta name=\"twitter:card\" content=\"summary_large_image\" \/>\n<meta name=\"twitter:site\" content=\"@fundaciomascort\" \/>\n<meta name=\"twitter:label1\" content=\"Dur\u00e9e de lecture estim\u00e9e\" \/>\n\t<meta name=\"twitter:data1\" content=\"1 minute\" \/>\n<script type=\"application\/ld+json\" class=\"yoast-schema-graph\">{\"@context\":\"https:\/\/schema.org\",\"@graph\":[{\"@type\":\"WebPage\",\"@id\":\"https:\/\/www.fundaciomascort.com\/fr\/publication\/la-loza-catalana\/\",\"url\":\"https:\/\/www.fundaciomascort.com\/fr\/publication\/la-loza-catalana\/\",\"name\":\"La loza catalana - Fundaci\u00f3 Mascort\",\"isPartOf\":{\"@id\":\"https:\/\/www.fundaciomascort.com\/fr\/#website\"},\"primaryImageOfPage\":{\"@id\":\"https:\/\/www.fundaciomascort.com\/fr\/publication\/la-loza-catalana\/#primaryimage\"},\"image\":{\"@id\":\"https:\/\/www.fundaciomascort.com\/fr\/publication\/la-loza-catalana\/#primaryimage\"},\"thumbnailUrl\":\"https:\/\/www.fundaciomascort.com\/wp-content\/uploads\/2020\/03\/Coberta-Loza-catalana.jpg\",\"datePublished\":\"2020-03-19T05:08:14+00:00\",\"dateModified\":\"2024-04-29T00:01:02+00:00\",\"breadcrumb\":{\"@id\":\"https:\/\/www.fundaciomascort.com\/fr\/publication\/la-loza-catalana\/#breadcrumb\"},\"inLanguage\":\"fr-FR\",\"potentialAction\":[{\"@type\":\"ReadAction\",\"target\":[\"https:\/\/www.fundaciomascort.com\/fr\/publication\/la-loza-catalana\/\"]}]},{\"@type\":\"ImageObject\",\"inLanguage\":\"fr-FR\",\"@id\":\"https:\/\/www.fundaciomascort.com\/fr\/publication\/la-loza-catalana\/#primaryimage\",\"url\":\"https:\/\/www.fundaciomascort.com\/wp-content\/uploads\/2020\/03\/Coberta-Loza-catalana.jpg\",\"contentUrl\":\"https:\/\/www.fundaciomascort.com\/wp-content\/uploads\/2020\/03\/Coberta-Loza-catalana.jpg\",\"width\":595,\"height\":709},{\"@type\":\"BreadcrumbList\",\"@id\":\"https:\/\/www.fundaciomascort.com\/fr\/publication\/la-loza-catalana\/#breadcrumb\",\"itemListElement\":[{\"@type\":\"ListItem\",\"position\":1,\"name\":\"Home\",\"item\":\"https:\/\/www.fundaciomascort.com\/fr\/\"},{\"@type\":\"ListItem\",\"position\":2,\"name\":\"Publications\",\"item\":\"https:\/\/www.fundaciomascort.com\/fr\/publicacions\/\"},{\"@type\":\"ListItem\",\"position\":3,\"name\":\"La loza catalana\"}]},{\"@type\":\"WebSite\",\"@id\":\"https:\/\/www.fundaciomascort.com\/fr\/#website\",\"url\":\"https:\/\/www.fundaciomascort.com\/fr\/\",\"name\":\"Fundaci\u00f3 Mascort\",\"description\":\"Esperem que compartiu amb nosaltres les exposicions de la Casa Galibern i les nostres publicacions.\",\"potentialAction\":[{\"@type\":\"SearchAction\",\"target\":{\"@type\":\"EntryPoint\",\"urlTemplate\":\"https:\/\/www.fundaciomascort.com\/fr\/?s={search_term_string}\"},\"query-input\":{\"@type\":\"PropertyValueSpecification\",\"valueRequired\":true,\"valueName\":\"search_term_string\"}}],\"inLanguage\":\"fr-FR\"}]}<\/script>\n<!-- \/ Yoast SEO plugin. -->","yoast_head_json":{"title":"La loza catalana - Fundaci\u00f3 Mascort","robots":{"index":"index","follow":"follow","max-snippet":"max-snippet:-1","max-image-preview":"max-image-preview:large","max-video-preview":"max-video-preview:-1"},"canonical":"https:\/\/www.fundaciomascort.com\/fr\/publication\/la-loza-catalana\/","og_locale":"fr_FR","og_type":"article","og_title":"La loza catalana - Fundaci\u00f3 Mascort","og_description":"Le catalogue montre la Collection Mascort de c\u00e9ramique catalane, compos\u00e9e d\u2019environ six-cents pi\u00e8ces de c\u00e9ramique bleue et polychrome, \u00e0 l\u2019occasion de l\u2019exposition qui eut lieu en 2012 \u00e0 la Fondation Mascort. En raison de la quantit\u00e9, qualit\u00e9 et vari\u00e9t\u00e9 des pi\u00e8ces, il constitue une r\u00e9f\u00e9rence parfaite des principales s\u00e9ries produites \u00e0 Barcelone, Lleida et Reus, [&hellip;]","og_url":"https:\/\/www.fundaciomascort.com\/fr\/publication\/la-loza-catalana\/","og_site_name":"Fundaci\u00f3 Mascort","article_publisher":"https:\/\/www.facebook.com\/fundaciomascort","article_modified_time":"2024-04-29T00:01:02+00:00","og_image":[{"width":595,"height":709,"url":"https:\/\/www.fundaciomascort.com\/wp-content\/uploads\/2020\/03\/Coberta-Loza-catalana.jpg","type":"image\/jpeg"}],"twitter_card":"summary_large_image","twitter_site":"@fundaciomascort","twitter_misc":{"Dur\u00e9e de lecture estim\u00e9e":"1 minute"},"schema":{"@context":"https:\/\/schema.org","@graph":[{"@type":"WebPage","@id":"https:\/\/www.fundaciomascort.com\/fr\/publication\/la-loza-catalana\/","url":"https:\/\/www.fundaciomascort.com\/fr\/publication\/la-loza-catalana\/","name":"La loza catalana - Fundaci\u00f3 Mascort","isPartOf":{"@id":"https:\/\/www.fundaciomascort.com\/fr\/#website"},"primaryImageOfPage":{"@id":"https:\/\/www.fundaciomascort.com\/fr\/publication\/la-loza-catalana\/#primaryimage"},"image":{"@id":"https:\/\/www.fundaciomascort.com\/fr\/publication\/la-loza-catalana\/#primaryimage"},"thumbnailUrl":"https:\/\/www.fundaciomascort.com\/wp-content\/uploads\/2020\/03\/Coberta-Loza-catalana.jpg","datePublished":"2020-03-19T05:08:14+00:00","dateModified":"2024-04-29T00:01:02+00:00","breadcrumb":{"@id":"https:\/\/www.fundaciomascort.com\/fr\/publication\/la-loza-catalana\/#breadcrumb"},"inLanguage":"fr-FR","potentialAction":[{"@type":"ReadAction","target":["https:\/\/www.fundaciomascort.com\/fr\/publication\/la-loza-catalana\/"]}]},{"@type":"ImageObject","inLanguage":"fr-FR","@id":"https:\/\/www.fundaciomascort.com\/fr\/publication\/la-loza-catalana\/#primaryimage","url":"https:\/\/www.fundaciomascort.com\/wp-content\/uploads\/2020\/03\/Coberta-Loza-catalana.jpg","contentUrl":"https:\/\/www.fundaciomascort.com\/wp-content\/uploads\/2020\/03\/Coberta-Loza-catalana.jpg","width":595,"height":709},{"@type":"BreadcrumbList","@id":"https:\/\/www.fundaciomascort.com\/fr\/publication\/la-loza-catalana\/#breadcrumb","itemListElement":[{"@type":"ListItem","position":1,"name":"Home","item":"https:\/\/www.fundaciomascort.com\/fr\/"},{"@type":"ListItem","position":2,"name":"Publications","item":"https:\/\/www.fundaciomascort.com\/fr\/publicacions\/"},{"@type":"ListItem","position":3,"name":"La loza catalana"}]},{"@type":"WebSite","@id":"https:\/\/www.fundaciomascort.com\/fr\/#website","url":"https:\/\/www.fundaciomascort.com\/fr\/","name":"Fundaci\u00f3 Mascort","description":"Esperem que compartiu amb nosaltres les exposicions de la Casa Galibern i les nostres publicacions.","potentialAction":[{"@type":"SearchAction","target":{"@type":"EntryPoint","urlTemplate":"https:\/\/www.fundaciomascort.com\/fr\/?s={search_term_string}"},"query-input":{"@type":"PropertyValueSpecification","valueRequired":true,"valueName":"search_term_string"}}],"inLanguage":"fr-FR"}]}},"_links":{"self":[{"href":"https:\/\/www.fundaciomascort.com\/fr\/wp-json\/wp\/v2\/product\/11480"}],"collection":[{"href":"https:\/\/www.fundaciomascort.com\/fr\/wp-json\/wp\/v2\/product"}],"about":[{"href":"https:\/\/www.fundaciomascort.com\/fr\/wp-json\/wp\/v2\/types\/product"}],"wp:featuredmedia":[{"embeddable":true,"href":"https:\/\/www.fundaciomascort.com\/fr\/wp-json\/wp\/v2\/media\/9594"}],"wp:attachment":[{"href":"https:\/\/www.fundaciomascort.com\/fr\/wp-json\/wp\/v2\/media?parent=11480"}],"wp:term":[{"taxonomy":"product_brand","embeddable":true,"href":"https:\/\/www.fundaciomascort.com\/fr\/wp-json\/wp\/v2\/product_brand?post=11480"},{"taxonomy":"product_cat","embeddable":true,"href":"https:\/\/www.fundaciomascort.com\/fr\/wp-json\/wp\/v2\/product_cat?post=11480"},{"taxonomy":"product_tag","embeddable":true,"href":"https:\/\/www.fundaciomascort.com\/fr\/wp-json\/wp\/v2\/product_tag?post=11480"}],"curies":[{"name":"wp","href":"https:\/\/api.w.org\/{rel}","templated":true}]}}