{"id":11477,"date":"2020-03-19T05:08:14","date_gmt":"2020-03-19T05:08:14","guid":{"rendered":"https:\/\/www.fundaciomascort.com\/publicacio\/ceramica-heraldica\/"},"modified":"2024-04-29T00:01:03","modified_gmt":"2024-04-29T00:01:03","slug":"ceramica-heraldica","status":"publish","type":"product","link":"https:\/\/www.fundaciomascort.com\/fr\/publication\/ceramica-heraldica\/","title":{"rendered":"Cer\u00e0mica Her\u00e0ldica"},"content":{"rendered":"<div id=\"idTab1\" class=\"rte\">\n<p>La Fondation Mascort expose 200 pi\u00e8ces de c\u00e9ramique datant du XIVe au XVIIIe si\u00e8cle qui pr\u00e9sentent des motifs\u00a0 h\u00e9raldiques royaux, nobles, eccl\u00e9siastiques et civiles appartenant \u00e0 ces deux collections. Depuis son apparition au XIIe si\u00e8cle, l\u2019h\u00e9raldique a \u00e9t\u00e9 utilis\u00e9e par toutes les couches de la soci\u00e9t\u00e9 europ\u00e9enne. Les armoiries ou \u00e9cussons d\u2019armes, qui ob\u00e9issent \u00e0 des r\u00e8gles sp\u00e9cifiques de composition, jouent un triple r\u00f4le : comme signe d\u2019identit\u00e9, comme marque de commande ou de possession, et\u00a0 comme \u00e9l\u00e9ments ornementaux.<\/p>\n<p>L\u2019exposition est compl\u00e9t\u00e9e par diverses pi\u00e8ces artistiques qui offrent un exemple des applications vari\u00e9es que r\u00e9unit l\u2019h\u00e9raldique, outre la c\u00e9ramique.<\/p>\n<\/div>\n<ul id=\"more_info_tabs\" class=\"idTabs idTabsShort\">\n<li><\/li>\n<\/ul>\n","protected":false},"excerpt":{"rendered":"<p>La Fondation Mascort expose 200 pi\u00e8ces de c\u00e9ramique datant du XIVe au XVIIIe si\u00e8cle qui pr\u00e9sentent des motifs\u00a0 h\u00e9raldiques royaux, nobles, eccl\u00e9siastiques et civiles appartenant \u00e0 ces deux collections. Depuis son apparition au XIIe si\u00e8cle, l\u2019h\u00e9raldique a \u00e9t\u00e9 utilis\u00e9e par toutes les couches de la soci\u00e9t\u00e9 europ\u00e9enne. Les armoiries ou \u00e9cussons d\u2019armes, qui ob\u00e9issent \u00e0 [&hellip;]<\/p>\n","protected":false},"featured_media":9591,"template":"","meta":{"_acf_changed":false},"product_brand":[],"product_cat":[41],"product_tag":[],"class_list":{"0":"post-11477","1":"product","2":"type-product","3":"status-publish","4":"has-post-thumbnail","6":"product_cat-sense-categoria-fr","8":"first","9":"instock","10":"taxable","11":"shipping-taxable","12":"purchasable","13":"product-type-simple"},"acf":[],"yoast_head":"<!-- This site is optimized with the Yoast SEO plugin v25.6 - https:\/\/yoast.com\/wordpress\/plugins\/seo\/ -->\n<title>Cer\u00e0mica Her\u00e0ldica - Fundaci\u00f3 Mascort<\/title>\n<meta name=\"robots\" content=\"index, follow, max-snippet:-1, max-image-preview:large, max-video-preview:-1\" \/>\n<link rel=\"canonical\" href=\"https:\/\/www.fundaciomascort.com\/fr\/publication\/ceramica-heraldica\/\" \/>\n<meta property=\"og:locale\" content=\"fr_FR\" \/>\n<meta property=\"og:type\" content=\"article\" \/>\n<meta property=\"og:title\" content=\"Cer\u00e0mica Her\u00e0ldica - Fundaci\u00f3 Mascort\" \/>\n<meta property=\"og:description\" content=\"La Fondation Mascort expose 200 pi\u00e8ces de c\u00e9ramique datant du XIVe au XVIIIe si\u00e8cle qui pr\u00e9sentent des motifs\u00a0 h\u00e9raldiques royaux, nobles, eccl\u00e9siastiques et civiles appartenant \u00e0 ces deux collections. Depuis son apparition au XIIe si\u00e8cle, l\u2019h\u00e9raldique a \u00e9t\u00e9 utilis\u00e9e par toutes les couches de la soci\u00e9t\u00e9 europ\u00e9enne. Les armoiries ou \u00e9cussons d\u2019armes, qui ob\u00e9issent \u00e0 [&hellip;]\" \/>\n<meta property=\"og:url\" content=\"https:\/\/www.fundaciomascort.com\/fr\/publication\/ceramica-heraldica\/\" \/>\n<meta property=\"og:site_name\" content=\"Fundaci\u00f3 Mascort\" \/>\n<meta property=\"article:publisher\" content=\"https:\/\/www.facebook.com\/fundaciomascort\" \/>\n<meta property=\"article:modified_time\" content=\"2024-04-29T00:01:03+00:00\" \/>\n<meta property=\"og:image\" content=\"https:\/\/www.fundaciomascort.com\/wp-content\/uploads\/2020\/03\/Coberta-Ceramica-heraldica.jpg\" \/>\n\t<meta property=\"og:image:width\" content=\"595\" \/>\n\t<meta property=\"og:image:height\" content=\"709\" \/>\n\t<meta property=\"og:image:type\" content=\"image\/jpeg\" \/>\n<meta name=\"twitter:card\" content=\"summary_large_image\" \/>\n<meta name=\"twitter:site\" content=\"@fundaciomascort\" \/>\n<meta name=\"twitter:label1\" content=\"Dur\u00e9e de lecture estim\u00e9e\" \/>\n\t<meta name=\"twitter:data1\" content=\"1 minute\" \/>\n<script type=\"application\/ld+json\" class=\"yoast-schema-graph\">{\"@context\":\"https:\/\/schema.org\",\"@graph\":[{\"@type\":\"WebPage\",\"@id\":\"https:\/\/www.fundaciomascort.com\/fr\/publication\/ceramica-heraldica\/\",\"url\":\"https:\/\/www.fundaciomascort.com\/fr\/publication\/ceramica-heraldica\/\",\"name\":\"Cer\u00e0mica Her\u00e0ldica - Fundaci\u00f3 Mascort\",\"isPartOf\":{\"@id\":\"https:\/\/www.fundaciomascort.com\/fr\/#website\"},\"primaryImageOfPage\":{\"@id\":\"https:\/\/www.fundaciomascort.com\/fr\/publication\/ceramica-heraldica\/#primaryimage\"},\"image\":{\"@id\":\"https:\/\/www.fundaciomascort.com\/fr\/publication\/ceramica-heraldica\/#primaryimage\"},\"thumbnailUrl\":\"https:\/\/www.fundaciomascort.com\/wp-content\/uploads\/2020\/03\/Coberta-Ceramica-heraldica.jpg\",\"datePublished\":\"2020-03-19T05:08:14+00:00\",\"dateModified\":\"2024-04-29T00:01:03+00:00\",\"breadcrumb\":{\"@id\":\"https:\/\/www.fundaciomascort.com\/fr\/publication\/ceramica-heraldica\/#breadcrumb\"},\"inLanguage\":\"fr-FR\",\"potentialAction\":[{\"@type\":\"ReadAction\",\"target\":[\"https:\/\/www.fundaciomascort.com\/fr\/publication\/ceramica-heraldica\/\"]}]},{\"@type\":\"ImageObject\",\"inLanguage\":\"fr-FR\",\"@id\":\"https:\/\/www.fundaciomascort.com\/fr\/publication\/ceramica-heraldica\/#primaryimage\",\"url\":\"https:\/\/www.fundaciomascort.com\/wp-content\/uploads\/2020\/03\/Coberta-Ceramica-heraldica.jpg\",\"contentUrl\":\"https:\/\/www.fundaciomascort.com\/wp-content\/uploads\/2020\/03\/Coberta-Ceramica-heraldica.jpg\",\"width\":595,\"height\":709},{\"@type\":\"BreadcrumbList\",\"@id\":\"https:\/\/www.fundaciomascort.com\/fr\/publication\/ceramica-heraldica\/#breadcrumb\",\"itemListElement\":[{\"@type\":\"ListItem\",\"position\":1,\"name\":\"Home\",\"item\":\"https:\/\/www.fundaciomascort.com\/fr\/\"},{\"@type\":\"ListItem\",\"position\":2,\"name\":\"Publications\",\"item\":\"https:\/\/www.fundaciomascort.com\/fr\/publicacions\/\"},{\"@type\":\"ListItem\",\"position\":3,\"name\":\"Cer\u00e0mica Her\u00e0ldica\"}]},{\"@type\":\"WebSite\",\"@id\":\"https:\/\/www.fundaciomascort.com\/fr\/#website\",\"url\":\"https:\/\/www.fundaciomascort.com\/fr\/\",\"name\":\"Fundaci\u00f3 Mascort\",\"description\":\"Esperem que compartiu amb nosaltres les exposicions de la Casa Galibern i les nostres publicacions.\",\"potentialAction\":[{\"@type\":\"SearchAction\",\"target\":{\"@type\":\"EntryPoint\",\"urlTemplate\":\"https:\/\/www.fundaciomascort.com\/fr\/?s={search_term_string}\"},\"query-input\":{\"@type\":\"PropertyValueSpecification\",\"valueRequired\":true,\"valueName\":\"search_term_string\"}}],\"inLanguage\":\"fr-FR\"}]}<\/script>\n<!-- \/ Yoast SEO plugin. -->","yoast_head_json":{"title":"Cer\u00e0mica Her\u00e0ldica - Fundaci\u00f3 Mascort","robots":{"index":"index","follow":"follow","max-snippet":"max-snippet:-1","max-image-preview":"max-image-preview:large","max-video-preview":"max-video-preview:-1"},"canonical":"https:\/\/www.fundaciomascort.com\/fr\/publication\/ceramica-heraldica\/","og_locale":"fr_FR","og_type":"article","og_title":"Cer\u00e0mica Her\u00e0ldica - Fundaci\u00f3 Mascort","og_description":"La Fondation Mascort expose 200 pi\u00e8ces de c\u00e9ramique datant du XIVe au XVIIIe si\u00e8cle qui pr\u00e9sentent des motifs\u00a0 h\u00e9raldiques royaux, nobles, eccl\u00e9siastiques et civiles appartenant \u00e0 ces deux collections. Depuis son apparition au XIIe si\u00e8cle, l\u2019h\u00e9raldique a \u00e9t\u00e9 utilis\u00e9e par toutes les couches de la soci\u00e9t\u00e9 europ\u00e9enne. Les armoiries ou \u00e9cussons d\u2019armes, qui ob\u00e9issent \u00e0 [&hellip;]","og_url":"https:\/\/www.fundaciomascort.com\/fr\/publication\/ceramica-heraldica\/","og_site_name":"Fundaci\u00f3 Mascort","article_publisher":"https:\/\/www.facebook.com\/fundaciomascort","article_modified_time":"2024-04-29T00:01:03+00:00","og_image":[{"width":595,"height":709,"url":"https:\/\/www.fundaciomascort.com\/wp-content\/uploads\/2020\/03\/Coberta-Ceramica-heraldica.jpg","type":"image\/jpeg"}],"twitter_card":"summary_large_image","twitter_site":"@fundaciomascort","twitter_misc":{"Dur\u00e9e de lecture estim\u00e9e":"1 minute"},"schema":{"@context":"https:\/\/schema.org","@graph":[{"@type":"WebPage","@id":"https:\/\/www.fundaciomascort.com\/fr\/publication\/ceramica-heraldica\/","url":"https:\/\/www.fundaciomascort.com\/fr\/publication\/ceramica-heraldica\/","name":"Cer\u00e0mica Her\u00e0ldica - Fundaci\u00f3 Mascort","isPartOf":{"@id":"https:\/\/www.fundaciomascort.com\/fr\/#website"},"primaryImageOfPage":{"@id":"https:\/\/www.fundaciomascort.com\/fr\/publication\/ceramica-heraldica\/#primaryimage"},"image":{"@id":"https:\/\/www.fundaciomascort.com\/fr\/publication\/ceramica-heraldica\/#primaryimage"},"thumbnailUrl":"https:\/\/www.fundaciomascort.com\/wp-content\/uploads\/2020\/03\/Coberta-Ceramica-heraldica.jpg","datePublished":"2020-03-19T05:08:14+00:00","dateModified":"2024-04-29T00:01:03+00:00","breadcrumb":{"@id":"https:\/\/www.fundaciomascort.com\/fr\/publication\/ceramica-heraldica\/#breadcrumb"},"inLanguage":"fr-FR","potentialAction":[{"@type":"ReadAction","target":["https:\/\/www.fundaciomascort.com\/fr\/publication\/ceramica-heraldica\/"]}]},{"@type":"ImageObject","inLanguage":"fr-FR","@id":"https:\/\/www.fundaciomascort.com\/fr\/publication\/ceramica-heraldica\/#primaryimage","url":"https:\/\/www.fundaciomascort.com\/wp-content\/uploads\/2020\/03\/Coberta-Ceramica-heraldica.jpg","contentUrl":"https:\/\/www.fundaciomascort.com\/wp-content\/uploads\/2020\/03\/Coberta-Ceramica-heraldica.jpg","width":595,"height":709},{"@type":"BreadcrumbList","@id":"https:\/\/www.fundaciomascort.com\/fr\/publication\/ceramica-heraldica\/#breadcrumb","itemListElement":[{"@type":"ListItem","position":1,"name":"Home","item":"https:\/\/www.fundaciomascort.com\/fr\/"},{"@type":"ListItem","position":2,"name":"Publications","item":"https:\/\/www.fundaciomascort.com\/fr\/publicacions\/"},{"@type":"ListItem","position":3,"name":"Cer\u00e0mica Her\u00e0ldica"}]},{"@type":"WebSite","@id":"https:\/\/www.fundaciomascort.com\/fr\/#website","url":"https:\/\/www.fundaciomascort.com\/fr\/","name":"Fundaci\u00f3 Mascort","description":"Esperem que compartiu amb nosaltres les exposicions de la Casa Galibern i les nostres publicacions.","potentialAction":[{"@type":"SearchAction","target":{"@type":"EntryPoint","urlTemplate":"https:\/\/www.fundaciomascort.com\/fr\/?s={search_term_string}"},"query-input":{"@type":"PropertyValueSpecification","valueRequired":true,"valueName":"search_term_string"}}],"inLanguage":"fr-FR"}]}},"_links":{"self":[{"href":"https:\/\/www.fundaciomascort.com\/fr\/wp-json\/wp\/v2\/product\/11477"}],"collection":[{"href":"https:\/\/www.fundaciomascort.com\/fr\/wp-json\/wp\/v2\/product"}],"about":[{"href":"https:\/\/www.fundaciomascort.com\/fr\/wp-json\/wp\/v2\/types\/product"}],"wp:featuredmedia":[{"embeddable":true,"href":"https:\/\/www.fundaciomascort.com\/fr\/wp-json\/wp\/v2\/media\/9591"}],"wp:attachment":[{"href":"https:\/\/www.fundaciomascort.com\/fr\/wp-json\/wp\/v2\/media?parent=11477"}],"wp:term":[{"taxonomy":"product_brand","embeddable":true,"href":"https:\/\/www.fundaciomascort.com\/fr\/wp-json\/wp\/v2\/product_brand?post=11477"},{"taxonomy":"product_cat","embeddable":true,"href":"https:\/\/www.fundaciomascort.com\/fr\/wp-json\/wp\/v2\/product_cat?post=11477"},{"taxonomy":"product_tag","embeddable":true,"href":"https:\/\/www.fundaciomascort.com\/fr\/wp-json\/wp\/v2\/product_tag?post=11477"}],"curies":[{"name":"wp","href":"https:\/\/api.w.org\/{rel}","templated":true}]}}