{"id":11471,"date":"2020-03-19T05:08:13","date_gmt":"2020-03-19T05:08:13","guid":{"rendered":"https:\/\/www.fundaciomascort.com\/publicacio\/valenti-fargnoli-1885-1944\/"},"modified":"2024-04-29T00:01:02","modified_gmt":"2024-04-29T00:01:02","slug":"valenti-fargnoli-1885-1944","status":"publish","type":"product","link":"https:\/\/www.fundaciomascort.com\/fr\/publication\/valenti-fargnoli-1885-1944\/","title":{"rendered":"Valent\u00ed Fargnoli (1885-1944)"},"content":{"rendered":"<p>VALENT\u00cd FARGNOLI\u00a0(1885-1944).\u00a0Images de la Collection Mascort<\/p>\n<p>Pour mieux conna\u00eetre la collection des images de Valent\u00ed FARGNOLI, \u00a0gard\u00e9e \u00a0et prot\u00e9g\u00e9e pr\u00e9cieusement , la fondation MASCORT a \u00e9dit\u00e9 un catalogue de 536 photographies de cette collection ( et 11 de plus provenant d\u2019autres archives).<\/p>\n<p>288 d\u2019entre elles sont des n\u00e9gatifs sur plaque de verre et 230\u00a0 sont consid\u00e9r\u00e9es comme photos in\u00e9dites, a ce jour, aucune autre copie n\u2019a \u00e9t\u00e9 localis\u00e9e parmi les diff\u00e9rentes archives et collections de photographies les plus importantes de Valent\u00ed FARGNOLI.<\/p>\n<p>&nbsp;<\/p>\n<p>Le photographe Valent\u00ed Fargnoli, avec sa technique et sa sensibilit\u00e9, a \u00e9t\u00e9 le t\u00e9moin des premi\u00e8res quarante ann\u00e9es du si\u00e8cle XX dans la Province de G\u00e9rone, en se d\u00e9pla\u00e7ant de village en village a bicyclette et appareil photo portable.<\/p>\n<p>&nbsp;<\/p>\n<p>Il a immortalis\u00e9 paysages, villages et villes, portraits, m\u00e9tiers et industries.<\/p>\n<p>&nbsp;<\/p>\n<p>Les images du catalogue et l\u2019exposition couvrent la p\u00e9riode de ses activit\u00e9s, de 1910 a 1944, et nous d\u00e9voilent un FARGNOLI plus artiste que photographe de concours, en passant par une facette plus reporter ou documentaire jusqu\u2019au FARGNOLI d\u2019avant-garde.<\/p>\n","protected":false},"excerpt":{"rendered":"<p>VALENT\u00cd FARGNOLI\u00a0(1885-1944).\u00a0Images de la Collection Mascort Pour mieux conna\u00eetre la collection des images de Valent\u00ed FARGNOLI, \u00a0gard\u00e9e \u00a0et prot\u00e9g\u00e9e pr\u00e9cieusement , la fondation MASCORT a \u00e9dit\u00e9 un catalogue de 536 photographies de cette collection ( et 11 de plus provenant d\u2019autres archives). 288 d\u2019entre elles sont des n\u00e9gatifs sur plaque de verre et 230\u00a0 sont [&hellip;]<\/p>\n","protected":false},"featured_media":9585,"template":"","meta":{"_acf_changed":false},"product_brand":[],"product_cat":[41],"product_tag":[],"class_list":{"0":"post-11471","1":"product","2":"type-product","3":"status-publish","4":"has-post-thumbnail","6":"product_cat-sense-categoria-fr","8":"first","9":"instock","10":"taxable","11":"shipping-taxable","12":"purchasable","13":"product-type-simple"},"acf":[],"yoast_head":"<!-- This site is optimized with the Yoast SEO plugin v25.6 - https:\/\/yoast.com\/wordpress\/plugins\/seo\/ -->\n<title>Valent\u00ed Fargnoli (1885-1944) - Fundaci\u00f3 Mascort<\/title>\n<meta name=\"robots\" content=\"index, follow, max-snippet:-1, max-image-preview:large, max-video-preview:-1\" \/>\n<link rel=\"canonical\" href=\"https:\/\/www.fundaciomascort.com\/fr\/publication\/valenti-fargnoli-1885-1944\/\" \/>\n<meta property=\"og:locale\" content=\"fr_FR\" \/>\n<meta property=\"og:type\" content=\"article\" \/>\n<meta property=\"og:title\" content=\"Valent\u00ed Fargnoli (1885-1944) - Fundaci\u00f3 Mascort\" \/>\n<meta property=\"og:description\" content=\"VALENT\u00cd FARGNOLI\u00a0(1885-1944).\u00a0Images de la Collection Mascort Pour mieux conna\u00eetre la collection des images de Valent\u00ed FARGNOLI, \u00a0gard\u00e9e \u00a0et prot\u00e9g\u00e9e pr\u00e9cieusement , la fondation MASCORT a \u00e9dit\u00e9 un catalogue de 536 photographies de cette collection ( et 11 de plus provenant d\u2019autres archives). 288 d\u2019entre elles sont des n\u00e9gatifs sur plaque de verre et 230\u00a0 sont [&hellip;]\" \/>\n<meta property=\"og:url\" content=\"https:\/\/www.fundaciomascort.com\/fr\/publication\/valenti-fargnoli-1885-1944\/\" \/>\n<meta property=\"og:site_name\" content=\"Fundaci\u00f3 Mascort\" \/>\n<meta property=\"article:publisher\" content=\"https:\/\/www.facebook.com\/fundaciomascort\" \/>\n<meta property=\"article:modified_time\" content=\"2024-04-29T00:01:02+00:00\" \/>\n<meta property=\"og:image\" content=\"https:\/\/www.fundaciomascort.com\/wp-content\/uploads\/2020\/03\/Coberta-Valenti-fargnoli.jpg\" \/>\n\t<meta property=\"og:image:width\" content=\"595\" \/>\n\t<meta property=\"og:image:height\" content=\"709\" \/>\n\t<meta property=\"og:image:type\" content=\"image\/jpeg\" \/>\n<meta name=\"twitter:card\" content=\"summary_large_image\" \/>\n<meta name=\"twitter:site\" content=\"@fundaciomascort\" \/>\n<meta name=\"twitter:label1\" content=\"Dur\u00e9e de lecture estim\u00e9e\" \/>\n\t<meta name=\"twitter:data1\" content=\"1 minute\" \/>\n<script type=\"application\/ld+json\" class=\"yoast-schema-graph\">{\"@context\":\"https:\/\/schema.org\",\"@graph\":[{\"@type\":\"WebPage\",\"@id\":\"https:\/\/www.fundaciomascort.com\/fr\/publication\/valenti-fargnoli-1885-1944\/\",\"url\":\"https:\/\/www.fundaciomascort.com\/fr\/publication\/valenti-fargnoli-1885-1944\/\",\"name\":\"Valent\u00ed Fargnoli (1885-1944) - Fundaci\u00f3 Mascort\",\"isPartOf\":{\"@id\":\"https:\/\/www.fundaciomascort.com\/fr\/#website\"},\"primaryImageOfPage\":{\"@id\":\"https:\/\/www.fundaciomascort.com\/fr\/publication\/valenti-fargnoli-1885-1944\/#primaryimage\"},\"image\":{\"@id\":\"https:\/\/www.fundaciomascort.com\/fr\/publication\/valenti-fargnoli-1885-1944\/#primaryimage\"},\"thumbnailUrl\":\"https:\/\/www.fundaciomascort.com\/wp-content\/uploads\/2020\/03\/Coberta-Valenti-fargnoli.jpg\",\"datePublished\":\"2020-03-19T05:08:13+00:00\",\"dateModified\":\"2024-04-29T00:01:02+00:00\",\"breadcrumb\":{\"@id\":\"https:\/\/www.fundaciomascort.com\/fr\/publication\/valenti-fargnoli-1885-1944\/#breadcrumb\"},\"inLanguage\":\"fr-FR\",\"potentialAction\":[{\"@type\":\"ReadAction\",\"target\":[\"https:\/\/www.fundaciomascort.com\/fr\/publication\/valenti-fargnoli-1885-1944\/\"]}]},{\"@type\":\"ImageObject\",\"inLanguage\":\"fr-FR\",\"@id\":\"https:\/\/www.fundaciomascort.com\/fr\/publication\/valenti-fargnoli-1885-1944\/#primaryimage\",\"url\":\"https:\/\/www.fundaciomascort.com\/wp-content\/uploads\/2020\/03\/Coberta-Valenti-fargnoli.jpg\",\"contentUrl\":\"https:\/\/www.fundaciomascort.com\/wp-content\/uploads\/2020\/03\/Coberta-Valenti-fargnoli.jpg\",\"width\":595,\"height\":709},{\"@type\":\"BreadcrumbList\",\"@id\":\"https:\/\/www.fundaciomascort.com\/fr\/publication\/valenti-fargnoli-1885-1944\/#breadcrumb\",\"itemListElement\":[{\"@type\":\"ListItem\",\"position\":1,\"name\":\"Home\",\"item\":\"https:\/\/www.fundaciomascort.com\/fr\/\"},{\"@type\":\"ListItem\",\"position\":2,\"name\":\"Publications\",\"item\":\"https:\/\/www.fundaciomascort.com\/fr\/publicacions\/\"},{\"@type\":\"ListItem\",\"position\":3,\"name\":\"Valent\u00ed Fargnoli (1885-1944)\"}]},{\"@type\":\"WebSite\",\"@id\":\"https:\/\/www.fundaciomascort.com\/fr\/#website\",\"url\":\"https:\/\/www.fundaciomascort.com\/fr\/\",\"name\":\"Fundaci\u00f3 Mascort\",\"description\":\"Esperem que compartiu amb nosaltres les exposicions de la Casa Galibern i les nostres publicacions.\",\"potentialAction\":[{\"@type\":\"SearchAction\",\"target\":{\"@type\":\"EntryPoint\",\"urlTemplate\":\"https:\/\/www.fundaciomascort.com\/fr\/?s={search_term_string}\"},\"query-input\":{\"@type\":\"PropertyValueSpecification\",\"valueRequired\":true,\"valueName\":\"search_term_string\"}}],\"inLanguage\":\"fr-FR\"}]}<\/script>\n<!-- \/ Yoast SEO plugin. -->","yoast_head_json":{"title":"Valent\u00ed Fargnoli (1885-1944) - Fundaci\u00f3 Mascort","robots":{"index":"index","follow":"follow","max-snippet":"max-snippet:-1","max-image-preview":"max-image-preview:large","max-video-preview":"max-video-preview:-1"},"canonical":"https:\/\/www.fundaciomascort.com\/fr\/publication\/valenti-fargnoli-1885-1944\/","og_locale":"fr_FR","og_type":"article","og_title":"Valent\u00ed Fargnoli (1885-1944) - Fundaci\u00f3 Mascort","og_description":"VALENT\u00cd FARGNOLI\u00a0(1885-1944).\u00a0Images de la Collection Mascort Pour mieux conna\u00eetre la collection des images de Valent\u00ed FARGNOLI, \u00a0gard\u00e9e \u00a0et prot\u00e9g\u00e9e pr\u00e9cieusement , la fondation MASCORT a \u00e9dit\u00e9 un catalogue de 536 photographies de cette collection ( et 11 de plus provenant d\u2019autres archives). 288 d\u2019entre elles sont des n\u00e9gatifs sur plaque de verre et 230\u00a0 sont [&hellip;]","og_url":"https:\/\/www.fundaciomascort.com\/fr\/publication\/valenti-fargnoli-1885-1944\/","og_site_name":"Fundaci\u00f3 Mascort","article_publisher":"https:\/\/www.facebook.com\/fundaciomascort","article_modified_time":"2024-04-29T00:01:02+00:00","og_image":[{"width":595,"height":709,"url":"https:\/\/www.fundaciomascort.com\/wp-content\/uploads\/2020\/03\/Coberta-Valenti-fargnoli.jpg","type":"image\/jpeg"}],"twitter_card":"summary_large_image","twitter_site":"@fundaciomascort","twitter_misc":{"Dur\u00e9e de lecture estim\u00e9e":"1 minute"},"schema":{"@context":"https:\/\/schema.org","@graph":[{"@type":"WebPage","@id":"https:\/\/www.fundaciomascort.com\/fr\/publication\/valenti-fargnoli-1885-1944\/","url":"https:\/\/www.fundaciomascort.com\/fr\/publication\/valenti-fargnoli-1885-1944\/","name":"Valent\u00ed Fargnoli (1885-1944) - Fundaci\u00f3 Mascort","isPartOf":{"@id":"https:\/\/www.fundaciomascort.com\/fr\/#website"},"primaryImageOfPage":{"@id":"https:\/\/www.fundaciomascort.com\/fr\/publication\/valenti-fargnoli-1885-1944\/#primaryimage"},"image":{"@id":"https:\/\/www.fundaciomascort.com\/fr\/publication\/valenti-fargnoli-1885-1944\/#primaryimage"},"thumbnailUrl":"https:\/\/www.fundaciomascort.com\/wp-content\/uploads\/2020\/03\/Coberta-Valenti-fargnoli.jpg","datePublished":"2020-03-19T05:08:13+00:00","dateModified":"2024-04-29T00:01:02+00:00","breadcrumb":{"@id":"https:\/\/www.fundaciomascort.com\/fr\/publication\/valenti-fargnoli-1885-1944\/#breadcrumb"},"inLanguage":"fr-FR","potentialAction":[{"@type":"ReadAction","target":["https:\/\/www.fundaciomascort.com\/fr\/publication\/valenti-fargnoli-1885-1944\/"]}]},{"@type":"ImageObject","inLanguage":"fr-FR","@id":"https:\/\/www.fundaciomascort.com\/fr\/publication\/valenti-fargnoli-1885-1944\/#primaryimage","url":"https:\/\/www.fundaciomascort.com\/wp-content\/uploads\/2020\/03\/Coberta-Valenti-fargnoli.jpg","contentUrl":"https:\/\/www.fundaciomascort.com\/wp-content\/uploads\/2020\/03\/Coberta-Valenti-fargnoli.jpg","width":595,"height":709},{"@type":"BreadcrumbList","@id":"https:\/\/www.fundaciomascort.com\/fr\/publication\/valenti-fargnoli-1885-1944\/#breadcrumb","itemListElement":[{"@type":"ListItem","position":1,"name":"Home","item":"https:\/\/www.fundaciomascort.com\/fr\/"},{"@type":"ListItem","position":2,"name":"Publications","item":"https:\/\/www.fundaciomascort.com\/fr\/publicacions\/"},{"@type":"ListItem","position":3,"name":"Valent\u00ed Fargnoli (1885-1944)"}]},{"@type":"WebSite","@id":"https:\/\/www.fundaciomascort.com\/fr\/#website","url":"https:\/\/www.fundaciomascort.com\/fr\/","name":"Fundaci\u00f3 Mascort","description":"Esperem que compartiu amb nosaltres les exposicions de la Casa Galibern i les nostres publicacions.","potentialAction":[{"@type":"SearchAction","target":{"@type":"EntryPoint","urlTemplate":"https:\/\/www.fundaciomascort.com\/fr\/?s={search_term_string}"},"query-input":{"@type":"PropertyValueSpecification","valueRequired":true,"valueName":"search_term_string"}}],"inLanguage":"fr-FR"}]}},"_links":{"self":[{"href":"https:\/\/www.fundaciomascort.com\/fr\/wp-json\/wp\/v2\/product\/11471"}],"collection":[{"href":"https:\/\/www.fundaciomascort.com\/fr\/wp-json\/wp\/v2\/product"}],"about":[{"href":"https:\/\/www.fundaciomascort.com\/fr\/wp-json\/wp\/v2\/types\/product"}],"wp:featuredmedia":[{"embeddable":true,"href":"https:\/\/www.fundaciomascort.com\/fr\/wp-json\/wp\/v2\/media\/9585"}],"wp:attachment":[{"href":"https:\/\/www.fundaciomascort.com\/fr\/wp-json\/wp\/v2\/media?parent=11471"}],"wp:term":[{"taxonomy":"product_brand","embeddable":true,"href":"https:\/\/www.fundaciomascort.com\/fr\/wp-json\/wp\/v2\/product_brand?post=11471"},{"taxonomy":"product_cat","embeddable":true,"href":"https:\/\/www.fundaciomascort.com\/fr\/wp-json\/wp\/v2\/product_cat?post=11471"},{"taxonomy":"product_tag","embeddable":true,"href":"https:\/\/www.fundaciomascort.com\/fr\/wp-json\/wp\/v2\/product_tag?post=11471"}],"curies":[{"name":"wp","href":"https:\/\/api.w.org\/{rel}","templated":true}]}}