{"id":11468,"date":"2020-03-19T05:08:13","date_gmt":"2020-03-19T05:08:13","guid":{"rendered":"https:\/\/www.fundaciomascort.com\/publicacio\/azulejos-paneles-y-socarrats\/"},"modified":"2024-04-29T00:01:02","modified_gmt":"2024-04-29T00:01:02","slug":"azulejos-paneles-y-socarrats","status":"publish","type":"product","link":"https:\/\/www.fundaciomascort.com\/fr\/publication\/azulejos-paneles-y-socarrats\/","title":{"rendered":"Azulejos, paneles y socarrats"},"content":{"rendered":"<p>Elle se compose de plus de 700 pi\u00e8ces, allant de productions m\u00e9di\u00e9vales \u00e0 des pi\u00e8ces du XXe si\u00e8cle. Les plus repr\u00e9sentatives sont l\u2019ensemble de carreaux \u00e9labor\u00e9s \u00e0 Manises aux XVe et XVIe si\u00e8cles, les s\u00e9ries de carreux \u00ab<em>de muestra<\/em>\u00bb (de trame) catalans et valenciens, les\u00a0<em>socarrats<\/em>\u2013dont un repr\u00e9sentant un archer centaure, unique en son genre- ainsi que diverses plaques ornant les plafonds, plac\u00e9es entre des poutres, sans oublier le splendide ensemble d\u2019azulejos de\u00a0<em>oficis\u00a0<\/em>(de m\u00e9tiers) et d\u2019autres exemplaires offrent des repr\u00e9sentations de navires des XVIIe et XVIIIe si\u00e8cles. Les joyaux de la collection, citons les retables \u00e0 caract\u00e8re d\u00e9votionnel, dont certains repr\u00e9sentent des chefs-d\u2019\u0153uvre de la c\u00e9ramique catalane. Mais s\u2019il fallait ne retenir qu\u2019une pi\u00e8ce, ce serait sans aucun doute le panneau repr\u00e9sentant le si\u00e8ge de la citadelle de Rosas, en 1645.<\/p>\n","protected":false},"excerpt":{"rendered":"<p>Elle se compose de plus de 700 pi\u00e8ces, allant de productions m\u00e9di\u00e9vales \u00e0 des pi\u00e8ces du XXe si\u00e8cle. Les plus repr\u00e9sentatives sont l\u2019ensemble de carreaux \u00e9labor\u00e9s \u00e0 Manises aux XVe et XVIe si\u00e8cles, les s\u00e9ries de carreux \u00abde muestra\u00bb (de trame) catalans et valenciens, les\u00a0socarrats\u2013dont un repr\u00e9sentant un archer centaure, unique en son genre- ainsi [&hellip;]<\/p>\n","protected":false},"featured_media":9582,"template":"","meta":{"_acf_changed":false},"product_brand":[],"product_cat":[41],"product_tag":[],"class_list":{"0":"post-11468","1":"product","2":"type-product","3":"status-publish","4":"has-post-thumbnail","6":"product_cat-sense-categoria-fr","8":"first","9":"instock","10":"taxable","11":"shipping-taxable","12":"purchasable","13":"product-type-simple"},"acf":[],"yoast_head":"<!-- This site is optimized with the Yoast SEO plugin v25.6 - https:\/\/yoast.com\/wordpress\/plugins\/seo\/ -->\n<title>Azulejos, paneles y socarrats - Fundaci\u00f3 Mascort<\/title>\n<meta name=\"robots\" content=\"index, follow, max-snippet:-1, max-image-preview:large, max-video-preview:-1\" \/>\n<link rel=\"canonical\" href=\"https:\/\/www.fundaciomascort.com\/fr\/publication\/azulejos-paneles-y-socarrats\/\" \/>\n<meta property=\"og:locale\" content=\"fr_FR\" \/>\n<meta property=\"og:type\" content=\"article\" \/>\n<meta property=\"og:title\" content=\"Azulejos, paneles y socarrats - Fundaci\u00f3 Mascort\" \/>\n<meta property=\"og:description\" content=\"Elle se compose de plus de 700 pi\u00e8ces, allant de productions m\u00e9di\u00e9vales \u00e0 des pi\u00e8ces du XXe si\u00e8cle. Les plus repr\u00e9sentatives sont l\u2019ensemble de carreaux \u00e9labor\u00e9s \u00e0 Manises aux XVe et XVIe si\u00e8cles, les s\u00e9ries de carreux \u00abde muestra\u00bb (de trame) catalans et valenciens, les\u00a0socarrats\u2013dont un repr\u00e9sentant un archer centaure, unique en son genre- ainsi [&hellip;]\" \/>\n<meta property=\"og:url\" content=\"https:\/\/www.fundaciomascort.com\/fr\/publication\/azulejos-paneles-y-socarrats\/\" \/>\n<meta property=\"og:site_name\" content=\"Fundaci\u00f3 Mascort\" \/>\n<meta property=\"article:publisher\" content=\"https:\/\/www.facebook.com\/fundaciomascort\" \/>\n<meta property=\"article:modified_time\" content=\"2024-04-29T00:01:02+00:00\" \/>\n<meta property=\"og:image\" content=\"https:\/\/www.fundaciomascort.com\/wp-content\/uploads\/2020\/03\/Coberta-Azulejos-Paneles.jpg\" \/>\n\t<meta property=\"og:image:width\" content=\"595\" \/>\n\t<meta property=\"og:image:height\" content=\"709\" \/>\n\t<meta property=\"og:image:type\" content=\"image\/jpeg\" \/>\n<meta name=\"twitter:card\" content=\"summary_large_image\" \/>\n<meta name=\"twitter:site\" content=\"@fundaciomascort\" \/>\n<meta name=\"twitter:label1\" content=\"Dur\u00e9e de lecture estim\u00e9e\" \/>\n\t<meta name=\"twitter:data1\" content=\"1 minute\" \/>\n<script type=\"application\/ld+json\" class=\"yoast-schema-graph\">{\"@context\":\"https:\/\/schema.org\",\"@graph\":[{\"@type\":\"WebPage\",\"@id\":\"https:\/\/www.fundaciomascort.com\/fr\/publication\/azulejos-paneles-y-socarrats\/\",\"url\":\"https:\/\/www.fundaciomascort.com\/fr\/publication\/azulejos-paneles-y-socarrats\/\",\"name\":\"Azulejos, paneles y socarrats - Fundaci\u00f3 Mascort\",\"isPartOf\":{\"@id\":\"https:\/\/www.fundaciomascort.com\/fr\/#website\"},\"primaryImageOfPage\":{\"@id\":\"https:\/\/www.fundaciomascort.com\/fr\/publication\/azulejos-paneles-y-socarrats\/#primaryimage\"},\"image\":{\"@id\":\"https:\/\/www.fundaciomascort.com\/fr\/publication\/azulejos-paneles-y-socarrats\/#primaryimage\"},\"thumbnailUrl\":\"https:\/\/www.fundaciomascort.com\/wp-content\/uploads\/2020\/03\/Coberta-Azulejos-Paneles.jpg\",\"datePublished\":\"2020-03-19T05:08:13+00:00\",\"dateModified\":\"2024-04-29T00:01:02+00:00\",\"breadcrumb\":{\"@id\":\"https:\/\/www.fundaciomascort.com\/fr\/publication\/azulejos-paneles-y-socarrats\/#breadcrumb\"},\"inLanguage\":\"fr-FR\",\"potentialAction\":[{\"@type\":\"ReadAction\",\"target\":[\"https:\/\/www.fundaciomascort.com\/fr\/publication\/azulejos-paneles-y-socarrats\/\"]}]},{\"@type\":\"ImageObject\",\"inLanguage\":\"fr-FR\",\"@id\":\"https:\/\/www.fundaciomascort.com\/fr\/publication\/azulejos-paneles-y-socarrats\/#primaryimage\",\"url\":\"https:\/\/www.fundaciomascort.com\/wp-content\/uploads\/2020\/03\/Coberta-Azulejos-Paneles.jpg\",\"contentUrl\":\"https:\/\/www.fundaciomascort.com\/wp-content\/uploads\/2020\/03\/Coberta-Azulejos-Paneles.jpg\",\"width\":595,\"height\":709},{\"@type\":\"BreadcrumbList\",\"@id\":\"https:\/\/www.fundaciomascort.com\/fr\/publication\/azulejos-paneles-y-socarrats\/#breadcrumb\",\"itemListElement\":[{\"@type\":\"ListItem\",\"position\":1,\"name\":\"Home\",\"item\":\"https:\/\/www.fundaciomascort.com\/fr\/\"},{\"@type\":\"ListItem\",\"position\":2,\"name\":\"Publications\",\"item\":\"https:\/\/www.fundaciomascort.com\/fr\/publicacions\/\"},{\"@type\":\"ListItem\",\"position\":3,\"name\":\"Azulejos, paneles y socarrats\"}]},{\"@type\":\"WebSite\",\"@id\":\"https:\/\/www.fundaciomascort.com\/fr\/#website\",\"url\":\"https:\/\/www.fundaciomascort.com\/fr\/\",\"name\":\"Fundaci\u00f3 Mascort\",\"description\":\"Esperem que compartiu amb nosaltres les exposicions de la Casa Galibern i les nostres publicacions.\",\"potentialAction\":[{\"@type\":\"SearchAction\",\"target\":{\"@type\":\"EntryPoint\",\"urlTemplate\":\"https:\/\/www.fundaciomascort.com\/fr\/?s={search_term_string}\"},\"query-input\":{\"@type\":\"PropertyValueSpecification\",\"valueRequired\":true,\"valueName\":\"search_term_string\"}}],\"inLanguage\":\"fr-FR\"}]}<\/script>\n<!-- \/ Yoast SEO plugin. -->","yoast_head_json":{"title":"Azulejos, paneles y socarrats - Fundaci\u00f3 Mascort","robots":{"index":"index","follow":"follow","max-snippet":"max-snippet:-1","max-image-preview":"max-image-preview:large","max-video-preview":"max-video-preview:-1"},"canonical":"https:\/\/www.fundaciomascort.com\/fr\/publication\/azulejos-paneles-y-socarrats\/","og_locale":"fr_FR","og_type":"article","og_title":"Azulejos, paneles y socarrats - Fundaci\u00f3 Mascort","og_description":"Elle se compose de plus de 700 pi\u00e8ces, allant de productions m\u00e9di\u00e9vales \u00e0 des pi\u00e8ces du XXe si\u00e8cle. Les plus repr\u00e9sentatives sont l\u2019ensemble de carreaux \u00e9labor\u00e9s \u00e0 Manises aux XVe et XVIe si\u00e8cles, les s\u00e9ries de carreux \u00abde muestra\u00bb (de trame) catalans et valenciens, les\u00a0socarrats\u2013dont un repr\u00e9sentant un archer centaure, unique en son genre- ainsi [&hellip;]","og_url":"https:\/\/www.fundaciomascort.com\/fr\/publication\/azulejos-paneles-y-socarrats\/","og_site_name":"Fundaci\u00f3 Mascort","article_publisher":"https:\/\/www.facebook.com\/fundaciomascort","article_modified_time":"2024-04-29T00:01:02+00:00","og_image":[{"width":595,"height":709,"url":"https:\/\/www.fundaciomascort.com\/wp-content\/uploads\/2020\/03\/Coberta-Azulejos-Paneles.jpg","type":"image\/jpeg"}],"twitter_card":"summary_large_image","twitter_site":"@fundaciomascort","twitter_misc":{"Dur\u00e9e de lecture estim\u00e9e":"1 minute"},"schema":{"@context":"https:\/\/schema.org","@graph":[{"@type":"WebPage","@id":"https:\/\/www.fundaciomascort.com\/fr\/publication\/azulejos-paneles-y-socarrats\/","url":"https:\/\/www.fundaciomascort.com\/fr\/publication\/azulejos-paneles-y-socarrats\/","name":"Azulejos, paneles y socarrats - Fundaci\u00f3 Mascort","isPartOf":{"@id":"https:\/\/www.fundaciomascort.com\/fr\/#website"},"primaryImageOfPage":{"@id":"https:\/\/www.fundaciomascort.com\/fr\/publication\/azulejos-paneles-y-socarrats\/#primaryimage"},"image":{"@id":"https:\/\/www.fundaciomascort.com\/fr\/publication\/azulejos-paneles-y-socarrats\/#primaryimage"},"thumbnailUrl":"https:\/\/www.fundaciomascort.com\/wp-content\/uploads\/2020\/03\/Coberta-Azulejos-Paneles.jpg","datePublished":"2020-03-19T05:08:13+00:00","dateModified":"2024-04-29T00:01:02+00:00","breadcrumb":{"@id":"https:\/\/www.fundaciomascort.com\/fr\/publication\/azulejos-paneles-y-socarrats\/#breadcrumb"},"inLanguage":"fr-FR","potentialAction":[{"@type":"ReadAction","target":["https:\/\/www.fundaciomascort.com\/fr\/publication\/azulejos-paneles-y-socarrats\/"]}]},{"@type":"ImageObject","inLanguage":"fr-FR","@id":"https:\/\/www.fundaciomascort.com\/fr\/publication\/azulejos-paneles-y-socarrats\/#primaryimage","url":"https:\/\/www.fundaciomascort.com\/wp-content\/uploads\/2020\/03\/Coberta-Azulejos-Paneles.jpg","contentUrl":"https:\/\/www.fundaciomascort.com\/wp-content\/uploads\/2020\/03\/Coberta-Azulejos-Paneles.jpg","width":595,"height":709},{"@type":"BreadcrumbList","@id":"https:\/\/www.fundaciomascort.com\/fr\/publication\/azulejos-paneles-y-socarrats\/#breadcrumb","itemListElement":[{"@type":"ListItem","position":1,"name":"Home","item":"https:\/\/www.fundaciomascort.com\/fr\/"},{"@type":"ListItem","position":2,"name":"Publications","item":"https:\/\/www.fundaciomascort.com\/fr\/publicacions\/"},{"@type":"ListItem","position":3,"name":"Azulejos, paneles y socarrats"}]},{"@type":"WebSite","@id":"https:\/\/www.fundaciomascort.com\/fr\/#website","url":"https:\/\/www.fundaciomascort.com\/fr\/","name":"Fundaci\u00f3 Mascort","description":"Esperem que compartiu amb nosaltres les exposicions de la Casa Galibern i les nostres publicacions.","potentialAction":[{"@type":"SearchAction","target":{"@type":"EntryPoint","urlTemplate":"https:\/\/www.fundaciomascort.com\/fr\/?s={search_term_string}"},"query-input":{"@type":"PropertyValueSpecification","valueRequired":true,"valueName":"search_term_string"}}],"inLanguage":"fr-FR"}]}},"_links":{"self":[{"href":"https:\/\/www.fundaciomascort.com\/fr\/wp-json\/wp\/v2\/product\/11468"}],"collection":[{"href":"https:\/\/www.fundaciomascort.com\/fr\/wp-json\/wp\/v2\/product"}],"about":[{"href":"https:\/\/www.fundaciomascort.com\/fr\/wp-json\/wp\/v2\/types\/product"}],"wp:featuredmedia":[{"embeddable":true,"href":"https:\/\/www.fundaciomascort.com\/fr\/wp-json\/wp\/v2\/media\/9582"}],"wp:attachment":[{"href":"https:\/\/www.fundaciomascort.com\/fr\/wp-json\/wp\/v2\/media?parent=11468"}],"wp:term":[{"taxonomy":"product_brand","embeddable":true,"href":"https:\/\/www.fundaciomascort.com\/fr\/wp-json\/wp\/v2\/product_brand?post=11468"},{"taxonomy":"product_cat","embeddable":true,"href":"https:\/\/www.fundaciomascort.com\/fr\/wp-json\/wp\/v2\/product_cat?post=11468"},{"taxonomy":"product_tag","embeddable":true,"href":"https:\/\/www.fundaciomascort.com\/fr\/wp-json\/wp\/v2\/product_tag?post=11468"}],"curies":[{"name":"wp","href":"https:\/\/api.w.org\/{rel}","templated":true}]}}