{"id":11465,"date":"2020-03-19T05:08:12","date_gmt":"2020-03-19T05:08:12","guid":{"rendered":"https:\/\/www.fundaciomascort.com\/publicacio\/la-indestructible-bellesa-del-montgri\/"},"modified":"2024-04-29T00:01:02","modified_gmt":"2024-04-29T00:01:02","slug":"la-indestructible-bellesa-del-montgri","status":"publish","type":"product","link":"https:\/\/www.fundaciomascort.com\/fr\/publication\/la-indestructible-bellesa-del-montgri\/","title":{"rendered":"La indestructible bellesa del Montgr\u00ed"},"content":{"rendered":"<p>Par le biais de ce livre, la Fondation Mascort rend hommage \u00e0 Josep Pascual, topographe, m\u00e9t\u00e9orologue et photographe de vocation, musicien, n\u00e9 \u00e0 l\u2019Estartit, qui aime son environnement imm\u00e9diat tous les jours de sa vie, \u00e0 travers l\u2019observation et les registres m\u00e9t\u00e9orologiques. Au fil des ans, Josep Pascual a voulu capter avec son appareil photo la beaut\u00e9 indestructible du Montgr\u00ed, des \u00eeles Medes et de la zone du Baix Ter, la beaut\u00e9 naturelle qu\u2019il faut prot\u00e9ger et pr\u00e9server pour les futures g\u00e9n\u00e9rations.<\/p>\n","protected":false},"excerpt":{"rendered":"<p>Par le biais de ce livre, la Fondation Mascort rend hommage \u00e0 Josep Pascual, topographe, m\u00e9t\u00e9orologue et photographe de vocation, musicien, n\u00e9 \u00e0 l\u2019Estartit, qui aime son environnement imm\u00e9diat tous les jours de sa vie, \u00e0 travers l\u2019observation et les registres m\u00e9t\u00e9orologiques. Au fil des ans, Josep Pascual a voulu capter avec son appareil photo [&hellip;]<\/p>\n","protected":false},"featured_media":9576,"template":"","meta":{"_acf_changed":false},"product_brand":[],"product_cat":[41],"product_tag":[],"class_list":{"0":"post-11465","1":"product","2":"type-product","3":"status-publish","4":"has-post-thumbnail","6":"product_cat-sense-categoria-fr","8":"first","9":"instock","10":"taxable","11":"shipping-taxable","12":"purchasable","13":"product-type-simple"},"acf":[],"yoast_head":"<!-- This site is optimized with the Yoast SEO plugin v25.6 - https:\/\/yoast.com\/wordpress\/plugins\/seo\/ -->\n<title>La indestructible bellesa del Montgr\u00ed - Fundaci\u00f3 Mascort<\/title>\n<meta name=\"robots\" content=\"index, follow, max-snippet:-1, max-image-preview:large, max-video-preview:-1\" \/>\n<link rel=\"canonical\" href=\"https:\/\/www.fundaciomascort.com\/fr\/publication\/la-indestructible-bellesa-del-montgri\/\" \/>\n<meta property=\"og:locale\" content=\"fr_FR\" \/>\n<meta property=\"og:type\" content=\"article\" \/>\n<meta property=\"og:title\" content=\"La indestructible bellesa del Montgr\u00ed - Fundaci\u00f3 Mascort\" \/>\n<meta property=\"og:description\" content=\"Par le biais de ce livre, la Fondation Mascort rend hommage \u00e0 Josep Pascual, topographe, m\u00e9t\u00e9orologue et photographe de vocation, musicien, n\u00e9 \u00e0 l\u2019Estartit, qui aime son environnement imm\u00e9diat tous les jours de sa vie, \u00e0 travers l\u2019observation et les registres m\u00e9t\u00e9orologiques. Au fil des ans, Josep Pascual a voulu capter avec son appareil photo [&hellip;]\" \/>\n<meta property=\"og:url\" content=\"https:\/\/www.fundaciomascort.com\/fr\/publication\/la-indestructible-bellesa-del-montgri\/\" \/>\n<meta property=\"og:site_name\" content=\"Fundaci\u00f3 Mascort\" \/>\n<meta property=\"article:publisher\" content=\"https:\/\/www.facebook.com\/fundaciomascort\" \/>\n<meta property=\"article:modified_time\" content=\"2024-04-29T00:01:02+00:00\" \/>\n<meta property=\"og:image\" content=\"https:\/\/www.fundaciomascort.com\/wp-content\/uploads\/2020\/03\/Coberta-Indestructible-bellesa.jpg\" \/>\n\t<meta property=\"og:image:width\" content=\"595\" \/>\n\t<meta property=\"og:image:height\" content=\"709\" \/>\n\t<meta property=\"og:image:type\" content=\"image\/jpeg\" \/>\n<meta name=\"twitter:card\" content=\"summary_large_image\" \/>\n<meta name=\"twitter:site\" content=\"@fundaciomascort\" \/>\n<script type=\"application\/ld+json\" class=\"yoast-schema-graph\">{\"@context\":\"https:\/\/schema.org\",\"@graph\":[{\"@type\":\"WebPage\",\"@id\":\"https:\/\/www.fundaciomascort.com\/fr\/publication\/la-indestructible-bellesa-del-montgri\/\",\"url\":\"https:\/\/www.fundaciomascort.com\/fr\/publication\/la-indestructible-bellesa-del-montgri\/\",\"name\":\"La indestructible bellesa del Montgr\u00ed - Fundaci\u00f3 Mascort\",\"isPartOf\":{\"@id\":\"https:\/\/www.fundaciomascort.com\/fr\/#website\"},\"primaryImageOfPage\":{\"@id\":\"https:\/\/www.fundaciomascort.com\/fr\/publication\/la-indestructible-bellesa-del-montgri\/#primaryimage\"},\"image\":{\"@id\":\"https:\/\/www.fundaciomascort.com\/fr\/publication\/la-indestructible-bellesa-del-montgri\/#primaryimage\"},\"thumbnailUrl\":\"https:\/\/www.fundaciomascort.com\/wp-content\/uploads\/2020\/03\/Coberta-Indestructible-bellesa.jpg\",\"datePublished\":\"2020-03-19T05:08:12+00:00\",\"dateModified\":\"2024-04-29T00:01:02+00:00\",\"breadcrumb\":{\"@id\":\"https:\/\/www.fundaciomascort.com\/fr\/publication\/la-indestructible-bellesa-del-montgri\/#breadcrumb\"},\"inLanguage\":\"fr-FR\",\"potentialAction\":[{\"@type\":\"ReadAction\",\"target\":[\"https:\/\/www.fundaciomascort.com\/fr\/publication\/la-indestructible-bellesa-del-montgri\/\"]}]},{\"@type\":\"ImageObject\",\"inLanguage\":\"fr-FR\",\"@id\":\"https:\/\/www.fundaciomascort.com\/fr\/publication\/la-indestructible-bellesa-del-montgri\/#primaryimage\",\"url\":\"https:\/\/www.fundaciomascort.com\/wp-content\/uploads\/2020\/03\/Coberta-Indestructible-bellesa.jpg\",\"contentUrl\":\"https:\/\/www.fundaciomascort.com\/wp-content\/uploads\/2020\/03\/Coberta-Indestructible-bellesa.jpg\",\"width\":595,\"height\":709},{\"@type\":\"BreadcrumbList\",\"@id\":\"https:\/\/www.fundaciomascort.com\/fr\/publication\/la-indestructible-bellesa-del-montgri\/#breadcrumb\",\"itemListElement\":[{\"@type\":\"ListItem\",\"position\":1,\"name\":\"Home\",\"item\":\"https:\/\/www.fundaciomascort.com\/fr\/\"},{\"@type\":\"ListItem\",\"position\":2,\"name\":\"Publications\",\"item\":\"https:\/\/www.fundaciomascort.com\/fr\/publicacions\/\"},{\"@type\":\"ListItem\",\"position\":3,\"name\":\"La indestructible bellesa del Montgr\u00ed\"}]},{\"@type\":\"WebSite\",\"@id\":\"https:\/\/www.fundaciomascort.com\/fr\/#website\",\"url\":\"https:\/\/www.fundaciomascort.com\/fr\/\",\"name\":\"Fundaci\u00f3 Mascort\",\"description\":\"Esperem que compartiu amb nosaltres les exposicions de la Casa Galibern i les nostres publicacions.\",\"potentialAction\":[{\"@type\":\"SearchAction\",\"target\":{\"@type\":\"EntryPoint\",\"urlTemplate\":\"https:\/\/www.fundaciomascort.com\/fr\/?s={search_term_string}\"},\"query-input\":{\"@type\":\"PropertyValueSpecification\",\"valueRequired\":true,\"valueName\":\"search_term_string\"}}],\"inLanguage\":\"fr-FR\"}]}<\/script>\n<!-- \/ Yoast SEO plugin. -->","yoast_head_json":{"title":"La indestructible bellesa del Montgr\u00ed - Fundaci\u00f3 Mascort","robots":{"index":"index","follow":"follow","max-snippet":"max-snippet:-1","max-image-preview":"max-image-preview:large","max-video-preview":"max-video-preview:-1"},"canonical":"https:\/\/www.fundaciomascort.com\/fr\/publication\/la-indestructible-bellesa-del-montgri\/","og_locale":"fr_FR","og_type":"article","og_title":"La indestructible bellesa del Montgr\u00ed - Fundaci\u00f3 Mascort","og_description":"Par le biais de ce livre, la Fondation Mascort rend hommage \u00e0 Josep Pascual, topographe, m\u00e9t\u00e9orologue et photographe de vocation, musicien, n\u00e9 \u00e0 l\u2019Estartit, qui aime son environnement imm\u00e9diat tous les jours de sa vie, \u00e0 travers l\u2019observation et les registres m\u00e9t\u00e9orologiques. Au fil des ans, Josep Pascual a voulu capter avec son appareil photo [&hellip;]","og_url":"https:\/\/www.fundaciomascort.com\/fr\/publication\/la-indestructible-bellesa-del-montgri\/","og_site_name":"Fundaci\u00f3 Mascort","article_publisher":"https:\/\/www.facebook.com\/fundaciomascort","article_modified_time":"2024-04-29T00:01:02+00:00","og_image":[{"width":595,"height":709,"url":"https:\/\/www.fundaciomascort.com\/wp-content\/uploads\/2020\/03\/Coberta-Indestructible-bellesa.jpg","type":"image\/jpeg"}],"twitter_card":"summary_large_image","twitter_site":"@fundaciomascort","schema":{"@context":"https:\/\/schema.org","@graph":[{"@type":"WebPage","@id":"https:\/\/www.fundaciomascort.com\/fr\/publication\/la-indestructible-bellesa-del-montgri\/","url":"https:\/\/www.fundaciomascort.com\/fr\/publication\/la-indestructible-bellesa-del-montgri\/","name":"La indestructible bellesa del Montgr\u00ed - Fundaci\u00f3 Mascort","isPartOf":{"@id":"https:\/\/www.fundaciomascort.com\/fr\/#website"},"primaryImageOfPage":{"@id":"https:\/\/www.fundaciomascort.com\/fr\/publication\/la-indestructible-bellesa-del-montgri\/#primaryimage"},"image":{"@id":"https:\/\/www.fundaciomascort.com\/fr\/publication\/la-indestructible-bellesa-del-montgri\/#primaryimage"},"thumbnailUrl":"https:\/\/www.fundaciomascort.com\/wp-content\/uploads\/2020\/03\/Coberta-Indestructible-bellesa.jpg","datePublished":"2020-03-19T05:08:12+00:00","dateModified":"2024-04-29T00:01:02+00:00","breadcrumb":{"@id":"https:\/\/www.fundaciomascort.com\/fr\/publication\/la-indestructible-bellesa-del-montgri\/#breadcrumb"},"inLanguage":"fr-FR","potentialAction":[{"@type":"ReadAction","target":["https:\/\/www.fundaciomascort.com\/fr\/publication\/la-indestructible-bellesa-del-montgri\/"]}]},{"@type":"ImageObject","inLanguage":"fr-FR","@id":"https:\/\/www.fundaciomascort.com\/fr\/publication\/la-indestructible-bellesa-del-montgri\/#primaryimage","url":"https:\/\/www.fundaciomascort.com\/wp-content\/uploads\/2020\/03\/Coberta-Indestructible-bellesa.jpg","contentUrl":"https:\/\/www.fundaciomascort.com\/wp-content\/uploads\/2020\/03\/Coberta-Indestructible-bellesa.jpg","width":595,"height":709},{"@type":"BreadcrumbList","@id":"https:\/\/www.fundaciomascort.com\/fr\/publication\/la-indestructible-bellesa-del-montgri\/#breadcrumb","itemListElement":[{"@type":"ListItem","position":1,"name":"Home","item":"https:\/\/www.fundaciomascort.com\/fr\/"},{"@type":"ListItem","position":2,"name":"Publications","item":"https:\/\/www.fundaciomascort.com\/fr\/publicacions\/"},{"@type":"ListItem","position":3,"name":"La indestructible bellesa del Montgr\u00ed"}]},{"@type":"WebSite","@id":"https:\/\/www.fundaciomascort.com\/fr\/#website","url":"https:\/\/www.fundaciomascort.com\/fr\/","name":"Fundaci\u00f3 Mascort","description":"Esperem que compartiu amb nosaltres les exposicions de la Casa Galibern i les nostres publicacions.","potentialAction":[{"@type":"SearchAction","target":{"@type":"EntryPoint","urlTemplate":"https:\/\/www.fundaciomascort.com\/fr\/?s={search_term_string}"},"query-input":{"@type":"PropertyValueSpecification","valueRequired":true,"valueName":"search_term_string"}}],"inLanguage":"fr-FR"}]}},"_links":{"self":[{"href":"https:\/\/www.fundaciomascort.com\/fr\/wp-json\/wp\/v2\/product\/11465"}],"collection":[{"href":"https:\/\/www.fundaciomascort.com\/fr\/wp-json\/wp\/v2\/product"}],"about":[{"href":"https:\/\/www.fundaciomascort.com\/fr\/wp-json\/wp\/v2\/types\/product"}],"wp:featuredmedia":[{"embeddable":true,"href":"https:\/\/www.fundaciomascort.com\/fr\/wp-json\/wp\/v2\/media\/9576"}],"wp:attachment":[{"href":"https:\/\/www.fundaciomascort.com\/fr\/wp-json\/wp\/v2\/media?parent=11465"}],"wp:term":[{"taxonomy":"product_brand","embeddable":true,"href":"https:\/\/www.fundaciomascort.com\/fr\/wp-json\/wp\/v2\/product_brand?post=11465"},{"taxonomy":"product_cat","embeddable":true,"href":"https:\/\/www.fundaciomascort.com\/fr\/wp-json\/wp\/v2\/product_cat?post=11465"},{"taxonomy":"product_tag","embeddable":true,"href":"https:\/\/www.fundaciomascort.com\/fr\/wp-json\/wp\/v2\/product_tag?post=11465"}],"curies":[{"name":"wp","href":"https:\/\/api.w.org\/{rel}","templated":true}]}}