{"id":11459,"date":"2020-03-18T17:03:18","date_gmt":"2020-03-18T17:03:18","guid":{"rendered":"https:\/\/www.fundaciomascort.com\/publicacio\/el-arte-de-la-pintura-y-el-dibujo\/"},"modified":"2024-04-29T00:01:01","modified_gmt":"2024-04-29T00:01:01","slug":"el-arte-de-la-pintura-y-el-dibujo","status":"publish","type":"product","link":"https:\/\/www.fundaciomascort.com\/fr\/publication\/el-arte-de-la-pintura-y-el-dibujo\/","title":{"rendered":"El arte de la pintura y el dibujo"},"content":{"rendered":"<p><em><strong>L\u2019art de la pintura i el dibuix. Visions 1400 \u2013 1800<\/strong><\/em>\u00a0 est le nouveau livre catalogue publi\u00e9 par la Fondation Mascort \u00e0 l&rsquo;occasion de l&rsquo;exposition \u00e9ponyme, qui peut \u00eatre visit\u00e9e de juin \u00e0 octobre 2015. Il comprend une visite artistique d&rsquo;\u0153uvres picturales et de dessins du XVe si\u00e8cle au d\u00e9but du XIXe si\u00e8cle, qui a r\u00e9uni au cours de sa vie Ram\u00f3n Mascort Amig\u00f3: de la peinture religieuse \u00e0 bord ou sur toile, aux dessins italiens et espagnols de la Renaissance et du XVIIe si\u00e8cle, \u00e0 la peinture de paysages et<em> vedutas<\/em> du XVIIIe et du d\u00e9but du XIXe si\u00e8cle.<\/p>\n<p>Des auteurs internationaux de renom tels que Juan Pantoja de la Cruz, Luca Giordano, Luca Cambiaso ou Lorenzo Possi composent la collection. L&rsquo;\u00e9tude et le catalogage des \u0153uvres ont \u00e9t\u00e9 effectu\u00e9s par le docteur en histoire de l&rsquo;art, Rosa M. Creixell, professeur \u00e0 l&rsquo;Universit\u00e9 de Barcelone. L&rsquo;\u00e9dition pr\u00e9sente les \u0153uvres en couleur, avec leur \u00e9tude et traduction correspondantes des textes d&rsquo;introduction en anglais et en fran\u00e7ais.<\/p>\n","protected":false},"excerpt":{"rendered":"<p>L\u2019art de la pintura i el dibuix. Visions 1400 \u2013 1800\u00a0 est le nouveau livre catalogue publi\u00e9 par la Fondation Mascort \u00e0 l&rsquo;occasion de l&rsquo;exposition \u00e9ponyme, qui peut \u00eatre visit\u00e9e de juin \u00e0 octobre 2015. Il comprend une visite artistique d&rsquo;\u0153uvres picturales et de dessins du XVe si\u00e8cle au d\u00e9but du XIXe si\u00e8cle, qui a [&hellip;]<\/p>\n","protected":false},"featured_media":9573,"template":"","meta":{"_acf_changed":false},"product_brand":[],"product_cat":[41],"product_tag":[],"class_list":{"0":"post-11459","1":"product","2":"type-product","3":"status-publish","4":"has-post-thumbnail","6":"product_cat-sense-categoria-fr","8":"first","9":"instock","10":"taxable","11":"shipping-taxable","12":"purchasable","13":"product-type-simple"},"acf":[],"yoast_head":"<!-- This site is optimized with the Yoast SEO plugin v25.6 - https:\/\/yoast.com\/wordpress\/plugins\/seo\/ -->\n<title>El arte de la pintura y el dibujo - Fundaci\u00f3 Mascort<\/title>\n<meta name=\"robots\" content=\"index, follow, max-snippet:-1, max-image-preview:large, max-video-preview:-1\" \/>\n<link rel=\"canonical\" href=\"https:\/\/www.fundaciomascort.com\/fr\/publication\/el-arte-de-la-pintura-y-el-dibujo\/\" \/>\n<meta property=\"og:locale\" content=\"fr_FR\" \/>\n<meta property=\"og:type\" content=\"article\" \/>\n<meta property=\"og:title\" content=\"El arte de la pintura y el dibujo - Fundaci\u00f3 Mascort\" \/>\n<meta property=\"og:description\" content=\"L\u2019art de la pintura i el dibuix. Visions 1400 \u2013 1800\u00a0 est le nouveau livre catalogue publi\u00e9 par la Fondation Mascort \u00e0 l&rsquo;occasion de l&rsquo;exposition \u00e9ponyme, qui peut \u00eatre visit\u00e9e de juin \u00e0 octobre 2015. Il comprend une visite artistique d&rsquo;\u0153uvres picturales et de dessins du XVe si\u00e8cle au d\u00e9but du XIXe si\u00e8cle, qui a [&hellip;]\" \/>\n<meta property=\"og:url\" content=\"https:\/\/www.fundaciomascort.com\/fr\/publication\/el-arte-de-la-pintura-y-el-dibujo\/\" \/>\n<meta property=\"og:site_name\" content=\"Fundaci\u00f3 Mascort\" \/>\n<meta property=\"article:publisher\" content=\"https:\/\/www.facebook.com\/fundaciomascort\" \/>\n<meta property=\"article:modified_time\" content=\"2024-04-29T00:01:01+00:00\" \/>\n<meta property=\"og:image\" content=\"https:\/\/www.fundaciomascort.com\/wp-content\/uploads\/2020\/03\/Coberta-pintura-y-dibujo.jpg\" \/>\n\t<meta property=\"og:image:width\" content=\"595\" \/>\n\t<meta property=\"og:image:height\" content=\"709\" \/>\n\t<meta property=\"og:image:type\" content=\"image\/jpeg\" \/>\n<meta name=\"twitter:card\" content=\"summary_large_image\" \/>\n<meta name=\"twitter:site\" content=\"@fundaciomascort\" \/>\n<meta name=\"twitter:label1\" content=\"Dur\u00e9e de lecture estim\u00e9e\" \/>\n\t<meta name=\"twitter:data1\" content=\"1 minute\" \/>\n<script type=\"application\/ld+json\" class=\"yoast-schema-graph\">{\"@context\":\"https:\/\/schema.org\",\"@graph\":[{\"@type\":\"WebPage\",\"@id\":\"https:\/\/www.fundaciomascort.com\/fr\/publication\/el-arte-de-la-pintura-y-el-dibujo\/\",\"url\":\"https:\/\/www.fundaciomascort.com\/fr\/publication\/el-arte-de-la-pintura-y-el-dibujo\/\",\"name\":\"El arte de la pintura y el dibujo - Fundaci\u00f3 Mascort\",\"isPartOf\":{\"@id\":\"https:\/\/www.fundaciomascort.com\/fr\/#website\"},\"primaryImageOfPage\":{\"@id\":\"https:\/\/www.fundaciomascort.com\/fr\/publication\/el-arte-de-la-pintura-y-el-dibujo\/#primaryimage\"},\"image\":{\"@id\":\"https:\/\/www.fundaciomascort.com\/fr\/publication\/el-arte-de-la-pintura-y-el-dibujo\/#primaryimage\"},\"thumbnailUrl\":\"https:\/\/www.fundaciomascort.com\/wp-content\/uploads\/2020\/03\/Coberta-pintura-y-dibujo.jpg\",\"datePublished\":\"2020-03-18T17:03:18+00:00\",\"dateModified\":\"2024-04-29T00:01:01+00:00\",\"breadcrumb\":{\"@id\":\"https:\/\/www.fundaciomascort.com\/fr\/publication\/el-arte-de-la-pintura-y-el-dibujo\/#breadcrumb\"},\"inLanguage\":\"fr-FR\",\"potentialAction\":[{\"@type\":\"ReadAction\",\"target\":[\"https:\/\/www.fundaciomascort.com\/fr\/publication\/el-arte-de-la-pintura-y-el-dibujo\/\"]}]},{\"@type\":\"ImageObject\",\"inLanguage\":\"fr-FR\",\"@id\":\"https:\/\/www.fundaciomascort.com\/fr\/publication\/el-arte-de-la-pintura-y-el-dibujo\/#primaryimage\",\"url\":\"https:\/\/www.fundaciomascort.com\/wp-content\/uploads\/2020\/03\/Coberta-pintura-y-dibujo.jpg\",\"contentUrl\":\"https:\/\/www.fundaciomascort.com\/wp-content\/uploads\/2020\/03\/Coberta-pintura-y-dibujo.jpg\",\"width\":595,\"height\":709},{\"@type\":\"BreadcrumbList\",\"@id\":\"https:\/\/www.fundaciomascort.com\/fr\/publication\/el-arte-de-la-pintura-y-el-dibujo\/#breadcrumb\",\"itemListElement\":[{\"@type\":\"ListItem\",\"position\":1,\"name\":\"Home\",\"item\":\"https:\/\/www.fundaciomascort.com\/fr\/\"},{\"@type\":\"ListItem\",\"position\":2,\"name\":\"Publications\",\"item\":\"https:\/\/www.fundaciomascort.com\/fr\/publicacions\/\"},{\"@type\":\"ListItem\",\"position\":3,\"name\":\"El arte de la pintura y el dibujo\"}]},{\"@type\":\"WebSite\",\"@id\":\"https:\/\/www.fundaciomascort.com\/fr\/#website\",\"url\":\"https:\/\/www.fundaciomascort.com\/fr\/\",\"name\":\"Fundaci\u00f3 Mascort\",\"description\":\"Esperem que compartiu amb nosaltres les exposicions de la Casa Galibern i les nostres publicacions.\",\"potentialAction\":[{\"@type\":\"SearchAction\",\"target\":{\"@type\":\"EntryPoint\",\"urlTemplate\":\"https:\/\/www.fundaciomascort.com\/fr\/?s={search_term_string}\"},\"query-input\":{\"@type\":\"PropertyValueSpecification\",\"valueRequired\":true,\"valueName\":\"search_term_string\"}}],\"inLanguage\":\"fr-FR\"}]}<\/script>\n<!-- \/ Yoast SEO plugin. -->","yoast_head_json":{"title":"El arte de la pintura y el dibujo - Fundaci\u00f3 Mascort","robots":{"index":"index","follow":"follow","max-snippet":"max-snippet:-1","max-image-preview":"max-image-preview:large","max-video-preview":"max-video-preview:-1"},"canonical":"https:\/\/www.fundaciomascort.com\/fr\/publication\/el-arte-de-la-pintura-y-el-dibujo\/","og_locale":"fr_FR","og_type":"article","og_title":"El arte de la pintura y el dibujo - Fundaci\u00f3 Mascort","og_description":"L\u2019art de la pintura i el dibuix. Visions 1400 \u2013 1800\u00a0 est le nouveau livre catalogue publi\u00e9 par la Fondation Mascort \u00e0 l&rsquo;occasion de l&rsquo;exposition \u00e9ponyme, qui peut \u00eatre visit\u00e9e de juin \u00e0 octobre 2015. Il comprend une visite artistique d&rsquo;\u0153uvres picturales et de dessins du XVe si\u00e8cle au d\u00e9but du XIXe si\u00e8cle, qui a [&hellip;]","og_url":"https:\/\/www.fundaciomascort.com\/fr\/publication\/el-arte-de-la-pintura-y-el-dibujo\/","og_site_name":"Fundaci\u00f3 Mascort","article_publisher":"https:\/\/www.facebook.com\/fundaciomascort","article_modified_time":"2024-04-29T00:01:01+00:00","og_image":[{"width":595,"height":709,"url":"https:\/\/www.fundaciomascort.com\/wp-content\/uploads\/2020\/03\/Coberta-pintura-y-dibujo.jpg","type":"image\/jpeg"}],"twitter_card":"summary_large_image","twitter_site":"@fundaciomascort","twitter_misc":{"Dur\u00e9e de lecture estim\u00e9e":"1 minute"},"schema":{"@context":"https:\/\/schema.org","@graph":[{"@type":"WebPage","@id":"https:\/\/www.fundaciomascort.com\/fr\/publication\/el-arte-de-la-pintura-y-el-dibujo\/","url":"https:\/\/www.fundaciomascort.com\/fr\/publication\/el-arte-de-la-pintura-y-el-dibujo\/","name":"El arte de la pintura y el dibujo - Fundaci\u00f3 Mascort","isPartOf":{"@id":"https:\/\/www.fundaciomascort.com\/fr\/#website"},"primaryImageOfPage":{"@id":"https:\/\/www.fundaciomascort.com\/fr\/publication\/el-arte-de-la-pintura-y-el-dibujo\/#primaryimage"},"image":{"@id":"https:\/\/www.fundaciomascort.com\/fr\/publication\/el-arte-de-la-pintura-y-el-dibujo\/#primaryimage"},"thumbnailUrl":"https:\/\/www.fundaciomascort.com\/wp-content\/uploads\/2020\/03\/Coberta-pintura-y-dibujo.jpg","datePublished":"2020-03-18T17:03:18+00:00","dateModified":"2024-04-29T00:01:01+00:00","breadcrumb":{"@id":"https:\/\/www.fundaciomascort.com\/fr\/publication\/el-arte-de-la-pintura-y-el-dibujo\/#breadcrumb"},"inLanguage":"fr-FR","potentialAction":[{"@type":"ReadAction","target":["https:\/\/www.fundaciomascort.com\/fr\/publication\/el-arte-de-la-pintura-y-el-dibujo\/"]}]},{"@type":"ImageObject","inLanguage":"fr-FR","@id":"https:\/\/www.fundaciomascort.com\/fr\/publication\/el-arte-de-la-pintura-y-el-dibujo\/#primaryimage","url":"https:\/\/www.fundaciomascort.com\/wp-content\/uploads\/2020\/03\/Coberta-pintura-y-dibujo.jpg","contentUrl":"https:\/\/www.fundaciomascort.com\/wp-content\/uploads\/2020\/03\/Coberta-pintura-y-dibujo.jpg","width":595,"height":709},{"@type":"BreadcrumbList","@id":"https:\/\/www.fundaciomascort.com\/fr\/publication\/el-arte-de-la-pintura-y-el-dibujo\/#breadcrumb","itemListElement":[{"@type":"ListItem","position":1,"name":"Home","item":"https:\/\/www.fundaciomascort.com\/fr\/"},{"@type":"ListItem","position":2,"name":"Publications","item":"https:\/\/www.fundaciomascort.com\/fr\/publicacions\/"},{"@type":"ListItem","position":3,"name":"El arte de la pintura y el dibujo"}]},{"@type":"WebSite","@id":"https:\/\/www.fundaciomascort.com\/fr\/#website","url":"https:\/\/www.fundaciomascort.com\/fr\/","name":"Fundaci\u00f3 Mascort","description":"Esperem que compartiu amb nosaltres les exposicions de la Casa Galibern i les nostres publicacions.","potentialAction":[{"@type":"SearchAction","target":{"@type":"EntryPoint","urlTemplate":"https:\/\/www.fundaciomascort.com\/fr\/?s={search_term_string}"},"query-input":{"@type":"PropertyValueSpecification","valueRequired":true,"valueName":"search_term_string"}}],"inLanguage":"fr-FR"}]}},"_links":{"self":[{"href":"https:\/\/www.fundaciomascort.com\/fr\/wp-json\/wp\/v2\/product\/11459"}],"collection":[{"href":"https:\/\/www.fundaciomascort.com\/fr\/wp-json\/wp\/v2\/product"}],"about":[{"href":"https:\/\/www.fundaciomascort.com\/fr\/wp-json\/wp\/v2\/types\/product"}],"wp:featuredmedia":[{"embeddable":true,"href":"https:\/\/www.fundaciomascort.com\/fr\/wp-json\/wp\/v2\/media\/9573"}],"wp:attachment":[{"href":"https:\/\/www.fundaciomascort.com\/fr\/wp-json\/wp\/v2\/media?parent=11459"}],"wp:term":[{"taxonomy":"product_brand","embeddable":true,"href":"https:\/\/www.fundaciomascort.com\/fr\/wp-json\/wp\/v2\/product_brand?post=11459"},{"taxonomy":"product_cat","embeddable":true,"href":"https:\/\/www.fundaciomascort.com\/fr\/wp-json\/wp\/v2\/product_cat?post=11459"},{"taxonomy":"product_tag","embeddable":true,"href":"https:\/\/www.fundaciomascort.com\/fr\/wp-json\/wp\/v2\/product_tag?post=11459"}],"curies":[{"name":"wp","href":"https:\/\/api.w.org\/{rel}","templated":true}]}}