{"id":11456,"date":"2020-03-18T17:03:17","date_gmt":"2020-03-18T17:03:17","guid":{"rendered":"https:\/\/www.fundaciomascort.com\/publicacio\/de-la-exquisitez-a-lo-cotidiano\/"},"modified":"2024-04-29T00:01:01","modified_gmt":"2024-04-29T00:01:01","slug":"de-la-exquisitez-a-lo-cotidiano","status":"publish","type":"product","link":"https:\/\/www.fundaciomascort.com\/fr\/publication\/de-la-exquisitez-a-lo-cotidiano\/","title":{"rendered":"De la exquisitez a lo cotidiano"},"content":{"rendered":"<p>Exquisit\u00e9 et quotidiennet\u00e9 sont deux concepts compl\u00e9mentaires. L\u2019exquisit\u00e9 de certaines \u0153uvres s\u00e9lectionn\u00e9es de la Collection Mascort dialogue, \u00e0 travers la plume d\u2019experts professionnels, avec un groupe de soixante pi\u00e8ces \u00e9tudi\u00e9es par l\u2019Associaci\u00f3 per a l\u2019Estudi del Moble (Association pour l&rsquo;\u00c9tude du Meuble) alors de ses dix premi\u00e8res ann\u00e9es de vie ; des \u0153uvres qui sont, \u00e0 la fois, exquises et quotidiennes.<\/p>\n<p>Sous la direction de \u00c0ngels Creus Tu\u00e8bols, des experts de diff\u00e9rents domaines comme Ferran Adri\u00e0, Mar\u00eda Paz Aguil\u00f3, Casto Castellanos, imaginent une connexion, par exemple, entre une cassette en verre de roche, argent dor\u00e9 et \u00e9maux, et diff\u00e9rentes bo\u00eetes laqu\u00e9es japonaises, italiennes, fran\u00e7aises \u00e9tudi\u00e9es par l\u2019Association.<\/p>\n<p>Il s\u2019agit d\u2019un livre contenant soixante pi\u00e8ces \u00e9tudi\u00e9es, catalogu\u00e9es, document\u00e9es, fruit de la vocation de l\u2019Association pour l\u2019\u00e9tude, la mise en valeur et la sauvegarde du patrimoine du meuble, et la cr\u00e9ation d\u2019une entente entre les multiples professionnels du secteur. Cette collaboration entre la Fondation Mascort et l\u2019Associaci\u00f3 per a l\u2019Estudi del Moble est un bel exemple d\u2019harmonie et de respect entre les deux organismes qui ont des objectifs communs.<\/p>\n","protected":false},"excerpt":{"rendered":"<p>Exquisit\u00e9 et quotidiennet\u00e9 sont deux concepts compl\u00e9mentaires. L\u2019exquisit\u00e9 de certaines \u0153uvres s\u00e9lectionn\u00e9es de la Collection Mascort dialogue, \u00e0 travers la plume d\u2019experts professionnels, avec un groupe de soixante pi\u00e8ces \u00e9tudi\u00e9es par l\u2019Associaci\u00f3 per a l\u2019Estudi del Moble (Association pour l&rsquo;\u00c9tude du Meuble) alors de ses dix premi\u00e8res ann\u00e9es de vie ; des \u0153uvres qui sont, [&hellip;]<\/p>\n","protected":false},"featured_media":9570,"template":"","meta":{"_acf_changed":false},"product_brand":[],"product_cat":[41],"product_tag":[],"class_list":{"0":"post-11456","1":"product","2":"type-product","3":"status-publish","4":"has-post-thumbnail","6":"product_cat-sense-categoria-fr","8":"first","9":"instock","10":"taxable","11":"shipping-taxable","12":"purchasable","13":"product-type-simple"},"acf":[],"yoast_head":"<!-- This site is optimized with the Yoast SEO plugin v25.6 - https:\/\/yoast.com\/wordpress\/plugins\/seo\/ -->\n<title>De la exquisitez a lo cotidiano - Fundaci\u00f3 Mascort<\/title>\n<meta name=\"robots\" content=\"index, follow, max-snippet:-1, max-image-preview:large, max-video-preview:-1\" \/>\n<link rel=\"canonical\" href=\"https:\/\/www.fundaciomascort.com\/fr\/publication\/de-la-exquisitez-a-lo-cotidiano\/\" \/>\n<meta property=\"og:locale\" content=\"fr_FR\" \/>\n<meta property=\"og:type\" content=\"article\" \/>\n<meta property=\"og:title\" content=\"De la exquisitez a lo cotidiano - Fundaci\u00f3 Mascort\" \/>\n<meta property=\"og:description\" content=\"Exquisit\u00e9 et quotidiennet\u00e9 sont deux concepts compl\u00e9mentaires. L\u2019exquisit\u00e9 de certaines \u0153uvres s\u00e9lectionn\u00e9es de la Collection Mascort dialogue, \u00e0 travers la plume d\u2019experts professionnels, avec un groupe de soixante pi\u00e8ces \u00e9tudi\u00e9es par l\u2019Associaci\u00f3 per a l\u2019Estudi del Moble (Association pour l&rsquo;\u00c9tude du Meuble) alors de ses dix premi\u00e8res ann\u00e9es de vie ; des \u0153uvres qui sont, [&hellip;]\" \/>\n<meta property=\"og:url\" content=\"https:\/\/www.fundaciomascort.com\/fr\/publication\/de-la-exquisitez-a-lo-cotidiano\/\" \/>\n<meta property=\"og:site_name\" content=\"Fundaci\u00f3 Mascort\" \/>\n<meta property=\"article:publisher\" content=\"https:\/\/www.facebook.com\/fundaciomascort\" \/>\n<meta property=\"article:modified_time\" content=\"2024-04-29T00:01:01+00:00\" \/>\n<meta property=\"og:image\" content=\"https:\/\/www.fundaciomascort.com\/wp-content\/uploads\/2020\/03\/Coberta-exquisitez-cotidiano.jpg\" \/>\n\t<meta property=\"og:image:width\" content=\"595\" \/>\n\t<meta property=\"og:image:height\" content=\"709\" \/>\n\t<meta property=\"og:image:type\" content=\"image\/jpeg\" \/>\n<meta name=\"twitter:card\" content=\"summary_large_image\" \/>\n<meta name=\"twitter:site\" content=\"@fundaciomascort\" \/>\n<meta name=\"twitter:label1\" content=\"Dur\u00e9e de lecture estim\u00e9e\" \/>\n\t<meta name=\"twitter:data1\" content=\"1 minute\" \/>\n<script type=\"application\/ld+json\" class=\"yoast-schema-graph\">{\"@context\":\"https:\/\/schema.org\",\"@graph\":[{\"@type\":\"WebPage\",\"@id\":\"https:\/\/www.fundaciomascort.com\/fr\/publication\/de-la-exquisitez-a-lo-cotidiano\/\",\"url\":\"https:\/\/www.fundaciomascort.com\/fr\/publication\/de-la-exquisitez-a-lo-cotidiano\/\",\"name\":\"De la exquisitez a lo cotidiano - Fundaci\u00f3 Mascort\",\"isPartOf\":{\"@id\":\"https:\/\/www.fundaciomascort.com\/fr\/#website\"},\"primaryImageOfPage\":{\"@id\":\"https:\/\/www.fundaciomascort.com\/fr\/publication\/de-la-exquisitez-a-lo-cotidiano\/#primaryimage\"},\"image\":{\"@id\":\"https:\/\/www.fundaciomascort.com\/fr\/publication\/de-la-exquisitez-a-lo-cotidiano\/#primaryimage\"},\"thumbnailUrl\":\"https:\/\/www.fundaciomascort.com\/wp-content\/uploads\/2020\/03\/Coberta-exquisitez-cotidiano.jpg\",\"datePublished\":\"2020-03-18T17:03:17+00:00\",\"dateModified\":\"2024-04-29T00:01:01+00:00\",\"breadcrumb\":{\"@id\":\"https:\/\/www.fundaciomascort.com\/fr\/publication\/de-la-exquisitez-a-lo-cotidiano\/#breadcrumb\"},\"inLanguage\":\"fr-FR\",\"potentialAction\":[{\"@type\":\"ReadAction\",\"target\":[\"https:\/\/www.fundaciomascort.com\/fr\/publication\/de-la-exquisitez-a-lo-cotidiano\/\"]}]},{\"@type\":\"ImageObject\",\"inLanguage\":\"fr-FR\",\"@id\":\"https:\/\/www.fundaciomascort.com\/fr\/publication\/de-la-exquisitez-a-lo-cotidiano\/#primaryimage\",\"url\":\"https:\/\/www.fundaciomascort.com\/wp-content\/uploads\/2020\/03\/Coberta-exquisitez-cotidiano.jpg\",\"contentUrl\":\"https:\/\/www.fundaciomascort.com\/wp-content\/uploads\/2020\/03\/Coberta-exquisitez-cotidiano.jpg\",\"width\":595,\"height\":709},{\"@type\":\"BreadcrumbList\",\"@id\":\"https:\/\/www.fundaciomascort.com\/fr\/publication\/de-la-exquisitez-a-lo-cotidiano\/#breadcrumb\",\"itemListElement\":[{\"@type\":\"ListItem\",\"position\":1,\"name\":\"Home\",\"item\":\"https:\/\/www.fundaciomascort.com\/fr\/\"},{\"@type\":\"ListItem\",\"position\":2,\"name\":\"Publications\",\"item\":\"https:\/\/www.fundaciomascort.com\/fr\/publicacions\/\"},{\"@type\":\"ListItem\",\"position\":3,\"name\":\"De la exquisitez a lo cotidiano\"}]},{\"@type\":\"WebSite\",\"@id\":\"https:\/\/www.fundaciomascort.com\/fr\/#website\",\"url\":\"https:\/\/www.fundaciomascort.com\/fr\/\",\"name\":\"Fundaci\u00f3 Mascort\",\"description\":\"Esperem que compartiu amb nosaltres les exposicions de la Casa Galibern i les nostres publicacions.\",\"potentialAction\":[{\"@type\":\"SearchAction\",\"target\":{\"@type\":\"EntryPoint\",\"urlTemplate\":\"https:\/\/www.fundaciomascort.com\/fr\/?s={search_term_string}\"},\"query-input\":{\"@type\":\"PropertyValueSpecification\",\"valueRequired\":true,\"valueName\":\"search_term_string\"}}],\"inLanguage\":\"fr-FR\"}]}<\/script>\n<!-- \/ Yoast SEO plugin. -->","yoast_head_json":{"title":"De la exquisitez a lo cotidiano - Fundaci\u00f3 Mascort","robots":{"index":"index","follow":"follow","max-snippet":"max-snippet:-1","max-image-preview":"max-image-preview:large","max-video-preview":"max-video-preview:-1"},"canonical":"https:\/\/www.fundaciomascort.com\/fr\/publication\/de-la-exquisitez-a-lo-cotidiano\/","og_locale":"fr_FR","og_type":"article","og_title":"De la exquisitez a lo cotidiano - Fundaci\u00f3 Mascort","og_description":"Exquisit\u00e9 et quotidiennet\u00e9 sont deux concepts compl\u00e9mentaires. L\u2019exquisit\u00e9 de certaines \u0153uvres s\u00e9lectionn\u00e9es de la Collection Mascort dialogue, \u00e0 travers la plume d\u2019experts professionnels, avec un groupe de soixante pi\u00e8ces \u00e9tudi\u00e9es par l\u2019Associaci\u00f3 per a l\u2019Estudi del Moble (Association pour l&rsquo;\u00c9tude du Meuble) alors de ses dix premi\u00e8res ann\u00e9es de vie ; des \u0153uvres qui sont, [&hellip;]","og_url":"https:\/\/www.fundaciomascort.com\/fr\/publication\/de-la-exquisitez-a-lo-cotidiano\/","og_site_name":"Fundaci\u00f3 Mascort","article_publisher":"https:\/\/www.facebook.com\/fundaciomascort","article_modified_time":"2024-04-29T00:01:01+00:00","og_image":[{"width":595,"height":709,"url":"https:\/\/www.fundaciomascort.com\/wp-content\/uploads\/2020\/03\/Coberta-exquisitez-cotidiano.jpg","type":"image\/jpeg"}],"twitter_card":"summary_large_image","twitter_site":"@fundaciomascort","twitter_misc":{"Dur\u00e9e de lecture estim\u00e9e":"1 minute"},"schema":{"@context":"https:\/\/schema.org","@graph":[{"@type":"WebPage","@id":"https:\/\/www.fundaciomascort.com\/fr\/publication\/de-la-exquisitez-a-lo-cotidiano\/","url":"https:\/\/www.fundaciomascort.com\/fr\/publication\/de-la-exquisitez-a-lo-cotidiano\/","name":"De la exquisitez a lo cotidiano - Fundaci\u00f3 Mascort","isPartOf":{"@id":"https:\/\/www.fundaciomascort.com\/fr\/#website"},"primaryImageOfPage":{"@id":"https:\/\/www.fundaciomascort.com\/fr\/publication\/de-la-exquisitez-a-lo-cotidiano\/#primaryimage"},"image":{"@id":"https:\/\/www.fundaciomascort.com\/fr\/publication\/de-la-exquisitez-a-lo-cotidiano\/#primaryimage"},"thumbnailUrl":"https:\/\/www.fundaciomascort.com\/wp-content\/uploads\/2020\/03\/Coberta-exquisitez-cotidiano.jpg","datePublished":"2020-03-18T17:03:17+00:00","dateModified":"2024-04-29T00:01:01+00:00","breadcrumb":{"@id":"https:\/\/www.fundaciomascort.com\/fr\/publication\/de-la-exquisitez-a-lo-cotidiano\/#breadcrumb"},"inLanguage":"fr-FR","potentialAction":[{"@type":"ReadAction","target":["https:\/\/www.fundaciomascort.com\/fr\/publication\/de-la-exquisitez-a-lo-cotidiano\/"]}]},{"@type":"ImageObject","inLanguage":"fr-FR","@id":"https:\/\/www.fundaciomascort.com\/fr\/publication\/de-la-exquisitez-a-lo-cotidiano\/#primaryimage","url":"https:\/\/www.fundaciomascort.com\/wp-content\/uploads\/2020\/03\/Coberta-exquisitez-cotidiano.jpg","contentUrl":"https:\/\/www.fundaciomascort.com\/wp-content\/uploads\/2020\/03\/Coberta-exquisitez-cotidiano.jpg","width":595,"height":709},{"@type":"BreadcrumbList","@id":"https:\/\/www.fundaciomascort.com\/fr\/publication\/de-la-exquisitez-a-lo-cotidiano\/#breadcrumb","itemListElement":[{"@type":"ListItem","position":1,"name":"Home","item":"https:\/\/www.fundaciomascort.com\/fr\/"},{"@type":"ListItem","position":2,"name":"Publications","item":"https:\/\/www.fundaciomascort.com\/fr\/publicacions\/"},{"@type":"ListItem","position":3,"name":"De la exquisitez a lo cotidiano"}]},{"@type":"WebSite","@id":"https:\/\/www.fundaciomascort.com\/fr\/#website","url":"https:\/\/www.fundaciomascort.com\/fr\/","name":"Fundaci\u00f3 Mascort","description":"Esperem que compartiu amb nosaltres les exposicions de la Casa Galibern i les nostres publicacions.","potentialAction":[{"@type":"SearchAction","target":{"@type":"EntryPoint","urlTemplate":"https:\/\/www.fundaciomascort.com\/fr\/?s={search_term_string}"},"query-input":{"@type":"PropertyValueSpecification","valueRequired":true,"valueName":"search_term_string"}}],"inLanguage":"fr-FR"}]}},"_links":{"self":[{"href":"https:\/\/www.fundaciomascort.com\/fr\/wp-json\/wp\/v2\/product\/11456"}],"collection":[{"href":"https:\/\/www.fundaciomascort.com\/fr\/wp-json\/wp\/v2\/product"}],"about":[{"href":"https:\/\/www.fundaciomascort.com\/fr\/wp-json\/wp\/v2\/types\/product"}],"wp:featuredmedia":[{"embeddable":true,"href":"https:\/\/www.fundaciomascort.com\/fr\/wp-json\/wp\/v2\/media\/9570"}],"wp:attachment":[{"href":"https:\/\/www.fundaciomascort.com\/fr\/wp-json\/wp\/v2\/media?parent=11456"}],"wp:term":[{"taxonomy":"product_brand","embeddable":true,"href":"https:\/\/www.fundaciomascort.com\/fr\/wp-json\/wp\/v2\/product_brand?post=11456"},{"taxonomy":"product_cat","embeddable":true,"href":"https:\/\/www.fundaciomascort.com\/fr\/wp-json\/wp\/v2\/product_cat?post=11456"},{"taxonomy":"product_tag","embeddable":true,"href":"https:\/\/www.fundaciomascort.com\/fr\/wp-json\/wp\/v2\/product_tag?post=11456"}],"curies":[{"name":"wp","href":"https:\/\/api.w.org\/{rel}","templated":true}]}}