{"id":11453,"date":"2020-03-18T17:03:17","date_gmt":"2020-03-18T17:03:17","guid":{"rendered":"https:\/\/www.fundaciomascort.com\/publicacio\/una-mirada-emocionada\/"},"modified":"2024-04-29T00:01:01","modified_gmt":"2024-04-29T00:01:01","slug":"una-mirada-emocionada","status":"publish","type":"product","link":"https:\/\/www.fundaciomascort.com\/fr\/publication\/una-mirada-emocionada\/","title":{"rendered":"Una mirada emocionada"},"content":{"rendered":"<p>Il montre pour la premi\u00e8re fois le travail photographique du fondateur et pr\u00e9sident de la Fondation Mascort, Ram\u00f3n Mascort Amig\u00f3. Il recueille 150 portraits o\u00f9 le regard humain devient le grand protagoniste, dans un long voyage d&rsquo;expressions du sentiment et de la pens\u00e9e de ses protagonistes et, en m\u00eame temps, o\u00f9 le regard de la personne photographi\u00e9e rencontre celui du photographe \u00e0 travers la cam\u00e9ra. Son int\u00e9r\u00eat pour la photographie a commenc\u00e9 \u00e0 un tr\u00e8s jeune \u00e2ge et depuis lors, l&rsquo;appareil photo a accompagn\u00e9 sa curiosit\u00e9 et son int\u00e9r\u00eat pour l&rsquo;apprentissage, la valorisation et l&rsquo;admiration des cultures du monde, de la beaut\u00e9 et de l&rsquo;art. L&rsquo;objectif de cette publication est, comme l&rsquo;indique son auteur: \u00ab\u00a0de montrer ma gratitude et mon souvenir heureux \u00e0 toutes les personnes qui, lors de mes r\u00e9cents voyages, ont accept\u00e9 mon regard excit\u00e9 \u00e0 travers une cam\u00e9ra\u00a0\u00bb.<\/p>\n","protected":false},"excerpt":{"rendered":"<p>Il montre pour la premi\u00e8re fois le travail photographique du fondateur et pr\u00e9sident de la Fondation Mascort, Ram\u00f3n Mascort Amig\u00f3. Il recueille 150 portraits o\u00f9 le regard humain devient le grand protagoniste, dans un long voyage d&rsquo;expressions du sentiment et de la pens\u00e9e de ses protagonistes et, en m\u00eame temps, o\u00f9 le regard de la [&hellip;]<\/p>\n","protected":false},"featured_media":9567,"template":"","meta":{"_acf_changed":false},"product_brand":[],"product_cat":[41],"product_tag":[],"class_list":{"0":"post-11453","1":"product","2":"type-product","3":"status-publish","4":"has-post-thumbnail","6":"product_cat-sense-categoria-fr","8":"first","9":"instock","10":"taxable","11":"shipping-taxable","12":"purchasable","13":"product-type-simple"},"acf":[],"yoast_head":"<!-- This site is optimized with the Yoast SEO plugin v25.6 - https:\/\/yoast.com\/wordpress\/plugins\/seo\/ -->\n<title>Una mirada emocionada - Fundaci\u00f3 Mascort<\/title>\n<meta name=\"robots\" content=\"index, follow, max-snippet:-1, max-image-preview:large, max-video-preview:-1\" \/>\n<link rel=\"canonical\" href=\"https:\/\/www.fundaciomascort.com\/fr\/publication\/una-mirada-emocionada\/\" \/>\n<meta property=\"og:locale\" content=\"fr_FR\" \/>\n<meta property=\"og:type\" content=\"article\" \/>\n<meta property=\"og:title\" content=\"Una mirada emocionada - Fundaci\u00f3 Mascort\" \/>\n<meta property=\"og:description\" content=\"Il montre pour la premi\u00e8re fois le travail photographique du fondateur et pr\u00e9sident de la Fondation Mascort, Ram\u00f3n Mascort Amig\u00f3. Il recueille 150 portraits o\u00f9 le regard humain devient le grand protagoniste, dans un long voyage d&rsquo;expressions du sentiment et de la pens\u00e9e de ses protagonistes et, en m\u00eame temps, o\u00f9 le regard de la [&hellip;]\" \/>\n<meta property=\"og:url\" content=\"https:\/\/www.fundaciomascort.com\/fr\/publication\/una-mirada-emocionada\/\" \/>\n<meta property=\"og:site_name\" content=\"Fundaci\u00f3 Mascort\" \/>\n<meta property=\"article:publisher\" content=\"https:\/\/www.facebook.com\/fundaciomascort\" \/>\n<meta property=\"article:modified_time\" content=\"2024-04-29T00:01:01+00:00\" \/>\n<meta property=\"og:image\" content=\"https:\/\/www.fundaciomascort.com\/wp-content\/uploads\/2020\/03\/Coberta-una-mirada-emocionada.jpg\" \/>\n\t<meta property=\"og:image:width\" content=\"756\" \/>\n\t<meta property=\"og:image:height\" content=\"600\" \/>\n\t<meta property=\"og:image:type\" content=\"image\/jpeg\" \/>\n<meta name=\"twitter:card\" content=\"summary_large_image\" \/>\n<meta name=\"twitter:site\" content=\"@fundaciomascort\" \/>\n<meta name=\"twitter:label1\" content=\"Dur\u00e9e de lecture estim\u00e9e\" \/>\n\t<meta name=\"twitter:data1\" content=\"1 minute\" \/>\n<script type=\"application\/ld+json\" class=\"yoast-schema-graph\">{\"@context\":\"https:\/\/schema.org\",\"@graph\":[{\"@type\":\"WebPage\",\"@id\":\"https:\/\/www.fundaciomascort.com\/fr\/publication\/una-mirada-emocionada\/\",\"url\":\"https:\/\/www.fundaciomascort.com\/fr\/publication\/una-mirada-emocionada\/\",\"name\":\"Una mirada emocionada - Fundaci\u00f3 Mascort\",\"isPartOf\":{\"@id\":\"https:\/\/www.fundaciomascort.com\/fr\/#website\"},\"primaryImageOfPage\":{\"@id\":\"https:\/\/www.fundaciomascort.com\/fr\/publication\/una-mirada-emocionada\/#primaryimage\"},\"image\":{\"@id\":\"https:\/\/www.fundaciomascort.com\/fr\/publication\/una-mirada-emocionada\/#primaryimage\"},\"thumbnailUrl\":\"https:\/\/www.fundaciomascort.com\/wp-content\/uploads\/2020\/03\/Coberta-una-mirada-emocionada.jpg\",\"datePublished\":\"2020-03-18T17:03:17+00:00\",\"dateModified\":\"2024-04-29T00:01:01+00:00\",\"breadcrumb\":{\"@id\":\"https:\/\/www.fundaciomascort.com\/fr\/publication\/una-mirada-emocionada\/#breadcrumb\"},\"inLanguage\":\"fr-FR\",\"potentialAction\":[{\"@type\":\"ReadAction\",\"target\":[\"https:\/\/www.fundaciomascort.com\/fr\/publication\/una-mirada-emocionada\/\"]}]},{\"@type\":\"ImageObject\",\"inLanguage\":\"fr-FR\",\"@id\":\"https:\/\/www.fundaciomascort.com\/fr\/publication\/una-mirada-emocionada\/#primaryimage\",\"url\":\"https:\/\/www.fundaciomascort.com\/wp-content\/uploads\/2020\/03\/Coberta-una-mirada-emocionada.jpg\",\"contentUrl\":\"https:\/\/www.fundaciomascort.com\/wp-content\/uploads\/2020\/03\/Coberta-una-mirada-emocionada.jpg\",\"width\":756,\"height\":600},{\"@type\":\"BreadcrumbList\",\"@id\":\"https:\/\/www.fundaciomascort.com\/fr\/publication\/una-mirada-emocionada\/#breadcrumb\",\"itemListElement\":[{\"@type\":\"ListItem\",\"position\":1,\"name\":\"Home\",\"item\":\"https:\/\/www.fundaciomascort.com\/fr\/\"},{\"@type\":\"ListItem\",\"position\":2,\"name\":\"Publications\",\"item\":\"https:\/\/www.fundaciomascort.com\/fr\/publicacions\/\"},{\"@type\":\"ListItem\",\"position\":3,\"name\":\"Una mirada emocionada\"}]},{\"@type\":\"WebSite\",\"@id\":\"https:\/\/www.fundaciomascort.com\/fr\/#website\",\"url\":\"https:\/\/www.fundaciomascort.com\/fr\/\",\"name\":\"Fundaci\u00f3 Mascort\",\"description\":\"Esperem que compartiu amb nosaltres les exposicions de la Casa Galibern i les nostres publicacions.\",\"potentialAction\":[{\"@type\":\"SearchAction\",\"target\":{\"@type\":\"EntryPoint\",\"urlTemplate\":\"https:\/\/www.fundaciomascort.com\/fr\/?s={search_term_string}\"},\"query-input\":{\"@type\":\"PropertyValueSpecification\",\"valueRequired\":true,\"valueName\":\"search_term_string\"}}],\"inLanguage\":\"fr-FR\"}]}<\/script>\n<!-- \/ Yoast SEO plugin. -->","yoast_head_json":{"title":"Una mirada emocionada - Fundaci\u00f3 Mascort","robots":{"index":"index","follow":"follow","max-snippet":"max-snippet:-1","max-image-preview":"max-image-preview:large","max-video-preview":"max-video-preview:-1"},"canonical":"https:\/\/www.fundaciomascort.com\/fr\/publication\/una-mirada-emocionada\/","og_locale":"fr_FR","og_type":"article","og_title":"Una mirada emocionada - Fundaci\u00f3 Mascort","og_description":"Il montre pour la premi\u00e8re fois le travail photographique du fondateur et pr\u00e9sident de la Fondation Mascort, Ram\u00f3n Mascort Amig\u00f3. Il recueille 150 portraits o\u00f9 le regard humain devient le grand protagoniste, dans un long voyage d&rsquo;expressions du sentiment et de la pens\u00e9e de ses protagonistes et, en m\u00eame temps, o\u00f9 le regard de la [&hellip;]","og_url":"https:\/\/www.fundaciomascort.com\/fr\/publication\/una-mirada-emocionada\/","og_site_name":"Fundaci\u00f3 Mascort","article_publisher":"https:\/\/www.facebook.com\/fundaciomascort","article_modified_time":"2024-04-29T00:01:01+00:00","og_image":[{"width":756,"height":600,"url":"https:\/\/www.fundaciomascort.com\/wp-content\/uploads\/2020\/03\/Coberta-una-mirada-emocionada.jpg","type":"image\/jpeg"}],"twitter_card":"summary_large_image","twitter_site":"@fundaciomascort","twitter_misc":{"Dur\u00e9e de lecture estim\u00e9e":"1 minute"},"schema":{"@context":"https:\/\/schema.org","@graph":[{"@type":"WebPage","@id":"https:\/\/www.fundaciomascort.com\/fr\/publication\/una-mirada-emocionada\/","url":"https:\/\/www.fundaciomascort.com\/fr\/publication\/una-mirada-emocionada\/","name":"Una mirada emocionada - Fundaci\u00f3 Mascort","isPartOf":{"@id":"https:\/\/www.fundaciomascort.com\/fr\/#website"},"primaryImageOfPage":{"@id":"https:\/\/www.fundaciomascort.com\/fr\/publication\/una-mirada-emocionada\/#primaryimage"},"image":{"@id":"https:\/\/www.fundaciomascort.com\/fr\/publication\/una-mirada-emocionada\/#primaryimage"},"thumbnailUrl":"https:\/\/www.fundaciomascort.com\/wp-content\/uploads\/2020\/03\/Coberta-una-mirada-emocionada.jpg","datePublished":"2020-03-18T17:03:17+00:00","dateModified":"2024-04-29T00:01:01+00:00","breadcrumb":{"@id":"https:\/\/www.fundaciomascort.com\/fr\/publication\/una-mirada-emocionada\/#breadcrumb"},"inLanguage":"fr-FR","potentialAction":[{"@type":"ReadAction","target":["https:\/\/www.fundaciomascort.com\/fr\/publication\/una-mirada-emocionada\/"]}]},{"@type":"ImageObject","inLanguage":"fr-FR","@id":"https:\/\/www.fundaciomascort.com\/fr\/publication\/una-mirada-emocionada\/#primaryimage","url":"https:\/\/www.fundaciomascort.com\/wp-content\/uploads\/2020\/03\/Coberta-una-mirada-emocionada.jpg","contentUrl":"https:\/\/www.fundaciomascort.com\/wp-content\/uploads\/2020\/03\/Coberta-una-mirada-emocionada.jpg","width":756,"height":600},{"@type":"BreadcrumbList","@id":"https:\/\/www.fundaciomascort.com\/fr\/publication\/una-mirada-emocionada\/#breadcrumb","itemListElement":[{"@type":"ListItem","position":1,"name":"Home","item":"https:\/\/www.fundaciomascort.com\/fr\/"},{"@type":"ListItem","position":2,"name":"Publications","item":"https:\/\/www.fundaciomascort.com\/fr\/publicacions\/"},{"@type":"ListItem","position":3,"name":"Una mirada emocionada"}]},{"@type":"WebSite","@id":"https:\/\/www.fundaciomascort.com\/fr\/#website","url":"https:\/\/www.fundaciomascort.com\/fr\/","name":"Fundaci\u00f3 Mascort","description":"Esperem que compartiu amb nosaltres les exposicions de la Casa Galibern i les nostres publicacions.","potentialAction":[{"@type":"SearchAction","target":{"@type":"EntryPoint","urlTemplate":"https:\/\/www.fundaciomascort.com\/fr\/?s={search_term_string}"},"query-input":{"@type":"PropertyValueSpecification","valueRequired":true,"valueName":"search_term_string"}}],"inLanguage":"fr-FR"}]}},"_links":{"self":[{"href":"https:\/\/www.fundaciomascort.com\/fr\/wp-json\/wp\/v2\/product\/11453"}],"collection":[{"href":"https:\/\/www.fundaciomascort.com\/fr\/wp-json\/wp\/v2\/product"}],"about":[{"href":"https:\/\/www.fundaciomascort.com\/fr\/wp-json\/wp\/v2\/types\/product"}],"wp:featuredmedia":[{"embeddable":true,"href":"https:\/\/www.fundaciomascort.com\/fr\/wp-json\/wp\/v2\/media\/9567"}],"wp:attachment":[{"href":"https:\/\/www.fundaciomascort.com\/fr\/wp-json\/wp\/v2\/media?parent=11453"}],"wp:term":[{"taxonomy":"product_brand","embeddable":true,"href":"https:\/\/www.fundaciomascort.com\/fr\/wp-json\/wp\/v2\/product_brand?post=11453"},{"taxonomy":"product_cat","embeddable":true,"href":"https:\/\/www.fundaciomascort.com\/fr\/wp-json\/wp\/v2\/product_cat?post=11453"},{"taxonomy":"product_tag","embeddable":true,"href":"https:\/\/www.fundaciomascort.com\/fr\/wp-json\/wp\/v2\/product_tag?post=11453"}],"curies":[{"name":"wp","href":"https:\/\/api.w.org\/{rel}","templated":true}]}}