{"id":11450,"date":"2020-03-18T17:03:17","date_gmt":"2020-03-18T17:03:17","guid":{"rendered":"https:\/\/www.fundaciomascort.com\/publicacio\/pintura-espanola-en-la-coleccion-mascort\/"},"modified":"2024-04-29T00:01:01","modified_gmt":"2024-04-29T00:01:01","slug":"pintura-espanola-en-la-coleccion-mascort","status":"publish","type":"product","link":"https:\/\/www.fundaciomascort.com\/fr\/publication\/pintura-espanola-en-la-coleccion-mascort\/","title":{"rendered":"Pintura espa\u00f1ola en la Colecci\u00f3n Mascort"},"content":{"rendered":"<p>\u00c0 l&rsquo;occasion de l&rsquo;exposition <strong><em>Pintura espanyola a la Col\u00b7lecci\u00f3 Mascort. Visions 1800-1950<\/em><\/strong>, la Fondation Mascort publie un catalogue de livres du m\u00eame nom, \u00e9crit par Rosa Maria Creixell, docteur en histoire de l&rsquo;art, professeur \u00e0 l&rsquo;Universit\u00e9 de Barcelone. Toutes les \u0153uvres ont \u00e9t\u00e9 \u00e9tudi\u00e9es et catalogu\u00e9es, reproduites en couleur dans cette \u00e9dition, et avec des traductions des textes d&rsquo;introduction en anglais et en fran\u00e7ais.<\/p>\n<p>Des auteurs de premier plan tels que Josep Cusachs, Mari\u00e0 Fortuny, Mart\u00edn Rico, Jos\u00e9 Navarro, Joaqu\u00edn Luque Rosell\u00f3, Arcadi Mas i Fondevila, Joaquim Mir, Cecilio Pla, entre autres, sont repr\u00e9sent\u00e9s \u00e0 travers des \u0153uvres peu connues et int\u00e9ressantes, telles que <em>Naranjos en la Huerta del Retiro<\/em>, de Mart\u00edn Rico en 1875, qui se distingue par la magnifique capture de la lumi\u00e8re et de l&rsquo;atmosph\u00e8re de ce lieu historique de S\u00e9ville; <em>Copia de dos cabezas de La rendici\u00f3n de Breda de Vel\u00e1zquez<\/em> de Mari\u00e0 Fortuny, de c. 1860-67, r\u00e9alis\u00e9 lors de son \u00e9tude des ma\u00eetres classiques au Museo del Prado. Une troisi\u00e8me \u0153uvre \u00e0 souligner serait la <em>Maniobra de divisi\u00f3n<\/em> de Josep Cusachs, gr\u00e2ce \u00e0 laquelle l&rsquo;artiste a remport\u00e9 la m\u00e9daille d&rsquo;or \u00e0 l&rsquo;<em>Exposition internationale<\/em> de Berlin en 1891.<\/p>\n","protected":false},"excerpt":{"rendered":"<p>\u00c0 l&rsquo;occasion de l&rsquo;exposition Pintura espanyola a la Col\u00b7lecci\u00f3 Mascort. Visions 1800-1950, la Fondation Mascort publie un catalogue de livres du m\u00eame nom, \u00e9crit par Rosa Maria Creixell, docteur en histoire de l&rsquo;art, professeur \u00e0 l&rsquo;Universit\u00e9 de Barcelone. Toutes les \u0153uvres ont \u00e9t\u00e9 \u00e9tudi\u00e9es et catalogu\u00e9es, reproduites en couleur dans cette \u00e9dition, et avec des [&hellip;]<\/p>\n","protected":false},"featured_media":9564,"template":"","meta":{"_acf_changed":false},"product_brand":[],"product_cat":[41],"product_tag":[],"class_list":{"0":"post-11450","1":"product","2":"type-product","3":"status-publish","4":"has-post-thumbnail","6":"product_cat-sense-categoria-fr","8":"first","9":"instock","10":"taxable","11":"shipping-taxable","12":"purchasable","13":"product-type-simple"},"acf":[],"yoast_head":"<!-- This site is optimized with the Yoast SEO plugin v25.6 - https:\/\/yoast.com\/wordpress\/plugins\/seo\/ -->\n<title>Pintura espa\u00f1ola en la Colecci\u00f3n Mascort - Fundaci\u00f3 Mascort<\/title>\n<meta name=\"robots\" content=\"index, follow, max-snippet:-1, max-image-preview:large, max-video-preview:-1\" \/>\n<link rel=\"canonical\" href=\"https:\/\/www.fundaciomascort.com\/fr\/publication\/pintura-espanola-en-la-coleccion-mascort\/\" \/>\n<meta property=\"og:locale\" content=\"fr_FR\" \/>\n<meta property=\"og:type\" content=\"article\" \/>\n<meta property=\"og:title\" content=\"Pintura espa\u00f1ola en la Colecci\u00f3n Mascort - Fundaci\u00f3 Mascort\" \/>\n<meta property=\"og:description\" content=\"\u00c0 l&rsquo;occasion de l&rsquo;exposition Pintura espanyola a la Col\u00b7lecci\u00f3 Mascort. Visions 1800-1950, la Fondation Mascort publie un catalogue de livres du m\u00eame nom, \u00e9crit par Rosa Maria Creixell, docteur en histoire de l&rsquo;art, professeur \u00e0 l&rsquo;Universit\u00e9 de Barcelone. Toutes les \u0153uvres ont \u00e9t\u00e9 \u00e9tudi\u00e9es et catalogu\u00e9es, reproduites en couleur dans cette \u00e9dition, et avec des [&hellip;]\" \/>\n<meta property=\"og:url\" content=\"https:\/\/www.fundaciomascort.com\/fr\/publication\/pintura-espanola-en-la-coleccion-mascort\/\" \/>\n<meta property=\"og:site_name\" content=\"Fundaci\u00f3 Mascort\" \/>\n<meta property=\"article:publisher\" content=\"https:\/\/www.facebook.com\/fundaciomascort\" \/>\n<meta property=\"article:modified_time\" content=\"2024-04-29T00:01:01+00:00\" \/>\n<meta property=\"og:image\" content=\"https:\/\/www.fundaciomascort.com\/wp-content\/uploads\/2020\/03\/Coberta-pintura-espanola.jpg\" \/>\n\t<meta property=\"og:image:width\" content=\"595\" \/>\n\t<meta property=\"og:image:height\" content=\"709\" \/>\n\t<meta property=\"og:image:type\" content=\"image\/jpeg\" \/>\n<meta name=\"twitter:card\" content=\"summary_large_image\" \/>\n<meta name=\"twitter:site\" content=\"@fundaciomascort\" \/>\n<meta name=\"twitter:label1\" content=\"Dur\u00e9e de lecture estim\u00e9e\" \/>\n\t<meta name=\"twitter:data1\" content=\"1 minute\" \/>\n<script type=\"application\/ld+json\" class=\"yoast-schema-graph\">{\"@context\":\"https:\/\/schema.org\",\"@graph\":[{\"@type\":\"WebPage\",\"@id\":\"https:\/\/www.fundaciomascort.com\/fr\/publication\/pintura-espanola-en-la-coleccion-mascort\/\",\"url\":\"https:\/\/www.fundaciomascort.com\/fr\/publication\/pintura-espanola-en-la-coleccion-mascort\/\",\"name\":\"Pintura espa\u00f1ola en la Colecci\u00f3n Mascort - Fundaci\u00f3 Mascort\",\"isPartOf\":{\"@id\":\"https:\/\/www.fundaciomascort.com\/fr\/#website\"},\"primaryImageOfPage\":{\"@id\":\"https:\/\/www.fundaciomascort.com\/fr\/publication\/pintura-espanola-en-la-coleccion-mascort\/#primaryimage\"},\"image\":{\"@id\":\"https:\/\/www.fundaciomascort.com\/fr\/publication\/pintura-espanola-en-la-coleccion-mascort\/#primaryimage\"},\"thumbnailUrl\":\"https:\/\/www.fundaciomascort.com\/wp-content\/uploads\/2020\/03\/Coberta-pintura-espanola.jpg\",\"datePublished\":\"2020-03-18T17:03:17+00:00\",\"dateModified\":\"2024-04-29T00:01:01+00:00\",\"breadcrumb\":{\"@id\":\"https:\/\/www.fundaciomascort.com\/fr\/publication\/pintura-espanola-en-la-coleccion-mascort\/#breadcrumb\"},\"inLanguage\":\"fr-FR\",\"potentialAction\":[{\"@type\":\"ReadAction\",\"target\":[\"https:\/\/www.fundaciomascort.com\/fr\/publication\/pintura-espanola-en-la-coleccion-mascort\/\"]}]},{\"@type\":\"ImageObject\",\"inLanguage\":\"fr-FR\",\"@id\":\"https:\/\/www.fundaciomascort.com\/fr\/publication\/pintura-espanola-en-la-coleccion-mascort\/#primaryimage\",\"url\":\"https:\/\/www.fundaciomascort.com\/wp-content\/uploads\/2020\/03\/Coberta-pintura-espanola.jpg\",\"contentUrl\":\"https:\/\/www.fundaciomascort.com\/wp-content\/uploads\/2020\/03\/Coberta-pintura-espanola.jpg\",\"width\":595,\"height\":709},{\"@type\":\"BreadcrumbList\",\"@id\":\"https:\/\/www.fundaciomascort.com\/fr\/publication\/pintura-espanola-en-la-coleccion-mascort\/#breadcrumb\",\"itemListElement\":[{\"@type\":\"ListItem\",\"position\":1,\"name\":\"Home\",\"item\":\"https:\/\/www.fundaciomascort.com\/fr\/\"},{\"@type\":\"ListItem\",\"position\":2,\"name\":\"Publications\",\"item\":\"https:\/\/www.fundaciomascort.com\/fr\/publicacions\/\"},{\"@type\":\"ListItem\",\"position\":3,\"name\":\"Pintura espa\u00f1ola en la Colecci\u00f3n Mascort\"}]},{\"@type\":\"WebSite\",\"@id\":\"https:\/\/www.fundaciomascort.com\/fr\/#website\",\"url\":\"https:\/\/www.fundaciomascort.com\/fr\/\",\"name\":\"Fundaci\u00f3 Mascort\",\"description\":\"Esperem que compartiu amb nosaltres les exposicions de la Casa Galibern i les nostres publicacions.\",\"potentialAction\":[{\"@type\":\"SearchAction\",\"target\":{\"@type\":\"EntryPoint\",\"urlTemplate\":\"https:\/\/www.fundaciomascort.com\/fr\/?s={search_term_string}\"},\"query-input\":{\"@type\":\"PropertyValueSpecification\",\"valueRequired\":true,\"valueName\":\"search_term_string\"}}],\"inLanguage\":\"fr-FR\"}]}<\/script>\n<!-- \/ Yoast SEO plugin. -->","yoast_head_json":{"title":"Pintura espa\u00f1ola en la Colecci\u00f3n Mascort - Fundaci\u00f3 Mascort","robots":{"index":"index","follow":"follow","max-snippet":"max-snippet:-1","max-image-preview":"max-image-preview:large","max-video-preview":"max-video-preview:-1"},"canonical":"https:\/\/www.fundaciomascort.com\/fr\/publication\/pintura-espanola-en-la-coleccion-mascort\/","og_locale":"fr_FR","og_type":"article","og_title":"Pintura espa\u00f1ola en la Colecci\u00f3n Mascort - Fundaci\u00f3 Mascort","og_description":"\u00c0 l&rsquo;occasion de l&rsquo;exposition Pintura espanyola a la Col\u00b7lecci\u00f3 Mascort. Visions 1800-1950, la Fondation Mascort publie un catalogue de livres du m\u00eame nom, \u00e9crit par Rosa Maria Creixell, docteur en histoire de l&rsquo;art, professeur \u00e0 l&rsquo;Universit\u00e9 de Barcelone. Toutes les \u0153uvres ont \u00e9t\u00e9 \u00e9tudi\u00e9es et catalogu\u00e9es, reproduites en couleur dans cette \u00e9dition, et avec des [&hellip;]","og_url":"https:\/\/www.fundaciomascort.com\/fr\/publication\/pintura-espanola-en-la-coleccion-mascort\/","og_site_name":"Fundaci\u00f3 Mascort","article_publisher":"https:\/\/www.facebook.com\/fundaciomascort","article_modified_time":"2024-04-29T00:01:01+00:00","og_image":[{"width":595,"height":709,"url":"https:\/\/www.fundaciomascort.com\/wp-content\/uploads\/2020\/03\/Coberta-pintura-espanola.jpg","type":"image\/jpeg"}],"twitter_card":"summary_large_image","twitter_site":"@fundaciomascort","twitter_misc":{"Dur\u00e9e de lecture estim\u00e9e":"1 minute"},"schema":{"@context":"https:\/\/schema.org","@graph":[{"@type":"WebPage","@id":"https:\/\/www.fundaciomascort.com\/fr\/publication\/pintura-espanola-en-la-coleccion-mascort\/","url":"https:\/\/www.fundaciomascort.com\/fr\/publication\/pintura-espanola-en-la-coleccion-mascort\/","name":"Pintura espa\u00f1ola en la Colecci\u00f3n Mascort - Fundaci\u00f3 Mascort","isPartOf":{"@id":"https:\/\/www.fundaciomascort.com\/fr\/#website"},"primaryImageOfPage":{"@id":"https:\/\/www.fundaciomascort.com\/fr\/publication\/pintura-espanola-en-la-coleccion-mascort\/#primaryimage"},"image":{"@id":"https:\/\/www.fundaciomascort.com\/fr\/publication\/pintura-espanola-en-la-coleccion-mascort\/#primaryimage"},"thumbnailUrl":"https:\/\/www.fundaciomascort.com\/wp-content\/uploads\/2020\/03\/Coberta-pintura-espanola.jpg","datePublished":"2020-03-18T17:03:17+00:00","dateModified":"2024-04-29T00:01:01+00:00","breadcrumb":{"@id":"https:\/\/www.fundaciomascort.com\/fr\/publication\/pintura-espanola-en-la-coleccion-mascort\/#breadcrumb"},"inLanguage":"fr-FR","potentialAction":[{"@type":"ReadAction","target":["https:\/\/www.fundaciomascort.com\/fr\/publication\/pintura-espanola-en-la-coleccion-mascort\/"]}]},{"@type":"ImageObject","inLanguage":"fr-FR","@id":"https:\/\/www.fundaciomascort.com\/fr\/publication\/pintura-espanola-en-la-coleccion-mascort\/#primaryimage","url":"https:\/\/www.fundaciomascort.com\/wp-content\/uploads\/2020\/03\/Coberta-pintura-espanola.jpg","contentUrl":"https:\/\/www.fundaciomascort.com\/wp-content\/uploads\/2020\/03\/Coberta-pintura-espanola.jpg","width":595,"height":709},{"@type":"BreadcrumbList","@id":"https:\/\/www.fundaciomascort.com\/fr\/publication\/pintura-espanola-en-la-coleccion-mascort\/#breadcrumb","itemListElement":[{"@type":"ListItem","position":1,"name":"Home","item":"https:\/\/www.fundaciomascort.com\/fr\/"},{"@type":"ListItem","position":2,"name":"Publications","item":"https:\/\/www.fundaciomascort.com\/fr\/publicacions\/"},{"@type":"ListItem","position":3,"name":"Pintura espa\u00f1ola en la Colecci\u00f3n Mascort"}]},{"@type":"WebSite","@id":"https:\/\/www.fundaciomascort.com\/fr\/#website","url":"https:\/\/www.fundaciomascort.com\/fr\/","name":"Fundaci\u00f3 Mascort","description":"Esperem que compartiu amb nosaltres les exposicions de la Casa Galibern i les nostres publicacions.","potentialAction":[{"@type":"SearchAction","target":{"@type":"EntryPoint","urlTemplate":"https:\/\/www.fundaciomascort.com\/fr\/?s={search_term_string}"},"query-input":{"@type":"PropertyValueSpecification","valueRequired":true,"valueName":"search_term_string"}}],"inLanguage":"fr-FR"}]}},"_links":{"self":[{"href":"https:\/\/www.fundaciomascort.com\/fr\/wp-json\/wp\/v2\/product\/11450"}],"collection":[{"href":"https:\/\/www.fundaciomascort.com\/fr\/wp-json\/wp\/v2\/product"}],"about":[{"href":"https:\/\/www.fundaciomascort.com\/fr\/wp-json\/wp\/v2\/types\/product"}],"wp:featuredmedia":[{"embeddable":true,"href":"https:\/\/www.fundaciomascort.com\/fr\/wp-json\/wp\/v2\/media\/9564"}],"wp:attachment":[{"href":"https:\/\/www.fundaciomascort.com\/fr\/wp-json\/wp\/v2\/media?parent=11450"}],"wp:term":[{"taxonomy":"product_brand","embeddable":true,"href":"https:\/\/www.fundaciomascort.com\/fr\/wp-json\/wp\/v2\/product_brand?post=11450"},{"taxonomy":"product_cat","embeddable":true,"href":"https:\/\/www.fundaciomascort.com\/fr\/wp-json\/wp\/v2\/product_cat?post=11450"},{"taxonomy":"product_tag","embeddable":true,"href":"https:\/\/www.fundaciomascort.com\/fr\/wp-json\/wp\/v2\/product_tag?post=11450"}],"curies":[{"name":"wp","href":"https:\/\/api.w.org\/{rel}","templated":true}]}}