{"id":11446,"date":"2020-03-18T17:03:16","date_gmt":"2020-03-18T17:03:16","guid":{"rendered":"https:\/\/www.fundaciomascort.com\/publicacio\/piezas-escogidas\/"},"modified":"2024-04-29T00:01:01","modified_gmt":"2024-04-29T00:01:01","slug":"piezas-escogidas","status":"publish","type":"product","link":"https:\/\/www.fundaciomascort.com\/fr\/publication\/piezas-escogidas\/","title":{"rendered":"Piezas escogidas"},"content":{"rendered":"<p><strong>Pi\u00e8ces choisies. La s\u00e9lection du collectionneur<\/strong><\/p>\n<p><strong>10e\u00a0anniversaire de la Fundaci\u00f3 Mascort. 2007-2017<\/strong><\/p>\n<p>Livre catalogue comm\u00e9morant le dixi\u00e8me anniversaire de la cr\u00e9ation de la Fundaci\u00f3, avec une s\u00e9lection de 130 pi\u00e8ces de la collection Mascort incluant des objets en c\u00e9ramique et d\u2019orf\u00e8vrerie, des meubles et bijoux mais aussi des peintures, des dessins, des sculptures, des gravures, des cartes et des armes, dont la plupart vont de l\u2019\u00e9poque m\u00e9di\u00e9vale aux premi\u00e8res d\u00e9cennies du XX<sup>e<\/sup> si\u00e8cle. Le commissaire de l\u2019exposition homonyme et du livre est madame Rosa Maria Creixell, docteur en Histoire de l\u2019Art et professeur de l\u2019Universit\u00e9 de Barcelone. Monsieur Ramon Mascort a \u00e9crit le prologue du livre qui inclut aussi un texte du professeur Bonaventura Bassegoda sur le collectionnisme. Les textes sont traduits en catalan et en anglais.<\/p>\n","protected":false},"excerpt":{"rendered":"<p>Pi\u00e8ces choisies. La s\u00e9lection du collectionneur 10e\u00a0anniversaire de la Fundaci\u00f3 Mascort. 2007-2017 Livre catalogue comm\u00e9morant le dixi\u00e8me anniversaire de la cr\u00e9ation de la Fundaci\u00f3, avec une s\u00e9lection de 130 pi\u00e8ces de la collection Mascort incluant des objets en c\u00e9ramique et d\u2019orf\u00e8vrerie, des meubles et bijoux mais aussi des peintures, des dessins, des sculptures, des gravures, [&hellip;]<\/p>\n","protected":false},"featured_media":9561,"template":"","meta":{"_acf_changed":false},"product_brand":[],"product_cat":[41],"product_tag":[],"class_list":{"0":"post-11446","1":"product","2":"type-product","3":"status-publish","4":"has-post-thumbnail","6":"product_cat-sense-categoria-fr","8":"first","9":"instock","10":"taxable","11":"shipping-taxable","12":"purchasable","13":"product-type-simple"},"acf":[],"yoast_head":"<!-- This site is optimized with the Yoast SEO plugin v25.6 - https:\/\/yoast.com\/wordpress\/plugins\/seo\/ -->\n<title>Piezas escogidas - Fundaci\u00f3 Mascort<\/title>\n<meta name=\"robots\" content=\"index, follow, max-snippet:-1, max-image-preview:large, max-video-preview:-1\" \/>\n<link rel=\"canonical\" href=\"https:\/\/www.fundaciomascort.com\/fr\/publication\/piezas-escogidas\/\" \/>\n<meta property=\"og:locale\" content=\"fr_FR\" \/>\n<meta property=\"og:type\" content=\"article\" \/>\n<meta property=\"og:title\" content=\"Piezas escogidas - Fundaci\u00f3 Mascort\" \/>\n<meta property=\"og:description\" content=\"Pi\u00e8ces choisies. La s\u00e9lection du collectionneur 10e\u00a0anniversaire de la Fundaci\u00f3 Mascort. 2007-2017 Livre catalogue comm\u00e9morant le dixi\u00e8me anniversaire de la cr\u00e9ation de la Fundaci\u00f3, avec une s\u00e9lection de 130 pi\u00e8ces de la collection Mascort incluant des objets en c\u00e9ramique et d\u2019orf\u00e8vrerie, des meubles et bijoux mais aussi des peintures, des dessins, des sculptures, des gravures, [&hellip;]\" \/>\n<meta property=\"og:url\" content=\"https:\/\/www.fundaciomascort.com\/fr\/publication\/piezas-escogidas\/\" \/>\n<meta property=\"og:site_name\" content=\"Fundaci\u00f3 Mascort\" \/>\n<meta property=\"article:publisher\" content=\"https:\/\/www.facebook.com\/fundaciomascort\" \/>\n<meta property=\"article:modified_time\" content=\"2024-04-29T00:01:01+00:00\" \/>\n<meta property=\"og:image\" content=\"https:\/\/www.fundaciomascort.com\/wp-content\/uploads\/2020\/03\/Coberta-piezas-escogidas.jpg\" \/>\n\t<meta property=\"og:image:width\" content=\"595\" \/>\n\t<meta property=\"og:image:height\" content=\"709\" \/>\n\t<meta property=\"og:image:type\" content=\"image\/jpeg\" \/>\n<meta name=\"twitter:card\" content=\"summary_large_image\" \/>\n<meta name=\"twitter:site\" content=\"@fundaciomascort\" \/>\n<meta name=\"twitter:label1\" content=\"Dur\u00e9e de lecture estim\u00e9e\" \/>\n\t<meta name=\"twitter:data1\" content=\"1 minute\" \/>\n<script type=\"application\/ld+json\" class=\"yoast-schema-graph\">{\"@context\":\"https:\/\/schema.org\",\"@graph\":[{\"@type\":\"WebPage\",\"@id\":\"https:\/\/www.fundaciomascort.com\/fr\/publication\/piezas-escogidas\/\",\"url\":\"https:\/\/www.fundaciomascort.com\/fr\/publication\/piezas-escogidas\/\",\"name\":\"Piezas escogidas - Fundaci\u00f3 Mascort\",\"isPartOf\":{\"@id\":\"https:\/\/www.fundaciomascort.com\/fr\/#website\"},\"primaryImageOfPage\":{\"@id\":\"https:\/\/www.fundaciomascort.com\/fr\/publication\/piezas-escogidas\/#primaryimage\"},\"image\":{\"@id\":\"https:\/\/www.fundaciomascort.com\/fr\/publication\/piezas-escogidas\/#primaryimage\"},\"thumbnailUrl\":\"https:\/\/www.fundaciomascort.com\/wp-content\/uploads\/2020\/03\/Coberta-piezas-escogidas.jpg\",\"datePublished\":\"2020-03-18T17:03:16+00:00\",\"dateModified\":\"2024-04-29T00:01:01+00:00\",\"breadcrumb\":{\"@id\":\"https:\/\/www.fundaciomascort.com\/fr\/publication\/piezas-escogidas\/#breadcrumb\"},\"inLanguage\":\"fr-FR\",\"potentialAction\":[{\"@type\":\"ReadAction\",\"target\":[\"https:\/\/www.fundaciomascort.com\/fr\/publication\/piezas-escogidas\/\"]}]},{\"@type\":\"ImageObject\",\"inLanguage\":\"fr-FR\",\"@id\":\"https:\/\/www.fundaciomascort.com\/fr\/publication\/piezas-escogidas\/#primaryimage\",\"url\":\"https:\/\/www.fundaciomascort.com\/wp-content\/uploads\/2020\/03\/Coberta-piezas-escogidas.jpg\",\"contentUrl\":\"https:\/\/www.fundaciomascort.com\/wp-content\/uploads\/2020\/03\/Coberta-piezas-escogidas.jpg\",\"width\":595,\"height\":709},{\"@type\":\"BreadcrumbList\",\"@id\":\"https:\/\/www.fundaciomascort.com\/fr\/publication\/piezas-escogidas\/#breadcrumb\",\"itemListElement\":[{\"@type\":\"ListItem\",\"position\":1,\"name\":\"Home\",\"item\":\"https:\/\/www.fundaciomascort.com\/fr\/\"},{\"@type\":\"ListItem\",\"position\":2,\"name\":\"Publications\",\"item\":\"https:\/\/www.fundaciomascort.com\/fr\/publicacions\/\"},{\"@type\":\"ListItem\",\"position\":3,\"name\":\"Piezas escogidas\"}]},{\"@type\":\"WebSite\",\"@id\":\"https:\/\/www.fundaciomascort.com\/fr\/#website\",\"url\":\"https:\/\/www.fundaciomascort.com\/fr\/\",\"name\":\"Fundaci\u00f3 Mascort\",\"description\":\"Esperem que compartiu amb nosaltres les exposicions de la Casa Galibern i les nostres publicacions.\",\"potentialAction\":[{\"@type\":\"SearchAction\",\"target\":{\"@type\":\"EntryPoint\",\"urlTemplate\":\"https:\/\/www.fundaciomascort.com\/fr\/?s={search_term_string}\"},\"query-input\":{\"@type\":\"PropertyValueSpecification\",\"valueRequired\":true,\"valueName\":\"search_term_string\"}}],\"inLanguage\":\"fr-FR\"}]}<\/script>\n<!-- \/ Yoast SEO plugin. -->","yoast_head_json":{"title":"Piezas escogidas - Fundaci\u00f3 Mascort","robots":{"index":"index","follow":"follow","max-snippet":"max-snippet:-1","max-image-preview":"max-image-preview:large","max-video-preview":"max-video-preview:-1"},"canonical":"https:\/\/www.fundaciomascort.com\/fr\/publication\/piezas-escogidas\/","og_locale":"fr_FR","og_type":"article","og_title":"Piezas escogidas - Fundaci\u00f3 Mascort","og_description":"Pi\u00e8ces choisies. La s\u00e9lection du collectionneur 10e\u00a0anniversaire de la Fundaci\u00f3 Mascort. 2007-2017 Livre catalogue comm\u00e9morant le dixi\u00e8me anniversaire de la cr\u00e9ation de la Fundaci\u00f3, avec une s\u00e9lection de 130 pi\u00e8ces de la collection Mascort incluant des objets en c\u00e9ramique et d\u2019orf\u00e8vrerie, des meubles et bijoux mais aussi des peintures, des dessins, des sculptures, des gravures, [&hellip;]","og_url":"https:\/\/www.fundaciomascort.com\/fr\/publication\/piezas-escogidas\/","og_site_name":"Fundaci\u00f3 Mascort","article_publisher":"https:\/\/www.facebook.com\/fundaciomascort","article_modified_time":"2024-04-29T00:01:01+00:00","og_image":[{"width":595,"height":709,"url":"https:\/\/www.fundaciomascort.com\/wp-content\/uploads\/2020\/03\/Coberta-piezas-escogidas.jpg","type":"image\/jpeg"}],"twitter_card":"summary_large_image","twitter_site":"@fundaciomascort","twitter_misc":{"Dur\u00e9e de lecture estim\u00e9e":"1 minute"},"schema":{"@context":"https:\/\/schema.org","@graph":[{"@type":"WebPage","@id":"https:\/\/www.fundaciomascort.com\/fr\/publication\/piezas-escogidas\/","url":"https:\/\/www.fundaciomascort.com\/fr\/publication\/piezas-escogidas\/","name":"Piezas escogidas - Fundaci\u00f3 Mascort","isPartOf":{"@id":"https:\/\/www.fundaciomascort.com\/fr\/#website"},"primaryImageOfPage":{"@id":"https:\/\/www.fundaciomascort.com\/fr\/publication\/piezas-escogidas\/#primaryimage"},"image":{"@id":"https:\/\/www.fundaciomascort.com\/fr\/publication\/piezas-escogidas\/#primaryimage"},"thumbnailUrl":"https:\/\/www.fundaciomascort.com\/wp-content\/uploads\/2020\/03\/Coberta-piezas-escogidas.jpg","datePublished":"2020-03-18T17:03:16+00:00","dateModified":"2024-04-29T00:01:01+00:00","breadcrumb":{"@id":"https:\/\/www.fundaciomascort.com\/fr\/publication\/piezas-escogidas\/#breadcrumb"},"inLanguage":"fr-FR","potentialAction":[{"@type":"ReadAction","target":["https:\/\/www.fundaciomascort.com\/fr\/publication\/piezas-escogidas\/"]}]},{"@type":"ImageObject","inLanguage":"fr-FR","@id":"https:\/\/www.fundaciomascort.com\/fr\/publication\/piezas-escogidas\/#primaryimage","url":"https:\/\/www.fundaciomascort.com\/wp-content\/uploads\/2020\/03\/Coberta-piezas-escogidas.jpg","contentUrl":"https:\/\/www.fundaciomascort.com\/wp-content\/uploads\/2020\/03\/Coberta-piezas-escogidas.jpg","width":595,"height":709},{"@type":"BreadcrumbList","@id":"https:\/\/www.fundaciomascort.com\/fr\/publication\/piezas-escogidas\/#breadcrumb","itemListElement":[{"@type":"ListItem","position":1,"name":"Home","item":"https:\/\/www.fundaciomascort.com\/fr\/"},{"@type":"ListItem","position":2,"name":"Publications","item":"https:\/\/www.fundaciomascort.com\/fr\/publicacions\/"},{"@type":"ListItem","position":3,"name":"Piezas escogidas"}]},{"@type":"WebSite","@id":"https:\/\/www.fundaciomascort.com\/fr\/#website","url":"https:\/\/www.fundaciomascort.com\/fr\/","name":"Fundaci\u00f3 Mascort","description":"Esperem que compartiu amb nosaltres les exposicions de la Casa Galibern i les nostres publicacions.","potentialAction":[{"@type":"SearchAction","target":{"@type":"EntryPoint","urlTemplate":"https:\/\/www.fundaciomascort.com\/fr\/?s={search_term_string}"},"query-input":{"@type":"PropertyValueSpecification","valueRequired":true,"valueName":"search_term_string"}}],"inLanguage":"fr-FR"}]}},"_links":{"self":[{"href":"https:\/\/www.fundaciomascort.com\/fr\/wp-json\/wp\/v2\/product\/11446"}],"collection":[{"href":"https:\/\/www.fundaciomascort.com\/fr\/wp-json\/wp\/v2\/product"}],"about":[{"href":"https:\/\/www.fundaciomascort.com\/fr\/wp-json\/wp\/v2\/types\/product"}],"wp:featuredmedia":[{"embeddable":true,"href":"https:\/\/www.fundaciomascort.com\/fr\/wp-json\/wp\/v2\/media\/9561"}],"wp:attachment":[{"href":"https:\/\/www.fundaciomascort.com\/fr\/wp-json\/wp\/v2\/media?parent=11446"}],"wp:term":[{"taxonomy":"product_brand","embeddable":true,"href":"https:\/\/www.fundaciomascort.com\/fr\/wp-json\/wp\/v2\/product_brand?post=11446"},{"taxonomy":"product_cat","embeddable":true,"href":"https:\/\/www.fundaciomascort.com\/fr\/wp-json\/wp\/v2\/product_cat?post=11446"},{"taxonomy":"product_tag","embeddable":true,"href":"https:\/\/www.fundaciomascort.com\/fr\/wp-json\/wp\/v2\/product_tag?post=11446"}],"curies":[{"name":"wp","href":"https:\/\/api.w.org\/{rel}","templated":true}]}}