{"id":11443,"date":"2020-03-18T17:03:16","date_gmt":"2020-03-18T17:03:16","guid":{"rendered":"https:\/\/www.fundaciomascort.com\/publicacio\/el-retrat-pintat\/"},"modified":"2024-04-29T00:01:01","modified_gmt":"2024-04-29T00:01:01","slug":"el-retrat-pintat","status":"publish","type":"product","link":"https:\/\/www.fundaciomascort.com\/fr\/publication\/el-retrat-pintat\/","title":{"rendered":"El retrat pintat"},"content":{"rendered":"<p>Le portrait peint. Imatge i Pintura Cer\u00e0mica est le nouveau catalogue de livres publi\u00e9 par la Mairie de X\u00e0tiva \u00e0 l&rsquo;occasion de l&rsquo;exposition \u00e9ponyme, qui peut \u00eatre visit\u00e9e de novembre 2017 \u00e0 avril 2018.<\/p>\n<p>L&rsquo;exposition, organis\u00e9e en collaboration avec le Mus\u00e9e X\u00e0tiva, Casa de la Ense\u00f1anza, est compos\u00e9e d&rsquo;une cinquantaine de pi\u00e8ces en c\u00e9ramique r\u00e9fl\u00e9chissant \u00e0 l&rsquo;utilisation du support en c\u00e9ramique comme moyen de faire un portrait, l&rsquo;une des applications les plus int\u00e9ressantes et les plus oubli\u00e9es de la la c\u00e9ramique et leurs m\u00e9tiers, \u00e0 travers l&rsquo;histoire. Les pi\u00e8ces proviennent de diff\u00e9rentes collections priv\u00e9es et d&rsquo;institutions telles que la biblioth\u00e8que-mus\u00e9e V\u00edctor Balaguer de Vilanova i la Geltr\u00fa, le mus\u00e9e des arts de la c\u00e9ramique et des somptuaires Gonz\u00e1lez Mart\u00ed de Valence et la Fondation Mascort de Torroella de Montgr\u00ed.<\/p>\n","protected":false},"excerpt":{"rendered":"<p>Le portrait peint. Imatge i Pintura Cer\u00e0mica est le nouveau catalogue de livres publi\u00e9 par la Mairie de X\u00e0tiva \u00e0 l&rsquo;occasion de l&rsquo;exposition \u00e9ponyme, qui peut \u00eatre visit\u00e9e de novembre 2017 \u00e0 avril 2018. L&rsquo;exposition, organis\u00e9e en collaboration avec le Mus\u00e9e X\u00e0tiva, Casa de la Ense\u00f1anza, est compos\u00e9e d&rsquo;une cinquantaine de pi\u00e8ces en c\u00e9ramique r\u00e9fl\u00e9chissant [&hellip;]<\/p>\n","protected":false},"featured_media":9558,"template":"","meta":{"_acf_changed":false},"product_brand":[],"product_cat":[41],"product_tag":[],"class_list":{"0":"post-11443","1":"product","2":"type-product","3":"status-publish","4":"has-post-thumbnail","6":"product_cat-sense-categoria-fr","8":"first","9":"instock","10":"taxable","11":"shipping-taxable","12":"purchasable","13":"product-type-simple"},"acf":[],"yoast_head":"<!-- This site is optimized with the Yoast SEO plugin v25.6 - https:\/\/yoast.com\/wordpress\/plugins\/seo\/ -->\n<title>El retrat pintat - Fundaci\u00f3 Mascort<\/title>\n<meta name=\"robots\" content=\"index, follow, max-snippet:-1, max-image-preview:large, max-video-preview:-1\" \/>\n<link rel=\"canonical\" href=\"https:\/\/www.fundaciomascort.com\/fr\/publication\/el-retrat-pintat\/\" \/>\n<meta property=\"og:locale\" content=\"fr_FR\" \/>\n<meta property=\"og:type\" content=\"article\" \/>\n<meta property=\"og:title\" content=\"El retrat pintat - Fundaci\u00f3 Mascort\" \/>\n<meta property=\"og:description\" content=\"Le portrait peint. Imatge i Pintura Cer\u00e0mica est le nouveau catalogue de livres publi\u00e9 par la Mairie de X\u00e0tiva \u00e0 l&rsquo;occasion de l&rsquo;exposition \u00e9ponyme, qui peut \u00eatre visit\u00e9e de novembre 2017 \u00e0 avril 2018. L&rsquo;exposition, organis\u00e9e en collaboration avec le Mus\u00e9e X\u00e0tiva, Casa de la Ense\u00f1anza, est compos\u00e9e d&rsquo;une cinquantaine de pi\u00e8ces en c\u00e9ramique r\u00e9fl\u00e9chissant [&hellip;]\" \/>\n<meta property=\"og:url\" content=\"https:\/\/www.fundaciomascort.com\/fr\/publication\/el-retrat-pintat\/\" \/>\n<meta property=\"og:site_name\" content=\"Fundaci\u00f3 Mascort\" \/>\n<meta property=\"article:publisher\" content=\"https:\/\/www.facebook.com\/fundaciomascort\" \/>\n<meta property=\"article:modified_time\" content=\"2024-04-29T00:01:01+00:00\" \/>\n<meta property=\"og:image\" content=\"https:\/\/www.fundaciomascort.com\/wp-content\/uploads\/2020\/03\/Coberta-retrat-pintat.jpg\" \/>\n\t<meta property=\"og:image:width\" content=\"714\" \/>\n\t<meta property=\"og:image:height\" content=\"600\" \/>\n\t<meta property=\"og:image:type\" content=\"image\/jpeg\" \/>\n<meta name=\"twitter:card\" content=\"summary_large_image\" \/>\n<meta name=\"twitter:site\" content=\"@fundaciomascort\" \/>\n<meta name=\"twitter:label1\" content=\"Dur\u00e9e de lecture estim\u00e9e\" \/>\n\t<meta name=\"twitter:data1\" content=\"1 minute\" \/>\n<script type=\"application\/ld+json\" class=\"yoast-schema-graph\">{\"@context\":\"https:\/\/schema.org\",\"@graph\":[{\"@type\":\"WebPage\",\"@id\":\"https:\/\/www.fundaciomascort.com\/fr\/publication\/el-retrat-pintat\/\",\"url\":\"https:\/\/www.fundaciomascort.com\/fr\/publication\/el-retrat-pintat\/\",\"name\":\"El retrat pintat - Fundaci\u00f3 Mascort\",\"isPartOf\":{\"@id\":\"https:\/\/www.fundaciomascort.com\/fr\/#website\"},\"primaryImageOfPage\":{\"@id\":\"https:\/\/www.fundaciomascort.com\/fr\/publication\/el-retrat-pintat\/#primaryimage\"},\"image\":{\"@id\":\"https:\/\/www.fundaciomascort.com\/fr\/publication\/el-retrat-pintat\/#primaryimage\"},\"thumbnailUrl\":\"https:\/\/www.fundaciomascort.com\/wp-content\/uploads\/2020\/03\/Coberta-retrat-pintat.jpg\",\"datePublished\":\"2020-03-18T17:03:16+00:00\",\"dateModified\":\"2024-04-29T00:01:01+00:00\",\"breadcrumb\":{\"@id\":\"https:\/\/www.fundaciomascort.com\/fr\/publication\/el-retrat-pintat\/#breadcrumb\"},\"inLanguage\":\"fr-FR\",\"potentialAction\":[{\"@type\":\"ReadAction\",\"target\":[\"https:\/\/www.fundaciomascort.com\/fr\/publication\/el-retrat-pintat\/\"]}]},{\"@type\":\"ImageObject\",\"inLanguage\":\"fr-FR\",\"@id\":\"https:\/\/www.fundaciomascort.com\/fr\/publication\/el-retrat-pintat\/#primaryimage\",\"url\":\"https:\/\/www.fundaciomascort.com\/wp-content\/uploads\/2020\/03\/Coberta-retrat-pintat.jpg\",\"contentUrl\":\"https:\/\/www.fundaciomascort.com\/wp-content\/uploads\/2020\/03\/Coberta-retrat-pintat.jpg\",\"width\":714,\"height\":600},{\"@type\":\"BreadcrumbList\",\"@id\":\"https:\/\/www.fundaciomascort.com\/fr\/publication\/el-retrat-pintat\/#breadcrumb\",\"itemListElement\":[{\"@type\":\"ListItem\",\"position\":1,\"name\":\"Home\",\"item\":\"https:\/\/www.fundaciomascort.com\/fr\/\"},{\"@type\":\"ListItem\",\"position\":2,\"name\":\"Publications\",\"item\":\"https:\/\/www.fundaciomascort.com\/fr\/publicacions\/\"},{\"@type\":\"ListItem\",\"position\":3,\"name\":\"El retrat pintat\"}]},{\"@type\":\"WebSite\",\"@id\":\"https:\/\/www.fundaciomascort.com\/fr\/#website\",\"url\":\"https:\/\/www.fundaciomascort.com\/fr\/\",\"name\":\"Fundaci\u00f3 Mascort\",\"description\":\"Esperem que compartiu amb nosaltres les exposicions de la Casa Galibern i les nostres publicacions.\",\"potentialAction\":[{\"@type\":\"SearchAction\",\"target\":{\"@type\":\"EntryPoint\",\"urlTemplate\":\"https:\/\/www.fundaciomascort.com\/fr\/?s={search_term_string}\"},\"query-input\":{\"@type\":\"PropertyValueSpecification\",\"valueRequired\":true,\"valueName\":\"search_term_string\"}}],\"inLanguage\":\"fr-FR\"}]}<\/script>\n<!-- \/ Yoast SEO plugin. -->","yoast_head_json":{"title":"El retrat pintat - Fundaci\u00f3 Mascort","robots":{"index":"index","follow":"follow","max-snippet":"max-snippet:-1","max-image-preview":"max-image-preview:large","max-video-preview":"max-video-preview:-1"},"canonical":"https:\/\/www.fundaciomascort.com\/fr\/publication\/el-retrat-pintat\/","og_locale":"fr_FR","og_type":"article","og_title":"El retrat pintat - Fundaci\u00f3 Mascort","og_description":"Le portrait peint. Imatge i Pintura Cer\u00e0mica est le nouveau catalogue de livres publi\u00e9 par la Mairie de X\u00e0tiva \u00e0 l&rsquo;occasion de l&rsquo;exposition \u00e9ponyme, qui peut \u00eatre visit\u00e9e de novembre 2017 \u00e0 avril 2018. L&rsquo;exposition, organis\u00e9e en collaboration avec le Mus\u00e9e X\u00e0tiva, Casa de la Ense\u00f1anza, est compos\u00e9e d&rsquo;une cinquantaine de pi\u00e8ces en c\u00e9ramique r\u00e9fl\u00e9chissant [&hellip;]","og_url":"https:\/\/www.fundaciomascort.com\/fr\/publication\/el-retrat-pintat\/","og_site_name":"Fundaci\u00f3 Mascort","article_publisher":"https:\/\/www.facebook.com\/fundaciomascort","article_modified_time":"2024-04-29T00:01:01+00:00","og_image":[{"width":714,"height":600,"url":"https:\/\/www.fundaciomascort.com\/wp-content\/uploads\/2020\/03\/Coberta-retrat-pintat.jpg","type":"image\/jpeg"}],"twitter_card":"summary_large_image","twitter_site":"@fundaciomascort","twitter_misc":{"Dur\u00e9e de lecture estim\u00e9e":"1 minute"},"schema":{"@context":"https:\/\/schema.org","@graph":[{"@type":"WebPage","@id":"https:\/\/www.fundaciomascort.com\/fr\/publication\/el-retrat-pintat\/","url":"https:\/\/www.fundaciomascort.com\/fr\/publication\/el-retrat-pintat\/","name":"El retrat pintat - Fundaci\u00f3 Mascort","isPartOf":{"@id":"https:\/\/www.fundaciomascort.com\/fr\/#website"},"primaryImageOfPage":{"@id":"https:\/\/www.fundaciomascort.com\/fr\/publication\/el-retrat-pintat\/#primaryimage"},"image":{"@id":"https:\/\/www.fundaciomascort.com\/fr\/publication\/el-retrat-pintat\/#primaryimage"},"thumbnailUrl":"https:\/\/www.fundaciomascort.com\/wp-content\/uploads\/2020\/03\/Coberta-retrat-pintat.jpg","datePublished":"2020-03-18T17:03:16+00:00","dateModified":"2024-04-29T00:01:01+00:00","breadcrumb":{"@id":"https:\/\/www.fundaciomascort.com\/fr\/publication\/el-retrat-pintat\/#breadcrumb"},"inLanguage":"fr-FR","potentialAction":[{"@type":"ReadAction","target":["https:\/\/www.fundaciomascort.com\/fr\/publication\/el-retrat-pintat\/"]}]},{"@type":"ImageObject","inLanguage":"fr-FR","@id":"https:\/\/www.fundaciomascort.com\/fr\/publication\/el-retrat-pintat\/#primaryimage","url":"https:\/\/www.fundaciomascort.com\/wp-content\/uploads\/2020\/03\/Coberta-retrat-pintat.jpg","contentUrl":"https:\/\/www.fundaciomascort.com\/wp-content\/uploads\/2020\/03\/Coberta-retrat-pintat.jpg","width":714,"height":600},{"@type":"BreadcrumbList","@id":"https:\/\/www.fundaciomascort.com\/fr\/publication\/el-retrat-pintat\/#breadcrumb","itemListElement":[{"@type":"ListItem","position":1,"name":"Home","item":"https:\/\/www.fundaciomascort.com\/fr\/"},{"@type":"ListItem","position":2,"name":"Publications","item":"https:\/\/www.fundaciomascort.com\/fr\/publicacions\/"},{"@type":"ListItem","position":3,"name":"El retrat pintat"}]},{"@type":"WebSite","@id":"https:\/\/www.fundaciomascort.com\/fr\/#website","url":"https:\/\/www.fundaciomascort.com\/fr\/","name":"Fundaci\u00f3 Mascort","description":"Esperem que compartiu amb nosaltres les exposicions de la Casa Galibern i les nostres publicacions.","potentialAction":[{"@type":"SearchAction","target":{"@type":"EntryPoint","urlTemplate":"https:\/\/www.fundaciomascort.com\/fr\/?s={search_term_string}"},"query-input":{"@type":"PropertyValueSpecification","valueRequired":true,"valueName":"search_term_string"}}],"inLanguage":"fr-FR"}]}},"_links":{"self":[{"href":"https:\/\/www.fundaciomascort.com\/fr\/wp-json\/wp\/v2\/product\/11443"}],"collection":[{"href":"https:\/\/www.fundaciomascort.com\/fr\/wp-json\/wp\/v2\/product"}],"about":[{"href":"https:\/\/www.fundaciomascort.com\/fr\/wp-json\/wp\/v2\/types\/product"}],"wp:featuredmedia":[{"embeddable":true,"href":"https:\/\/www.fundaciomascort.com\/fr\/wp-json\/wp\/v2\/media\/9558"}],"wp:attachment":[{"href":"https:\/\/www.fundaciomascort.com\/fr\/wp-json\/wp\/v2\/media?parent=11443"}],"wp:term":[{"taxonomy":"product_brand","embeddable":true,"href":"https:\/\/www.fundaciomascort.com\/fr\/wp-json\/wp\/v2\/product_brand?post=11443"},{"taxonomy":"product_cat","embeddable":true,"href":"https:\/\/www.fundaciomascort.com\/fr\/wp-json\/wp\/v2\/product_cat?post=11443"},{"taxonomy":"product_tag","embeddable":true,"href":"https:\/\/www.fundaciomascort.com\/fr\/wp-json\/wp\/v2\/product_tag?post=11443"}],"curies":[{"name":"wp","href":"https:\/\/api.w.org\/{rel}","templated":true}]}}