{"id":11440,"date":"2020-03-16T18:02:42","date_gmt":"2020-03-16T18:02:42","guid":{"rendered":"https:\/\/www.fundaciomascort.com\/publicacio\/la-cartografia-de-la-coleccion-mascort\/"},"modified":"2024-04-29T00:01:01","modified_gmt":"2024-04-29T00:01:01","slug":"la-cartografia-de-la-coleccion-mascort","status":"publish","type":"product","link":"https:\/\/www.fundaciomascort.com\/fr\/publication\/la-cartografia-de-la-coleccion-mascort\/","title":{"rendered":"La Cartograf\u00eda de la Colecci\u00f3n Mascort"},"content":{"rendered":"<p>Le catalogue d\u00e9taille plus de 160 cartes isol\u00e9es qui vont du XVIe au XIXe si\u00e8cle \u2013 dont plus de 50 correspondent \u00e0 la Catalogne \u2013 et qui appartiennent aux principales \u00e9coles cartographiques europ\u00e9ennes, parmi lesquelles se distingue l\u2019\u00e9cole fran\u00e7aise. Ces cartes sont compl\u00e9t\u00e9es par une s\u00e9rie de <em>Monographies<\/em> reli\u00e9es au monde de la cartographie.<\/p>\n<p>Une attention particuli\u00e8re a \u00e9t\u00e9 port\u00e9e pour \u00e9tablir le lien entre les exemplaires isol\u00e9s et l\u2019\u0153uvre dont ils avaient fait partie. Le degr\u00e9 d\u2019implication des diff\u00e9rents participants \u00e0 l\u2019\u0153uvre a \u00e9t\u00e9 d\u00e9taill\u00e9 : cartographes, g\u00e9ographes, dessinateurs, graveurs, \u00e9diteurs, imprimeurs, entre autres. Nous avons essay\u00e9 d\u2019incorporer le portrait de l\u2019auteur, \u00e9tablir des influences cartographiques et, si c\u2019est le cas, mettre historiquement en contexte le moment auquel il appartient. De plus, quand cela a \u00e9t\u00e9 possible, nous avons inclus la couverture de l\u2019exemplaire et nous avons expliqu\u00e9 le sens iconographique des \u00e9l\u00e9ments qui figurent sur les gravures calcographiques du frontispice.<\/p>\n<p>Nous avons aussi essay\u00e9 d\u2019expliquer le sens des cartels et des \u00e9l\u00e9ments iconographiques qui en font partie, qu\u2019ils soient architecturaux, mythologiques, historiques, h\u00e9raldiques ou simplement artistiques. Avec cette vision compl\u00e9mentaire \u00e0 celle proprement cartographique, le lecteur percevra une richesse de contenus pluridisciplinaires qui lui fourniront un regard diff\u00e9rent de celui purement historique-g\u00e9ographique.<\/p>\n<p>Cette recherche a impliqu\u00e9 la consultation de nombreuses biblioth\u00e8ques espagnoles, de toute l\u2019Europe et, m\u00eame des \u00c9tats-Unis pour pouvoir incorporer du mat\u00e9riel pr\u00e9serv\u00e9 dans les diverses institutions consult\u00e9es.<\/p>\n","protected":false},"excerpt":{"rendered":"<p>Le catalogue d\u00e9taille plus de 160 cartes isol\u00e9es qui vont du XVIe au XIXe si\u00e8cle \u2013 dont plus de 50 correspondent \u00e0 la Catalogne \u2013 et qui appartiennent aux principales \u00e9coles cartographiques europ\u00e9ennes, parmi lesquelles se distingue l\u2019\u00e9cole fran\u00e7aise. Ces cartes sont compl\u00e9t\u00e9es par une s\u00e9rie de Monographies reli\u00e9es au monde de la cartographie. Une [&hellip;]<\/p>\n","protected":false},"featured_media":9555,"template":"","meta":{"_acf_changed":false},"product_brand":[],"product_cat":[41],"product_tag":[],"class_list":{"0":"post-11440","1":"product","2":"type-product","3":"status-publish","4":"has-post-thumbnail","6":"product_cat-sense-categoria-fr","8":"first","9":"instock","10":"taxable","11":"shipping-taxable","12":"purchasable","13":"product-type-simple"},"acf":[],"yoast_head":"<!-- This site is optimized with the Yoast SEO plugin v25.6 - https:\/\/yoast.com\/wordpress\/plugins\/seo\/ -->\n<title>La Cartograf\u00eda de la Colecci\u00f3n Mascort - Fundaci\u00f3 Mascort<\/title>\n<meta name=\"robots\" content=\"index, follow, max-snippet:-1, max-image-preview:large, max-video-preview:-1\" \/>\n<link rel=\"canonical\" href=\"https:\/\/www.fundaciomascort.com\/fr\/publication\/la-cartografia-de-la-coleccion-mascort\/\" \/>\n<meta property=\"og:locale\" content=\"fr_FR\" \/>\n<meta property=\"og:type\" content=\"article\" \/>\n<meta property=\"og:title\" content=\"La Cartograf\u00eda de la Colecci\u00f3n Mascort - Fundaci\u00f3 Mascort\" \/>\n<meta property=\"og:description\" content=\"Le catalogue d\u00e9taille plus de 160 cartes isol\u00e9es qui vont du XVIe au XIXe si\u00e8cle \u2013 dont plus de 50 correspondent \u00e0 la Catalogne \u2013 et qui appartiennent aux principales \u00e9coles cartographiques europ\u00e9ennes, parmi lesquelles se distingue l\u2019\u00e9cole fran\u00e7aise. Ces cartes sont compl\u00e9t\u00e9es par une s\u00e9rie de Monographies reli\u00e9es au monde de la cartographie. Une [&hellip;]\" \/>\n<meta property=\"og:url\" content=\"https:\/\/www.fundaciomascort.com\/fr\/publication\/la-cartografia-de-la-coleccion-mascort\/\" \/>\n<meta property=\"og:site_name\" content=\"Fundaci\u00f3 Mascort\" \/>\n<meta property=\"article:publisher\" content=\"https:\/\/www.facebook.com\/fundaciomascort\" \/>\n<meta property=\"article:modified_time\" content=\"2024-04-29T00:01:01+00:00\" \/>\n<meta property=\"og:image\" content=\"https:\/\/www.fundaciomascort.com\/wp-content\/uploads\/2020\/03\/Coberta-Cartografia.jpg\" \/>\n\t<meta property=\"og:image:width\" content=\"1008\" \/>\n\t<meta property=\"og:image:height\" content=\"800\" \/>\n\t<meta property=\"og:image:type\" content=\"image\/jpeg\" \/>\n<meta name=\"twitter:card\" content=\"summary_large_image\" \/>\n<meta name=\"twitter:site\" content=\"@fundaciomascort\" \/>\n<meta name=\"twitter:label1\" content=\"Dur\u00e9e de lecture estim\u00e9e\" \/>\n\t<meta name=\"twitter:data1\" content=\"1 minute\" \/>\n<script type=\"application\/ld+json\" class=\"yoast-schema-graph\">{\"@context\":\"https:\/\/schema.org\",\"@graph\":[{\"@type\":\"WebPage\",\"@id\":\"https:\/\/www.fundaciomascort.com\/fr\/publication\/la-cartografia-de-la-coleccion-mascort\/\",\"url\":\"https:\/\/www.fundaciomascort.com\/fr\/publication\/la-cartografia-de-la-coleccion-mascort\/\",\"name\":\"La Cartograf\u00eda de la Colecci\u00f3n Mascort - Fundaci\u00f3 Mascort\",\"isPartOf\":{\"@id\":\"https:\/\/www.fundaciomascort.com\/fr\/#website\"},\"primaryImageOfPage\":{\"@id\":\"https:\/\/www.fundaciomascort.com\/fr\/publication\/la-cartografia-de-la-coleccion-mascort\/#primaryimage\"},\"image\":{\"@id\":\"https:\/\/www.fundaciomascort.com\/fr\/publication\/la-cartografia-de-la-coleccion-mascort\/#primaryimage\"},\"thumbnailUrl\":\"https:\/\/www.fundaciomascort.com\/wp-content\/uploads\/2020\/03\/Coberta-Cartografia.jpg\",\"datePublished\":\"2020-03-16T18:02:42+00:00\",\"dateModified\":\"2024-04-29T00:01:01+00:00\",\"breadcrumb\":{\"@id\":\"https:\/\/www.fundaciomascort.com\/fr\/publication\/la-cartografia-de-la-coleccion-mascort\/#breadcrumb\"},\"inLanguage\":\"fr-FR\",\"potentialAction\":[{\"@type\":\"ReadAction\",\"target\":[\"https:\/\/www.fundaciomascort.com\/fr\/publication\/la-cartografia-de-la-coleccion-mascort\/\"]}]},{\"@type\":\"ImageObject\",\"inLanguage\":\"fr-FR\",\"@id\":\"https:\/\/www.fundaciomascort.com\/fr\/publication\/la-cartografia-de-la-coleccion-mascort\/#primaryimage\",\"url\":\"https:\/\/www.fundaciomascort.com\/wp-content\/uploads\/2020\/03\/Coberta-Cartografia.jpg\",\"contentUrl\":\"https:\/\/www.fundaciomascort.com\/wp-content\/uploads\/2020\/03\/Coberta-Cartografia.jpg\",\"width\":1008,\"height\":800},{\"@type\":\"BreadcrumbList\",\"@id\":\"https:\/\/www.fundaciomascort.com\/fr\/publication\/la-cartografia-de-la-coleccion-mascort\/#breadcrumb\",\"itemListElement\":[{\"@type\":\"ListItem\",\"position\":1,\"name\":\"Home\",\"item\":\"https:\/\/www.fundaciomascort.com\/fr\/\"},{\"@type\":\"ListItem\",\"position\":2,\"name\":\"Publications\",\"item\":\"https:\/\/www.fundaciomascort.com\/fr\/publicacions\/\"},{\"@type\":\"ListItem\",\"position\":3,\"name\":\"La Cartograf\u00eda de la Colecci\u00f3n Mascort\"}]},{\"@type\":\"WebSite\",\"@id\":\"https:\/\/www.fundaciomascort.com\/fr\/#website\",\"url\":\"https:\/\/www.fundaciomascort.com\/fr\/\",\"name\":\"Fundaci\u00f3 Mascort\",\"description\":\"Esperem que compartiu amb nosaltres les exposicions de la Casa Galibern i les nostres publicacions.\",\"potentialAction\":[{\"@type\":\"SearchAction\",\"target\":{\"@type\":\"EntryPoint\",\"urlTemplate\":\"https:\/\/www.fundaciomascort.com\/fr\/?s={search_term_string}\"},\"query-input\":{\"@type\":\"PropertyValueSpecification\",\"valueRequired\":true,\"valueName\":\"search_term_string\"}}],\"inLanguage\":\"fr-FR\"}]}<\/script>\n<!-- \/ Yoast SEO plugin. -->","yoast_head_json":{"title":"La Cartograf\u00eda de la Colecci\u00f3n Mascort - Fundaci\u00f3 Mascort","robots":{"index":"index","follow":"follow","max-snippet":"max-snippet:-1","max-image-preview":"max-image-preview:large","max-video-preview":"max-video-preview:-1"},"canonical":"https:\/\/www.fundaciomascort.com\/fr\/publication\/la-cartografia-de-la-coleccion-mascort\/","og_locale":"fr_FR","og_type":"article","og_title":"La Cartograf\u00eda de la Colecci\u00f3n Mascort - Fundaci\u00f3 Mascort","og_description":"Le catalogue d\u00e9taille plus de 160 cartes isol\u00e9es qui vont du XVIe au XIXe si\u00e8cle \u2013 dont plus de 50 correspondent \u00e0 la Catalogne \u2013 et qui appartiennent aux principales \u00e9coles cartographiques europ\u00e9ennes, parmi lesquelles se distingue l\u2019\u00e9cole fran\u00e7aise. Ces cartes sont compl\u00e9t\u00e9es par une s\u00e9rie de Monographies reli\u00e9es au monde de la cartographie. Une [&hellip;]","og_url":"https:\/\/www.fundaciomascort.com\/fr\/publication\/la-cartografia-de-la-coleccion-mascort\/","og_site_name":"Fundaci\u00f3 Mascort","article_publisher":"https:\/\/www.facebook.com\/fundaciomascort","article_modified_time":"2024-04-29T00:01:01+00:00","og_image":[{"width":1008,"height":800,"url":"https:\/\/www.fundaciomascort.com\/wp-content\/uploads\/2020\/03\/Coberta-Cartografia.jpg","type":"image\/jpeg"}],"twitter_card":"summary_large_image","twitter_site":"@fundaciomascort","twitter_misc":{"Dur\u00e9e de lecture estim\u00e9e":"1 minute"},"schema":{"@context":"https:\/\/schema.org","@graph":[{"@type":"WebPage","@id":"https:\/\/www.fundaciomascort.com\/fr\/publication\/la-cartografia-de-la-coleccion-mascort\/","url":"https:\/\/www.fundaciomascort.com\/fr\/publication\/la-cartografia-de-la-coleccion-mascort\/","name":"La Cartograf\u00eda de la Colecci\u00f3n Mascort - Fundaci\u00f3 Mascort","isPartOf":{"@id":"https:\/\/www.fundaciomascort.com\/fr\/#website"},"primaryImageOfPage":{"@id":"https:\/\/www.fundaciomascort.com\/fr\/publication\/la-cartografia-de-la-coleccion-mascort\/#primaryimage"},"image":{"@id":"https:\/\/www.fundaciomascort.com\/fr\/publication\/la-cartografia-de-la-coleccion-mascort\/#primaryimage"},"thumbnailUrl":"https:\/\/www.fundaciomascort.com\/wp-content\/uploads\/2020\/03\/Coberta-Cartografia.jpg","datePublished":"2020-03-16T18:02:42+00:00","dateModified":"2024-04-29T00:01:01+00:00","breadcrumb":{"@id":"https:\/\/www.fundaciomascort.com\/fr\/publication\/la-cartografia-de-la-coleccion-mascort\/#breadcrumb"},"inLanguage":"fr-FR","potentialAction":[{"@type":"ReadAction","target":["https:\/\/www.fundaciomascort.com\/fr\/publication\/la-cartografia-de-la-coleccion-mascort\/"]}]},{"@type":"ImageObject","inLanguage":"fr-FR","@id":"https:\/\/www.fundaciomascort.com\/fr\/publication\/la-cartografia-de-la-coleccion-mascort\/#primaryimage","url":"https:\/\/www.fundaciomascort.com\/wp-content\/uploads\/2020\/03\/Coberta-Cartografia.jpg","contentUrl":"https:\/\/www.fundaciomascort.com\/wp-content\/uploads\/2020\/03\/Coberta-Cartografia.jpg","width":1008,"height":800},{"@type":"BreadcrumbList","@id":"https:\/\/www.fundaciomascort.com\/fr\/publication\/la-cartografia-de-la-coleccion-mascort\/#breadcrumb","itemListElement":[{"@type":"ListItem","position":1,"name":"Home","item":"https:\/\/www.fundaciomascort.com\/fr\/"},{"@type":"ListItem","position":2,"name":"Publications","item":"https:\/\/www.fundaciomascort.com\/fr\/publicacions\/"},{"@type":"ListItem","position":3,"name":"La Cartograf\u00eda de la Colecci\u00f3n Mascort"}]},{"@type":"WebSite","@id":"https:\/\/www.fundaciomascort.com\/fr\/#website","url":"https:\/\/www.fundaciomascort.com\/fr\/","name":"Fundaci\u00f3 Mascort","description":"Esperem que compartiu amb nosaltres les exposicions de la Casa Galibern i les nostres publicacions.","potentialAction":[{"@type":"SearchAction","target":{"@type":"EntryPoint","urlTemplate":"https:\/\/www.fundaciomascort.com\/fr\/?s={search_term_string}"},"query-input":{"@type":"PropertyValueSpecification","valueRequired":true,"valueName":"search_term_string"}}],"inLanguage":"fr-FR"}]}},"_links":{"self":[{"href":"https:\/\/www.fundaciomascort.com\/fr\/wp-json\/wp\/v2\/product\/11440"}],"collection":[{"href":"https:\/\/www.fundaciomascort.com\/fr\/wp-json\/wp\/v2\/product"}],"about":[{"href":"https:\/\/www.fundaciomascort.com\/fr\/wp-json\/wp\/v2\/types\/product"}],"wp:featuredmedia":[{"embeddable":true,"href":"https:\/\/www.fundaciomascort.com\/fr\/wp-json\/wp\/v2\/media\/9555"}],"wp:attachment":[{"href":"https:\/\/www.fundaciomascort.com\/fr\/wp-json\/wp\/v2\/media?parent=11440"}],"wp:term":[{"taxonomy":"product_brand","embeddable":true,"href":"https:\/\/www.fundaciomascort.com\/fr\/wp-json\/wp\/v2\/product_brand?post=11440"},{"taxonomy":"product_cat","embeddable":true,"href":"https:\/\/www.fundaciomascort.com\/fr\/wp-json\/wp\/v2\/product_cat?post=11440"},{"taxonomy":"product_tag","embeddable":true,"href":"https:\/\/www.fundaciomascort.com\/fr\/wp-json\/wp\/v2\/product_tag?post=11440"}],"curies":[{"name":"wp","href":"https:\/\/api.w.org\/{rel}","templated":true}]}}