{"id":11432,"date":"2020-01-21T10:21:24","date_gmt":"2020-01-21T10:21:24","guid":{"rendered":"https:\/\/www.fundaciomascort.com\/publicacio\/tots-els-ocells-i-mamifers-del-mon\/"},"modified":"2024-04-29T00:01:00","modified_gmt":"2024-04-29T00:01:00","slug":"tots-els-ocells-i-mamifers-del-mon","status":"publish","type":"product","link":"https:\/\/www.fundaciomascort.com\/fr\/publication\/tots-els-ocells-i-mamifers-del-mon\/","title":{"rendered":"Tots els ocells i mam\u00edfers del m\u00f3n"},"content":{"rendered":"<p>Enfin, et par ordre chronologique, toutes les publications de Lynx Edicions sont pr\u00e9sent\u00e9es, quelque 200 titres d\u00e9di\u00e9s au monde naturel.<\/p>\n<p>Le catalogue de l&rsquo;exposition nous emm\u00e8ne dans un voyage \u00e0 travers l&rsquo;histoire de Lynx Edicions. Il raconte comment la maison d&rsquo;\u00e9dition a \u00e9t\u00e9 fond\u00e9e sur la base de ce qui semblait \u00e0 beaucoup une id\u00e9e folle; la cr\u00e9ation, pour la premi\u00e8re fois, d&rsquo;une encyclop\u00e9die couvrant toutes les esp\u00e8ces d&rsquo;oiseaux du monde. Il d\u00e9crit les adversit\u00e9s v\u00e9cues au cours des premi\u00e8res ann\u00e9es par les trois fondateurs, Ramon Mascort, Josep del Hoyo et Jordi Sargatal, et comment ils ont guid\u00e9 le travail vers une conclusion r\u00e9ussie. D&rsquo;autres projets figurent \u00e9galement ici, certains faisant partie de notre histoire et d&rsquo;autres pr\u00e9vus pour l&rsquo;avenir.<\/p>\n<p>Le catalogue comprend les 75 planches d&rsquo;oiseaux qui sont expos\u00e9es par des artistes de la nature remarquables tels que Hilary Burn, Francesc Jutglar, Ian Willis et Ian Lewington, entre autres. Sont \u00e9galement inclus 14 planches montrant une bonne s\u00e9lection des groupes qui forment la classe Mammalia, principalement dessin\u00e9s par le c\u00e9l\u00e8bre artiste Toni Llobet.<\/p>\n","protected":false},"excerpt":{"rendered":"<p>ISBN:\u00a0978-84-09-16011-2<\/p>\n<p><strong>Josep del Hoyo i Jordi Sargatal<\/strong><\/p>\n<p>2019<\/p>\n<p>25 x 21 cm<\/p>\n<p>P\u00e0g. 196<\/p>\n","protected":false},"featured_media":9489,"template":"","meta":{"_acf_changed":false},"product_brand":[],"product_cat":[41],"product_tag":[],"class_list":{"0":"post-11432","1":"product","2":"type-product","3":"status-publish","4":"has-post-thumbnail","6":"product_cat-sense-categoria-fr","8":"first","9":"instock","10":"taxable","11":"shipping-taxable","12":"purchasable","13":"product-type-simple"},"acf":[],"yoast_head":"<!-- This site is optimized with the Yoast SEO plugin v25.6 - https:\/\/yoast.com\/wordpress\/plugins\/seo\/ -->\n<title>Tots els ocells i mam\u00edfers del m\u00f3n - Fundaci\u00f3 Mascort<\/title>\n<meta name=\"robots\" content=\"index, follow, max-snippet:-1, max-image-preview:large, max-video-preview:-1\" \/>\n<link rel=\"canonical\" href=\"https:\/\/www.fundaciomascort.com\/fr\/publication\/tots-els-ocells-i-mamifers-del-mon\/\" \/>\n<meta property=\"og:locale\" content=\"fr_FR\" \/>\n<meta property=\"og:type\" content=\"article\" \/>\n<meta property=\"og:title\" content=\"Tots els ocells i mam\u00edfers del m\u00f3n - Fundaci\u00f3 Mascort\" \/>\n<meta property=\"og:description\" content=\"ISBN:\u00a0978-84-09-16011-2  Josep del Hoyo i Jordi Sargatal  2019  25 x 21 cm  P\u00e0g. 196\" \/>\n<meta property=\"og:url\" content=\"https:\/\/www.fundaciomascort.com\/fr\/publication\/tots-els-ocells-i-mamifers-del-mon\/\" \/>\n<meta property=\"og:site_name\" content=\"Fundaci\u00f3 Mascort\" \/>\n<meta property=\"article:publisher\" content=\"https:\/\/www.facebook.com\/fundaciomascort\" \/>\n<meta property=\"article:modified_time\" content=\"2024-04-29T00:01:00+00:00\" \/>\n<meta property=\"og:image\" content=\"https:\/\/www.fundaciomascort.com\/wp-content\/uploads\/2020\/01\/Coberta-Lynx30.jpg\" \/>\n\t<meta property=\"og:image:width\" content=\"599\" \/>\n\t<meta property=\"og:image:height\" content=\"709\" \/>\n\t<meta property=\"og:image:type\" content=\"image\/jpeg\" \/>\n<meta name=\"twitter:card\" content=\"summary_large_image\" \/>\n<meta name=\"twitter:site\" content=\"@fundaciomascort\" \/>\n<meta name=\"twitter:label1\" content=\"Dur\u00e9e de lecture estim\u00e9e\" \/>\n\t<meta name=\"twitter:data1\" content=\"1 minute\" \/>\n<script type=\"application\/ld+json\" class=\"yoast-schema-graph\">{\"@context\":\"https:\/\/schema.org\",\"@graph\":[{\"@type\":\"WebPage\",\"@id\":\"https:\/\/www.fundaciomascort.com\/fr\/publication\/tots-els-ocells-i-mamifers-del-mon\/\",\"url\":\"https:\/\/www.fundaciomascort.com\/fr\/publication\/tots-els-ocells-i-mamifers-del-mon\/\",\"name\":\"Tots els ocells i mam\u00edfers del m\u00f3n - Fundaci\u00f3 Mascort\",\"isPartOf\":{\"@id\":\"https:\/\/www.fundaciomascort.com\/fr\/#website\"},\"primaryImageOfPage\":{\"@id\":\"https:\/\/www.fundaciomascort.com\/fr\/publication\/tots-els-ocells-i-mamifers-del-mon\/#primaryimage\"},\"image\":{\"@id\":\"https:\/\/www.fundaciomascort.com\/fr\/publication\/tots-els-ocells-i-mamifers-del-mon\/#primaryimage\"},\"thumbnailUrl\":\"https:\/\/www.fundaciomascort.com\/wp-content\/uploads\/2020\/01\/Coberta-Lynx30.jpg\",\"datePublished\":\"2020-01-21T10:21:24+00:00\",\"dateModified\":\"2024-04-29T00:01:00+00:00\",\"breadcrumb\":{\"@id\":\"https:\/\/www.fundaciomascort.com\/fr\/publication\/tots-els-ocells-i-mamifers-del-mon\/#breadcrumb\"},\"inLanguage\":\"fr-FR\",\"potentialAction\":[{\"@type\":\"ReadAction\",\"target\":[\"https:\/\/www.fundaciomascort.com\/fr\/publication\/tots-els-ocells-i-mamifers-del-mon\/\"]}]},{\"@type\":\"ImageObject\",\"inLanguage\":\"fr-FR\",\"@id\":\"https:\/\/www.fundaciomascort.com\/fr\/publication\/tots-els-ocells-i-mamifers-del-mon\/#primaryimage\",\"url\":\"https:\/\/www.fundaciomascort.com\/wp-content\/uploads\/2020\/01\/Coberta-Lynx30.jpg\",\"contentUrl\":\"https:\/\/www.fundaciomascort.com\/wp-content\/uploads\/2020\/01\/Coberta-Lynx30.jpg\",\"width\":599,\"height\":709},{\"@type\":\"BreadcrumbList\",\"@id\":\"https:\/\/www.fundaciomascort.com\/fr\/publication\/tots-els-ocells-i-mamifers-del-mon\/#breadcrumb\",\"itemListElement\":[{\"@type\":\"ListItem\",\"position\":1,\"name\":\"Home\",\"item\":\"https:\/\/www.fundaciomascort.com\/fr\/\"},{\"@type\":\"ListItem\",\"position\":2,\"name\":\"Publications\",\"item\":\"https:\/\/www.fundaciomascort.com\/fr\/publicacions\/\"},{\"@type\":\"ListItem\",\"position\":3,\"name\":\"Tots els ocells i mam\u00edfers del m\u00f3n\"}]},{\"@type\":\"WebSite\",\"@id\":\"https:\/\/www.fundaciomascort.com\/fr\/#website\",\"url\":\"https:\/\/www.fundaciomascort.com\/fr\/\",\"name\":\"Fundaci\u00f3 Mascort\",\"description\":\"Esperem que compartiu amb nosaltres les exposicions de la Casa Galibern i les nostres publicacions.\",\"potentialAction\":[{\"@type\":\"SearchAction\",\"target\":{\"@type\":\"EntryPoint\",\"urlTemplate\":\"https:\/\/www.fundaciomascort.com\/fr\/?s={search_term_string}\"},\"query-input\":{\"@type\":\"PropertyValueSpecification\",\"valueRequired\":true,\"valueName\":\"search_term_string\"}}],\"inLanguage\":\"fr-FR\"}]}<\/script>\n<!-- \/ Yoast SEO plugin. -->","yoast_head_json":{"title":"Tots els ocells i mam\u00edfers del m\u00f3n - Fundaci\u00f3 Mascort","robots":{"index":"index","follow":"follow","max-snippet":"max-snippet:-1","max-image-preview":"max-image-preview:large","max-video-preview":"max-video-preview:-1"},"canonical":"https:\/\/www.fundaciomascort.com\/fr\/publication\/tots-els-ocells-i-mamifers-del-mon\/","og_locale":"fr_FR","og_type":"article","og_title":"Tots els ocells i mam\u00edfers del m\u00f3n - Fundaci\u00f3 Mascort","og_description":"ISBN:\u00a0978-84-09-16011-2  Josep del Hoyo i Jordi Sargatal  2019  25 x 21 cm  P\u00e0g. 196","og_url":"https:\/\/www.fundaciomascort.com\/fr\/publication\/tots-els-ocells-i-mamifers-del-mon\/","og_site_name":"Fundaci\u00f3 Mascort","article_publisher":"https:\/\/www.facebook.com\/fundaciomascort","article_modified_time":"2024-04-29T00:01:00+00:00","og_image":[{"width":599,"height":709,"url":"https:\/\/www.fundaciomascort.com\/wp-content\/uploads\/2020\/01\/Coberta-Lynx30.jpg","type":"image\/jpeg"}],"twitter_card":"summary_large_image","twitter_site":"@fundaciomascort","twitter_misc":{"Dur\u00e9e de lecture estim\u00e9e":"1 minute"},"schema":{"@context":"https:\/\/schema.org","@graph":[{"@type":"WebPage","@id":"https:\/\/www.fundaciomascort.com\/fr\/publication\/tots-els-ocells-i-mamifers-del-mon\/","url":"https:\/\/www.fundaciomascort.com\/fr\/publication\/tots-els-ocells-i-mamifers-del-mon\/","name":"Tots els ocells i mam\u00edfers del m\u00f3n - Fundaci\u00f3 Mascort","isPartOf":{"@id":"https:\/\/www.fundaciomascort.com\/fr\/#website"},"primaryImageOfPage":{"@id":"https:\/\/www.fundaciomascort.com\/fr\/publication\/tots-els-ocells-i-mamifers-del-mon\/#primaryimage"},"image":{"@id":"https:\/\/www.fundaciomascort.com\/fr\/publication\/tots-els-ocells-i-mamifers-del-mon\/#primaryimage"},"thumbnailUrl":"https:\/\/www.fundaciomascort.com\/wp-content\/uploads\/2020\/01\/Coberta-Lynx30.jpg","datePublished":"2020-01-21T10:21:24+00:00","dateModified":"2024-04-29T00:01:00+00:00","breadcrumb":{"@id":"https:\/\/www.fundaciomascort.com\/fr\/publication\/tots-els-ocells-i-mamifers-del-mon\/#breadcrumb"},"inLanguage":"fr-FR","potentialAction":[{"@type":"ReadAction","target":["https:\/\/www.fundaciomascort.com\/fr\/publication\/tots-els-ocells-i-mamifers-del-mon\/"]}]},{"@type":"ImageObject","inLanguage":"fr-FR","@id":"https:\/\/www.fundaciomascort.com\/fr\/publication\/tots-els-ocells-i-mamifers-del-mon\/#primaryimage","url":"https:\/\/www.fundaciomascort.com\/wp-content\/uploads\/2020\/01\/Coberta-Lynx30.jpg","contentUrl":"https:\/\/www.fundaciomascort.com\/wp-content\/uploads\/2020\/01\/Coberta-Lynx30.jpg","width":599,"height":709},{"@type":"BreadcrumbList","@id":"https:\/\/www.fundaciomascort.com\/fr\/publication\/tots-els-ocells-i-mamifers-del-mon\/#breadcrumb","itemListElement":[{"@type":"ListItem","position":1,"name":"Home","item":"https:\/\/www.fundaciomascort.com\/fr\/"},{"@type":"ListItem","position":2,"name":"Publications","item":"https:\/\/www.fundaciomascort.com\/fr\/publicacions\/"},{"@type":"ListItem","position":3,"name":"Tots els ocells i mam\u00edfers del m\u00f3n"}]},{"@type":"WebSite","@id":"https:\/\/www.fundaciomascort.com\/fr\/#website","url":"https:\/\/www.fundaciomascort.com\/fr\/","name":"Fundaci\u00f3 Mascort","description":"Esperem que compartiu amb nosaltres les exposicions de la Casa Galibern i les nostres publicacions.","potentialAction":[{"@type":"SearchAction","target":{"@type":"EntryPoint","urlTemplate":"https:\/\/www.fundaciomascort.com\/fr\/?s={search_term_string}"},"query-input":{"@type":"PropertyValueSpecification","valueRequired":true,"valueName":"search_term_string"}}],"inLanguage":"fr-FR"}]}},"_links":{"self":[{"href":"https:\/\/www.fundaciomascort.com\/fr\/wp-json\/wp\/v2\/product\/11432"}],"collection":[{"href":"https:\/\/www.fundaciomascort.com\/fr\/wp-json\/wp\/v2\/product"}],"about":[{"href":"https:\/\/www.fundaciomascort.com\/fr\/wp-json\/wp\/v2\/types\/product"}],"wp:featuredmedia":[{"embeddable":true,"href":"https:\/\/www.fundaciomascort.com\/fr\/wp-json\/wp\/v2\/media\/9489"}],"wp:attachment":[{"href":"https:\/\/www.fundaciomascort.com\/fr\/wp-json\/wp\/v2\/media?parent=11432"}],"wp:term":[{"taxonomy":"product_brand","embeddable":true,"href":"https:\/\/www.fundaciomascort.com\/fr\/wp-json\/wp\/v2\/product_brand?post=11432"},{"taxonomy":"product_cat","embeddable":true,"href":"https:\/\/www.fundaciomascort.com\/fr\/wp-json\/wp\/v2\/product_cat?post=11432"},{"taxonomy":"product_tag","embeddable":true,"href":"https:\/\/www.fundaciomascort.com\/fr\/wp-json\/wp\/v2\/product_tag?post=11432"}],"curies":[{"name":"wp","href":"https:\/\/api.w.org\/{rel}","templated":true}]}}