{"id":11428,"date":"2020-03-16T18:00:53","date_gmt":"2020-03-16T18:00:53","guid":{"rendered":"https:\/\/www.fundaciomascort.com\/publicacio\/vides-privades\/"},"modified":"2024-04-29T00:01:03","modified_gmt":"2024-04-29T00:01:03","slug":"vides-privades","status":"publish","type":"product","link":"https:\/\/www.fundaciomascort.com\/fr\/publication\/vides-privades\/","title":{"rendered":"Vides privades"},"content":{"rendered":"<p>Le catalogue est un excellent document lorsqu&rsquo;il s&rsquo;agit de revoir et de souligner l&rsquo;importance de ces collections photographiques pour conna\u00eetre non seulement l&rsquo;histoire de la photographie, mais aussi pour reconna\u00eetre la photographie priv\u00e9e comme un objet pr\u00e9cieux pour documenter notre pass\u00e9.<\/p>\n<p>L&rsquo;objectif principal de ce catalogue est de montrer les caract\u00e9ristiques de la collection photographique que Ram\u00f3n Mascort Amig\u00f3 (Barcelone, 19 octobre 1930) a collectionn\u00e9e tout au long de sa vie et qui constitue non seulement la collection photographique de la famille Mascort, mais aussi int\u00e8gre des images de membres d&rsquo;autres familles qui lui sont li\u00e9es. Compte tenu de l&rsquo;\u00e9tendue chronologique de la collection, le catalogue a \u00e9t\u00e9 limit\u00e9 aux images qui s&rsquo;\u00e9tendent de 1860 \u00e0 1960, un si\u00e8cle entier qui r\u00e9sume en grande partie l&rsquo;\u00e9volution historique importante de la photographie, dans des domaines aussi divers que l&rsquo;histoire, la technique et la th\u00e9matique. et son r\u00f4le dans la soci\u00e9t\u00e9.<\/p>\n<p>Le catalogue comprend une \u00e9tude introductive qui montre le potentiel informatif que cette collection nous offre de diff\u00e9rents points de vue, \u00e0 la fois de la sph\u00e8re mat\u00e9rielle elle-m\u00eame et de son \u00e9tat de conservation, ainsi que des caract\u00e9ristiques physiques et des proc\u00e9dures photographiques utilis\u00e9es. L&rsquo;\u00e9tude pr\u00e9sente l&rsquo;int\u00e9gration progressive de la photographie dans l&rsquo;environnement domestique et ses usages, des informations sur les photographes nationaux et internationaux expos\u00e9s et le r\u00f4le de la photographie dans la sph\u00e8re sociale du moment. L&rsquo;aspect de la photographie est \u00e9galement mis en \u00e9vidence en tant que document et t\u00e9moignage de notre histoire la plus proche d&rsquo;un aspect sociologique qui documente les traditions et les festivit\u00e9s locales, et les paysages urbains et la r\u00e9gion du Baix Empord\u00e0, ainsi que les m\u00e9tiers, les loisirs et les activit\u00e9s. coutumes de certaines g\u00e9n\u00e9rations repr\u00e9sent\u00e9es.<\/p>\n","protected":false},"excerpt":{"rendered":"<p>Le catalogue est un excellent document lorsqu&rsquo;il s&rsquo;agit de revoir et de souligner l&rsquo;importance de ces collections photographiques pour conna\u00eetre non seulement l&rsquo;histoire de la photographie, mais aussi pour reconna\u00eetre la photographie priv\u00e9e comme un objet pr\u00e9cieux pour documenter notre pass\u00e9. L&rsquo;objectif principal de ce catalogue est de montrer les caract\u00e9ristiques de la collection photographique [&hellip;]<\/p>\n","protected":false},"featured_media":9549,"template":"","meta":{"_acf_changed":false},"product_brand":[],"product_cat":[41],"product_tag":[],"class_list":{"0":"post-11428","1":"product","2":"type-product","3":"status-publish","4":"has-post-thumbnail","6":"product_cat-sense-categoria-fr","8":"first","9":"instock","10":"taxable","11":"shipping-taxable","12":"purchasable","13":"product-type-simple"},"acf":[],"yoast_head":"<!-- This site is optimized with the Yoast SEO plugin v25.6 - https:\/\/yoast.com\/wordpress\/plugins\/seo\/ -->\n<title>Vides privades - Fundaci\u00f3 Mascort<\/title>\n<meta name=\"robots\" content=\"index, follow, max-snippet:-1, max-image-preview:large, max-video-preview:-1\" \/>\n<link rel=\"canonical\" href=\"https:\/\/www.fundaciomascort.com\/fr\/publication\/vides-privades\/\" \/>\n<meta property=\"og:locale\" content=\"fr_FR\" \/>\n<meta property=\"og:type\" content=\"article\" \/>\n<meta property=\"og:title\" content=\"Vides privades - Fundaci\u00f3 Mascort\" \/>\n<meta property=\"og:description\" content=\"Le catalogue est un excellent document lorsqu&rsquo;il s&rsquo;agit de revoir et de souligner l&rsquo;importance de ces collections photographiques pour conna\u00eetre non seulement l&rsquo;histoire de la photographie, mais aussi pour reconna\u00eetre la photographie priv\u00e9e comme un objet pr\u00e9cieux pour documenter notre pass\u00e9. L&rsquo;objectif principal de ce catalogue est de montrer les caract\u00e9ristiques de la collection photographique [&hellip;]\" \/>\n<meta property=\"og:url\" content=\"https:\/\/www.fundaciomascort.com\/fr\/publication\/vides-privades\/\" \/>\n<meta property=\"og:site_name\" content=\"Fundaci\u00f3 Mascort\" \/>\n<meta property=\"article:publisher\" content=\"https:\/\/www.facebook.com\/fundaciomascort\" \/>\n<meta property=\"article:modified_time\" content=\"2024-04-29T00:01:03+00:00\" \/>\n<meta property=\"og:image\" content=\"https:\/\/www.fundaciomascort.com\/wp-content\/uploads\/2020\/03\/Coberta-Vides-Privades.jpg\" \/>\n\t<meta property=\"og:image:width\" content=\"595\" \/>\n\t<meta property=\"og:image:height\" content=\"709\" \/>\n\t<meta property=\"og:image:type\" content=\"image\/jpeg\" \/>\n<meta name=\"twitter:card\" content=\"summary_large_image\" \/>\n<meta name=\"twitter:site\" content=\"@fundaciomascort\" \/>\n<meta name=\"twitter:label1\" content=\"Dur\u00e9e de lecture estim\u00e9e\" \/>\n\t<meta name=\"twitter:data1\" content=\"2 minutes\" \/>\n<script type=\"application\/ld+json\" class=\"yoast-schema-graph\">{\"@context\":\"https:\/\/schema.org\",\"@graph\":[{\"@type\":\"WebPage\",\"@id\":\"https:\/\/www.fundaciomascort.com\/fr\/publication\/vides-privades\/\",\"url\":\"https:\/\/www.fundaciomascort.com\/fr\/publication\/vides-privades\/\",\"name\":\"Vides privades - Fundaci\u00f3 Mascort\",\"isPartOf\":{\"@id\":\"https:\/\/www.fundaciomascort.com\/fr\/#website\"},\"primaryImageOfPage\":{\"@id\":\"https:\/\/www.fundaciomascort.com\/fr\/publication\/vides-privades\/#primaryimage\"},\"image\":{\"@id\":\"https:\/\/www.fundaciomascort.com\/fr\/publication\/vides-privades\/#primaryimage\"},\"thumbnailUrl\":\"https:\/\/www.fundaciomascort.com\/wp-content\/uploads\/2020\/03\/Coberta-Vides-Privades.jpg\",\"datePublished\":\"2020-03-16T18:00:53+00:00\",\"dateModified\":\"2024-04-29T00:01:03+00:00\",\"breadcrumb\":{\"@id\":\"https:\/\/www.fundaciomascort.com\/fr\/publication\/vides-privades\/#breadcrumb\"},\"inLanguage\":\"fr-FR\",\"potentialAction\":[{\"@type\":\"ReadAction\",\"target\":[\"https:\/\/www.fundaciomascort.com\/fr\/publication\/vides-privades\/\"]}]},{\"@type\":\"ImageObject\",\"inLanguage\":\"fr-FR\",\"@id\":\"https:\/\/www.fundaciomascort.com\/fr\/publication\/vides-privades\/#primaryimage\",\"url\":\"https:\/\/www.fundaciomascort.com\/wp-content\/uploads\/2020\/03\/Coberta-Vides-Privades.jpg\",\"contentUrl\":\"https:\/\/www.fundaciomascort.com\/wp-content\/uploads\/2020\/03\/Coberta-Vides-Privades.jpg\",\"width\":595,\"height\":709},{\"@type\":\"BreadcrumbList\",\"@id\":\"https:\/\/www.fundaciomascort.com\/fr\/publication\/vides-privades\/#breadcrumb\",\"itemListElement\":[{\"@type\":\"ListItem\",\"position\":1,\"name\":\"Home\",\"item\":\"https:\/\/www.fundaciomascort.com\/fr\/\"},{\"@type\":\"ListItem\",\"position\":2,\"name\":\"Publications\",\"item\":\"https:\/\/www.fundaciomascort.com\/fr\/publicacions\/\"},{\"@type\":\"ListItem\",\"position\":3,\"name\":\"Vides privades\"}]},{\"@type\":\"WebSite\",\"@id\":\"https:\/\/www.fundaciomascort.com\/fr\/#website\",\"url\":\"https:\/\/www.fundaciomascort.com\/fr\/\",\"name\":\"Fundaci\u00f3 Mascort\",\"description\":\"Esperem que compartiu amb nosaltres les exposicions de la Casa Galibern i les nostres publicacions.\",\"potentialAction\":[{\"@type\":\"SearchAction\",\"target\":{\"@type\":\"EntryPoint\",\"urlTemplate\":\"https:\/\/www.fundaciomascort.com\/fr\/?s={search_term_string}\"},\"query-input\":{\"@type\":\"PropertyValueSpecification\",\"valueRequired\":true,\"valueName\":\"search_term_string\"}}],\"inLanguage\":\"fr-FR\"}]}<\/script>\n<!-- \/ Yoast SEO plugin. -->","yoast_head_json":{"title":"Vides privades - Fundaci\u00f3 Mascort","robots":{"index":"index","follow":"follow","max-snippet":"max-snippet:-1","max-image-preview":"max-image-preview:large","max-video-preview":"max-video-preview:-1"},"canonical":"https:\/\/www.fundaciomascort.com\/fr\/publication\/vides-privades\/","og_locale":"fr_FR","og_type":"article","og_title":"Vides privades - Fundaci\u00f3 Mascort","og_description":"Le catalogue est un excellent document lorsqu&rsquo;il s&rsquo;agit de revoir et de souligner l&rsquo;importance de ces collections photographiques pour conna\u00eetre non seulement l&rsquo;histoire de la photographie, mais aussi pour reconna\u00eetre la photographie priv\u00e9e comme un objet pr\u00e9cieux pour documenter notre pass\u00e9. L&rsquo;objectif principal de ce catalogue est de montrer les caract\u00e9ristiques de la collection photographique [&hellip;]","og_url":"https:\/\/www.fundaciomascort.com\/fr\/publication\/vides-privades\/","og_site_name":"Fundaci\u00f3 Mascort","article_publisher":"https:\/\/www.facebook.com\/fundaciomascort","article_modified_time":"2024-04-29T00:01:03+00:00","og_image":[{"width":595,"height":709,"url":"https:\/\/www.fundaciomascort.com\/wp-content\/uploads\/2020\/03\/Coberta-Vides-Privades.jpg","type":"image\/jpeg"}],"twitter_card":"summary_large_image","twitter_site":"@fundaciomascort","twitter_misc":{"Dur\u00e9e de lecture estim\u00e9e":"2 minutes"},"schema":{"@context":"https:\/\/schema.org","@graph":[{"@type":"WebPage","@id":"https:\/\/www.fundaciomascort.com\/fr\/publication\/vides-privades\/","url":"https:\/\/www.fundaciomascort.com\/fr\/publication\/vides-privades\/","name":"Vides privades - Fundaci\u00f3 Mascort","isPartOf":{"@id":"https:\/\/www.fundaciomascort.com\/fr\/#website"},"primaryImageOfPage":{"@id":"https:\/\/www.fundaciomascort.com\/fr\/publication\/vides-privades\/#primaryimage"},"image":{"@id":"https:\/\/www.fundaciomascort.com\/fr\/publication\/vides-privades\/#primaryimage"},"thumbnailUrl":"https:\/\/www.fundaciomascort.com\/wp-content\/uploads\/2020\/03\/Coberta-Vides-Privades.jpg","datePublished":"2020-03-16T18:00:53+00:00","dateModified":"2024-04-29T00:01:03+00:00","breadcrumb":{"@id":"https:\/\/www.fundaciomascort.com\/fr\/publication\/vides-privades\/#breadcrumb"},"inLanguage":"fr-FR","potentialAction":[{"@type":"ReadAction","target":["https:\/\/www.fundaciomascort.com\/fr\/publication\/vides-privades\/"]}]},{"@type":"ImageObject","inLanguage":"fr-FR","@id":"https:\/\/www.fundaciomascort.com\/fr\/publication\/vides-privades\/#primaryimage","url":"https:\/\/www.fundaciomascort.com\/wp-content\/uploads\/2020\/03\/Coberta-Vides-Privades.jpg","contentUrl":"https:\/\/www.fundaciomascort.com\/wp-content\/uploads\/2020\/03\/Coberta-Vides-Privades.jpg","width":595,"height":709},{"@type":"BreadcrumbList","@id":"https:\/\/www.fundaciomascort.com\/fr\/publication\/vides-privades\/#breadcrumb","itemListElement":[{"@type":"ListItem","position":1,"name":"Home","item":"https:\/\/www.fundaciomascort.com\/fr\/"},{"@type":"ListItem","position":2,"name":"Publications","item":"https:\/\/www.fundaciomascort.com\/fr\/publicacions\/"},{"@type":"ListItem","position":3,"name":"Vides privades"}]},{"@type":"WebSite","@id":"https:\/\/www.fundaciomascort.com\/fr\/#website","url":"https:\/\/www.fundaciomascort.com\/fr\/","name":"Fundaci\u00f3 Mascort","description":"Esperem que compartiu amb nosaltres les exposicions de la Casa Galibern i les nostres publicacions.","potentialAction":[{"@type":"SearchAction","target":{"@type":"EntryPoint","urlTemplate":"https:\/\/www.fundaciomascort.com\/fr\/?s={search_term_string}"},"query-input":{"@type":"PropertyValueSpecification","valueRequired":true,"valueName":"search_term_string"}}],"inLanguage":"fr-FR"}]}},"_links":{"self":[{"href":"https:\/\/www.fundaciomascort.com\/fr\/wp-json\/wp\/v2\/product\/11428"}],"collection":[{"href":"https:\/\/www.fundaciomascort.com\/fr\/wp-json\/wp\/v2\/product"}],"about":[{"href":"https:\/\/www.fundaciomascort.com\/fr\/wp-json\/wp\/v2\/types\/product"}],"wp:featuredmedia":[{"embeddable":true,"href":"https:\/\/www.fundaciomascort.com\/fr\/wp-json\/wp\/v2\/media\/9549"}],"wp:attachment":[{"href":"https:\/\/www.fundaciomascort.com\/fr\/wp-json\/wp\/v2\/media?parent=11428"}],"wp:term":[{"taxonomy":"product_brand","embeddable":true,"href":"https:\/\/www.fundaciomascort.com\/fr\/wp-json\/wp\/v2\/product_brand?post=11428"},{"taxonomy":"product_cat","embeddable":true,"href":"https:\/\/www.fundaciomascort.com\/fr\/wp-json\/wp\/v2\/product_cat?post=11428"},{"taxonomy":"product_tag","embeddable":true,"href":"https:\/\/www.fundaciomascort.com\/fr\/wp-json\/wp\/v2\/product_tag?post=11428"}],"curies":[{"name":"wp","href":"https:\/\/api.w.org\/{rel}","templated":true}]}}