{"id":11681,"date":"2020-05-28T13:30:16","date_gmt":"2020-05-28T13:30:16","guid":{"rendered":"https:\/\/www.fundaciomascort.com\/politica-de-cookies\/"},"modified":"2020-05-28T14:18:34","modified_gmt":"2020-05-28T14:18:34","slug":"politica-de-cookies","status":"publish","type":"page","link":"https:\/\/www.fundaciomascort.com\/fr\/politica-de-cookies\/","title":{"rendered":"Pol\u00edtica de cookies"},"content":{"rendered":"<div class=\"cli_pg_page_contaner\">\n<p>Un cookie est un fichier t\u00e9l\u00e9charg\u00e9 sur votre ordinateur lorsque vous acc\u00e9dez \u00e0 certaines pages Web. Les cookies permettent une page Web, parmi \u00a0d&rsquo;autres choses, pour stocker et r\u00e9cup\u00e9rer des informations sur les habitudes de navigation d&rsquo;un utilisateur ou de son \u00e9quipement et, en fonction de \u00a0sur les informations qu&rsquo;il contient et sur la mani\u00e8re dont elles utilisent leur \u00e9quipement, elles peuvent \u00eatre utilis\u00e9es pour reconna\u00eetre l&rsquo;utilisateur.<\/p>\n<p>Les cookies sont essentiels au fonctionnement d\u2019Internet, offrant d\u2019innombrables avantages dans la fourniture de services interactifs. \u00a0services, facilitant la navigation et la convivialit\u00e9 de notre site Web.<\/p>\n<p>Les informations fournies ci-dessous vous aideront \u00e0 comprendre les diff\u00e9rents types de cookies:<\/p>\n<table>\n<tbody>\n<tr>\n<th id=\"entity\" colspan=\"2\">Selon l&rsquo;entit\u00e9 qui les g\u00e8re<\/th>\n<\/tr>\n<tr>\n<td class=\"\">Propres cookies<\/td>\n<td class=\"\">Sont ceux qui sont collect\u00e9s par l&rsquo;\u00e9diteur pour fournir le service demand\u00e9 par l&rsquo;utilisateur.<\/td>\n<\/tr>\n<tr>\n<td class=\"\">Cookies tiers<\/td>\n<td class=\"\">Est-ce que ceux qui sont collect\u00e9s et g\u00e9r\u00e9s par un tiers ne peuvent pas \u00eatre consid\u00e9r\u00e9s comme propres?<\/td>\n<\/tr>\n<tr>\n<th id=\"time\" colspan=\"2\">En fonction de la dur\u00e9e pendant laquelle ils restent actifs<\/th>\n<\/tr>\n<tr>\n<td class=\"\">Cookies de session<\/td>\n<td class=\"\">Ils collectent des donn\u00e9es pendant que l\u2019utilisateur navigue sur le r\u00e9seau pour fournir le service demand\u00e9.<\/td>\n<\/tr>\n<tr>\n<td class=\"\">Cookies persistants<\/td>\n<td class=\"\">Ils sont stock\u00e9s dans le terminal et les informations obtenues seront utilis\u00e9es par le responsable du \u00a0\u00a0\u00a0\u00a0\u00a0\u00a0\u00a0\u00a0\u00a0\u00a0\u00a0\u00a0\u00a0cookie afin de fournir le service demand\u00e9.<\/td>\n<\/tr>\n<tr>\n<th id=\"goal\" colspan=\"2\">Selon votre objectif<\/th>\n<\/tr>\n<tr>\n<td class=\"\">Cookies techniques<\/td>\n<td class=\"\">Ce sont les \u00e9l\u00e9ments n\u00e9cessaires \u00e0 la navigation correcte sur le Web.<\/td>\n<\/tr>\n<tr>\n<td class=\"\">Cookies de personnalisation<\/td>\n<td class=\"\">Permettre \u00e0 l&rsquo;utilisateur les caract\u00e9ristiques (langue) de navigation sur le site Web<\/td>\n<\/tr>\n<tr>\n<td class=\"\">Cookies d&rsquo;analyse<\/td>\n<td class=\"\">Ils permettent l\u2019analyse du fournisseur li\u00e9e \u00e0 la navigation effectu\u00e9e par l\u2019utilisateur, afin de suivre la \u00a0\u00a0\u00a0\u00a0\u00a0\u00a0\u00a0\u00a0\u00a0\u00a0\u00a0\u00a0\u00a0utilisation du site Web, ainsi que des statistiques sur le contenu le plus visit\u00e9, le nombre de visiteurs, etc..<\/td>\n<\/tr>\n<tr>\n<td class=\"\">Cookies publicitaires<\/td>\n<td class=\"\">Ils permettent \u00e0 l&rsquo;\u00e9diteur d&rsquo;inclure des espaces publicitaires sur le Web, en fonction du contenu du site Web lui-m\u00eame.<\/td>\n<\/tr>\n<tr>\n<td class=\"\">Cookies de publicit\u00e9 comportementale<\/td>\n<td class=\"\">Ils permettent \u00e0 l&rsquo;\u00e9diteur d&rsquo;inclure des espaces publicitaires sur la page Web en fonction des informations obtenues \u00a0\u00a0\u00a0\u00a0\u00a0\u00a0\u00a0\u00a0\u00a0\u00a0\u00a0\u00a0\u00a0\u00e0 travers les habitudes de navigation de l&rsquo;utilisateur.<\/td>\n<\/tr>\n<\/tbody>\n<\/table>\n<p>Selon les dispositions de l\u2019article 22.2 de la loi 34\/2002 du 11 juillet relative aux services de la soci\u00e9t\u00e9 de l\u2019information et aux \u00a0Commerce (LSSI-CE), Fundaci\u00f3 Privada Mascort informe sur les cookies utilis\u00e9s sur notre site Web:<\/p>\n<ul>\n<li>Cookies de session technique<\/li>\n<li>Cookies de session Google Analytics pour analyse<\/li>\n<\/ul>\n<p>Google Analytics: stocke les cookies pour pouvoir compiler des statistiques sur le trafic et le volume de visites sur ce site Web. \u00a0En utilisant ce site, vous consentez au traitement des informations vous concernant par Google. Par cons\u00e9quent, l&rsquo;exercice \u00a0de tout droit \u00e0 cet \u00e9gard doit le faire en communiquant directement avec Google.<\/p>\n<p>Les cookies Google Analytics sont stock\u00e9s sur des serveurs situ\u00e9s aux \u00c9tats-Unis et acceptent de ne pas les partager avec des tiers, \u00a0sauf dans les cas o\u00f9 cela est n\u00e9cessaire au fonctionnement du syst\u00e8me ou lorsque la loi l&rsquo;exige. Selon \u00a0Google ne sauvegarde pas votre adresse IP.<\/p>\n<p>Google Inc. est une soci\u00e9t\u00e9 adh\u00e9rant \u00e0 \u00ab\u00a0Privacy Shiels\u00a0\u00bb (bouclier de confidentialit\u00e9) qui garantit que toutes les donn\u00e9es transf\u00e9r\u00e9es seront \u00a0\u00eatre trait\u00e9 avec un niveau de protection conforme \u00e0 la r\u00e9glementation europ\u00e9enne. Vous pouvez trouver des informations d\u00e9taill\u00e9es dans ce \u00a0\u00e0 travers le lien suivant: \u00a0<a href=\"https:\/\/support.google.com\/analytics\/answer\/6004245\" target=\"_blank\" rel=\"noopener noreferrer\"> https:\/\/support.google.com\/analytics\/answer\/6004245 <\/a>.&lt;\/p &gt;<\/p>\n<p>Si vous le souhaitez, vous pouvez utiliser le module compl\u00e9mentaire Google Analytics Disabled Browser, gr\u00e2ce auquel des cookies analytiques d&rsquo;instructions pour \u00a0Ce service peut \u00eatre rejet\u00e9 dans tous les navigateurs. Vous pouvez trouver plus d&rsquo;informations \u00e0 ce sujet au lien suivant: \u00a0<a href=\"https:\/\/tools.google.com\/dlpage\/gaoptout\" target=\"_blank\" rel=\"noopener noreferrer\"> https:\/\/tools.google.com\/dlpage\/gaoptout <\/a><\/p>\n<p>De m\u00eame, Fundaci\u00f3 Privada Mascort\u00a0informe l&rsquo;utilisateur qu&rsquo;il a la possibilit\u00e9 de configurer son navigateur pour qu&rsquo;il soit inform\u00e9 \u00a0de la r\u00e9ception des cookies, et peut, s\u2019il le souhaite, emp\u00eacher leur installation sur son disque dur.<\/p>\n<p>Ci-dessous, nous fournissons les liens de diff\u00e9rents navigateurs, gr\u00e2ce auxquels vous pouvez d\u00e9finir de tels param\u00e8tres:<\/p>\n<ul>\n<li>Firefox \u00e0 partir d\u2019ici: <a href=\"https:\/\/support.mozilla.org\/fr -US \/ kb \/ cookies-information-sites-web-store-on-your-computer\" target=\" _blank \" rel=\"noopener noreferrer\">https:\/\/support.mozilla.org\/en-US\/kb\/cookies-information-websites-store-on -votre-ordinateur <\/a><\/li>\n<li>Chrome \u00e0 partir d&rsquo;ici: <a href=\"http:\/\/support.google.com\/chrome\/bin\/answer.py?hl=fr&amp;answer=95647\" target=\"_blank\" rel=\"noopener noreferrer\">http:\/\/support.google.com\/chrome\/bin\/answer.py?hl=fr&amp;answer=95647 <\/a><\/li>\n<li>Explorateur \u00e0 partir d&rsquo;ici: <a href=\"http:\/\/windows.microsoft.com\/es-es\/internet-explorer\/delete-manage-cookies#ie=ie-10\" target=\"_blank\" rel=\"noopener noreferrer\">http:\/\/windows.microsoft.com\/es-es \/ internet-explorer \/ delete-manage-cookies # ie = ie-10 <\/a><\/li>\n<li>Safari \u00e0 partir d&rsquo;ici: <a href=\"https:\/\/support.apple.com\/kb\/ph21411? locale = en_GB\" target=\" _blank \" rel=\"noopener noreferrer\">https:\/\/support.apple.com\/kb\/ph21411?locale=fr_FR <\/a><\/li>\n<li>Opera \u00e0 partir d&rsquo;ici: <a href=\"http: \/ \/help.opera.com\/Windows\/11.50\/en\/cookies.html\">http:\/\/help.opera.com\/Windows\/11.50\/en\/cookies.html<\/a><\/li>\n<\/ul>\n<ul>\n<li><\/li>\n<\/ul>\n<\/div>\n","protected":false},"excerpt":{"rendered":"<p>Un cookie est un fichier t\u00e9l\u00e9charg\u00e9 sur votre ordinateur lorsque vous acc\u00e9dez \u00e0 certaines pages Web. Les cookies permettent une page Web, parmi \u00a0d&rsquo;autres choses, pour stocker et r\u00e9cup\u00e9rer des informations sur les habitudes de navigation d&rsquo;un utilisateur ou de son \u00e9quipement et, en fonction de \u00a0sur les informations qu&rsquo;il contient et sur la mani\u00e8re [&hellip;]<\/p>\n","protected":false},"author":1,"featured_media":0,"parent":0,"menu_order":13,"comment_status":"closed","ping_status":"closed","template":"","meta":{"_acf_changed":false,"footnotes":""},"class_list":["post-11681","page","type-page","status-publish","hentry"],"acf":[],"yoast_head":"<!-- This site is optimized with the Yoast SEO plugin v25.6 - https:\/\/yoast.com\/wordpress\/plugins\/seo\/ -->\n<title>Pol\u00edtica de cookies - Fundaci\u00f3 Mascort<\/title>\n<meta name=\"robots\" content=\"index, follow, max-snippet:-1, max-image-preview:large, max-video-preview:-1\" \/>\n<link rel=\"canonical\" href=\"https:\/\/www.fundaciomascort.com\/fr\/politica-de-cookies\/\" \/>\n<meta property=\"og:locale\" content=\"fr_FR\" \/>\n<meta property=\"og:type\" content=\"article\" \/>\n<meta property=\"og:title\" content=\"Pol\u00edtica de cookies - Fundaci\u00f3 Mascort\" \/>\n<meta property=\"og:description\" content=\"Un cookie est un fichier t\u00e9l\u00e9charg\u00e9 sur votre ordinateur lorsque vous acc\u00e9dez \u00e0 certaines pages Web. Les cookies permettent une page Web, parmi \u00a0d&rsquo;autres choses, pour stocker et r\u00e9cup\u00e9rer des informations sur les habitudes de navigation d&rsquo;un utilisateur ou de son \u00e9quipement et, en fonction de \u00a0sur les informations qu&rsquo;il contient et sur la mani\u00e8re [&hellip;]\" \/>\n<meta property=\"og:url\" content=\"https:\/\/www.fundaciomascort.com\/fr\/politica-de-cookies\/\" \/>\n<meta property=\"og:site_name\" content=\"Fundaci\u00f3 Mascort\" \/>\n<meta property=\"article:publisher\" content=\"https:\/\/www.facebook.com\/fundaciomascort\" \/>\n<meta property=\"article:modified_time\" content=\"2020-05-28T14:18:34+00:00\" \/>\n<meta name=\"twitter:card\" content=\"summary_large_image\" \/>\n<meta name=\"twitter:site\" content=\"@fundaciomascort\" \/>\n<meta name=\"twitter:label1\" content=\"Dur\u00e9e de lecture estim\u00e9e\" \/>\n\t<meta name=\"twitter:data1\" content=\"4 minutes\" \/>\n<script type=\"application\/ld+json\" class=\"yoast-schema-graph\">{\"@context\":\"https:\/\/schema.org\",\"@graph\":[{\"@type\":\"WebPage\",\"@id\":\"https:\/\/www.fundaciomascort.com\/fr\/politica-de-cookies\/\",\"url\":\"https:\/\/www.fundaciomascort.com\/fr\/politica-de-cookies\/\",\"name\":\"Pol\u00edtica de cookies - Fundaci\u00f3 Mascort\",\"isPartOf\":{\"@id\":\"https:\/\/www.fundaciomascort.com\/fr\/#website\"},\"datePublished\":\"2020-05-28T13:30:16+00:00\",\"dateModified\":\"2020-05-28T14:18:34+00:00\",\"breadcrumb\":{\"@id\":\"https:\/\/www.fundaciomascort.com\/fr\/politica-de-cookies\/#breadcrumb\"},\"inLanguage\":\"fr-FR\",\"potentialAction\":[{\"@type\":\"ReadAction\",\"target\":[\"https:\/\/www.fundaciomascort.com\/fr\/politica-de-cookies\/\"]}]},{\"@type\":\"BreadcrumbList\",\"@id\":\"https:\/\/www.fundaciomascort.com\/fr\/politica-de-cookies\/#breadcrumb\",\"itemListElement\":[{\"@type\":\"ListItem\",\"position\":1,\"name\":\"Home\",\"item\":\"https:\/\/www.fundaciomascort.com\/fr\/\"},{\"@type\":\"ListItem\",\"position\":2,\"name\":\"Pol\u00edtica de cookies\"}]},{\"@type\":\"WebSite\",\"@id\":\"https:\/\/www.fundaciomascort.com\/fr\/#website\",\"url\":\"https:\/\/www.fundaciomascort.com\/fr\/\",\"name\":\"Fundaci\u00f3 Mascort\",\"description\":\"Esperem que compartiu amb nosaltres les exposicions de la Casa Galibern i les nostres publicacions.\",\"potentialAction\":[{\"@type\":\"SearchAction\",\"target\":{\"@type\":\"EntryPoint\",\"urlTemplate\":\"https:\/\/www.fundaciomascort.com\/fr\/?s={search_term_string}\"},\"query-input\":{\"@type\":\"PropertyValueSpecification\",\"valueRequired\":true,\"valueName\":\"search_term_string\"}}],\"inLanguage\":\"fr-FR\"}]}<\/script>\n<!-- \/ Yoast SEO plugin. -->","yoast_head_json":{"title":"Pol\u00edtica de cookies - Fundaci\u00f3 Mascort","robots":{"index":"index","follow":"follow","max-snippet":"max-snippet:-1","max-image-preview":"max-image-preview:large","max-video-preview":"max-video-preview:-1"},"canonical":"https:\/\/www.fundaciomascort.com\/fr\/politica-de-cookies\/","og_locale":"fr_FR","og_type":"article","og_title":"Pol\u00edtica de cookies - Fundaci\u00f3 Mascort","og_description":"Un cookie est un fichier t\u00e9l\u00e9charg\u00e9 sur votre ordinateur lorsque vous acc\u00e9dez \u00e0 certaines pages Web. Les cookies permettent une page Web, parmi \u00a0d&rsquo;autres choses, pour stocker et r\u00e9cup\u00e9rer des informations sur les habitudes de navigation d&rsquo;un utilisateur ou de son \u00e9quipement et, en fonction de \u00a0sur les informations qu&rsquo;il contient et sur la mani\u00e8re [&hellip;]","og_url":"https:\/\/www.fundaciomascort.com\/fr\/politica-de-cookies\/","og_site_name":"Fundaci\u00f3 Mascort","article_publisher":"https:\/\/www.facebook.com\/fundaciomascort","article_modified_time":"2020-05-28T14:18:34+00:00","twitter_card":"summary_large_image","twitter_site":"@fundaciomascort","twitter_misc":{"Dur\u00e9e de lecture estim\u00e9e":"4 minutes"},"schema":{"@context":"https:\/\/schema.org","@graph":[{"@type":"WebPage","@id":"https:\/\/www.fundaciomascort.com\/fr\/politica-de-cookies\/","url":"https:\/\/www.fundaciomascort.com\/fr\/politica-de-cookies\/","name":"Pol\u00edtica de cookies - Fundaci\u00f3 Mascort","isPartOf":{"@id":"https:\/\/www.fundaciomascort.com\/fr\/#website"},"datePublished":"2020-05-28T13:30:16+00:00","dateModified":"2020-05-28T14:18:34+00:00","breadcrumb":{"@id":"https:\/\/www.fundaciomascort.com\/fr\/politica-de-cookies\/#breadcrumb"},"inLanguage":"fr-FR","potentialAction":[{"@type":"ReadAction","target":["https:\/\/www.fundaciomascort.com\/fr\/politica-de-cookies\/"]}]},{"@type":"BreadcrumbList","@id":"https:\/\/www.fundaciomascort.com\/fr\/politica-de-cookies\/#breadcrumb","itemListElement":[{"@type":"ListItem","position":1,"name":"Home","item":"https:\/\/www.fundaciomascort.com\/fr\/"},{"@type":"ListItem","position":2,"name":"Pol\u00edtica de cookies"}]},{"@type":"WebSite","@id":"https:\/\/www.fundaciomascort.com\/fr\/#website","url":"https:\/\/www.fundaciomascort.com\/fr\/","name":"Fundaci\u00f3 Mascort","description":"Esperem que compartiu amb nosaltres les exposicions de la Casa Galibern i les nostres publicacions.","potentialAction":[{"@type":"SearchAction","target":{"@type":"EntryPoint","urlTemplate":"https:\/\/www.fundaciomascort.com\/fr\/?s={search_term_string}"},"query-input":{"@type":"PropertyValueSpecification","valueRequired":true,"valueName":"search_term_string"}}],"inLanguage":"fr-FR"}]}},"_links":{"self":[{"href":"https:\/\/www.fundaciomascort.com\/fr\/wp-json\/wp\/v2\/pages\/11681"}],"collection":[{"href":"https:\/\/www.fundaciomascort.com\/fr\/wp-json\/wp\/v2\/pages"}],"about":[{"href":"https:\/\/www.fundaciomascort.com\/fr\/wp-json\/wp\/v2\/types\/page"}],"author":[{"embeddable":true,"href":"https:\/\/www.fundaciomascort.com\/fr\/wp-json\/wp\/v2\/users\/1"}],"replies":[{"embeddable":true,"href":"https:\/\/www.fundaciomascort.com\/fr\/wp-json\/wp\/v2\/comments?post=11681"}],"version-history":[{"count":3,"href":"https:\/\/www.fundaciomascort.com\/fr\/wp-json\/wp\/v2\/pages\/11681\/revisions"}],"predecessor-version":[{"id":11695,"href":"https:\/\/www.fundaciomascort.com\/fr\/wp-json\/wp\/v2\/pages\/11681\/revisions\/11695"}],"wp:attachment":[{"href":"https:\/\/www.fundaciomascort.com\/fr\/wp-json\/wp\/v2\/media?parent=11681"}],"curies":[{"name":"wp","href":"https:\/\/api.w.org\/{rel}","templated":true}]}}