{"id":15716,"date":"2025-08-01T15:51:17","date_gmt":"2025-08-01T15:51:17","guid":{"rendered":"https:\/\/www.fundaciomascort.com\/?post_type=product&#038;p=15716"},"modified":"2025-08-04T13:56:07","modified_gmt":"2025-08-04T13:56:07","slug":"joan-pericot-garcia-1907-1987","status":"publish","type":"product","link":"https:\/\/www.fundaciomascort.com\/es\/publicacion\/joan-pericot-garcia-1907-1987\/","title":{"rendered":"Joan Pericot Garcia (1907-1987)"},"content":{"rendered":"<div>El cat\u00e1logo recoge el contenido de la exposici\u00f3n dedicada a Joan Pericot Garcia (Girona, 1907\u20131987), una figura poli\u00e9drica de la cultura catalana del siglo XX. Pintor, decorador, dise\u00f1ador, poeta, escritor y activista cultural, Pericot desarroll\u00f3 una obra rica y diversa, marcada por un fuerte v\u00ednculo con el Empord\u00e0, especialmente con los pueblos de Torroella de Montgr\u00ed y Calella de Palafrugell, dos de sus espacios vitales y fuentes constantes de inspiraci\u00f3n.<\/div>\n<div>El cat\u00e1logo presenta una selecci\u00f3n representativa de su obra pict\u00f3rica y de proyectos arquitect\u00f3nicos, a trav\u00e9s de los cuales se puede seguir su mirada sensible y profunda sobre el paisaje del Empord\u00e0. Pericot no solo lo representaba, sino que lo reinterpretaba con una visi\u00f3n personal y po\u00e9tica, utilizando una gran variedad de t\u00e9cnicas: desde el \u00f3leo sobre tela hasta las acuarelas y los rotuladores flowmaster, con los que lograba una s\u00edntesis expresiva y moderna de las formas y la atm\u00f3sfera de su entorno.<\/div>\n","protected":false},"excerpt":{"rendered":"<p>El cat\u00e1logo recoge el contenido de la exposici\u00f3n dedicada a Joan Pericot Garcia (Girona, 1907\u20131987), una figura poli\u00e9drica de la cultura catalana del siglo XX. Pintor, decorador, dise\u00f1ador, poeta, escritor y activista cultural, Pericot desarroll\u00f3 una obra rica y diversa, marcada por un fuerte v\u00ednculo con el Empord\u00e0, especialmente con los pueblos de Torroella de [&hellip;]<\/p>\n","protected":false},"featured_media":15712,"template":"","meta":{"_acf_changed":false},"product_brand":[],"product_cat":[40],"product_tag":[],"class_list":{"0":"post-15716","1":"product","2":"type-product","3":"status-publish","4":"has-post-thumbnail","6":"product_cat-sense-categoria-es","8":"first","9":"instock","10":"taxable","11":"shipping-taxable","12":"purchasable","13":"product-type-simple"},"acf":[],"yoast_head":"<!-- This site is optimized with the Yoast SEO plugin v25.6 - https:\/\/yoast.com\/wordpress\/plugins\/seo\/ -->\n<title>Joan Pericot Garcia (1907-1987) - Fundaci\u00f3 Mascort<\/title>\n<meta name=\"robots\" content=\"index, follow, max-snippet:-1, max-image-preview:large, max-video-preview:-1\" \/>\n<link rel=\"canonical\" href=\"https:\/\/www.fundaciomascort.com\/es\/publicacion\/joan-pericot-garcia-1907-1987\/\" \/>\n<meta property=\"og:locale\" content=\"es_ES\" \/>\n<meta property=\"og:type\" content=\"article\" \/>\n<meta property=\"og:title\" content=\"Joan Pericot Garcia (1907-1987) - Fundaci\u00f3 Mascort\" \/>\n<meta property=\"og:description\" content=\"El cat\u00e1logo recoge el contenido de la exposici\u00f3n dedicada a Joan Pericot Garcia (Girona, 1907\u20131987), una figura poli\u00e9drica de la cultura catalana del siglo XX. Pintor, decorador, dise\u00f1ador, poeta, escritor y activista cultural, Pericot desarroll\u00f3 una obra rica y diversa, marcada por un fuerte v\u00ednculo con el Empord\u00e0, especialmente con los pueblos de Torroella de [&hellip;]\" \/>\n<meta property=\"og:url\" content=\"https:\/\/www.fundaciomascort.com\/es\/publicacion\/joan-pericot-garcia-1907-1987\/\" \/>\n<meta property=\"og:site_name\" content=\"Fundaci\u00f3 Mascort\" \/>\n<meta property=\"article:publisher\" content=\"https:\/\/www.facebook.com\/fundaciomascort\" \/>\n<meta property=\"article:modified_time\" content=\"2025-08-04T13:56:07+00:00\" \/>\n<meta property=\"og:image\" content=\"https:\/\/www.fundaciomascort.com\/wp-content\/uploads\/2025\/08\/PortadaJP.jpg\" \/>\n\t<meta property=\"og:image:width\" content=\"608\" \/>\n\t<meta property=\"og:image:height\" content=\"735\" \/>\n\t<meta property=\"og:image:type\" content=\"image\/jpeg\" \/>\n<meta name=\"twitter:card\" content=\"summary_large_image\" \/>\n<meta name=\"twitter:site\" content=\"@fundaciomascort\" \/>\n<meta name=\"twitter:label1\" content=\"Tiempo de lectura\" \/>\n\t<meta name=\"twitter:data1\" content=\"2 minutos\" \/>\n<script type=\"application\/ld+json\" class=\"yoast-schema-graph\">{\"@context\":\"https:\/\/schema.org\",\"@graph\":[{\"@type\":\"WebPage\",\"@id\":\"https:\/\/www.fundaciomascort.com\/es\/publicacion\/joan-pericot-garcia-1907-1987\/\",\"url\":\"https:\/\/www.fundaciomascort.com\/es\/publicacion\/joan-pericot-garcia-1907-1987\/\",\"name\":\"Joan Pericot Garcia (1907-1987) - Fundaci\u00f3 Mascort\",\"isPartOf\":{\"@id\":\"https:\/\/www.fundaciomascort.com\/es\/#website\"},\"primaryImageOfPage\":{\"@id\":\"https:\/\/www.fundaciomascort.com\/es\/publicacion\/joan-pericot-garcia-1907-1987\/#primaryimage\"},\"image\":{\"@id\":\"https:\/\/www.fundaciomascort.com\/es\/publicacion\/joan-pericot-garcia-1907-1987\/#primaryimage\"},\"thumbnailUrl\":\"https:\/\/www.fundaciomascort.com\/wp-content\/uploads\/2025\/08\/PortadaJP.jpg\",\"datePublished\":\"2025-08-01T15:51:17+00:00\",\"dateModified\":\"2025-08-04T13:56:07+00:00\",\"breadcrumb\":{\"@id\":\"https:\/\/www.fundaciomascort.com\/es\/publicacion\/joan-pericot-garcia-1907-1987\/#breadcrumb\"},\"inLanguage\":\"es\",\"potentialAction\":[{\"@type\":\"ReadAction\",\"target\":[\"https:\/\/www.fundaciomascort.com\/es\/publicacion\/joan-pericot-garcia-1907-1987\/\"]}]},{\"@type\":\"ImageObject\",\"inLanguage\":\"es\",\"@id\":\"https:\/\/www.fundaciomascort.com\/es\/publicacion\/joan-pericot-garcia-1907-1987\/#primaryimage\",\"url\":\"https:\/\/www.fundaciomascort.com\/wp-content\/uploads\/2025\/08\/PortadaJP.jpg\",\"contentUrl\":\"https:\/\/www.fundaciomascort.com\/wp-content\/uploads\/2025\/08\/PortadaJP.jpg\",\"width\":608,\"height\":735},{\"@type\":\"BreadcrumbList\",\"@id\":\"https:\/\/www.fundaciomascort.com\/es\/publicacion\/joan-pericot-garcia-1907-1987\/#breadcrumb\",\"itemListElement\":[{\"@type\":\"ListItem\",\"position\":1,\"name\":\"Home\",\"item\":\"https:\/\/www.fundaciomascort.com\/es\/\"},{\"@type\":\"ListItem\",\"position\":2,\"name\":\"Publicaciones\",\"item\":\"https:\/\/www.fundaciomascort.com\/es\/publicacions\/\"},{\"@type\":\"ListItem\",\"position\":3,\"name\":\"Joan Pericot Garcia (1907-1987)\"}]},{\"@type\":\"WebSite\",\"@id\":\"https:\/\/www.fundaciomascort.com\/es\/#website\",\"url\":\"https:\/\/www.fundaciomascort.com\/es\/\",\"name\":\"Fundaci\u00f3 Mascort\",\"description\":\"Esperem que compartiu amb nosaltres les exposicions de la Casa Galibern i les nostres publicacions.\",\"potentialAction\":[{\"@type\":\"SearchAction\",\"target\":{\"@type\":\"EntryPoint\",\"urlTemplate\":\"https:\/\/www.fundaciomascort.com\/es\/?s={search_term_string}\"},\"query-input\":{\"@type\":\"PropertyValueSpecification\",\"valueRequired\":true,\"valueName\":\"search_term_string\"}}],\"inLanguage\":\"es\"}]}<\/script>\n<!-- \/ Yoast SEO plugin. -->","yoast_head_json":{"title":"Joan Pericot Garcia (1907-1987) - Fundaci\u00f3 Mascort","robots":{"index":"index","follow":"follow","max-snippet":"max-snippet:-1","max-image-preview":"max-image-preview:large","max-video-preview":"max-video-preview:-1"},"canonical":"https:\/\/www.fundaciomascort.com\/es\/publicacion\/joan-pericot-garcia-1907-1987\/","og_locale":"es_ES","og_type":"article","og_title":"Joan Pericot Garcia (1907-1987) - Fundaci\u00f3 Mascort","og_description":"El cat\u00e1logo recoge el contenido de la exposici\u00f3n dedicada a Joan Pericot Garcia (Girona, 1907\u20131987), una figura poli\u00e9drica de la cultura catalana del siglo XX. Pintor, decorador, dise\u00f1ador, poeta, escritor y activista cultural, Pericot desarroll\u00f3 una obra rica y diversa, marcada por un fuerte v\u00ednculo con el Empord\u00e0, especialmente con los pueblos de Torroella de [&hellip;]","og_url":"https:\/\/www.fundaciomascort.com\/es\/publicacion\/joan-pericot-garcia-1907-1987\/","og_site_name":"Fundaci\u00f3 Mascort","article_publisher":"https:\/\/www.facebook.com\/fundaciomascort","article_modified_time":"2025-08-04T13:56:07+00:00","og_image":[{"width":608,"height":735,"url":"https:\/\/www.fundaciomascort.com\/wp-content\/uploads\/2025\/08\/PortadaJP.jpg","type":"image\/jpeg"}],"twitter_card":"summary_large_image","twitter_site":"@fundaciomascort","twitter_misc":{"Tiempo de lectura":"2 minutos"},"schema":{"@context":"https:\/\/schema.org","@graph":[{"@type":"WebPage","@id":"https:\/\/www.fundaciomascort.com\/es\/publicacion\/joan-pericot-garcia-1907-1987\/","url":"https:\/\/www.fundaciomascort.com\/es\/publicacion\/joan-pericot-garcia-1907-1987\/","name":"Joan Pericot Garcia (1907-1987) - Fundaci\u00f3 Mascort","isPartOf":{"@id":"https:\/\/www.fundaciomascort.com\/es\/#website"},"primaryImageOfPage":{"@id":"https:\/\/www.fundaciomascort.com\/es\/publicacion\/joan-pericot-garcia-1907-1987\/#primaryimage"},"image":{"@id":"https:\/\/www.fundaciomascort.com\/es\/publicacion\/joan-pericot-garcia-1907-1987\/#primaryimage"},"thumbnailUrl":"https:\/\/www.fundaciomascort.com\/wp-content\/uploads\/2025\/08\/PortadaJP.jpg","datePublished":"2025-08-01T15:51:17+00:00","dateModified":"2025-08-04T13:56:07+00:00","breadcrumb":{"@id":"https:\/\/www.fundaciomascort.com\/es\/publicacion\/joan-pericot-garcia-1907-1987\/#breadcrumb"},"inLanguage":"es","potentialAction":[{"@type":"ReadAction","target":["https:\/\/www.fundaciomascort.com\/es\/publicacion\/joan-pericot-garcia-1907-1987\/"]}]},{"@type":"ImageObject","inLanguage":"es","@id":"https:\/\/www.fundaciomascort.com\/es\/publicacion\/joan-pericot-garcia-1907-1987\/#primaryimage","url":"https:\/\/www.fundaciomascort.com\/wp-content\/uploads\/2025\/08\/PortadaJP.jpg","contentUrl":"https:\/\/www.fundaciomascort.com\/wp-content\/uploads\/2025\/08\/PortadaJP.jpg","width":608,"height":735},{"@type":"BreadcrumbList","@id":"https:\/\/www.fundaciomascort.com\/es\/publicacion\/joan-pericot-garcia-1907-1987\/#breadcrumb","itemListElement":[{"@type":"ListItem","position":1,"name":"Home","item":"https:\/\/www.fundaciomascort.com\/es\/"},{"@type":"ListItem","position":2,"name":"Publicaciones","item":"https:\/\/www.fundaciomascort.com\/es\/publicacions\/"},{"@type":"ListItem","position":3,"name":"Joan Pericot Garcia (1907-1987)"}]},{"@type":"WebSite","@id":"https:\/\/www.fundaciomascort.com\/es\/#website","url":"https:\/\/www.fundaciomascort.com\/es\/","name":"Fundaci\u00f3 Mascort","description":"Esperem que compartiu amb nosaltres les exposicions de la Casa Galibern i les nostres publicacions.","potentialAction":[{"@type":"SearchAction","target":{"@type":"EntryPoint","urlTemplate":"https:\/\/www.fundaciomascort.com\/es\/?s={search_term_string}"},"query-input":{"@type":"PropertyValueSpecification","valueRequired":true,"valueName":"search_term_string"}}],"inLanguage":"es"}]}},"_links":{"self":[{"href":"https:\/\/www.fundaciomascort.com\/es\/wp-json\/wp\/v2\/product\/15716"}],"collection":[{"href":"https:\/\/www.fundaciomascort.com\/es\/wp-json\/wp\/v2\/product"}],"about":[{"href":"https:\/\/www.fundaciomascort.com\/es\/wp-json\/wp\/v2\/types\/product"}],"wp:featuredmedia":[{"embeddable":true,"href":"https:\/\/www.fundaciomascort.com\/es\/wp-json\/wp\/v2\/media\/15712"}],"wp:attachment":[{"href":"https:\/\/www.fundaciomascort.com\/es\/wp-json\/wp\/v2\/media?parent=15716"}],"wp:term":[{"taxonomy":"product_brand","embeddable":true,"href":"https:\/\/www.fundaciomascort.com\/es\/wp-json\/wp\/v2\/product_brand?post=15716"},{"taxonomy":"product_cat","embeddable":true,"href":"https:\/\/www.fundaciomascort.com\/es\/wp-json\/wp\/v2\/product_cat?post=15716"},{"taxonomy":"product_tag","embeddable":true,"href":"https:\/\/www.fundaciomascort.com\/es\/wp-json\/wp\/v2\/product_tag?post=15716"}],"curies":[{"name":"wp","href":"https:\/\/api.w.org\/{rel}","templated":true}]}}