{"id":13720,"date":"2021-10-27T09:58:53","date_gmt":"2021-10-27T09:58:53","guid":{"rendered":"https:\/\/www.fundaciomascort.com\/?post_type=product&#038;p=13720"},"modified":"2024-04-29T00:01:00","modified_gmt":"2024-04-29T00:01:00","slug":"1000-anys-de-ceramica-catalana-celebrant-els-40-anys-de-lassociacio-catalana-de-ceramica","status":"publish","type":"product","link":"https:\/\/www.fundaciomascort.com\/es\/publicacion\/1000-anys-de-ceramica-catalana-celebrant-els-40-anys-de-lassociacio-catalana-de-ceramica\/","title":{"rendered":"1000 anys de cer\u00e0mica catalana. Celebrant els 40 anys de l\u2019Associaci\u00f3 Catalana de Cer\u00e0mica"},"content":{"rendered":"<p>En esta ocasi\u00f3n, la edici\u00f3n del cat\u00e1logo de la exposici\u00f3n celebrada en la Fundaci\u00f3 Mascort, <em>1000 anys de cer\u00e0mica catalana. Celebrant els 40 anys de l\u2019Associaci\u00f3 Catalana de Cer\u00e0mica<\/em>, es el n\u00famero doble (121-122) y monogr\u00e1fico de la reconocida revista <em>Butllet\u00ed Informatiu de Cer\u00e0mica<\/em>, editada por la propia asociaci\u00f3n, y que tiene una difusi\u00f3n global con casi cuatrocientos suscriptores , entre los que se encuentran los museos m\u00e1s prestigiosos.<\/p>\n<p>En el cat\u00e1logo se pueden ver representadas unas 300 piezas cer\u00e1micas de toda Catalu\u00f1a que no s\u00f3lo forman parte de la Colecci\u00f3n Mascort, sino que tambi\u00e9n recogen obras de otras colecciones particulares e instituciones muse\u00edsticas, como el Museu d&#8217;Hist\u00f2ria de Barcelona, el Museu del Disseny de Barcelona, el Museu de Matar\u00f3, els Museus de Martorell, el Museu del C\u00e0ntir o la Fundaci\u00f3 La Fontana, entre otros.<\/p>\n","protected":false},"excerpt":{"rendered":"<p>ISSN: 0213-1978<\/p>\n<p><strong>Josep A. Cerd\u00e0 y Alfons Romero<\/strong><\/p>\n<p>2021<\/p>\n<p>21 x 30 cm<\/p>\n<p>P\u00e0g. 158<\/p>\n","protected":false},"featured_media":13724,"template":"","meta":{"_acf_changed":false},"product_brand":[],"product_cat":[40],"product_tag":[],"class_list":{"0":"post-13720","1":"product","2":"type-product","3":"status-publish","4":"has-post-thumbnail","6":"product_cat-sense-categoria-es","8":"first","9":"instock","10":"taxable","11":"shipping-taxable","12":"purchasable","13":"product-type-simple"},"acf":[],"yoast_head":"<!-- This site is optimized with the Yoast SEO plugin v25.6 - https:\/\/yoast.com\/wordpress\/plugins\/seo\/ -->\n<title>1000 anys de cer\u00e0mica catalana. Celebrant els 40 anys de l\u2019Associaci\u00f3 Catalana de Cer\u00e0mica - Fundaci\u00f3 Mascort<\/title>\n<meta name=\"robots\" content=\"index, follow, max-snippet:-1, max-image-preview:large, max-video-preview:-1\" \/>\n<link rel=\"canonical\" href=\"https:\/\/www.fundaciomascort.com\/es\/publicacion\/1000-anys-de-ceramica-catalana-celebrant-els-40-anys-de-lassociacio-catalana-de-ceramica\/\" \/>\n<meta property=\"og:locale\" content=\"es_ES\" \/>\n<meta property=\"og:type\" content=\"article\" \/>\n<meta property=\"og:title\" content=\"1000 anys de cer\u00e0mica catalana. Celebrant els 40 anys de l\u2019Associaci\u00f3 Catalana de Cer\u00e0mica - Fundaci\u00f3 Mascort\" \/>\n<meta property=\"og:description\" content=\"ISSN: 0213-1978  Josep A. Cerd\u00e0 y Alfons Romero  2021  21 x 30 cm  P\u00e0g. 158\" \/>\n<meta property=\"og:url\" content=\"https:\/\/www.fundaciomascort.com\/es\/publicacion\/1000-anys-de-ceramica-catalana-celebrant-els-40-anys-de-lassociacio-catalana-de-ceramica\/\" \/>\n<meta property=\"og:site_name\" content=\"Fundaci\u00f3 Mascort\" \/>\n<meta property=\"article:publisher\" content=\"https:\/\/www.facebook.com\/fundaciomascort\" \/>\n<meta property=\"article:modified_time\" content=\"2024-04-29T00:01:00+00:00\" \/>\n<meta property=\"og:image\" content=\"https:\/\/www.fundaciomascort.com\/wp-content\/uploads\/2021\/10\/D001-726x1024.jpg\" \/>\n\t<meta property=\"og:image:width\" content=\"726\" \/>\n\t<meta property=\"og:image:height\" content=\"1024\" \/>\n\t<meta property=\"og:image:type\" content=\"image\/jpeg\" \/>\n<meta name=\"twitter:card\" content=\"summary_large_image\" \/>\n<meta name=\"twitter:site\" content=\"@fundaciomascort\" \/>\n<meta name=\"twitter:label1\" content=\"Tiempo de lectura\" \/>\n\t<meta name=\"twitter:data1\" content=\"1 minuto\" \/>\n<script type=\"application\/ld+json\" class=\"yoast-schema-graph\">{\"@context\":\"https:\/\/schema.org\",\"@graph\":[{\"@type\":\"WebPage\",\"@id\":\"https:\/\/www.fundaciomascort.com\/es\/publicacion\/1000-anys-de-ceramica-catalana-celebrant-els-40-anys-de-lassociacio-catalana-de-ceramica\/\",\"url\":\"https:\/\/www.fundaciomascort.com\/es\/publicacion\/1000-anys-de-ceramica-catalana-celebrant-els-40-anys-de-lassociacio-catalana-de-ceramica\/\",\"name\":\"1000 anys de cer\u00e0mica catalana. Celebrant els 40 anys de l\u2019Associaci\u00f3 Catalana de Cer\u00e0mica - Fundaci\u00f3 Mascort\",\"isPartOf\":{\"@id\":\"https:\/\/www.fundaciomascort.com\/es\/#website\"},\"primaryImageOfPage\":{\"@id\":\"https:\/\/www.fundaciomascort.com\/es\/publicacion\/1000-anys-de-ceramica-catalana-celebrant-els-40-anys-de-lassociacio-catalana-de-ceramica\/#primaryimage\"},\"image\":{\"@id\":\"https:\/\/www.fundaciomascort.com\/es\/publicacion\/1000-anys-de-ceramica-catalana-celebrant-els-40-anys-de-lassociacio-catalana-de-ceramica\/#primaryimage\"},\"thumbnailUrl\":\"https:\/\/www.fundaciomascort.com\/wp-content\/uploads\/2021\/10\/D001.jpg\",\"datePublished\":\"2021-10-27T09:58:53+00:00\",\"dateModified\":\"2024-04-29T00:01:00+00:00\",\"breadcrumb\":{\"@id\":\"https:\/\/www.fundaciomascort.com\/es\/publicacion\/1000-anys-de-ceramica-catalana-celebrant-els-40-anys-de-lassociacio-catalana-de-ceramica\/#breadcrumb\"},\"inLanguage\":\"es\",\"potentialAction\":[{\"@type\":\"ReadAction\",\"target\":[\"https:\/\/www.fundaciomascort.com\/es\/publicacion\/1000-anys-de-ceramica-catalana-celebrant-els-40-anys-de-lassociacio-catalana-de-ceramica\/\"]}]},{\"@type\":\"ImageObject\",\"inLanguage\":\"es\",\"@id\":\"https:\/\/www.fundaciomascort.com\/es\/publicacion\/1000-anys-de-ceramica-catalana-celebrant-els-40-anys-de-lassociacio-catalana-de-ceramica\/#primaryimage\",\"url\":\"https:\/\/www.fundaciomascort.com\/wp-content\/uploads\/2021\/10\/D001.jpg\",\"contentUrl\":\"https:\/\/www.fundaciomascort.com\/wp-content\/uploads\/2021\/10\/D001.jpg\",\"width\":1816,\"height\":2560},{\"@type\":\"BreadcrumbList\",\"@id\":\"https:\/\/www.fundaciomascort.com\/es\/publicacion\/1000-anys-de-ceramica-catalana-celebrant-els-40-anys-de-lassociacio-catalana-de-ceramica\/#breadcrumb\",\"itemListElement\":[{\"@type\":\"ListItem\",\"position\":1,\"name\":\"Home\",\"item\":\"https:\/\/www.fundaciomascort.com\/es\/\"},{\"@type\":\"ListItem\",\"position\":2,\"name\":\"Publicaciones\",\"item\":\"https:\/\/www.fundaciomascort.com\/es\/publicacions\/\"},{\"@type\":\"ListItem\",\"position\":3,\"name\":\"1000 anys de cer\u00e0mica catalana. Celebrant els 40 anys de l\u2019Associaci\u00f3 Catalana de Cer\u00e0mica\"}]},{\"@type\":\"WebSite\",\"@id\":\"https:\/\/www.fundaciomascort.com\/es\/#website\",\"url\":\"https:\/\/www.fundaciomascort.com\/es\/\",\"name\":\"Fundaci\u00f3 Mascort\",\"description\":\"Esperem que compartiu amb nosaltres les exposicions de la Casa Galibern i les nostres publicacions.\",\"potentialAction\":[{\"@type\":\"SearchAction\",\"target\":{\"@type\":\"EntryPoint\",\"urlTemplate\":\"https:\/\/www.fundaciomascort.com\/es\/?s={search_term_string}\"},\"query-input\":{\"@type\":\"PropertyValueSpecification\",\"valueRequired\":true,\"valueName\":\"search_term_string\"}}],\"inLanguage\":\"es\"}]}<\/script>\n<!-- \/ Yoast SEO plugin. -->","yoast_head_json":{"title":"1000 anys de cer\u00e0mica catalana. Celebrant els 40 anys de l\u2019Associaci\u00f3 Catalana de Cer\u00e0mica - Fundaci\u00f3 Mascort","robots":{"index":"index","follow":"follow","max-snippet":"max-snippet:-1","max-image-preview":"max-image-preview:large","max-video-preview":"max-video-preview:-1"},"canonical":"https:\/\/www.fundaciomascort.com\/es\/publicacion\/1000-anys-de-ceramica-catalana-celebrant-els-40-anys-de-lassociacio-catalana-de-ceramica\/","og_locale":"es_ES","og_type":"article","og_title":"1000 anys de cer\u00e0mica catalana. Celebrant els 40 anys de l\u2019Associaci\u00f3 Catalana de Cer\u00e0mica - Fundaci\u00f3 Mascort","og_description":"ISSN: 0213-1978  Josep A. Cerd\u00e0 y Alfons Romero  2021  21 x 30 cm  P\u00e0g. 158","og_url":"https:\/\/www.fundaciomascort.com\/es\/publicacion\/1000-anys-de-ceramica-catalana-celebrant-els-40-anys-de-lassociacio-catalana-de-ceramica\/","og_site_name":"Fundaci\u00f3 Mascort","article_publisher":"https:\/\/www.facebook.com\/fundaciomascort","article_modified_time":"2024-04-29T00:01:00+00:00","og_image":[{"width":726,"height":1024,"url":"https:\/\/www.fundaciomascort.com\/wp-content\/uploads\/2021\/10\/D001-726x1024.jpg","type":"image\/jpeg"}],"twitter_card":"summary_large_image","twitter_site":"@fundaciomascort","twitter_misc":{"Tiempo de lectura":"1 minuto"},"schema":{"@context":"https:\/\/schema.org","@graph":[{"@type":"WebPage","@id":"https:\/\/www.fundaciomascort.com\/es\/publicacion\/1000-anys-de-ceramica-catalana-celebrant-els-40-anys-de-lassociacio-catalana-de-ceramica\/","url":"https:\/\/www.fundaciomascort.com\/es\/publicacion\/1000-anys-de-ceramica-catalana-celebrant-els-40-anys-de-lassociacio-catalana-de-ceramica\/","name":"1000 anys de cer\u00e0mica catalana. Celebrant els 40 anys de l\u2019Associaci\u00f3 Catalana de Cer\u00e0mica - Fundaci\u00f3 Mascort","isPartOf":{"@id":"https:\/\/www.fundaciomascort.com\/es\/#website"},"primaryImageOfPage":{"@id":"https:\/\/www.fundaciomascort.com\/es\/publicacion\/1000-anys-de-ceramica-catalana-celebrant-els-40-anys-de-lassociacio-catalana-de-ceramica\/#primaryimage"},"image":{"@id":"https:\/\/www.fundaciomascort.com\/es\/publicacion\/1000-anys-de-ceramica-catalana-celebrant-els-40-anys-de-lassociacio-catalana-de-ceramica\/#primaryimage"},"thumbnailUrl":"https:\/\/www.fundaciomascort.com\/wp-content\/uploads\/2021\/10\/D001.jpg","datePublished":"2021-10-27T09:58:53+00:00","dateModified":"2024-04-29T00:01:00+00:00","breadcrumb":{"@id":"https:\/\/www.fundaciomascort.com\/es\/publicacion\/1000-anys-de-ceramica-catalana-celebrant-els-40-anys-de-lassociacio-catalana-de-ceramica\/#breadcrumb"},"inLanguage":"es","potentialAction":[{"@type":"ReadAction","target":["https:\/\/www.fundaciomascort.com\/es\/publicacion\/1000-anys-de-ceramica-catalana-celebrant-els-40-anys-de-lassociacio-catalana-de-ceramica\/"]}]},{"@type":"ImageObject","inLanguage":"es","@id":"https:\/\/www.fundaciomascort.com\/es\/publicacion\/1000-anys-de-ceramica-catalana-celebrant-els-40-anys-de-lassociacio-catalana-de-ceramica\/#primaryimage","url":"https:\/\/www.fundaciomascort.com\/wp-content\/uploads\/2021\/10\/D001.jpg","contentUrl":"https:\/\/www.fundaciomascort.com\/wp-content\/uploads\/2021\/10\/D001.jpg","width":1816,"height":2560},{"@type":"BreadcrumbList","@id":"https:\/\/www.fundaciomascort.com\/es\/publicacion\/1000-anys-de-ceramica-catalana-celebrant-els-40-anys-de-lassociacio-catalana-de-ceramica\/#breadcrumb","itemListElement":[{"@type":"ListItem","position":1,"name":"Home","item":"https:\/\/www.fundaciomascort.com\/es\/"},{"@type":"ListItem","position":2,"name":"Publicaciones","item":"https:\/\/www.fundaciomascort.com\/es\/publicacions\/"},{"@type":"ListItem","position":3,"name":"1000 anys de cer\u00e0mica catalana. Celebrant els 40 anys de l\u2019Associaci\u00f3 Catalana de Cer\u00e0mica"}]},{"@type":"WebSite","@id":"https:\/\/www.fundaciomascort.com\/es\/#website","url":"https:\/\/www.fundaciomascort.com\/es\/","name":"Fundaci\u00f3 Mascort","description":"Esperem que compartiu amb nosaltres les exposicions de la Casa Galibern i les nostres publicacions.","potentialAction":[{"@type":"SearchAction","target":{"@type":"EntryPoint","urlTemplate":"https:\/\/www.fundaciomascort.com\/es\/?s={search_term_string}"},"query-input":{"@type":"PropertyValueSpecification","valueRequired":true,"valueName":"search_term_string"}}],"inLanguage":"es"}]}},"_links":{"self":[{"href":"https:\/\/www.fundaciomascort.com\/es\/wp-json\/wp\/v2\/product\/13720"}],"collection":[{"href":"https:\/\/www.fundaciomascort.com\/es\/wp-json\/wp\/v2\/product"}],"about":[{"href":"https:\/\/www.fundaciomascort.com\/es\/wp-json\/wp\/v2\/types\/product"}],"wp:featuredmedia":[{"embeddable":true,"href":"https:\/\/www.fundaciomascort.com\/es\/wp-json\/wp\/v2\/media\/13724"}],"wp:attachment":[{"href":"https:\/\/www.fundaciomascort.com\/es\/wp-json\/wp\/v2\/media?parent=13720"}],"wp:term":[{"taxonomy":"product_brand","embeddable":true,"href":"https:\/\/www.fundaciomascort.com\/es\/wp-json\/wp\/v2\/product_brand?post=13720"},{"taxonomy":"product_cat","embeddable":true,"href":"https:\/\/www.fundaciomascort.com\/es\/wp-json\/wp\/v2\/product_cat?post=13720"},{"taxonomy":"product_tag","embeddable":true,"href":"https:\/\/www.fundaciomascort.com\/es\/wp-json\/wp\/v2\/product_tag?post=13720"}],"curies":[{"name":"wp","href":"https:\/\/api.w.org\/{rel}","templated":true}]}}