{"id":11499,"date":"2020-03-19T05:08:16","date_gmt":"2020-03-19T05:08:16","guid":{"rendered":"https:\/\/www.fundaciomascort.com\/publicacio\/torroella-vila-vella\/"},"modified":"2024-04-29T00:01:03","modified_gmt":"2024-04-29T00:01:03","slug":"torroella-vila-vella","status":"publish","type":"product","link":"https:\/\/www.fundaciomascort.com\/es\/publicacion\/torroella-vila-vella\/","title":{"rendered":"Torroella Vila Vella"},"content":{"rendered":"<p>(&#8230;) El libro nos ofrece una gran cantidad de informaci\u00f3n sobre la Villa de Torroella, as\u00ed como sugerencias y buenas lecciones y apunta las oportunidades del siempre necesario cambio para evitar la esclerosis. Evidentemente, esto se produce gracias a la riqueza de las descripciones, los apuntes in\u00e9ditos, los enfoques renovados, a los registros comprometidos, a los bell\u00edsimos dibujos y por ser una pieza est\u00e9ticamente de arte puro.(&#8230;)<\/p>\n<p>(&#8230;) Si tuviera que buscar una palabra que describiera este libro, escoger\u00eda \u201cequilibrio\u201d. (&#8230;) \u00bfSer\u00e1 por qu\u00e9 soy un ingeniero y un arquitecto que ha sabido encontrar la medida justa, el c\u00f3mo organizar la narrativa? No es un libro que empiece con la parte geogr\u00e1fica y acabe con un texto narrando la historia cronol\u00f3gica como es habitual. No, han preferido alternar los temas de manera delicada, justa y amena, sin que esto caiga en el desorden.(&#8230;)<\/p>\n","protected":false},"excerpt":{"rendered":"<p>(&#8230;) El libro nos ofrece una gran cantidad de informaci\u00f3n sobre la Villa de Torroella, as\u00ed como sugerencias y buenas lecciones y apunta las oportunidades del siempre necesario cambio para evitar la esclerosis. Evidentemente, esto se produce gracias a la riqueza de las descripciones, los apuntes in\u00e9ditos, los enfoques renovados, a los registros comprometidos, a [&hellip;]<\/p>\n","protected":false},"featured_media":9613,"template":"","meta":{"_acf_changed":false},"product_brand":[],"product_cat":[40],"product_tag":[],"class_list":{"0":"post-11499","1":"product","2":"type-product","3":"status-publish","4":"has-post-thumbnail","6":"product_cat-sense-categoria-es","8":"first","9":"instock","10":"taxable","11":"shipping-taxable","12":"purchasable","13":"product-type-simple"},"acf":[],"yoast_head":"<!-- This site is optimized with the Yoast SEO plugin v25.6 - https:\/\/yoast.com\/wordpress\/plugins\/seo\/ -->\n<title>Torroella Vila Vella - Fundaci\u00f3 Mascort<\/title>\n<meta name=\"robots\" content=\"index, follow, max-snippet:-1, max-image-preview:large, max-video-preview:-1\" \/>\n<link rel=\"canonical\" href=\"https:\/\/www.fundaciomascort.com\/es\/publicacion\/torroella-vila-vella\/\" \/>\n<meta property=\"og:locale\" content=\"es_ES\" \/>\n<meta property=\"og:type\" content=\"article\" \/>\n<meta property=\"og:title\" content=\"Torroella Vila Vella - Fundaci\u00f3 Mascort\" \/>\n<meta property=\"og:description\" content=\"(&#8230;) El libro nos ofrece una gran cantidad de informaci\u00f3n sobre la Villa de Torroella, as\u00ed como sugerencias y buenas lecciones y apunta las oportunidades del siempre necesario cambio para evitar la esclerosis. Evidentemente, esto se produce gracias a la riqueza de las descripciones, los apuntes in\u00e9ditos, los enfoques renovados, a los registros comprometidos, a [&hellip;]\" \/>\n<meta property=\"og:url\" content=\"https:\/\/www.fundaciomascort.com\/es\/publicacion\/torroella-vila-vella\/\" \/>\n<meta property=\"og:site_name\" content=\"Fundaci\u00f3 Mascort\" \/>\n<meta property=\"article:publisher\" content=\"https:\/\/www.facebook.com\/fundaciomascort\" \/>\n<meta property=\"article:modified_time\" content=\"2024-04-29T00:01:03+00:00\" \/>\n<meta property=\"og:image\" content=\"https:\/\/www.fundaciomascort.com\/wp-content\/uploads\/2020\/03\/Coberta-Torroella-Vila-Vella.jpg\" \/>\n\t<meta property=\"og:image:width\" content=\"568\" \/>\n\t<meta property=\"og:image:height\" content=\"600\" \/>\n\t<meta property=\"og:image:type\" content=\"image\/jpeg\" \/>\n<meta name=\"twitter:card\" content=\"summary_large_image\" \/>\n<meta name=\"twitter:site\" content=\"@fundaciomascort\" \/>\n<meta name=\"twitter:label1\" content=\"Tiempo de lectura\" \/>\n\t<meta name=\"twitter:data1\" content=\"1 minuto\" \/>\n<script type=\"application\/ld+json\" class=\"yoast-schema-graph\">{\"@context\":\"https:\/\/schema.org\",\"@graph\":[{\"@type\":\"WebPage\",\"@id\":\"https:\/\/www.fundaciomascort.com\/es\/publicacion\/torroella-vila-vella\/\",\"url\":\"https:\/\/www.fundaciomascort.com\/es\/publicacion\/torroella-vila-vella\/\",\"name\":\"Torroella Vila Vella - Fundaci\u00f3 Mascort\",\"isPartOf\":{\"@id\":\"https:\/\/www.fundaciomascort.com\/es\/#website\"},\"primaryImageOfPage\":{\"@id\":\"https:\/\/www.fundaciomascort.com\/es\/publicacion\/torroella-vila-vella\/#primaryimage\"},\"image\":{\"@id\":\"https:\/\/www.fundaciomascort.com\/es\/publicacion\/torroella-vila-vella\/#primaryimage\"},\"thumbnailUrl\":\"https:\/\/www.fundaciomascort.com\/wp-content\/uploads\/2020\/03\/Coberta-Torroella-Vila-Vella.jpg\",\"datePublished\":\"2020-03-19T05:08:16+00:00\",\"dateModified\":\"2024-04-29T00:01:03+00:00\",\"breadcrumb\":{\"@id\":\"https:\/\/www.fundaciomascort.com\/es\/publicacion\/torroella-vila-vella\/#breadcrumb\"},\"inLanguage\":\"es\",\"potentialAction\":[{\"@type\":\"ReadAction\",\"target\":[\"https:\/\/www.fundaciomascort.com\/es\/publicacion\/torroella-vila-vella\/\"]}]},{\"@type\":\"ImageObject\",\"inLanguage\":\"es\",\"@id\":\"https:\/\/www.fundaciomascort.com\/es\/publicacion\/torroella-vila-vella\/#primaryimage\",\"url\":\"https:\/\/www.fundaciomascort.com\/wp-content\/uploads\/2020\/03\/Coberta-Torroella-Vila-Vella.jpg\",\"contentUrl\":\"https:\/\/www.fundaciomascort.com\/wp-content\/uploads\/2020\/03\/Coberta-Torroella-Vila-Vella.jpg\",\"width\":568,\"height\":600},{\"@type\":\"BreadcrumbList\",\"@id\":\"https:\/\/www.fundaciomascort.com\/es\/publicacion\/torroella-vila-vella\/#breadcrumb\",\"itemListElement\":[{\"@type\":\"ListItem\",\"position\":1,\"name\":\"Home\",\"item\":\"https:\/\/www.fundaciomascort.com\/es\/\"},{\"@type\":\"ListItem\",\"position\":2,\"name\":\"Publicaciones\",\"item\":\"https:\/\/www.fundaciomascort.com\/es\/publicacions\/\"},{\"@type\":\"ListItem\",\"position\":3,\"name\":\"Torroella Vila Vella\"}]},{\"@type\":\"WebSite\",\"@id\":\"https:\/\/www.fundaciomascort.com\/es\/#website\",\"url\":\"https:\/\/www.fundaciomascort.com\/es\/\",\"name\":\"Fundaci\u00f3 Mascort\",\"description\":\"Esperem que compartiu amb nosaltres les exposicions de la Casa Galibern i les nostres publicacions.\",\"potentialAction\":[{\"@type\":\"SearchAction\",\"target\":{\"@type\":\"EntryPoint\",\"urlTemplate\":\"https:\/\/www.fundaciomascort.com\/es\/?s={search_term_string}\"},\"query-input\":{\"@type\":\"PropertyValueSpecification\",\"valueRequired\":true,\"valueName\":\"search_term_string\"}}],\"inLanguage\":\"es\"}]}<\/script>\n<!-- \/ Yoast SEO plugin. -->","yoast_head_json":{"title":"Torroella Vila Vella - Fundaci\u00f3 Mascort","robots":{"index":"index","follow":"follow","max-snippet":"max-snippet:-1","max-image-preview":"max-image-preview:large","max-video-preview":"max-video-preview:-1"},"canonical":"https:\/\/www.fundaciomascort.com\/es\/publicacion\/torroella-vila-vella\/","og_locale":"es_ES","og_type":"article","og_title":"Torroella Vila Vella - Fundaci\u00f3 Mascort","og_description":"(&#8230;) El libro nos ofrece una gran cantidad de informaci\u00f3n sobre la Villa de Torroella, as\u00ed como sugerencias y buenas lecciones y apunta las oportunidades del siempre necesario cambio para evitar la esclerosis. Evidentemente, esto se produce gracias a la riqueza de las descripciones, los apuntes in\u00e9ditos, los enfoques renovados, a los registros comprometidos, a [&hellip;]","og_url":"https:\/\/www.fundaciomascort.com\/es\/publicacion\/torroella-vila-vella\/","og_site_name":"Fundaci\u00f3 Mascort","article_publisher":"https:\/\/www.facebook.com\/fundaciomascort","article_modified_time":"2024-04-29T00:01:03+00:00","og_image":[{"width":568,"height":600,"url":"https:\/\/www.fundaciomascort.com\/wp-content\/uploads\/2020\/03\/Coberta-Torroella-Vila-Vella.jpg","type":"image\/jpeg"}],"twitter_card":"summary_large_image","twitter_site":"@fundaciomascort","twitter_misc":{"Tiempo de lectura":"1 minuto"},"schema":{"@context":"https:\/\/schema.org","@graph":[{"@type":"WebPage","@id":"https:\/\/www.fundaciomascort.com\/es\/publicacion\/torroella-vila-vella\/","url":"https:\/\/www.fundaciomascort.com\/es\/publicacion\/torroella-vila-vella\/","name":"Torroella Vila Vella - Fundaci\u00f3 Mascort","isPartOf":{"@id":"https:\/\/www.fundaciomascort.com\/es\/#website"},"primaryImageOfPage":{"@id":"https:\/\/www.fundaciomascort.com\/es\/publicacion\/torroella-vila-vella\/#primaryimage"},"image":{"@id":"https:\/\/www.fundaciomascort.com\/es\/publicacion\/torroella-vila-vella\/#primaryimage"},"thumbnailUrl":"https:\/\/www.fundaciomascort.com\/wp-content\/uploads\/2020\/03\/Coberta-Torroella-Vila-Vella.jpg","datePublished":"2020-03-19T05:08:16+00:00","dateModified":"2024-04-29T00:01:03+00:00","breadcrumb":{"@id":"https:\/\/www.fundaciomascort.com\/es\/publicacion\/torroella-vila-vella\/#breadcrumb"},"inLanguage":"es","potentialAction":[{"@type":"ReadAction","target":["https:\/\/www.fundaciomascort.com\/es\/publicacion\/torroella-vila-vella\/"]}]},{"@type":"ImageObject","inLanguage":"es","@id":"https:\/\/www.fundaciomascort.com\/es\/publicacion\/torroella-vila-vella\/#primaryimage","url":"https:\/\/www.fundaciomascort.com\/wp-content\/uploads\/2020\/03\/Coberta-Torroella-Vila-Vella.jpg","contentUrl":"https:\/\/www.fundaciomascort.com\/wp-content\/uploads\/2020\/03\/Coberta-Torroella-Vila-Vella.jpg","width":568,"height":600},{"@type":"BreadcrumbList","@id":"https:\/\/www.fundaciomascort.com\/es\/publicacion\/torroella-vila-vella\/#breadcrumb","itemListElement":[{"@type":"ListItem","position":1,"name":"Home","item":"https:\/\/www.fundaciomascort.com\/es\/"},{"@type":"ListItem","position":2,"name":"Publicaciones","item":"https:\/\/www.fundaciomascort.com\/es\/publicacions\/"},{"@type":"ListItem","position":3,"name":"Torroella Vila Vella"}]},{"@type":"WebSite","@id":"https:\/\/www.fundaciomascort.com\/es\/#website","url":"https:\/\/www.fundaciomascort.com\/es\/","name":"Fundaci\u00f3 Mascort","description":"Esperem que compartiu amb nosaltres les exposicions de la Casa Galibern i les nostres publicacions.","potentialAction":[{"@type":"SearchAction","target":{"@type":"EntryPoint","urlTemplate":"https:\/\/www.fundaciomascort.com\/es\/?s={search_term_string}"},"query-input":{"@type":"PropertyValueSpecification","valueRequired":true,"valueName":"search_term_string"}}],"inLanguage":"es"}]}},"_links":{"self":[{"href":"https:\/\/www.fundaciomascort.com\/es\/wp-json\/wp\/v2\/product\/11499"}],"collection":[{"href":"https:\/\/www.fundaciomascort.com\/es\/wp-json\/wp\/v2\/product"}],"about":[{"href":"https:\/\/www.fundaciomascort.com\/es\/wp-json\/wp\/v2\/types\/product"}],"wp:featuredmedia":[{"embeddable":true,"href":"https:\/\/www.fundaciomascort.com\/es\/wp-json\/wp\/v2\/media\/9613"}],"wp:attachment":[{"href":"https:\/\/www.fundaciomascort.com\/es\/wp-json\/wp\/v2\/media?parent=11499"}],"wp:term":[{"taxonomy":"product_brand","embeddable":true,"href":"https:\/\/www.fundaciomascort.com\/es\/wp-json\/wp\/v2\/product_brand?post=11499"},{"taxonomy":"product_cat","embeddable":true,"href":"https:\/\/www.fundaciomascort.com\/es\/wp-json\/wp\/v2\/product_cat?post=11499"},{"taxonomy":"product_tag","embeddable":true,"href":"https:\/\/www.fundaciomascort.com\/es\/wp-json\/wp\/v2\/product_tag?post=11499"}],"curies":[{"name":"wp","href":"https:\/\/api.w.org\/{rel}","templated":true}]}}