{"id":11496,"date":"2020-03-19T05:08:16","date_gmt":"2020-03-19T05:08:16","guid":{"rendered":"https:\/\/www.fundaciomascort.com\/publicacio\/audacia-i-delicadesa\/"},"modified":"2024-04-29T00:01:03","modified_gmt":"2024-04-29T00:01:03","slug":"audacia-i-delicadesa","status":"publish","type":"product","link":"https:\/\/www.fundaciomascort.com\/es\/publicacion\/audacia-i-delicadesa\/","title":{"rendered":"Aud\u00e0cia i Delicadesa"},"content":{"rendered":"<div id=\"idTab1\" class=\"rte\">\n<p>Los muebles conocidos como \u201c<em>de Torroella<\/em>\u201d hace mucho tiempo que son valorados por aquellos a quien le gustan los trabajos bien hechos; significativos por su belleza y marcados por la \u00e9poca de su creaci\u00f3n.<\/p>\n<p>A\u00fan quedan rastros de los or\u00edgenes de estos muebles transmitidos por tradici\u00f3n oral, a menudo entre las familias que los han conservado durante generaciones. Aunque hayan recibido la atenci\u00f3n de alg\u00fan apreciable pero breve estudio, quedaba pendiente dedicarles el trabajo cient\u00edfico que por su gran calidad e importancia merecen.<\/p>\n<p>La FUNDACI\u00d3N PRIVADA MASCORT de Torroella de Montgr\u00ed, que tiene entre sus objetivos el de dar soporte al conocimiento del arte y las artes menores, pens\u00f3 que ya era el momento de contribuir a que la autora, que ha demostrado con creces sus conocimientos, su gran experiencia y amor a los muebles, pudiera dedicar su especializada atenci\u00f3n personal a la realizaci\u00f3n de este libro y del cual podemos decir que estamos satisfechos, a la espera de la aprobaci\u00f3n del lector.<\/p>\n<\/div>\n<ul id=\"more_info_tabs\" class=\"idTabs idTabsShort\">\n<li><\/li>\n<\/ul>\n","protected":false},"excerpt":{"rendered":"<p>Los muebles conocidos como \u201cde Torroella\u201d hace mucho tiempo que son valorados por aquellos a quien le gustan los trabajos bien hechos; significativos por su belleza y marcados por la \u00e9poca de su creaci\u00f3n. A\u00fan quedan rastros de los or\u00edgenes de estos muebles transmitidos por tradici\u00f3n oral, a menudo entre las familias que los han [&hellip;]<\/p>\n","protected":false},"featured_media":9610,"template":"","meta":{"_acf_changed":false},"product_brand":[],"product_cat":[40],"product_tag":[],"class_list":{"0":"post-11496","1":"product","2":"type-product","3":"status-publish","4":"has-post-thumbnail","6":"product_cat-sense-categoria-es","8":"first","9":"instock","10":"taxable","11":"shipping-taxable","12":"purchasable","13":"product-type-simple"},"acf":[],"yoast_head":"<!-- This site is optimized with the Yoast SEO plugin v25.6 - https:\/\/yoast.com\/wordpress\/plugins\/seo\/ -->\n<title>Aud\u00e0cia i Delicadesa - Fundaci\u00f3 Mascort<\/title>\n<meta name=\"robots\" content=\"index, follow, max-snippet:-1, max-image-preview:large, max-video-preview:-1\" \/>\n<link rel=\"canonical\" href=\"https:\/\/www.fundaciomascort.com\/es\/publicacion\/audacia-i-delicadesa\/\" \/>\n<meta property=\"og:locale\" content=\"es_ES\" \/>\n<meta property=\"og:type\" content=\"article\" \/>\n<meta property=\"og:title\" content=\"Aud\u00e0cia i Delicadesa - Fundaci\u00f3 Mascort\" \/>\n<meta property=\"og:description\" content=\"Los muebles conocidos como \u201cde Torroella\u201d hace mucho tiempo que son valorados por aquellos a quien le gustan los trabajos bien hechos; significativos por su belleza y marcados por la \u00e9poca de su creaci\u00f3n. A\u00fan quedan rastros de los or\u00edgenes de estos muebles transmitidos por tradici\u00f3n oral, a menudo entre las familias que los han [&hellip;]\" \/>\n<meta property=\"og:url\" content=\"https:\/\/www.fundaciomascort.com\/es\/publicacion\/audacia-i-delicadesa\/\" \/>\n<meta property=\"og:site_name\" content=\"Fundaci\u00f3 Mascort\" \/>\n<meta property=\"article:publisher\" content=\"https:\/\/www.facebook.com\/fundaciomascort\" \/>\n<meta property=\"article:modified_time\" content=\"2024-04-29T00:01:03+00:00\" \/>\n<meta property=\"og:image\" content=\"https:\/\/www.fundaciomascort.com\/wp-content\/uploads\/2020\/03\/Coberta-Audacia-delicadesa.jpg\" \/>\n\t<meta property=\"og:image:width\" content=\"595\" \/>\n\t<meta property=\"og:image:height\" content=\"709\" \/>\n\t<meta property=\"og:image:type\" content=\"image\/jpeg\" \/>\n<meta name=\"twitter:card\" content=\"summary_large_image\" \/>\n<meta name=\"twitter:site\" content=\"@fundaciomascort\" \/>\n<meta name=\"twitter:label1\" content=\"Tiempo de lectura\" \/>\n\t<meta name=\"twitter:data1\" content=\"1 minuto\" \/>\n<script type=\"application\/ld+json\" class=\"yoast-schema-graph\">{\"@context\":\"https:\/\/schema.org\",\"@graph\":[{\"@type\":\"WebPage\",\"@id\":\"https:\/\/www.fundaciomascort.com\/es\/publicacion\/audacia-i-delicadesa\/\",\"url\":\"https:\/\/www.fundaciomascort.com\/es\/publicacion\/audacia-i-delicadesa\/\",\"name\":\"Aud\u00e0cia i Delicadesa - Fundaci\u00f3 Mascort\",\"isPartOf\":{\"@id\":\"https:\/\/www.fundaciomascort.com\/es\/#website\"},\"primaryImageOfPage\":{\"@id\":\"https:\/\/www.fundaciomascort.com\/es\/publicacion\/audacia-i-delicadesa\/#primaryimage\"},\"image\":{\"@id\":\"https:\/\/www.fundaciomascort.com\/es\/publicacion\/audacia-i-delicadesa\/#primaryimage\"},\"thumbnailUrl\":\"https:\/\/www.fundaciomascort.com\/wp-content\/uploads\/2020\/03\/Coberta-Audacia-delicadesa.jpg\",\"datePublished\":\"2020-03-19T05:08:16+00:00\",\"dateModified\":\"2024-04-29T00:01:03+00:00\",\"breadcrumb\":{\"@id\":\"https:\/\/www.fundaciomascort.com\/es\/publicacion\/audacia-i-delicadesa\/#breadcrumb\"},\"inLanguage\":\"es\",\"potentialAction\":[{\"@type\":\"ReadAction\",\"target\":[\"https:\/\/www.fundaciomascort.com\/es\/publicacion\/audacia-i-delicadesa\/\"]}]},{\"@type\":\"ImageObject\",\"inLanguage\":\"es\",\"@id\":\"https:\/\/www.fundaciomascort.com\/es\/publicacion\/audacia-i-delicadesa\/#primaryimage\",\"url\":\"https:\/\/www.fundaciomascort.com\/wp-content\/uploads\/2020\/03\/Coberta-Audacia-delicadesa.jpg\",\"contentUrl\":\"https:\/\/www.fundaciomascort.com\/wp-content\/uploads\/2020\/03\/Coberta-Audacia-delicadesa.jpg\",\"width\":595,\"height\":709},{\"@type\":\"BreadcrumbList\",\"@id\":\"https:\/\/www.fundaciomascort.com\/es\/publicacion\/audacia-i-delicadesa\/#breadcrumb\",\"itemListElement\":[{\"@type\":\"ListItem\",\"position\":1,\"name\":\"Home\",\"item\":\"https:\/\/www.fundaciomascort.com\/es\/\"},{\"@type\":\"ListItem\",\"position\":2,\"name\":\"Publicaciones\",\"item\":\"https:\/\/www.fundaciomascort.com\/es\/publicacions\/\"},{\"@type\":\"ListItem\",\"position\":3,\"name\":\"Aud\u00e0cia i Delicadesa\"}]},{\"@type\":\"WebSite\",\"@id\":\"https:\/\/www.fundaciomascort.com\/es\/#website\",\"url\":\"https:\/\/www.fundaciomascort.com\/es\/\",\"name\":\"Fundaci\u00f3 Mascort\",\"description\":\"Esperem que compartiu amb nosaltres les exposicions de la Casa Galibern i les nostres publicacions.\",\"potentialAction\":[{\"@type\":\"SearchAction\",\"target\":{\"@type\":\"EntryPoint\",\"urlTemplate\":\"https:\/\/www.fundaciomascort.com\/es\/?s={search_term_string}\"},\"query-input\":{\"@type\":\"PropertyValueSpecification\",\"valueRequired\":true,\"valueName\":\"search_term_string\"}}],\"inLanguage\":\"es\"}]}<\/script>\n<!-- \/ Yoast SEO plugin. -->","yoast_head_json":{"title":"Aud\u00e0cia i Delicadesa - Fundaci\u00f3 Mascort","robots":{"index":"index","follow":"follow","max-snippet":"max-snippet:-1","max-image-preview":"max-image-preview:large","max-video-preview":"max-video-preview:-1"},"canonical":"https:\/\/www.fundaciomascort.com\/es\/publicacion\/audacia-i-delicadesa\/","og_locale":"es_ES","og_type":"article","og_title":"Aud\u00e0cia i Delicadesa - Fundaci\u00f3 Mascort","og_description":"Los muebles conocidos como \u201cde Torroella\u201d hace mucho tiempo que son valorados por aquellos a quien le gustan los trabajos bien hechos; significativos por su belleza y marcados por la \u00e9poca de su creaci\u00f3n. A\u00fan quedan rastros de los or\u00edgenes de estos muebles transmitidos por tradici\u00f3n oral, a menudo entre las familias que los han [&hellip;]","og_url":"https:\/\/www.fundaciomascort.com\/es\/publicacion\/audacia-i-delicadesa\/","og_site_name":"Fundaci\u00f3 Mascort","article_publisher":"https:\/\/www.facebook.com\/fundaciomascort","article_modified_time":"2024-04-29T00:01:03+00:00","og_image":[{"width":595,"height":709,"url":"https:\/\/www.fundaciomascort.com\/wp-content\/uploads\/2020\/03\/Coberta-Audacia-delicadesa.jpg","type":"image\/jpeg"}],"twitter_card":"summary_large_image","twitter_site":"@fundaciomascort","twitter_misc":{"Tiempo de lectura":"1 minuto"},"schema":{"@context":"https:\/\/schema.org","@graph":[{"@type":"WebPage","@id":"https:\/\/www.fundaciomascort.com\/es\/publicacion\/audacia-i-delicadesa\/","url":"https:\/\/www.fundaciomascort.com\/es\/publicacion\/audacia-i-delicadesa\/","name":"Aud\u00e0cia i Delicadesa - Fundaci\u00f3 Mascort","isPartOf":{"@id":"https:\/\/www.fundaciomascort.com\/es\/#website"},"primaryImageOfPage":{"@id":"https:\/\/www.fundaciomascort.com\/es\/publicacion\/audacia-i-delicadesa\/#primaryimage"},"image":{"@id":"https:\/\/www.fundaciomascort.com\/es\/publicacion\/audacia-i-delicadesa\/#primaryimage"},"thumbnailUrl":"https:\/\/www.fundaciomascort.com\/wp-content\/uploads\/2020\/03\/Coberta-Audacia-delicadesa.jpg","datePublished":"2020-03-19T05:08:16+00:00","dateModified":"2024-04-29T00:01:03+00:00","breadcrumb":{"@id":"https:\/\/www.fundaciomascort.com\/es\/publicacion\/audacia-i-delicadesa\/#breadcrumb"},"inLanguage":"es","potentialAction":[{"@type":"ReadAction","target":["https:\/\/www.fundaciomascort.com\/es\/publicacion\/audacia-i-delicadesa\/"]}]},{"@type":"ImageObject","inLanguage":"es","@id":"https:\/\/www.fundaciomascort.com\/es\/publicacion\/audacia-i-delicadesa\/#primaryimage","url":"https:\/\/www.fundaciomascort.com\/wp-content\/uploads\/2020\/03\/Coberta-Audacia-delicadesa.jpg","contentUrl":"https:\/\/www.fundaciomascort.com\/wp-content\/uploads\/2020\/03\/Coberta-Audacia-delicadesa.jpg","width":595,"height":709},{"@type":"BreadcrumbList","@id":"https:\/\/www.fundaciomascort.com\/es\/publicacion\/audacia-i-delicadesa\/#breadcrumb","itemListElement":[{"@type":"ListItem","position":1,"name":"Home","item":"https:\/\/www.fundaciomascort.com\/es\/"},{"@type":"ListItem","position":2,"name":"Publicaciones","item":"https:\/\/www.fundaciomascort.com\/es\/publicacions\/"},{"@type":"ListItem","position":3,"name":"Aud\u00e0cia i Delicadesa"}]},{"@type":"WebSite","@id":"https:\/\/www.fundaciomascort.com\/es\/#website","url":"https:\/\/www.fundaciomascort.com\/es\/","name":"Fundaci\u00f3 Mascort","description":"Esperem que compartiu amb nosaltres les exposicions de la Casa Galibern i les nostres publicacions.","potentialAction":[{"@type":"SearchAction","target":{"@type":"EntryPoint","urlTemplate":"https:\/\/www.fundaciomascort.com\/es\/?s={search_term_string}"},"query-input":{"@type":"PropertyValueSpecification","valueRequired":true,"valueName":"search_term_string"}}],"inLanguage":"es"}]}},"_links":{"self":[{"href":"https:\/\/www.fundaciomascort.com\/es\/wp-json\/wp\/v2\/product\/11496"}],"collection":[{"href":"https:\/\/www.fundaciomascort.com\/es\/wp-json\/wp\/v2\/product"}],"about":[{"href":"https:\/\/www.fundaciomascort.com\/es\/wp-json\/wp\/v2\/types\/product"}],"wp:featuredmedia":[{"embeddable":true,"href":"https:\/\/www.fundaciomascort.com\/es\/wp-json\/wp\/v2\/media\/9610"}],"wp:attachment":[{"href":"https:\/\/www.fundaciomascort.com\/es\/wp-json\/wp\/v2\/media?parent=11496"}],"wp:term":[{"taxonomy":"product_brand","embeddable":true,"href":"https:\/\/www.fundaciomascort.com\/es\/wp-json\/wp\/v2\/product_brand?post=11496"},{"taxonomy":"product_cat","embeddable":true,"href":"https:\/\/www.fundaciomascort.com\/es\/wp-json\/wp\/v2\/product_cat?post=11496"},{"taxonomy":"product_tag","embeddable":true,"href":"https:\/\/www.fundaciomascort.com\/es\/wp-json\/wp\/v2\/product_tag?post=11496"}],"curies":[{"name":"wp","href":"https:\/\/api.w.org\/{rel}","templated":true}]}}