{"id":11487,"date":"2020-03-19T05:08:14","date_gmt":"2020-03-19T05:08:14","guid":{"rendered":"https:\/\/www.fundaciomascort.com\/publicacio\/a-redos-del-montgri-1850-1950\/"},"modified":"2020-04-25T14:38:13","modified_gmt":"2020-04-25T14:38:13","slug":"a-redos-del-montgri-1850-1950","status":"publish","type":"product","link":"https:\/\/www.fundaciomascort.com\/es\/publicacion\/a-redos-del-montgri-1850-1950\/","title":{"rendered":"A red\u00f3s del Montgr\u00ed 1850-1950"},"content":{"rendered":"<p><strong>A red\u00f3s del Montgr\u00ed<\/strong> es un homenaje a las generaciones de personas que vivieron y trabajaron en la zona geogr\u00e1fica alrededor del macizo del Montgr\u00ed, entre 1850 y 1950. Su autor, Narc\u00eds Arbus\u00e9 Bellapart, nacido en Torroella de Montgr\u00ed \u2013 donde ha llevado a cabo gran parte de su actividad docente -, nos invita a descubrir la vida de entonces en los pueblos de esta zona, as\u00ed como en el llano y en la monta\u00f1a, a trav\u00e9s del relato hist\u00f3rico local, enriquecido con citas documentales. Conoceremos mejor la econom\u00eda de sus habitantes, curiosidades y an\u00e9cdotas populares, el cultivo de la tierra, del arroz, la industria del <em>ramie<\/em> (<em>Boehmeria nivea<\/em>) las construcciones artesanales en el campo, los elementos geogr\u00e1ficos tan especiales propios que configuran este paisaje, tan unido, al mismo tiempo, al Mar Mediterr\u00e1neo. Adem\u00e1s, el libro contiene 24 p\u00e1ginas centrales con fotograf\u00edas a color de los lugares m\u00e1s emblem\u00e1ticos y sorprendentes.<\/p>\n","protected":false},"excerpt":{"rendered":"<p>A red\u00f3s del Montgr\u00ed es un homenaje a las generaciones de personas que vivieron y trabajaron en la zona geogr\u00e1fica alrededor del macizo del Montgr\u00ed, entre 1850 y 1950. Su autor, Narc\u00eds Arbus\u00e9 Bellapart, nacido en Torroella de Montgr\u00ed \u2013 donde ha llevado a cabo gran parte de su actividad docente -, nos invita a [&hellip;]<\/p>\n","protected":false},"featured_media":9598,"template":"","meta":{"_acf_changed":false},"product_brand":[],"product_cat":[40],"product_tag":[],"class_list":{"0":"post-11487","1":"product","2":"type-product","3":"status-publish","4":"has-post-thumbnail","6":"product_cat-sense-categoria-es","8":"first","9":"instock","10":"taxable","11":"shipping-taxable","12":"purchasable","13":"product-type-simple"},"acf":[],"yoast_head":"<!-- This site is optimized with the Yoast SEO plugin v25.6 - https:\/\/yoast.com\/wordpress\/plugins\/seo\/ -->\n<title>A red\u00f3s del Montgr\u00ed 1850-1950 - Fundaci\u00f3 Mascort<\/title>\n<meta name=\"robots\" content=\"index, follow, max-snippet:-1, max-image-preview:large, max-video-preview:-1\" \/>\n<link rel=\"canonical\" href=\"https:\/\/www.fundaciomascort.com\/es\/publicacion\/a-redos-del-montgri-1850-1950\/\" \/>\n<meta property=\"og:locale\" content=\"es_ES\" \/>\n<meta property=\"og:type\" content=\"article\" \/>\n<meta property=\"og:title\" content=\"A red\u00f3s del Montgr\u00ed 1850-1950 - Fundaci\u00f3 Mascort\" \/>\n<meta property=\"og:description\" content=\"A red\u00f3s del Montgr\u00ed es un homenaje a las generaciones de personas que vivieron y trabajaron en la zona geogr\u00e1fica alrededor del macizo del Montgr\u00ed, entre 1850 y 1950. Su autor, Narc\u00eds Arbus\u00e9 Bellapart, nacido en Torroella de Montgr\u00ed \u2013 donde ha llevado a cabo gran parte de su actividad docente -, nos invita a [&hellip;]\" \/>\n<meta property=\"og:url\" content=\"https:\/\/www.fundaciomascort.com\/es\/publicacion\/a-redos-del-montgri-1850-1950\/\" \/>\n<meta property=\"og:site_name\" content=\"Fundaci\u00f3 Mascort\" \/>\n<meta property=\"article:publisher\" content=\"https:\/\/www.facebook.com\/fundaciomascort\" \/>\n<meta property=\"article:modified_time\" content=\"2020-04-25T14:38:13+00:00\" \/>\n<meta property=\"og:image\" content=\"https:\/\/www.fundaciomascort.com\/wp-content\/uploads\/2020\/03\/Coberta-Redos-Montgri.jpg\" \/>\n\t<meta property=\"og:image:width\" content=\"595\" \/>\n\t<meta property=\"og:image:height\" content=\"709\" \/>\n\t<meta property=\"og:image:type\" content=\"image\/jpeg\" \/>\n<meta name=\"twitter:card\" content=\"summary_large_image\" \/>\n<meta name=\"twitter:site\" content=\"@fundaciomascort\" \/>\n<meta name=\"twitter:label1\" content=\"Tiempo de lectura\" \/>\n\t<meta name=\"twitter:data1\" content=\"1 minuto\" \/>\n<script type=\"application\/ld+json\" class=\"yoast-schema-graph\">{\"@context\":\"https:\/\/schema.org\",\"@graph\":[{\"@type\":\"WebPage\",\"@id\":\"https:\/\/www.fundaciomascort.com\/es\/publicacion\/a-redos-del-montgri-1850-1950\/\",\"url\":\"https:\/\/www.fundaciomascort.com\/es\/publicacion\/a-redos-del-montgri-1850-1950\/\",\"name\":\"A red\u00f3s del Montgr\u00ed 1850-1950 - Fundaci\u00f3 Mascort\",\"isPartOf\":{\"@id\":\"https:\/\/www.fundaciomascort.com\/es\/#website\"},\"primaryImageOfPage\":{\"@id\":\"https:\/\/www.fundaciomascort.com\/es\/publicacion\/a-redos-del-montgri-1850-1950\/#primaryimage\"},\"image\":{\"@id\":\"https:\/\/www.fundaciomascort.com\/es\/publicacion\/a-redos-del-montgri-1850-1950\/#primaryimage\"},\"thumbnailUrl\":\"https:\/\/www.fundaciomascort.com\/wp-content\/uploads\/2020\/03\/Coberta-Redos-Montgri.jpg\",\"datePublished\":\"2020-03-19T05:08:14+00:00\",\"dateModified\":\"2020-04-25T14:38:13+00:00\",\"breadcrumb\":{\"@id\":\"https:\/\/www.fundaciomascort.com\/es\/publicacion\/a-redos-del-montgri-1850-1950\/#breadcrumb\"},\"inLanguage\":\"es\",\"potentialAction\":[{\"@type\":\"ReadAction\",\"target\":[\"https:\/\/www.fundaciomascort.com\/es\/publicacion\/a-redos-del-montgri-1850-1950\/\"]}]},{\"@type\":\"ImageObject\",\"inLanguage\":\"es\",\"@id\":\"https:\/\/www.fundaciomascort.com\/es\/publicacion\/a-redos-del-montgri-1850-1950\/#primaryimage\",\"url\":\"https:\/\/www.fundaciomascort.com\/wp-content\/uploads\/2020\/03\/Coberta-Redos-Montgri.jpg\",\"contentUrl\":\"https:\/\/www.fundaciomascort.com\/wp-content\/uploads\/2020\/03\/Coberta-Redos-Montgri.jpg\",\"width\":595,\"height\":709},{\"@type\":\"BreadcrumbList\",\"@id\":\"https:\/\/www.fundaciomascort.com\/es\/publicacion\/a-redos-del-montgri-1850-1950\/#breadcrumb\",\"itemListElement\":[{\"@type\":\"ListItem\",\"position\":1,\"name\":\"Home\",\"item\":\"https:\/\/www.fundaciomascort.com\/es\/\"},{\"@type\":\"ListItem\",\"position\":2,\"name\":\"Publicaciones\",\"item\":\"https:\/\/www.fundaciomascort.com\/es\/publicacions\/\"},{\"@type\":\"ListItem\",\"position\":3,\"name\":\"A red\u00f3s del Montgr\u00ed 1850-1950\"}]},{\"@type\":\"WebSite\",\"@id\":\"https:\/\/www.fundaciomascort.com\/es\/#website\",\"url\":\"https:\/\/www.fundaciomascort.com\/es\/\",\"name\":\"Fundaci\u00f3 Mascort\",\"description\":\"Esperem que compartiu amb nosaltres les exposicions de la Casa Galibern i les nostres publicacions.\",\"potentialAction\":[{\"@type\":\"SearchAction\",\"target\":{\"@type\":\"EntryPoint\",\"urlTemplate\":\"https:\/\/www.fundaciomascort.com\/es\/?s={search_term_string}\"},\"query-input\":{\"@type\":\"PropertyValueSpecification\",\"valueRequired\":true,\"valueName\":\"search_term_string\"}}],\"inLanguage\":\"es\"}]}<\/script>\n<!-- \/ Yoast SEO plugin. -->","yoast_head_json":{"title":"A red\u00f3s del Montgr\u00ed 1850-1950 - Fundaci\u00f3 Mascort","robots":{"index":"index","follow":"follow","max-snippet":"max-snippet:-1","max-image-preview":"max-image-preview:large","max-video-preview":"max-video-preview:-1"},"canonical":"https:\/\/www.fundaciomascort.com\/es\/publicacion\/a-redos-del-montgri-1850-1950\/","og_locale":"es_ES","og_type":"article","og_title":"A red\u00f3s del Montgr\u00ed 1850-1950 - Fundaci\u00f3 Mascort","og_description":"A red\u00f3s del Montgr\u00ed es un homenaje a las generaciones de personas que vivieron y trabajaron en la zona geogr\u00e1fica alrededor del macizo del Montgr\u00ed, entre 1850 y 1950. Su autor, Narc\u00eds Arbus\u00e9 Bellapart, nacido en Torroella de Montgr\u00ed \u2013 donde ha llevado a cabo gran parte de su actividad docente -, nos invita a [&hellip;]","og_url":"https:\/\/www.fundaciomascort.com\/es\/publicacion\/a-redos-del-montgri-1850-1950\/","og_site_name":"Fundaci\u00f3 Mascort","article_publisher":"https:\/\/www.facebook.com\/fundaciomascort","article_modified_time":"2020-04-25T14:38:13+00:00","og_image":[{"width":595,"height":709,"url":"https:\/\/www.fundaciomascort.com\/wp-content\/uploads\/2020\/03\/Coberta-Redos-Montgri.jpg","type":"image\/jpeg"}],"twitter_card":"summary_large_image","twitter_site":"@fundaciomascort","twitter_misc":{"Tiempo de lectura":"1 minuto"},"schema":{"@context":"https:\/\/schema.org","@graph":[{"@type":"WebPage","@id":"https:\/\/www.fundaciomascort.com\/es\/publicacion\/a-redos-del-montgri-1850-1950\/","url":"https:\/\/www.fundaciomascort.com\/es\/publicacion\/a-redos-del-montgri-1850-1950\/","name":"A red\u00f3s del Montgr\u00ed 1850-1950 - Fundaci\u00f3 Mascort","isPartOf":{"@id":"https:\/\/www.fundaciomascort.com\/es\/#website"},"primaryImageOfPage":{"@id":"https:\/\/www.fundaciomascort.com\/es\/publicacion\/a-redos-del-montgri-1850-1950\/#primaryimage"},"image":{"@id":"https:\/\/www.fundaciomascort.com\/es\/publicacion\/a-redos-del-montgri-1850-1950\/#primaryimage"},"thumbnailUrl":"https:\/\/www.fundaciomascort.com\/wp-content\/uploads\/2020\/03\/Coberta-Redos-Montgri.jpg","datePublished":"2020-03-19T05:08:14+00:00","dateModified":"2020-04-25T14:38:13+00:00","breadcrumb":{"@id":"https:\/\/www.fundaciomascort.com\/es\/publicacion\/a-redos-del-montgri-1850-1950\/#breadcrumb"},"inLanguage":"es","potentialAction":[{"@type":"ReadAction","target":["https:\/\/www.fundaciomascort.com\/es\/publicacion\/a-redos-del-montgri-1850-1950\/"]}]},{"@type":"ImageObject","inLanguage":"es","@id":"https:\/\/www.fundaciomascort.com\/es\/publicacion\/a-redos-del-montgri-1850-1950\/#primaryimage","url":"https:\/\/www.fundaciomascort.com\/wp-content\/uploads\/2020\/03\/Coberta-Redos-Montgri.jpg","contentUrl":"https:\/\/www.fundaciomascort.com\/wp-content\/uploads\/2020\/03\/Coberta-Redos-Montgri.jpg","width":595,"height":709},{"@type":"BreadcrumbList","@id":"https:\/\/www.fundaciomascort.com\/es\/publicacion\/a-redos-del-montgri-1850-1950\/#breadcrumb","itemListElement":[{"@type":"ListItem","position":1,"name":"Home","item":"https:\/\/www.fundaciomascort.com\/es\/"},{"@type":"ListItem","position":2,"name":"Publicaciones","item":"https:\/\/www.fundaciomascort.com\/es\/publicacions\/"},{"@type":"ListItem","position":3,"name":"A red\u00f3s del Montgr\u00ed 1850-1950"}]},{"@type":"WebSite","@id":"https:\/\/www.fundaciomascort.com\/es\/#website","url":"https:\/\/www.fundaciomascort.com\/es\/","name":"Fundaci\u00f3 Mascort","description":"Esperem que compartiu amb nosaltres les exposicions de la Casa Galibern i les nostres publicacions.","potentialAction":[{"@type":"SearchAction","target":{"@type":"EntryPoint","urlTemplate":"https:\/\/www.fundaciomascort.com\/es\/?s={search_term_string}"},"query-input":{"@type":"PropertyValueSpecification","valueRequired":true,"valueName":"search_term_string"}}],"inLanguage":"es"}]}},"_links":{"self":[{"href":"https:\/\/www.fundaciomascort.com\/es\/wp-json\/wp\/v2\/product\/11487"}],"collection":[{"href":"https:\/\/www.fundaciomascort.com\/es\/wp-json\/wp\/v2\/product"}],"about":[{"href":"https:\/\/www.fundaciomascort.com\/es\/wp-json\/wp\/v2\/types\/product"}],"wp:featuredmedia":[{"embeddable":true,"href":"https:\/\/www.fundaciomascort.com\/es\/wp-json\/wp\/v2\/media\/9598"}],"wp:attachment":[{"href":"https:\/\/www.fundaciomascort.com\/es\/wp-json\/wp\/v2\/media?parent=11487"}],"wp:term":[{"taxonomy":"product_brand","embeddable":true,"href":"https:\/\/www.fundaciomascort.com\/es\/wp-json\/wp\/v2\/product_brand?post=11487"},{"taxonomy":"product_cat","embeddable":true,"href":"https:\/\/www.fundaciomascort.com\/es\/wp-json\/wp\/v2\/product_cat?post=11487"},{"taxonomy":"product_tag","embeddable":true,"href":"https:\/\/www.fundaciomascort.com\/es\/wp-json\/wp\/v2\/product_tag?post=11487"}],"curies":[{"name":"wp","href":"https:\/\/api.w.org\/{rel}","templated":true}]}}