{"id":11481,"date":"2020-03-19T05:08:14","date_gmt":"2020-03-19T05:08:14","guid":{"rendered":"https:\/\/www.fundaciomascort.com\/publicacio\/la-loza-catalana\/"},"modified":"2025-03-26T12:07:33","modified_gmt":"2025-03-26T12:07:33","slug":"la-loza-catalana","status":"publish","type":"product","link":"https:\/\/www.fundaciomascort.com\/es\/publicacion\/la-loza-catalana\/","title":{"rendered":"La loza catalana"},"content":{"rendered":"<p><em>La Loza catalana de la Colecci\u00f3n Mascort<\/em> es el cat\u00e1logo que acompa\u00f1\u00f3 la exposici\u00f3n sobre la loza catalana que exhibi\u00f3 la Fundaci\u00f3 Mascort en el a\u00f1o 2012. En el libro se catalogan m\u00e1s de 600 piezas de loza catalana, fechadas entre los siglos XIV y XIX: platos, salvillas, escudillas, hueveras, aguamaniles, benditeras y otras formas cer\u00e1micas. Cabe destacar un importante conjunto de tarros y orzas de botica, con ejemplares de extremada rareza. Las fotograf\u00edas son todas grandes y a color, para permitir su observaci\u00f3n detallada. Cada pieza se acompa\u00f1a de una cuidada descripci\u00f3n. A parte de la catalogaci\u00f3n, se dan a conocer los resultados de los an\u00e1lisis de pastas realizadas a algunas piezas, para determinar su lugar de producci\u00f3n. Adem\u00e1s, en la introducci\u00f3n se incluye un completo trabajo sobre las influencias que recibi\u00f3 la loza catalana, un estudio sobre la loza barcelonesa del siglo XVIII, y otro sobre la loza farmac\u00e9utica, ambos realizados a partir de documentaci\u00f3n in\u00e9dita. Se trata de un libro absolutamente imprescindible para qui\u00e9n este interesado en la loza, en general, y, en la loza catalana, en particular.<\/p>\n","protected":false},"excerpt":{"rendered":"<p>La Loza catalana de la Colecci\u00f3n Mascort es el cat\u00e1logo que acompa\u00f1\u00f3 la exposici\u00f3n sobre la loza catalana que exhibi\u00f3 la Fundaci\u00f3 Mascort en el a\u00f1o 2012. En el libro se catalogan m\u00e1s de 600 piezas de loza catalana, fechadas entre los siglos XIV y XIX: platos, salvillas, escudillas, hueveras, aguamaniles, benditeras y otras formas [&hellip;]<\/p>\n","protected":false},"featured_media":9595,"template":"","meta":{"_acf_changed":false},"product_brand":[],"product_cat":[40],"product_tag":[],"class_list":{"0":"post-11481","1":"product","2":"type-product","3":"status-publish","4":"has-post-thumbnail","6":"product_cat-sense-categoria-es","8":"first","9":"instock","10":"taxable","11":"shipping-taxable","12":"purchasable","13":"product-type-simple"},"acf":[],"yoast_head":"<!-- This site is optimized with the Yoast SEO plugin v25.6 - https:\/\/yoast.com\/wordpress\/plugins\/seo\/ -->\n<title>La loza catalana - Fundaci\u00f3 Mascort<\/title>\n<meta name=\"robots\" content=\"index, follow, max-snippet:-1, max-image-preview:large, max-video-preview:-1\" \/>\n<link rel=\"canonical\" href=\"https:\/\/www.fundaciomascort.com\/es\/publicacion\/la-loza-catalana\/\" \/>\n<meta property=\"og:locale\" content=\"es_ES\" \/>\n<meta property=\"og:type\" content=\"article\" \/>\n<meta property=\"og:title\" content=\"La loza catalana - Fundaci\u00f3 Mascort\" \/>\n<meta property=\"og:description\" content=\"La Loza catalana de la Colecci\u00f3n Mascort es el cat\u00e1logo que acompa\u00f1\u00f3 la exposici\u00f3n sobre la loza catalana que exhibi\u00f3 la Fundaci\u00f3 Mascort en el a\u00f1o 2012. En el libro se catalogan m\u00e1s de 600 piezas de loza catalana, fechadas entre los siglos XIV y XIX: platos, salvillas, escudillas, hueveras, aguamaniles, benditeras y otras formas [&hellip;]\" \/>\n<meta property=\"og:url\" content=\"https:\/\/www.fundaciomascort.com\/es\/publicacion\/la-loza-catalana\/\" \/>\n<meta property=\"og:site_name\" content=\"Fundaci\u00f3 Mascort\" \/>\n<meta property=\"article:publisher\" content=\"https:\/\/www.facebook.com\/fundaciomascort\" \/>\n<meta property=\"article:modified_time\" content=\"2025-03-26T12:07:33+00:00\" \/>\n<meta property=\"og:image\" content=\"https:\/\/www.fundaciomascort.com\/wp-content\/uploads\/2020\/03\/Coberta-Loza-catalana.jpg\" \/>\n\t<meta property=\"og:image:width\" content=\"595\" \/>\n\t<meta property=\"og:image:height\" content=\"709\" \/>\n\t<meta property=\"og:image:type\" content=\"image\/jpeg\" \/>\n<meta name=\"twitter:card\" content=\"summary_large_image\" \/>\n<meta name=\"twitter:site\" content=\"@fundaciomascort\" \/>\n<meta name=\"twitter:label1\" content=\"Tiempo de lectura\" \/>\n\t<meta name=\"twitter:data1\" content=\"2 minutos\" \/>\n<script type=\"application\/ld+json\" class=\"yoast-schema-graph\">{\"@context\":\"https:\/\/schema.org\",\"@graph\":[{\"@type\":\"WebPage\",\"@id\":\"https:\/\/www.fundaciomascort.com\/es\/publicacion\/la-loza-catalana\/\",\"url\":\"https:\/\/www.fundaciomascort.com\/es\/publicacion\/la-loza-catalana\/\",\"name\":\"La loza catalana - Fundaci\u00f3 Mascort\",\"isPartOf\":{\"@id\":\"https:\/\/www.fundaciomascort.com\/es\/#website\"},\"primaryImageOfPage\":{\"@id\":\"https:\/\/www.fundaciomascort.com\/es\/publicacion\/la-loza-catalana\/#primaryimage\"},\"image\":{\"@id\":\"https:\/\/www.fundaciomascort.com\/es\/publicacion\/la-loza-catalana\/#primaryimage\"},\"thumbnailUrl\":\"https:\/\/www.fundaciomascort.com\/wp-content\/uploads\/2020\/03\/Coberta-Loza-catalana.jpg\",\"datePublished\":\"2020-03-19T05:08:14+00:00\",\"dateModified\":\"2025-03-26T12:07:33+00:00\",\"breadcrumb\":{\"@id\":\"https:\/\/www.fundaciomascort.com\/es\/publicacion\/la-loza-catalana\/#breadcrumb\"},\"inLanguage\":\"es\",\"potentialAction\":[{\"@type\":\"ReadAction\",\"target\":[\"https:\/\/www.fundaciomascort.com\/es\/publicacion\/la-loza-catalana\/\"]}]},{\"@type\":\"ImageObject\",\"inLanguage\":\"es\",\"@id\":\"https:\/\/www.fundaciomascort.com\/es\/publicacion\/la-loza-catalana\/#primaryimage\",\"url\":\"https:\/\/www.fundaciomascort.com\/wp-content\/uploads\/2020\/03\/Coberta-Loza-catalana.jpg\",\"contentUrl\":\"https:\/\/www.fundaciomascort.com\/wp-content\/uploads\/2020\/03\/Coberta-Loza-catalana.jpg\",\"width\":595,\"height\":709},{\"@type\":\"BreadcrumbList\",\"@id\":\"https:\/\/www.fundaciomascort.com\/es\/publicacion\/la-loza-catalana\/#breadcrumb\",\"itemListElement\":[{\"@type\":\"ListItem\",\"position\":1,\"name\":\"Home\",\"item\":\"https:\/\/www.fundaciomascort.com\/es\/\"},{\"@type\":\"ListItem\",\"position\":2,\"name\":\"Publicaciones\",\"item\":\"https:\/\/www.fundaciomascort.com\/es\/publicacions\/\"},{\"@type\":\"ListItem\",\"position\":3,\"name\":\"La loza catalana\"}]},{\"@type\":\"WebSite\",\"@id\":\"https:\/\/www.fundaciomascort.com\/es\/#website\",\"url\":\"https:\/\/www.fundaciomascort.com\/es\/\",\"name\":\"Fundaci\u00f3 Mascort\",\"description\":\"Esperem que compartiu amb nosaltres les exposicions de la Casa Galibern i les nostres publicacions.\",\"potentialAction\":[{\"@type\":\"SearchAction\",\"target\":{\"@type\":\"EntryPoint\",\"urlTemplate\":\"https:\/\/www.fundaciomascort.com\/es\/?s={search_term_string}\"},\"query-input\":{\"@type\":\"PropertyValueSpecification\",\"valueRequired\":true,\"valueName\":\"search_term_string\"}}],\"inLanguage\":\"es\"}]}<\/script>\n<!-- \/ Yoast SEO plugin. -->","yoast_head_json":{"title":"La loza catalana - Fundaci\u00f3 Mascort","robots":{"index":"index","follow":"follow","max-snippet":"max-snippet:-1","max-image-preview":"max-image-preview:large","max-video-preview":"max-video-preview:-1"},"canonical":"https:\/\/www.fundaciomascort.com\/es\/publicacion\/la-loza-catalana\/","og_locale":"es_ES","og_type":"article","og_title":"La loza catalana - Fundaci\u00f3 Mascort","og_description":"La Loza catalana de la Colecci\u00f3n Mascort es el cat\u00e1logo que acompa\u00f1\u00f3 la exposici\u00f3n sobre la loza catalana que exhibi\u00f3 la Fundaci\u00f3 Mascort en el a\u00f1o 2012. En el libro se catalogan m\u00e1s de 600 piezas de loza catalana, fechadas entre los siglos XIV y XIX: platos, salvillas, escudillas, hueveras, aguamaniles, benditeras y otras formas [&hellip;]","og_url":"https:\/\/www.fundaciomascort.com\/es\/publicacion\/la-loza-catalana\/","og_site_name":"Fundaci\u00f3 Mascort","article_publisher":"https:\/\/www.facebook.com\/fundaciomascort","article_modified_time":"2025-03-26T12:07:33+00:00","og_image":[{"width":595,"height":709,"url":"https:\/\/www.fundaciomascort.com\/wp-content\/uploads\/2020\/03\/Coberta-Loza-catalana.jpg","type":"image\/jpeg"}],"twitter_card":"summary_large_image","twitter_site":"@fundaciomascort","twitter_misc":{"Tiempo de lectura":"2 minutos"},"schema":{"@context":"https:\/\/schema.org","@graph":[{"@type":"WebPage","@id":"https:\/\/www.fundaciomascort.com\/es\/publicacion\/la-loza-catalana\/","url":"https:\/\/www.fundaciomascort.com\/es\/publicacion\/la-loza-catalana\/","name":"La loza catalana - Fundaci\u00f3 Mascort","isPartOf":{"@id":"https:\/\/www.fundaciomascort.com\/es\/#website"},"primaryImageOfPage":{"@id":"https:\/\/www.fundaciomascort.com\/es\/publicacion\/la-loza-catalana\/#primaryimage"},"image":{"@id":"https:\/\/www.fundaciomascort.com\/es\/publicacion\/la-loza-catalana\/#primaryimage"},"thumbnailUrl":"https:\/\/www.fundaciomascort.com\/wp-content\/uploads\/2020\/03\/Coberta-Loza-catalana.jpg","datePublished":"2020-03-19T05:08:14+00:00","dateModified":"2025-03-26T12:07:33+00:00","breadcrumb":{"@id":"https:\/\/www.fundaciomascort.com\/es\/publicacion\/la-loza-catalana\/#breadcrumb"},"inLanguage":"es","potentialAction":[{"@type":"ReadAction","target":["https:\/\/www.fundaciomascort.com\/es\/publicacion\/la-loza-catalana\/"]}]},{"@type":"ImageObject","inLanguage":"es","@id":"https:\/\/www.fundaciomascort.com\/es\/publicacion\/la-loza-catalana\/#primaryimage","url":"https:\/\/www.fundaciomascort.com\/wp-content\/uploads\/2020\/03\/Coberta-Loza-catalana.jpg","contentUrl":"https:\/\/www.fundaciomascort.com\/wp-content\/uploads\/2020\/03\/Coberta-Loza-catalana.jpg","width":595,"height":709},{"@type":"BreadcrumbList","@id":"https:\/\/www.fundaciomascort.com\/es\/publicacion\/la-loza-catalana\/#breadcrumb","itemListElement":[{"@type":"ListItem","position":1,"name":"Home","item":"https:\/\/www.fundaciomascort.com\/es\/"},{"@type":"ListItem","position":2,"name":"Publicaciones","item":"https:\/\/www.fundaciomascort.com\/es\/publicacions\/"},{"@type":"ListItem","position":3,"name":"La loza catalana"}]},{"@type":"WebSite","@id":"https:\/\/www.fundaciomascort.com\/es\/#website","url":"https:\/\/www.fundaciomascort.com\/es\/","name":"Fundaci\u00f3 Mascort","description":"Esperem que compartiu amb nosaltres les exposicions de la Casa Galibern i les nostres publicacions.","potentialAction":[{"@type":"SearchAction","target":{"@type":"EntryPoint","urlTemplate":"https:\/\/www.fundaciomascort.com\/es\/?s={search_term_string}"},"query-input":{"@type":"PropertyValueSpecification","valueRequired":true,"valueName":"search_term_string"}}],"inLanguage":"es"}]}},"_links":{"self":[{"href":"https:\/\/www.fundaciomascort.com\/es\/wp-json\/wp\/v2\/product\/11481"}],"collection":[{"href":"https:\/\/www.fundaciomascort.com\/es\/wp-json\/wp\/v2\/product"}],"about":[{"href":"https:\/\/www.fundaciomascort.com\/es\/wp-json\/wp\/v2\/types\/product"}],"wp:featuredmedia":[{"embeddable":true,"href":"https:\/\/www.fundaciomascort.com\/es\/wp-json\/wp\/v2\/media\/9595"}],"wp:attachment":[{"href":"https:\/\/www.fundaciomascort.com\/es\/wp-json\/wp\/v2\/media?parent=11481"}],"wp:term":[{"taxonomy":"product_brand","embeddable":true,"href":"https:\/\/www.fundaciomascort.com\/es\/wp-json\/wp\/v2\/product_brand?post=11481"},{"taxonomy":"product_cat","embeddable":true,"href":"https:\/\/www.fundaciomascort.com\/es\/wp-json\/wp\/v2\/product_cat?post=11481"},{"taxonomy":"product_tag","embeddable":true,"href":"https:\/\/www.fundaciomascort.com\/es\/wp-json\/wp\/v2\/product_tag?post=11481"}],"curies":[{"name":"wp","href":"https:\/\/api.w.org\/{rel}","templated":true}]}}