{"id":11463,"date":"2020-03-19T05:08:12","date_gmt":"2020-03-19T05:08:12","guid":{"rendered":"https:\/\/www.fundaciomascort.com\/publicacio\/lermita-de-santa-caterina-del-montgri\/"},"modified":"2024-04-29T00:01:02","modified_gmt":"2024-04-29T00:01:02","slug":"lermita-de-santa-caterina-del-montgri","status":"publish","type":"product","link":"https:\/\/www.fundaciomascort.com\/es\/publicacion\/lermita-de-santa-caterina-del-montgri\/","title":{"rendered":"L&#8217;ermita de Santa Caterina del Montgr\u00ed"},"content":{"rendered":"<p>Es una obra breve que quiere ser un acompa\u00f1ante en la visita, f\u00edsica o de lectura, a esta ermita tan emblem\u00e1tica y entra\u00f1able para la gran mayor\u00eda de habitantes de las poblaciones cercanas al macizo del Montgr\u00ed, y del Baix y Alt Empord\u00e0. En ella encontraremos informaci\u00f3n sobre el entorno, la historia, la arquitectura, el arte y los artistas, y las tradiciones, desde su creaci\u00f3n en el siglo XIV hasta hoy, adem\u00e1s de numerosas im\u00e1genes actuales y del pasado.<\/p>\n","protected":false},"excerpt":{"rendered":"<p>Es una obra breve que quiere ser un acompa\u00f1ante en la visita, f\u00edsica o de lectura, a esta ermita tan emblem\u00e1tica y entra\u00f1able para la gran mayor\u00eda de habitantes de las poblaciones cercanas al macizo del Montgr\u00ed, y del Baix y Alt Empord\u00e0. En ella encontraremos informaci\u00f3n sobre el entorno, la historia, la arquitectura, el [&hellip;]<\/p>\n","protected":false},"featured_media":9580,"template":"","meta":{"_acf_changed":false},"product_brand":[],"product_cat":[40],"product_tag":[],"class_list":{"0":"post-11463","1":"product","2":"type-product","3":"status-publish","4":"has-post-thumbnail","6":"product_cat-sense-categoria-es","8":"first","9":"instock","10":"taxable","11":"shipping-taxable","12":"purchasable","13":"product-type-simple"},"acf":[],"yoast_head":"<!-- This site is optimized with the Yoast SEO plugin v25.6 - https:\/\/yoast.com\/wordpress\/plugins\/seo\/ -->\n<title>L&#039;ermita de Santa Caterina del Montgr\u00ed - Fundaci\u00f3 Mascort<\/title>\n<meta name=\"robots\" content=\"index, follow, max-snippet:-1, max-image-preview:large, max-video-preview:-1\" \/>\n<link rel=\"canonical\" href=\"https:\/\/www.fundaciomascort.com\/es\/publicacion\/lermita-de-santa-caterina-del-montgri\/\" \/>\n<meta property=\"og:locale\" content=\"es_ES\" \/>\n<meta property=\"og:type\" content=\"article\" \/>\n<meta property=\"og:title\" content=\"L&#039;ermita de Santa Caterina del Montgr\u00ed - Fundaci\u00f3 Mascort\" \/>\n<meta property=\"og:description\" content=\"Es una obra breve que quiere ser un acompa\u00f1ante en la visita, f\u00edsica o de lectura, a esta ermita tan emblem\u00e1tica y entra\u00f1able para la gran mayor\u00eda de habitantes de las poblaciones cercanas al macizo del Montgr\u00ed, y del Baix y Alt Empord\u00e0. En ella encontraremos informaci\u00f3n sobre el entorno, la historia, la arquitectura, el [&hellip;]\" \/>\n<meta property=\"og:url\" content=\"https:\/\/www.fundaciomascort.com\/es\/publicacion\/lermita-de-santa-caterina-del-montgri\/\" \/>\n<meta property=\"og:site_name\" content=\"Fundaci\u00f3 Mascort\" \/>\n<meta property=\"article:publisher\" content=\"https:\/\/www.facebook.com\/fundaciomascort\" \/>\n<meta property=\"article:modified_time\" content=\"2024-04-29T00:01:02+00:00\" \/>\n<meta property=\"og:image\" content=\"https:\/\/www.fundaciomascort.com\/wp-content\/uploads\/2020\/03\/Coberta-ermita-sta-caterina.jpg\" \/>\n\t<meta property=\"og:image:width\" content=\"595\" \/>\n\t<meta property=\"og:image:height\" content=\"709\" \/>\n\t<meta property=\"og:image:type\" content=\"image\/jpeg\" \/>\n<meta name=\"twitter:card\" content=\"summary_large_image\" \/>\n<meta name=\"twitter:site\" content=\"@fundaciomascort\" \/>\n<script type=\"application\/ld+json\" class=\"yoast-schema-graph\">{\"@context\":\"https:\/\/schema.org\",\"@graph\":[{\"@type\":\"WebPage\",\"@id\":\"https:\/\/www.fundaciomascort.com\/es\/publicacion\/lermita-de-santa-caterina-del-montgri\/\",\"url\":\"https:\/\/www.fundaciomascort.com\/es\/publicacion\/lermita-de-santa-caterina-del-montgri\/\",\"name\":\"L'ermita de Santa Caterina del Montgr\u00ed - Fundaci\u00f3 Mascort\",\"isPartOf\":{\"@id\":\"https:\/\/www.fundaciomascort.com\/es\/#website\"},\"primaryImageOfPage\":{\"@id\":\"https:\/\/www.fundaciomascort.com\/es\/publicacion\/lermita-de-santa-caterina-del-montgri\/#primaryimage\"},\"image\":{\"@id\":\"https:\/\/www.fundaciomascort.com\/es\/publicacion\/lermita-de-santa-caterina-del-montgri\/#primaryimage\"},\"thumbnailUrl\":\"https:\/\/www.fundaciomascort.com\/wp-content\/uploads\/2020\/03\/Coberta-ermita-sta-caterina.jpg\",\"datePublished\":\"2020-03-19T05:08:12+00:00\",\"dateModified\":\"2024-04-29T00:01:02+00:00\",\"breadcrumb\":{\"@id\":\"https:\/\/www.fundaciomascort.com\/es\/publicacion\/lermita-de-santa-caterina-del-montgri\/#breadcrumb\"},\"inLanguage\":\"es\",\"potentialAction\":[{\"@type\":\"ReadAction\",\"target\":[\"https:\/\/www.fundaciomascort.com\/es\/publicacion\/lermita-de-santa-caterina-del-montgri\/\"]}]},{\"@type\":\"ImageObject\",\"inLanguage\":\"es\",\"@id\":\"https:\/\/www.fundaciomascort.com\/es\/publicacion\/lermita-de-santa-caterina-del-montgri\/#primaryimage\",\"url\":\"https:\/\/www.fundaciomascort.com\/wp-content\/uploads\/2020\/03\/Coberta-ermita-sta-caterina.jpg\",\"contentUrl\":\"https:\/\/www.fundaciomascort.com\/wp-content\/uploads\/2020\/03\/Coberta-ermita-sta-caterina.jpg\",\"width\":595,\"height\":709},{\"@type\":\"BreadcrumbList\",\"@id\":\"https:\/\/www.fundaciomascort.com\/es\/publicacion\/lermita-de-santa-caterina-del-montgri\/#breadcrumb\",\"itemListElement\":[{\"@type\":\"ListItem\",\"position\":1,\"name\":\"Home\",\"item\":\"https:\/\/www.fundaciomascort.com\/es\/\"},{\"@type\":\"ListItem\",\"position\":2,\"name\":\"Publicaciones\",\"item\":\"https:\/\/www.fundaciomascort.com\/es\/publicacions\/\"},{\"@type\":\"ListItem\",\"position\":3,\"name\":\"L&#8217;ermita de Santa Caterina del Montgr\u00ed\"}]},{\"@type\":\"WebSite\",\"@id\":\"https:\/\/www.fundaciomascort.com\/es\/#website\",\"url\":\"https:\/\/www.fundaciomascort.com\/es\/\",\"name\":\"Fundaci\u00f3 Mascort\",\"description\":\"Esperem que compartiu amb nosaltres les exposicions de la Casa Galibern i les nostres publicacions.\",\"potentialAction\":[{\"@type\":\"SearchAction\",\"target\":{\"@type\":\"EntryPoint\",\"urlTemplate\":\"https:\/\/www.fundaciomascort.com\/es\/?s={search_term_string}\"},\"query-input\":{\"@type\":\"PropertyValueSpecification\",\"valueRequired\":true,\"valueName\":\"search_term_string\"}}],\"inLanguage\":\"es\"}]}<\/script>\n<!-- \/ Yoast SEO plugin. -->","yoast_head_json":{"title":"L'ermita de Santa Caterina del Montgr\u00ed - Fundaci\u00f3 Mascort","robots":{"index":"index","follow":"follow","max-snippet":"max-snippet:-1","max-image-preview":"max-image-preview:large","max-video-preview":"max-video-preview:-1"},"canonical":"https:\/\/www.fundaciomascort.com\/es\/publicacion\/lermita-de-santa-caterina-del-montgri\/","og_locale":"es_ES","og_type":"article","og_title":"L'ermita de Santa Caterina del Montgr\u00ed - Fundaci\u00f3 Mascort","og_description":"Es una obra breve que quiere ser un acompa\u00f1ante en la visita, f\u00edsica o de lectura, a esta ermita tan emblem\u00e1tica y entra\u00f1able para la gran mayor\u00eda de habitantes de las poblaciones cercanas al macizo del Montgr\u00ed, y del Baix y Alt Empord\u00e0. En ella encontraremos informaci\u00f3n sobre el entorno, la historia, la arquitectura, el [&hellip;]","og_url":"https:\/\/www.fundaciomascort.com\/es\/publicacion\/lermita-de-santa-caterina-del-montgri\/","og_site_name":"Fundaci\u00f3 Mascort","article_publisher":"https:\/\/www.facebook.com\/fundaciomascort","article_modified_time":"2024-04-29T00:01:02+00:00","og_image":[{"width":595,"height":709,"url":"https:\/\/www.fundaciomascort.com\/wp-content\/uploads\/2020\/03\/Coberta-ermita-sta-caterina.jpg","type":"image\/jpeg"}],"twitter_card":"summary_large_image","twitter_site":"@fundaciomascort","schema":{"@context":"https:\/\/schema.org","@graph":[{"@type":"WebPage","@id":"https:\/\/www.fundaciomascort.com\/es\/publicacion\/lermita-de-santa-caterina-del-montgri\/","url":"https:\/\/www.fundaciomascort.com\/es\/publicacion\/lermita-de-santa-caterina-del-montgri\/","name":"L'ermita de Santa Caterina del Montgr\u00ed - Fundaci\u00f3 Mascort","isPartOf":{"@id":"https:\/\/www.fundaciomascort.com\/es\/#website"},"primaryImageOfPage":{"@id":"https:\/\/www.fundaciomascort.com\/es\/publicacion\/lermita-de-santa-caterina-del-montgri\/#primaryimage"},"image":{"@id":"https:\/\/www.fundaciomascort.com\/es\/publicacion\/lermita-de-santa-caterina-del-montgri\/#primaryimage"},"thumbnailUrl":"https:\/\/www.fundaciomascort.com\/wp-content\/uploads\/2020\/03\/Coberta-ermita-sta-caterina.jpg","datePublished":"2020-03-19T05:08:12+00:00","dateModified":"2024-04-29T00:01:02+00:00","breadcrumb":{"@id":"https:\/\/www.fundaciomascort.com\/es\/publicacion\/lermita-de-santa-caterina-del-montgri\/#breadcrumb"},"inLanguage":"es","potentialAction":[{"@type":"ReadAction","target":["https:\/\/www.fundaciomascort.com\/es\/publicacion\/lermita-de-santa-caterina-del-montgri\/"]}]},{"@type":"ImageObject","inLanguage":"es","@id":"https:\/\/www.fundaciomascort.com\/es\/publicacion\/lermita-de-santa-caterina-del-montgri\/#primaryimage","url":"https:\/\/www.fundaciomascort.com\/wp-content\/uploads\/2020\/03\/Coberta-ermita-sta-caterina.jpg","contentUrl":"https:\/\/www.fundaciomascort.com\/wp-content\/uploads\/2020\/03\/Coberta-ermita-sta-caterina.jpg","width":595,"height":709},{"@type":"BreadcrumbList","@id":"https:\/\/www.fundaciomascort.com\/es\/publicacion\/lermita-de-santa-caterina-del-montgri\/#breadcrumb","itemListElement":[{"@type":"ListItem","position":1,"name":"Home","item":"https:\/\/www.fundaciomascort.com\/es\/"},{"@type":"ListItem","position":2,"name":"Publicaciones","item":"https:\/\/www.fundaciomascort.com\/es\/publicacions\/"},{"@type":"ListItem","position":3,"name":"L&#8217;ermita de Santa Caterina del Montgr\u00ed"}]},{"@type":"WebSite","@id":"https:\/\/www.fundaciomascort.com\/es\/#website","url":"https:\/\/www.fundaciomascort.com\/es\/","name":"Fundaci\u00f3 Mascort","description":"Esperem que compartiu amb nosaltres les exposicions de la Casa Galibern i les nostres publicacions.","potentialAction":[{"@type":"SearchAction","target":{"@type":"EntryPoint","urlTemplate":"https:\/\/www.fundaciomascort.com\/es\/?s={search_term_string}"},"query-input":{"@type":"PropertyValueSpecification","valueRequired":true,"valueName":"search_term_string"}}],"inLanguage":"es"}]}},"_links":{"self":[{"href":"https:\/\/www.fundaciomascort.com\/es\/wp-json\/wp\/v2\/product\/11463"}],"collection":[{"href":"https:\/\/www.fundaciomascort.com\/es\/wp-json\/wp\/v2\/product"}],"about":[{"href":"https:\/\/www.fundaciomascort.com\/es\/wp-json\/wp\/v2\/types\/product"}],"wp:featuredmedia":[{"embeddable":true,"href":"https:\/\/www.fundaciomascort.com\/es\/wp-json\/wp\/v2\/media\/9580"}],"wp:attachment":[{"href":"https:\/\/www.fundaciomascort.com\/es\/wp-json\/wp\/v2\/media?parent=11463"}],"wp:term":[{"taxonomy":"product_brand","embeddable":true,"href":"https:\/\/www.fundaciomascort.com\/es\/wp-json\/wp\/v2\/product_brand?post=11463"},{"taxonomy":"product_cat","embeddable":true,"href":"https:\/\/www.fundaciomascort.com\/es\/wp-json\/wp\/v2\/product_cat?post=11463"},{"taxonomy":"product_tag","embeddable":true,"href":"https:\/\/www.fundaciomascort.com\/es\/wp-json\/wp\/v2\/product_tag?post=11463"}],"curies":[{"name":"wp","href":"https:\/\/api.w.org\/{rel}","templated":true}]}}