{"id":11460,"date":"2020-03-18T17:03:18","date_gmt":"2020-03-18T17:03:18","guid":{"rendered":"https:\/\/www.fundaciomascort.com\/publicacio\/el-arte-de-la-pintura-y-el-dibujo\/"},"modified":"2024-04-29T00:01:01","modified_gmt":"2024-04-29T00:01:01","slug":"el-arte-de-la-pintura-y-el-dibujo","status":"publish","type":"product","link":"https:\/\/www.fundaciomascort.com\/es\/publicacion\/el-arte-de-la-pintura-y-el-dibujo\/","title":{"rendered":"El arte de la pintura y el dibujo"},"content":{"rendered":"<p><em><strong>El arte de la pintura y el dibujo. Visiones 1400 \u2013 1800<\/strong><\/em> es el nuevo libro cat\u00e1logo editado por la Fundaci\u00f3n Mascort con motivo de la exposici\u00f3n hom\u00f3nima, visitable de junio a octubre de 2015. Incluye un recorrido art\u00edstico de obras pict\u00f3ricas y dibujos desde el siglo XV hasta inicios del siglo XIX, que ha reunido durante su vida Ram\u00f3n Mascort Amig\u00f3: desde pintura religiosa sobre tabla o lienzo, a dibujos italianos y espa\u00f1oles del Renacimiento y del siglo XVII, a la pintura de paisajes y <em>vedutas<\/em>del XVIII e inicios del XIX.<\/p>\n<p>Destacados autores internacionales como Juan Pantoja de la Cruz, Luca Giordano, Luca Cambiaso o Lorenzo Possi configuran la colecci\u00f3n. El estudio y la catalogaci\u00f3n de las obras ha ido a cargo de la doctora en Historia del Arte, Rosa M. Creixell, profesora de la Universidad de Barcelona. La edici\u00f3n muestra las obras en color, con su estudio correspondiente y traducci\u00f3n de los textos introductorios en ingl\u00e9s y franc\u00e9s.<\/p>\n","protected":false},"excerpt":{"rendered":"<p>El arte de la pintura y el dibujo. Visiones 1400 \u2013 1800 es el nuevo libro cat\u00e1logo editado por la Fundaci\u00f3n Mascort con motivo de la exposici\u00f3n hom\u00f3nima, visitable de junio a octubre de 2015. Incluye un recorrido art\u00edstico de obras pict\u00f3ricas y dibujos desde el siglo XV hasta inicios del siglo XIX, que ha [&hellip;]<\/p>\n","protected":false},"featured_media":9574,"template":"","meta":{"_acf_changed":false},"product_brand":[],"product_cat":[40],"product_tag":[],"class_list":{"0":"post-11460","1":"product","2":"type-product","3":"status-publish","4":"has-post-thumbnail","6":"product_cat-sense-categoria-es","8":"first","9":"instock","10":"taxable","11":"shipping-taxable","12":"purchasable","13":"product-type-simple"},"acf":[],"yoast_head":"<!-- This site is optimized with the Yoast SEO plugin v25.6 - https:\/\/yoast.com\/wordpress\/plugins\/seo\/ -->\n<title>El arte de la pintura y el dibujo - Fundaci\u00f3 Mascort<\/title>\n<meta name=\"robots\" content=\"index, follow, max-snippet:-1, max-image-preview:large, max-video-preview:-1\" \/>\n<link rel=\"canonical\" href=\"https:\/\/www.fundaciomascort.com\/es\/publicacion\/el-arte-de-la-pintura-y-el-dibujo\/\" \/>\n<meta property=\"og:locale\" content=\"es_ES\" \/>\n<meta property=\"og:type\" content=\"article\" \/>\n<meta property=\"og:title\" content=\"El arte de la pintura y el dibujo - Fundaci\u00f3 Mascort\" \/>\n<meta property=\"og:description\" content=\"El arte de la pintura y el dibujo. Visiones 1400 \u2013 1800 es el nuevo libro cat\u00e1logo editado por la Fundaci\u00f3n Mascort con motivo de la exposici\u00f3n hom\u00f3nima, visitable de junio a octubre de 2015. Incluye un recorrido art\u00edstico de obras pict\u00f3ricas y dibujos desde el siglo XV hasta inicios del siglo XIX, que ha [&hellip;]\" \/>\n<meta property=\"og:url\" content=\"https:\/\/www.fundaciomascort.com\/es\/publicacion\/el-arte-de-la-pintura-y-el-dibujo\/\" \/>\n<meta property=\"og:site_name\" content=\"Fundaci\u00f3 Mascort\" \/>\n<meta property=\"article:publisher\" content=\"https:\/\/www.facebook.com\/fundaciomascort\" \/>\n<meta property=\"article:modified_time\" content=\"2024-04-29T00:01:01+00:00\" \/>\n<meta property=\"og:image\" content=\"https:\/\/www.fundaciomascort.com\/wp-content\/uploads\/2020\/03\/Coberta-pintura-y-dibujo.jpg\" \/>\n\t<meta property=\"og:image:width\" content=\"595\" \/>\n\t<meta property=\"og:image:height\" content=\"709\" \/>\n\t<meta property=\"og:image:type\" content=\"image\/jpeg\" \/>\n<meta name=\"twitter:card\" content=\"summary_large_image\" \/>\n<meta name=\"twitter:site\" content=\"@fundaciomascort\" \/>\n<meta name=\"twitter:label1\" content=\"Tiempo de lectura\" \/>\n\t<meta name=\"twitter:data1\" content=\"1 minuto\" \/>\n<script type=\"application\/ld+json\" class=\"yoast-schema-graph\">{\"@context\":\"https:\/\/schema.org\",\"@graph\":[{\"@type\":\"WebPage\",\"@id\":\"https:\/\/www.fundaciomascort.com\/es\/publicacion\/el-arte-de-la-pintura-y-el-dibujo\/\",\"url\":\"https:\/\/www.fundaciomascort.com\/es\/publicacion\/el-arte-de-la-pintura-y-el-dibujo\/\",\"name\":\"El arte de la pintura y el dibujo - Fundaci\u00f3 Mascort\",\"isPartOf\":{\"@id\":\"https:\/\/www.fundaciomascort.com\/es\/#website\"},\"primaryImageOfPage\":{\"@id\":\"https:\/\/www.fundaciomascort.com\/es\/publicacion\/el-arte-de-la-pintura-y-el-dibujo\/#primaryimage\"},\"image\":{\"@id\":\"https:\/\/www.fundaciomascort.com\/es\/publicacion\/el-arte-de-la-pintura-y-el-dibujo\/#primaryimage\"},\"thumbnailUrl\":\"https:\/\/www.fundaciomascort.com\/wp-content\/uploads\/2020\/03\/Coberta-pintura-y-dibujo.jpg\",\"datePublished\":\"2020-03-18T17:03:18+00:00\",\"dateModified\":\"2024-04-29T00:01:01+00:00\",\"breadcrumb\":{\"@id\":\"https:\/\/www.fundaciomascort.com\/es\/publicacion\/el-arte-de-la-pintura-y-el-dibujo\/#breadcrumb\"},\"inLanguage\":\"es\",\"potentialAction\":[{\"@type\":\"ReadAction\",\"target\":[\"https:\/\/www.fundaciomascort.com\/es\/publicacion\/el-arte-de-la-pintura-y-el-dibujo\/\"]}]},{\"@type\":\"ImageObject\",\"inLanguage\":\"es\",\"@id\":\"https:\/\/www.fundaciomascort.com\/es\/publicacion\/el-arte-de-la-pintura-y-el-dibujo\/#primaryimage\",\"url\":\"https:\/\/www.fundaciomascort.com\/wp-content\/uploads\/2020\/03\/Coberta-pintura-y-dibujo.jpg\",\"contentUrl\":\"https:\/\/www.fundaciomascort.com\/wp-content\/uploads\/2020\/03\/Coberta-pintura-y-dibujo.jpg\",\"width\":595,\"height\":709},{\"@type\":\"BreadcrumbList\",\"@id\":\"https:\/\/www.fundaciomascort.com\/es\/publicacion\/el-arte-de-la-pintura-y-el-dibujo\/#breadcrumb\",\"itemListElement\":[{\"@type\":\"ListItem\",\"position\":1,\"name\":\"Home\",\"item\":\"https:\/\/www.fundaciomascort.com\/es\/\"},{\"@type\":\"ListItem\",\"position\":2,\"name\":\"Publicaciones\",\"item\":\"https:\/\/www.fundaciomascort.com\/es\/publicacions\/\"},{\"@type\":\"ListItem\",\"position\":3,\"name\":\"El arte de la pintura y el dibujo\"}]},{\"@type\":\"WebSite\",\"@id\":\"https:\/\/www.fundaciomascort.com\/es\/#website\",\"url\":\"https:\/\/www.fundaciomascort.com\/es\/\",\"name\":\"Fundaci\u00f3 Mascort\",\"description\":\"Esperem que compartiu amb nosaltres les exposicions de la Casa Galibern i les nostres publicacions.\",\"potentialAction\":[{\"@type\":\"SearchAction\",\"target\":{\"@type\":\"EntryPoint\",\"urlTemplate\":\"https:\/\/www.fundaciomascort.com\/es\/?s={search_term_string}\"},\"query-input\":{\"@type\":\"PropertyValueSpecification\",\"valueRequired\":true,\"valueName\":\"search_term_string\"}}],\"inLanguage\":\"es\"}]}<\/script>\n<!-- \/ Yoast SEO plugin. -->","yoast_head_json":{"title":"El arte de la pintura y el dibujo - Fundaci\u00f3 Mascort","robots":{"index":"index","follow":"follow","max-snippet":"max-snippet:-1","max-image-preview":"max-image-preview:large","max-video-preview":"max-video-preview:-1"},"canonical":"https:\/\/www.fundaciomascort.com\/es\/publicacion\/el-arte-de-la-pintura-y-el-dibujo\/","og_locale":"es_ES","og_type":"article","og_title":"El arte de la pintura y el dibujo - Fundaci\u00f3 Mascort","og_description":"El arte de la pintura y el dibujo. Visiones 1400 \u2013 1800 es el nuevo libro cat\u00e1logo editado por la Fundaci\u00f3n Mascort con motivo de la exposici\u00f3n hom\u00f3nima, visitable de junio a octubre de 2015. Incluye un recorrido art\u00edstico de obras pict\u00f3ricas y dibujos desde el siglo XV hasta inicios del siglo XIX, que ha [&hellip;]","og_url":"https:\/\/www.fundaciomascort.com\/es\/publicacion\/el-arte-de-la-pintura-y-el-dibujo\/","og_site_name":"Fundaci\u00f3 Mascort","article_publisher":"https:\/\/www.facebook.com\/fundaciomascort","article_modified_time":"2024-04-29T00:01:01+00:00","og_image":[{"width":595,"height":709,"url":"https:\/\/www.fundaciomascort.com\/wp-content\/uploads\/2020\/03\/Coberta-pintura-y-dibujo.jpg","type":"image\/jpeg"}],"twitter_card":"summary_large_image","twitter_site":"@fundaciomascort","twitter_misc":{"Tiempo de lectura":"1 minuto"},"schema":{"@context":"https:\/\/schema.org","@graph":[{"@type":"WebPage","@id":"https:\/\/www.fundaciomascort.com\/es\/publicacion\/el-arte-de-la-pintura-y-el-dibujo\/","url":"https:\/\/www.fundaciomascort.com\/es\/publicacion\/el-arte-de-la-pintura-y-el-dibujo\/","name":"El arte de la pintura y el dibujo - Fundaci\u00f3 Mascort","isPartOf":{"@id":"https:\/\/www.fundaciomascort.com\/es\/#website"},"primaryImageOfPage":{"@id":"https:\/\/www.fundaciomascort.com\/es\/publicacion\/el-arte-de-la-pintura-y-el-dibujo\/#primaryimage"},"image":{"@id":"https:\/\/www.fundaciomascort.com\/es\/publicacion\/el-arte-de-la-pintura-y-el-dibujo\/#primaryimage"},"thumbnailUrl":"https:\/\/www.fundaciomascort.com\/wp-content\/uploads\/2020\/03\/Coberta-pintura-y-dibujo.jpg","datePublished":"2020-03-18T17:03:18+00:00","dateModified":"2024-04-29T00:01:01+00:00","breadcrumb":{"@id":"https:\/\/www.fundaciomascort.com\/es\/publicacion\/el-arte-de-la-pintura-y-el-dibujo\/#breadcrumb"},"inLanguage":"es","potentialAction":[{"@type":"ReadAction","target":["https:\/\/www.fundaciomascort.com\/es\/publicacion\/el-arte-de-la-pintura-y-el-dibujo\/"]}]},{"@type":"ImageObject","inLanguage":"es","@id":"https:\/\/www.fundaciomascort.com\/es\/publicacion\/el-arte-de-la-pintura-y-el-dibujo\/#primaryimage","url":"https:\/\/www.fundaciomascort.com\/wp-content\/uploads\/2020\/03\/Coberta-pintura-y-dibujo.jpg","contentUrl":"https:\/\/www.fundaciomascort.com\/wp-content\/uploads\/2020\/03\/Coberta-pintura-y-dibujo.jpg","width":595,"height":709},{"@type":"BreadcrumbList","@id":"https:\/\/www.fundaciomascort.com\/es\/publicacion\/el-arte-de-la-pintura-y-el-dibujo\/#breadcrumb","itemListElement":[{"@type":"ListItem","position":1,"name":"Home","item":"https:\/\/www.fundaciomascort.com\/es\/"},{"@type":"ListItem","position":2,"name":"Publicaciones","item":"https:\/\/www.fundaciomascort.com\/es\/publicacions\/"},{"@type":"ListItem","position":3,"name":"El arte de la pintura y el dibujo"}]},{"@type":"WebSite","@id":"https:\/\/www.fundaciomascort.com\/es\/#website","url":"https:\/\/www.fundaciomascort.com\/es\/","name":"Fundaci\u00f3 Mascort","description":"Esperem que compartiu amb nosaltres les exposicions de la Casa Galibern i les nostres publicacions.","potentialAction":[{"@type":"SearchAction","target":{"@type":"EntryPoint","urlTemplate":"https:\/\/www.fundaciomascort.com\/es\/?s={search_term_string}"},"query-input":{"@type":"PropertyValueSpecification","valueRequired":true,"valueName":"search_term_string"}}],"inLanguage":"es"}]}},"_links":{"self":[{"href":"https:\/\/www.fundaciomascort.com\/es\/wp-json\/wp\/v2\/product\/11460"}],"collection":[{"href":"https:\/\/www.fundaciomascort.com\/es\/wp-json\/wp\/v2\/product"}],"about":[{"href":"https:\/\/www.fundaciomascort.com\/es\/wp-json\/wp\/v2\/types\/product"}],"wp:featuredmedia":[{"embeddable":true,"href":"https:\/\/www.fundaciomascort.com\/es\/wp-json\/wp\/v2\/media\/9574"}],"wp:attachment":[{"href":"https:\/\/www.fundaciomascort.com\/es\/wp-json\/wp\/v2\/media?parent=11460"}],"wp:term":[{"taxonomy":"product_brand","embeddable":true,"href":"https:\/\/www.fundaciomascort.com\/es\/wp-json\/wp\/v2\/product_brand?post=11460"},{"taxonomy":"product_cat","embeddable":true,"href":"https:\/\/www.fundaciomascort.com\/es\/wp-json\/wp\/v2\/product_cat?post=11460"},{"taxonomy":"product_tag","embeddable":true,"href":"https:\/\/www.fundaciomascort.com\/es\/wp-json\/wp\/v2\/product_tag?post=11460"}],"curies":[{"name":"wp","href":"https:\/\/api.w.org\/{rel}","templated":true}]}}