{"id":11444,"date":"2020-03-18T17:03:16","date_gmt":"2020-03-18T17:03:16","guid":{"rendered":"https:\/\/www.fundaciomascort.com\/publicacio\/el-retrat-pintat\/"},"modified":"2024-04-29T00:01:01","modified_gmt":"2024-04-29T00:01:01","slug":"el-retrat-pintat","status":"publish","type":"product","link":"https:\/\/www.fundaciomascort.com\/es\/publicacion\/el-retrat-pintat\/","title":{"rendered":"El retrat pintat"},"content":{"rendered":"<p><strong><em><span lang=\"CA\">El retrat pintat. Imatge i pintura cer\u00e0mica<\/span><\/em><\/strong><strong><span lang=\"CA\">\u00a0<\/span><\/strong><span lang=\"ES\">es el nuevo libro-cat\u00e1logo editado por el Ayuntamiento de X\u00e0tiva con motivo de la exposici\u00f3n hom\u00f3nima, visitable de noviembre de 2017 a abril de 2018.<\/span><\/p>\n<p>La muestra, organizada juntamente con el Museo de X\u00e0tiva, Casa de la Ense\u00f1anza, est\u00e1 compuesta por una cincuentena de piezas cer\u00e1micas donde se reflexiona sobre la utilizaci\u00f3n del soporte cer\u00e1mico como medio para realizar un retrato, una de las aplicaciones m\u00e1s interesantes y olvidadas de la cer\u00e1mica y sus oficios, a lo largo de la historia. Las piezas proceden de diferentes colecciones privadas y de instituciones como el Museo-Biblioteca V\u00edctor Balaguer de Vilanova i la Geltr\u00fa, el Museo de cer\u00e1mica y Artes Suntuarias Gonz\u00e1lez Mart\u00ed de Valencia, y la Fundaci\u00f3n Mascort, en Torroella de Montgr\u00ed.<\/p>\n","protected":false},"excerpt":{"rendered":"<p>El retrat pintat. Imatge i pintura cer\u00e0mica\u00a0es el nuevo libro-cat\u00e1logo editado por el Ayuntamiento de X\u00e0tiva con motivo de la exposici\u00f3n hom\u00f3nima, visitable de noviembre de 2017 a abril de 2018. La muestra, organizada juntamente con el Museo de X\u00e0tiva, Casa de la Ense\u00f1anza, est\u00e1 compuesta por una cincuentena de piezas cer\u00e1micas donde se reflexiona [&hellip;]<\/p>\n","protected":false},"featured_media":9559,"template":"","meta":{"_acf_changed":false},"product_brand":[],"product_cat":[40],"product_tag":[],"class_list":{"0":"post-11444","1":"product","2":"type-product","3":"status-publish","4":"has-post-thumbnail","6":"product_cat-sense-categoria-es","8":"first","9":"instock","10":"taxable","11":"shipping-taxable","12":"purchasable","13":"product-type-simple"},"acf":[],"yoast_head":"<!-- This site is optimized with the Yoast SEO plugin v25.6 - https:\/\/yoast.com\/wordpress\/plugins\/seo\/ -->\n<title>El retrat pintat - Fundaci\u00f3 Mascort<\/title>\n<meta name=\"robots\" content=\"index, follow, max-snippet:-1, max-image-preview:large, max-video-preview:-1\" \/>\n<link rel=\"canonical\" href=\"https:\/\/www.fundaciomascort.com\/es\/publicacion\/el-retrat-pintat\/\" \/>\n<meta property=\"og:locale\" content=\"es_ES\" \/>\n<meta property=\"og:type\" content=\"article\" \/>\n<meta property=\"og:title\" content=\"El retrat pintat - Fundaci\u00f3 Mascort\" \/>\n<meta property=\"og:description\" content=\"El retrat pintat. Imatge i pintura cer\u00e0mica\u00a0es el nuevo libro-cat\u00e1logo editado por el Ayuntamiento de X\u00e0tiva con motivo de la exposici\u00f3n hom\u00f3nima, visitable de noviembre de 2017 a abril de 2018. La muestra, organizada juntamente con el Museo de X\u00e0tiva, Casa de la Ense\u00f1anza, est\u00e1 compuesta por una cincuentena de piezas cer\u00e1micas donde se reflexiona [&hellip;]\" \/>\n<meta property=\"og:url\" content=\"https:\/\/www.fundaciomascort.com\/es\/publicacion\/el-retrat-pintat\/\" \/>\n<meta property=\"og:site_name\" content=\"Fundaci\u00f3 Mascort\" \/>\n<meta property=\"article:publisher\" content=\"https:\/\/www.facebook.com\/fundaciomascort\" \/>\n<meta property=\"article:modified_time\" content=\"2024-04-29T00:01:01+00:00\" \/>\n<meta property=\"og:image\" content=\"https:\/\/www.fundaciomascort.com\/wp-content\/uploads\/2020\/03\/Coberta-retrat-pintat.jpg\" \/>\n\t<meta property=\"og:image:width\" content=\"714\" \/>\n\t<meta property=\"og:image:height\" content=\"600\" \/>\n\t<meta property=\"og:image:type\" content=\"image\/jpeg\" \/>\n<meta name=\"twitter:card\" content=\"summary_large_image\" \/>\n<meta name=\"twitter:site\" content=\"@fundaciomascort\" \/>\n<meta name=\"twitter:label1\" content=\"Tiempo de lectura\" \/>\n\t<meta name=\"twitter:data1\" content=\"1 minuto\" \/>\n<script type=\"application\/ld+json\" class=\"yoast-schema-graph\">{\"@context\":\"https:\/\/schema.org\",\"@graph\":[{\"@type\":\"WebPage\",\"@id\":\"https:\/\/www.fundaciomascort.com\/es\/publicacion\/el-retrat-pintat\/\",\"url\":\"https:\/\/www.fundaciomascort.com\/es\/publicacion\/el-retrat-pintat\/\",\"name\":\"El retrat pintat - Fundaci\u00f3 Mascort\",\"isPartOf\":{\"@id\":\"https:\/\/www.fundaciomascort.com\/es\/#website\"},\"primaryImageOfPage\":{\"@id\":\"https:\/\/www.fundaciomascort.com\/es\/publicacion\/el-retrat-pintat\/#primaryimage\"},\"image\":{\"@id\":\"https:\/\/www.fundaciomascort.com\/es\/publicacion\/el-retrat-pintat\/#primaryimage\"},\"thumbnailUrl\":\"https:\/\/www.fundaciomascort.com\/wp-content\/uploads\/2020\/03\/Coberta-retrat-pintat.jpg\",\"datePublished\":\"2020-03-18T17:03:16+00:00\",\"dateModified\":\"2024-04-29T00:01:01+00:00\",\"breadcrumb\":{\"@id\":\"https:\/\/www.fundaciomascort.com\/es\/publicacion\/el-retrat-pintat\/#breadcrumb\"},\"inLanguage\":\"es\",\"potentialAction\":[{\"@type\":\"ReadAction\",\"target\":[\"https:\/\/www.fundaciomascort.com\/es\/publicacion\/el-retrat-pintat\/\"]}]},{\"@type\":\"ImageObject\",\"inLanguage\":\"es\",\"@id\":\"https:\/\/www.fundaciomascort.com\/es\/publicacion\/el-retrat-pintat\/#primaryimage\",\"url\":\"https:\/\/www.fundaciomascort.com\/wp-content\/uploads\/2020\/03\/Coberta-retrat-pintat.jpg\",\"contentUrl\":\"https:\/\/www.fundaciomascort.com\/wp-content\/uploads\/2020\/03\/Coberta-retrat-pintat.jpg\",\"width\":714,\"height\":600},{\"@type\":\"BreadcrumbList\",\"@id\":\"https:\/\/www.fundaciomascort.com\/es\/publicacion\/el-retrat-pintat\/#breadcrumb\",\"itemListElement\":[{\"@type\":\"ListItem\",\"position\":1,\"name\":\"Home\",\"item\":\"https:\/\/www.fundaciomascort.com\/es\/\"},{\"@type\":\"ListItem\",\"position\":2,\"name\":\"Publicaciones\",\"item\":\"https:\/\/www.fundaciomascort.com\/es\/publicacions\/\"},{\"@type\":\"ListItem\",\"position\":3,\"name\":\"El retrat pintat\"}]},{\"@type\":\"WebSite\",\"@id\":\"https:\/\/www.fundaciomascort.com\/es\/#website\",\"url\":\"https:\/\/www.fundaciomascort.com\/es\/\",\"name\":\"Fundaci\u00f3 Mascort\",\"description\":\"Esperem que compartiu amb nosaltres les exposicions de la Casa Galibern i les nostres publicacions.\",\"potentialAction\":[{\"@type\":\"SearchAction\",\"target\":{\"@type\":\"EntryPoint\",\"urlTemplate\":\"https:\/\/www.fundaciomascort.com\/es\/?s={search_term_string}\"},\"query-input\":{\"@type\":\"PropertyValueSpecification\",\"valueRequired\":true,\"valueName\":\"search_term_string\"}}],\"inLanguage\":\"es\"}]}<\/script>\n<!-- \/ Yoast SEO plugin. -->","yoast_head_json":{"title":"El retrat pintat - Fundaci\u00f3 Mascort","robots":{"index":"index","follow":"follow","max-snippet":"max-snippet:-1","max-image-preview":"max-image-preview:large","max-video-preview":"max-video-preview:-1"},"canonical":"https:\/\/www.fundaciomascort.com\/es\/publicacion\/el-retrat-pintat\/","og_locale":"es_ES","og_type":"article","og_title":"El retrat pintat - Fundaci\u00f3 Mascort","og_description":"El retrat pintat. Imatge i pintura cer\u00e0mica\u00a0es el nuevo libro-cat\u00e1logo editado por el Ayuntamiento de X\u00e0tiva con motivo de la exposici\u00f3n hom\u00f3nima, visitable de noviembre de 2017 a abril de 2018. La muestra, organizada juntamente con el Museo de X\u00e0tiva, Casa de la Ense\u00f1anza, est\u00e1 compuesta por una cincuentena de piezas cer\u00e1micas donde se reflexiona [&hellip;]","og_url":"https:\/\/www.fundaciomascort.com\/es\/publicacion\/el-retrat-pintat\/","og_site_name":"Fundaci\u00f3 Mascort","article_publisher":"https:\/\/www.facebook.com\/fundaciomascort","article_modified_time":"2024-04-29T00:01:01+00:00","og_image":[{"width":714,"height":600,"url":"https:\/\/www.fundaciomascort.com\/wp-content\/uploads\/2020\/03\/Coberta-retrat-pintat.jpg","type":"image\/jpeg"}],"twitter_card":"summary_large_image","twitter_site":"@fundaciomascort","twitter_misc":{"Tiempo de lectura":"1 minuto"},"schema":{"@context":"https:\/\/schema.org","@graph":[{"@type":"WebPage","@id":"https:\/\/www.fundaciomascort.com\/es\/publicacion\/el-retrat-pintat\/","url":"https:\/\/www.fundaciomascort.com\/es\/publicacion\/el-retrat-pintat\/","name":"El retrat pintat - Fundaci\u00f3 Mascort","isPartOf":{"@id":"https:\/\/www.fundaciomascort.com\/es\/#website"},"primaryImageOfPage":{"@id":"https:\/\/www.fundaciomascort.com\/es\/publicacion\/el-retrat-pintat\/#primaryimage"},"image":{"@id":"https:\/\/www.fundaciomascort.com\/es\/publicacion\/el-retrat-pintat\/#primaryimage"},"thumbnailUrl":"https:\/\/www.fundaciomascort.com\/wp-content\/uploads\/2020\/03\/Coberta-retrat-pintat.jpg","datePublished":"2020-03-18T17:03:16+00:00","dateModified":"2024-04-29T00:01:01+00:00","breadcrumb":{"@id":"https:\/\/www.fundaciomascort.com\/es\/publicacion\/el-retrat-pintat\/#breadcrumb"},"inLanguage":"es","potentialAction":[{"@type":"ReadAction","target":["https:\/\/www.fundaciomascort.com\/es\/publicacion\/el-retrat-pintat\/"]}]},{"@type":"ImageObject","inLanguage":"es","@id":"https:\/\/www.fundaciomascort.com\/es\/publicacion\/el-retrat-pintat\/#primaryimage","url":"https:\/\/www.fundaciomascort.com\/wp-content\/uploads\/2020\/03\/Coberta-retrat-pintat.jpg","contentUrl":"https:\/\/www.fundaciomascort.com\/wp-content\/uploads\/2020\/03\/Coberta-retrat-pintat.jpg","width":714,"height":600},{"@type":"BreadcrumbList","@id":"https:\/\/www.fundaciomascort.com\/es\/publicacion\/el-retrat-pintat\/#breadcrumb","itemListElement":[{"@type":"ListItem","position":1,"name":"Home","item":"https:\/\/www.fundaciomascort.com\/es\/"},{"@type":"ListItem","position":2,"name":"Publicaciones","item":"https:\/\/www.fundaciomascort.com\/es\/publicacions\/"},{"@type":"ListItem","position":3,"name":"El retrat pintat"}]},{"@type":"WebSite","@id":"https:\/\/www.fundaciomascort.com\/es\/#website","url":"https:\/\/www.fundaciomascort.com\/es\/","name":"Fundaci\u00f3 Mascort","description":"Esperem que compartiu amb nosaltres les exposicions de la Casa Galibern i les nostres publicacions.","potentialAction":[{"@type":"SearchAction","target":{"@type":"EntryPoint","urlTemplate":"https:\/\/www.fundaciomascort.com\/es\/?s={search_term_string}"},"query-input":{"@type":"PropertyValueSpecification","valueRequired":true,"valueName":"search_term_string"}}],"inLanguage":"es"}]}},"_links":{"self":[{"href":"https:\/\/www.fundaciomascort.com\/es\/wp-json\/wp\/v2\/product\/11444"}],"collection":[{"href":"https:\/\/www.fundaciomascort.com\/es\/wp-json\/wp\/v2\/product"}],"about":[{"href":"https:\/\/www.fundaciomascort.com\/es\/wp-json\/wp\/v2\/types\/product"}],"wp:featuredmedia":[{"embeddable":true,"href":"https:\/\/www.fundaciomascort.com\/es\/wp-json\/wp\/v2\/media\/9559"}],"wp:attachment":[{"href":"https:\/\/www.fundaciomascort.com\/es\/wp-json\/wp\/v2\/media?parent=11444"}],"wp:term":[{"taxonomy":"product_brand","embeddable":true,"href":"https:\/\/www.fundaciomascort.com\/es\/wp-json\/wp\/v2\/product_brand?post=11444"},{"taxonomy":"product_cat","embeddable":true,"href":"https:\/\/www.fundaciomascort.com\/es\/wp-json\/wp\/v2\/product_cat?post=11444"},{"taxonomy":"product_tag","embeddable":true,"href":"https:\/\/www.fundaciomascort.com\/es\/wp-json\/wp\/v2\/product_tag?post=11444"}],"curies":[{"name":"wp","href":"https:\/\/api.w.org\/{rel}","templated":true}]}}