{"id":11441,"date":"2020-03-16T18:02:42","date_gmt":"2020-03-16T18:02:42","guid":{"rendered":"https:\/\/www.fundaciomascort.com\/publicacio\/la-cartografia-de-la-coleccion-mascort\/"},"modified":"2024-04-29T00:01:01","modified_gmt":"2024-04-29T00:01:01","slug":"la-cartografia-de-la-coleccion-mascort","status":"publish","type":"product","link":"https:\/\/www.fundaciomascort.com\/es\/publicacion\/la-cartografia-de-la-coleccion-mascort\/","title":{"rendered":"La Cartograf\u00eda de la Colecci\u00f3n Mascort"},"content":{"rendered":"<p>En el cat\u00e1logo se detallan m\u00e1s de 160 mapas exentos que abarcan desde el s. XVI hasta el s. XIX -de los que m\u00e1s de 50 corresponden a Catalu\u00f1a- pertenecientes a las principales escuelas cartogr\u00e1ficas europeas, de entre las que sobresale la escuela francesa. Estas cartas se complementan con una serie de <em>Monograf\u00edas<\/em>relacionadas con el mundo de la cartograf\u00eda.<\/p>\n<p>Se ha puesto especial \u00e9nfasis en establecer el v\u00ednculo de los ejemplares exentos con la obra de la que hab\u00edan formado parte. Se ha detallado el grado de implicaci\u00f3n de los diferentes participantes en la obra: cart\u00f3grafos, ge\u00f3grafos, dibujantes, grabadores, editores, impresores&#8230; Se ha procurado incorporar el retrato del autor, establecer influencias cartogr\u00e1ficas y, si es el caso, contextualizar hist\u00f3ricamente el momento al que pertenece. Asimismo, siempre que ha sido posible, se ha incluido la portada del ejemplar y se ha procurado explicar el significado iconogr\u00e1fico de los elementos que figuran en los grabados calcogr\u00e1ficos del frontispicio.<\/p>\n<p>Se ha procurado explicar, tambi\u00e9n, el significado de las cartelas y los elementos iconogr\u00e1ficos que forman parte, ya sean arquitect\u00f3nicos, mitol\u00f3gicos, hist\u00f3ricos, her\u00e1ldicos o simplemente art\u00edsticos. Con esta visi\u00f3n complementaria a la propiamente cartogr\u00e1fica, el lector percibir\u00e1 una riqueza de contenidos pluridisciplinares que le proporcionar\u00e1n otra mirada a la meramente hist\u00f3rico-geogr\u00e1fica.<\/p>\n<p>Esta investigaci\u00f3n ha significado recurrir a numerosas bibliotecas espa\u00f1olas, de toda Europa y, incluso, de Estados Unidos para poder incorporar material preservado en las diversas instituciones consultadas.<\/p>\n","protected":false},"excerpt":{"rendered":"<p>En el cat\u00e1logo se detallan m\u00e1s de 160 mapas exentos que abarcan desde el s. XVI hasta el s. XIX -de los que m\u00e1s de 50 corresponden a Catalu\u00f1a- pertenecientes a las principales escuelas cartogr\u00e1ficas europeas, de entre las que sobresale la escuela francesa. Estas cartas se complementan con una serie de Monograf\u00edasrelacionadas con el [&hellip;]<\/p>\n","protected":false},"featured_media":9556,"template":"","meta":{"_acf_changed":false},"product_brand":[],"product_cat":[40],"product_tag":[],"class_list":{"0":"post-11441","1":"product","2":"type-product","3":"status-publish","4":"has-post-thumbnail","6":"product_cat-sense-categoria-es","8":"first","9":"instock","10":"taxable","11":"shipping-taxable","12":"purchasable","13":"product-type-simple"},"acf":[],"yoast_head":"<!-- This site is optimized with the Yoast SEO plugin v25.6 - https:\/\/yoast.com\/wordpress\/plugins\/seo\/ -->\n<title>La Cartograf\u00eda de la Colecci\u00f3n Mascort - Fundaci\u00f3 Mascort<\/title>\n<meta name=\"robots\" content=\"index, follow, max-snippet:-1, max-image-preview:large, max-video-preview:-1\" \/>\n<link rel=\"canonical\" href=\"https:\/\/www.fundaciomascort.com\/es\/publicacion\/la-cartografia-de-la-coleccion-mascort\/\" \/>\n<meta property=\"og:locale\" content=\"es_ES\" \/>\n<meta property=\"og:type\" content=\"article\" \/>\n<meta property=\"og:title\" content=\"La Cartograf\u00eda de la Colecci\u00f3n Mascort - Fundaci\u00f3 Mascort\" \/>\n<meta property=\"og:description\" content=\"En el cat\u00e1logo se detallan m\u00e1s de 160 mapas exentos que abarcan desde el s. XVI hasta el s. XIX -de los que m\u00e1s de 50 corresponden a Catalu\u00f1a- pertenecientes a las principales escuelas cartogr\u00e1ficas europeas, de entre las que sobresale la escuela francesa. Estas cartas se complementan con una serie de Monograf\u00edasrelacionadas con el [&hellip;]\" \/>\n<meta property=\"og:url\" content=\"https:\/\/www.fundaciomascort.com\/es\/publicacion\/la-cartografia-de-la-coleccion-mascort\/\" \/>\n<meta property=\"og:site_name\" content=\"Fundaci\u00f3 Mascort\" \/>\n<meta property=\"article:publisher\" content=\"https:\/\/www.facebook.com\/fundaciomascort\" \/>\n<meta property=\"article:modified_time\" content=\"2024-04-29T00:01:01+00:00\" \/>\n<meta property=\"og:image\" content=\"https:\/\/www.fundaciomascort.com\/wp-content\/uploads\/2020\/03\/Coberta-Cartografia.jpg\" \/>\n\t<meta property=\"og:image:width\" content=\"1008\" \/>\n\t<meta property=\"og:image:height\" content=\"800\" \/>\n\t<meta property=\"og:image:type\" content=\"image\/jpeg\" \/>\n<meta name=\"twitter:card\" content=\"summary_large_image\" \/>\n<meta name=\"twitter:site\" content=\"@fundaciomascort\" \/>\n<meta name=\"twitter:label1\" content=\"Tiempo de lectura\" \/>\n\t<meta name=\"twitter:data1\" content=\"1 minuto\" \/>\n<script type=\"application\/ld+json\" class=\"yoast-schema-graph\">{\"@context\":\"https:\/\/schema.org\",\"@graph\":[{\"@type\":\"WebPage\",\"@id\":\"https:\/\/www.fundaciomascort.com\/es\/publicacion\/la-cartografia-de-la-coleccion-mascort\/\",\"url\":\"https:\/\/www.fundaciomascort.com\/es\/publicacion\/la-cartografia-de-la-coleccion-mascort\/\",\"name\":\"La Cartograf\u00eda de la Colecci\u00f3n Mascort - Fundaci\u00f3 Mascort\",\"isPartOf\":{\"@id\":\"https:\/\/www.fundaciomascort.com\/es\/#website\"},\"primaryImageOfPage\":{\"@id\":\"https:\/\/www.fundaciomascort.com\/es\/publicacion\/la-cartografia-de-la-coleccion-mascort\/#primaryimage\"},\"image\":{\"@id\":\"https:\/\/www.fundaciomascort.com\/es\/publicacion\/la-cartografia-de-la-coleccion-mascort\/#primaryimage\"},\"thumbnailUrl\":\"https:\/\/www.fundaciomascort.com\/wp-content\/uploads\/2020\/03\/Coberta-Cartografia.jpg\",\"datePublished\":\"2020-03-16T18:02:42+00:00\",\"dateModified\":\"2024-04-29T00:01:01+00:00\",\"breadcrumb\":{\"@id\":\"https:\/\/www.fundaciomascort.com\/es\/publicacion\/la-cartografia-de-la-coleccion-mascort\/#breadcrumb\"},\"inLanguage\":\"es\",\"potentialAction\":[{\"@type\":\"ReadAction\",\"target\":[\"https:\/\/www.fundaciomascort.com\/es\/publicacion\/la-cartografia-de-la-coleccion-mascort\/\"]}]},{\"@type\":\"ImageObject\",\"inLanguage\":\"es\",\"@id\":\"https:\/\/www.fundaciomascort.com\/es\/publicacion\/la-cartografia-de-la-coleccion-mascort\/#primaryimage\",\"url\":\"https:\/\/www.fundaciomascort.com\/wp-content\/uploads\/2020\/03\/Coberta-Cartografia.jpg\",\"contentUrl\":\"https:\/\/www.fundaciomascort.com\/wp-content\/uploads\/2020\/03\/Coberta-Cartografia.jpg\",\"width\":1008,\"height\":800},{\"@type\":\"BreadcrumbList\",\"@id\":\"https:\/\/www.fundaciomascort.com\/es\/publicacion\/la-cartografia-de-la-coleccion-mascort\/#breadcrumb\",\"itemListElement\":[{\"@type\":\"ListItem\",\"position\":1,\"name\":\"Home\",\"item\":\"https:\/\/www.fundaciomascort.com\/es\/\"},{\"@type\":\"ListItem\",\"position\":2,\"name\":\"Publicaciones\",\"item\":\"https:\/\/www.fundaciomascort.com\/es\/publicacions\/\"},{\"@type\":\"ListItem\",\"position\":3,\"name\":\"La Cartograf\u00eda de la Colecci\u00f3n Mascort\"}]},{\"@type\":\"WebSite\",\"@id\":\"https:\/\/www.fundaciomascort.com\/es\/#website\",\"url\":\"https:\/\/www.fundaciomascort.com\/es\/\",\"name\":\"Fundaci\u00f3 Mascort\",\"description\":\"Esperem que compartiu amb nosaltres les exposicions de la Casa Galibern i les nostres publicacions.\",\"potentialAction\":[{\"@type\":\"SearchAction\",\"target\":{\"@type\":\"EntryPoint\",\"urlTemplate\":\"https:\/\/www.fundaciomascort.com\/es\/?s={search_term_string}\"},\"query-input\":{\"@type\":\"PropertyValueSpecification\",\"valueRequired\":true,\"valueName\":\"search_term_string\"}}],\"inLanguage\":\"es\"}]}<\/script>\n<!-- \/ Yoast SEO plugin. -->","yoast_head_json":{"title":"La Cartograf\u00eda de la Colecci\u00f3n Mascort - Fundaci\u00f3 Mascort","robots":{"index":"index","follow":"follow","max-snippet":"max-snippet:-1","max-image-preview":"max-image-preview:large","max-video-preview":"max-video-preview:-1"},"canonical":"https:\/\/www.fundaciomascort.com\/es\/publicacion\/la-cartografia-de-la-coleccion-mascort\/","og_locale":"es_ES","og_type":"article","og_title":"La Cartograf\u00eda de la Colecci\u00f3n Mascort - Fundaci\u00f3 Mascort","og_description":"En el cat\u00e1logo se detallan m\u00e1s de 160 mapas exentos que abarcan desde el s. XVI hasta el s. XIX -de los que m\u00e1s de 50 corresponden a Catalu\u00f1a- pertenecientes a las principales escuelas cartogr\u00e1ficas europeas, de entre las que sobresale la escuela francesa. Estas cartas se complementan con una serie de Monograf\u00edasrelacionadas con el [&hellip;]","og_url":"https:\/\/www.fundaciomascort.com\/es\/publicacion\/la-cartografia-de-la-coleccion-mascort\/","og_site_name":"Fundaci\u00f3 Mascort","article_publisher":"https:\/\/www.facebook.com\/fundaciomascort","article_modified_time":"2024-04-29T00:01:01+00:00","og_image":[{"width":1008,"height":800,"url":"https:\/\/www.fundaciomascort.com\/wp-content\/uploads\/2020\/03\/Coberta-Cartografia.jpg","type":"image\/jpeg"}],"twitter_card":"summary_large_image","twitter_site":"@fundaciomascort","twitter_misc":{"Tiempo de lectura":"1 minuto"},"schema":{"@context":"https:\/\/schema.org","@graph":[{"@type":"WebPage","@id":"https:\/\/www.fundaciomascort.com\/es\/publicacion\/la-cartografia-de-la-coleccion-mascort\/","url":"https:\/\/www.fundaciomascort.com\/es\/publicacion\/la-cartografia-de-la-coleccion-mascort\/","name":"La Cartograf\u00eda de la Colecci\u00f3n Mascort - Fundaci\u00f3 Mascort","isPartOf":{"@id":"https:\/\/www.fundaciomascort.com\/es\/#website"},"primaryImageOfPage":{"@id":"https:\/\/www.fundaciomascort.com\/es\/publicacion\/la-cartografia-de-la-coleccion-mascort\/#primaryimage"},"image":{"@id":"https:\/\/www.fundaciomascort.com\/es\/publicacion\/la-cartografia-de-la-coleccion-mascort\/#primaryimage"},"thumbnailUrl":"https:\/\/www.fundaciomascort.com\/wp-content\/uploads\/2020\/03\/Coberta-Cartografia.jpg","datePublished":"2020-03-16T18:02:42+00:00","dateModified":"2024-04-29T00:01:01+00:00","breadcrumb":{"@id":"https:\/\/www.fundaciomascort.com\/es\/publicacion\/la-cartografia-de-la-coleccion-mascort\/#breadcrumb"},"inLanguage":"es","potentialAction":[{"@type":"ReadAction","target":["https:\/\/www.fundaciomascort.com\/es\/publicacion\/la-cartografia-de-la-coleccion-mascort\/"]}]},{"@type":"ImageObject","inLanguage":"es","@id":"https:\/\/www.fundaciomascort.com\/es\/publicacion\/la-cartografia-de-la-coleccion-mascort\/#primaryimage","url":"https:\/\/www.fundaciomascort.com\/wp-content\/uploads\/2020\/03\/Coberta-Cartografia.jpg","contentUrl":"https:\/\/www.fundaciomascort.com\/wp-content\/uploads\/2020\/03\/Coberta-Cartografia.jpg","width":1008,"height":800},{"@type":"BreadcrumbList","@id":"https:\/\/www.fundaciomascort.com\/es\/publicacion\/la-cartografia-de-la-coleccion-mascort\/#breadcrumb","itemListElement":[{"@type":"ListItem","position":1,"name":"Home","item":"https:\/\/www.fundaciomascort.com\/es\/"},{"@type":"ListItem","position":2,"name":"Publicaciones","item":"https:\/\/www.fundaciomascort.com\/es\/publicacions\/"},{"@type":"ListItem","position":3,"name":"La Cartograf\u00eda de la Colecci\u00f3n Mascort"}]},{"@type":"WebSite","@id":"https:\/\/www.fundaciomascort.com\/es\/#website","url":"https:\/\/www.fundaciomascort.com\/es\/","name":"Fundaci\u00f3 Mascort","description":"Esperem que compartiu amb nosaltres les exposicions de la Casa Galibern i les nostres publicacions.","potentialAction":[{"@type":"SearchAction","target":{"@type":"EntryPoint","urlTemplate":"https:\/\/www.fundaciomascort.com\/es\/?s={search_term_string}"},"query-input":{"@type":"PropertyValueSpecification","valueRequired":true,"valueName":"search_term_string"}}],"inLanguage":"es"}]}},"_links":{"self":[{"href":"https:\/\/www.fundaciomascort.com\/es\/wp-json\/wp\/v2\/product\/11441"}],"collection":[{"href":"https:\/\/www.fundaciomascort.com\/es\/wp-json\/wp\/v2\/product"}],"about":[{"href":"https:\/\/www.fundaciomascort.com\/es\/wp-json\/wp\/v2\/types\/product"}],"wp:featuredmedia":[{"embeddable":true,"href":"https:\/\/www.fundaciomascort.com\/es\/wp-json\/wp\/v2\/media\/9556"}],"wp:attachment":[{"href":"https:\/\/www.fundaciomascort.com\/es\/wp-json\/wp\/v2\/media?parent=11441"}],"wp:term":[{"taxonomy":"product_brand","embeddable":true,"href":"https:\/\/www.fundaciomascort.com\/es\/wp-json\/wp\/v2\/product_brand?post=11441"},{"taxonomy":"product_cat","embeddable":true,"href":"https:\/\/www.fundaciomascort.com\/es\/wp-json\/wp\/v2\/product_cat?post=11441"},{"taxonomy":"product_tag","embeddable":true,"href":"https:\/\/www.fundaciomascort.com\/es\/wp-json\/wp\/v2\/product_tag?post=11441"}],"curies":[{"name":"wp","href":"https:\/\/api.w.org\/{rel}","templated":true}]}}