{"id":11429,"date":"2020-03-16T18:00:53","date_gmt":"2020-03-16T18:00:53","guid":{"rendered":"https:\/\/www.fundaciomascort.com\/publicacio\/vides-privades\/"},"modified":"2024-04-29T00:01:03","modified_gmt":"2024-04-29T00:01:03","slug":"vides-privades","status":"publish","type":"product","link":"https:\/\/www.fundaciomascort.com\/es\/publicacion\/vides-privades\/","title":{"rendered":"Vides privades"},"content":{"rendered":"<p><span style=\"font-style: normal !important; font-weight: normal !important;\">El cat\u00e1logo resulta un excelente documento a la hora de repasar y poner en valor la importancia de estos fondos fotogr\u00e1ficos para conocer no solo la historia de la fotograf\u00eda, sino tambi\u00e9n para reconocer la fotograf\u00eda privada como objeto de valor para documentar nuestro pasado.<\/span><\/p>\n<p><span style=\"font-style: normal !important; font-weight: normal !important;\">El presente cat\u00e1logo tiene como objetivo principal mostrar las caracter\u00edsticas del fondo fotogr\u00e1fico que Ram\u00f3n Mascort Amig\u00f3 (Barcelona, 19 de octubre de 1930) ha reunido a lo largo de su vida <\/span><span style=\"font-style: normal !important; font-weight: normal !important;\">y que no solo constituye el fondo fotogr\u00e1fico de la familia Mascort, sino que tambi\u00e9n integra im\u00e1genes de miembros de otras familias emparentadas con la misma<\/span><span style=\"font-style: normal !important; font-weight: normal !important;\">. Dada la amplitud cronol\u00f3gica del fondo, el cat\u00e1logo se ha limitado a im\u00e1genes que abarcan desde 1860 hasta 1960, todo un siglo que resume en gran parte la importante evoluci\u00f3n hist\u00f3rica de la fotograf\u00eda, desde \u00e1mbitos tan diversos como el hist\u00f3rico, el t\u00e9cnico y el tem\u00e1tico, y su papel en la sociedad.<\/span><\/p>\n<p><span style=\"font-style: normal !important; font-weight: normal !important;\">El cat\u00e1logo incluye un estudio introductorio que muestra el potencial informativo que nos ofrece este fondo desde diversos puntos de vista, tanto desde el propio \u00e1mbito material y su estado de conservaci\u00f3n como desde las caracter\u00edsticas f\u00edsicas y los procedimientos fotogr\u00e1ficos utilizados. El estudio presenta la incorporaci\u00f3n gradual de la fotograf\u00eda al entorno dom\u00e9stico y sus usos, la informaci\u00f3n sobre los fot\u00f3grafos nacionales e internacionales que se muestran, y el papel de la fotograf\u00eda dentro del \u00e1mbito social del momento. Tambi\u00e9n se destaca la vertiente de la fotograf\u00eda como documento y testimonio de nuestra historia m\u00e1s cercana desde un aspecto sociol\u00f3gico que documenta las tradiciones y festividades locales, y los paisajes urbanos y de la comarca del Baix Empord\u00e0, as\u00ed como los oficios, las aficiones y las costumbres de algunas de las generaciones representadas.<\/span><\/p>\n","protected":false},"excerpt":{"rendered":"<p>El cat\u00e1logo resulta un excelente documento a la hora de repasar y poner en valor la importancia de estos fondos fotogr\u00e1ficos para conocer no solo la historia de la fotograf\u00eda, sino tambi\u00e9n para reconocer la fotograf\u00eda privada como objeto de valor para documentar nuestro pasado. El presente cat\u00e1logo tiene como objetivo principal mostrar las caracter\u00edsticas [&hellip;]<\/p>\n","protected":false},"featured_media":9550,"template":"","meta":{"_acf_changed":false},"product_brand":[],"product_cat":[40],"product_tag":[],"class_list":{"0":"post-11429","1":"product","2":"type-product","3":"status-publish","4":"has-post-thumbnail","6":"product_cat-sense-categoria-es","8":"first","9":"instock","10":"taxable","11":"shipping-taxable","12":"purchasable","13":"product-type-simple"},"acf":[],"yoast_head":"<!-- This site is optimized with the Yoast SEO plugin v25.6 - https:\/\/yoast.com\/wordpress\/plugins\/seo\/ -->\n<title>Vides privades - Fundaci\u00f3 Mascort<\/title>\n<meta name=\"robots\" content=\"index, follow, max-snippet:-1, max-image-preview:large, max-video-preview:-1\" \/>\n<link rel=\"canonical\" href=\"https:\/\/www.fundaciomascort.com\/es\/publicacion\/vides-privades\/\" \/>\n<meta property=\"og:locale\" content=\"es_ES\" \/>\n<meta property=\"og:type\" content=\"article\" \/>\n<meta property=\"og:title\" content=\"Vides privades - Fundaci\u00f3 Mascort\" \/>\n<meta property=\"og:description\" content=\"El cat\u00e1logo resulta un excelente documento a la hora de repasar y poner en valor la importancia de estos fondos fotogr\u00e1ficos para conocer no solo la historia de la fotograf\u00eda, sino tambi\u00e9n para reconocer la fotograf\u00eda privada como objeto de valor para documentar nuestro pasado. El presente cat\u00e1logo tiene como objetivo principal mostrar las caracter\u00edsticas [&hellip;]\" \/>\n<meta property=\"og:url\" content=\"https:\/\/www.fundaciomascort.com\/es\/publicacion\/vides-privades\/\" \/>\n<meta property=\"og:site_name\" content=\"Fundaci\u00f3 Mascort\" \/>\n<meta property=\"article:publisher\" content=\"https:\/\/www.facebook.com\/fundaciomascort\" \/>\n<meta property=\"article:modified_time\" content=\"2024-04-29T00:01:03+00:00\" \/>\n<meta property=\"og:image\" content=\"https:\/\/www.fundaciomascort.com\/wp-content\/uploads\/2020\/03\/Coberta-Vides-Privades.jpg\" \/>\n\t<meta property=\"og:image:width\" content=\"595\" \/>\n\t<meta property=\"og:image:height\" content=\"709\" \/>\n\t<meta property=\"og:image:type\" content=\"image\/jpeg\" \/>\n<meta name=\"twitter:card\" content=\"summary_large_image\" \/>\n<meta name=\"twitter:site\" content=\"@fundaciomascort\" \/>\n<meta name=\"twitter:label1\" content=\"Tiempo de lectura\" \/>\n\t<meta name=\"twitter:data1\" content=\"2 minutos\" \/>\n<script type=\"application\/ld+json\" class=\"yoast-schema-graph\">{\"@context\":\"https:\/\/schema.org\",\"@graph\":[{\"@type\":\"WebPage\",\"@id\":\"https:\/\/www.fundaciomascort.com\/es\/publicacion\/vides-privades\/\",\"url\":\"https:\/\/www.fundaciomascort.com\/es\/publicacion\/vides-privades\/\",\"name\":\"Vides privades - Fundaci\u00f3 Mascort\",\"isPartOf\":{\"@id\":\"https:\/\/www.fundaciomascort.com\/es\/#website\"},\"primaryImageOfPage\":{\"@id\":\"https:\/\/www.fundaciomascort.com\/es\/publicacion\/vides-privades\/#primaryimage\"},\"image\":{\"@id\":\"https:\/\/www.fundaciomascort.com\/es\/publicacion\/vides-privades\/#primaryimage\"},\"thumbnailUrl\":\"https:\/\/www.fundaciomascort.com\/wp-content\/uploads\/2020\/03\/Coberta-Vides-Privades.jpg\",\"datePublished\":\"2020-03-16T18:00:53+00:00\",\"dateModified\":\"2024-04-29T00:01:03+00:00\",\"breadcrumb\":{\"@id\":\"https:\/\/www.fundaciomascort.com\/es\/publicacion\/vides-privades\/#breadcrumb\"},\"inLanguage\":\"es\",\"potentialAction\":[{\"@type\":\"ReadAction\",\"target\":[\"https:\/\/www.fundaciomascort.com\/es\/publicacion\/vides-privades\/\"]}]},{\"@type\":\"ImageObject\",\"inLanguage\":\"es\",\"@id\":\"https:\/\/www.fundaciomascort.com\/es\/publicacion\/vides-privades\/#primaryimage\",\"url\":\"https:\/\/www.fundaciomascort.com\/wp-content\/uploads\/2020\/03\/Coberta-Vides-Privades.jpg\",\"contentUrl\":\"https:\/\/www.fundaciomascort.com\/wp-content\/uploads\/2020\/03\/Coberta-Vides-Privades.jpg\",\"width\":595,\"height\":709},{\"@type\":\"BreadcrumbList\",\"@id\":\"https:\/\/www.fundaciomascort.com\/es\/publicacion\/vides-privades\/#breadcrumb\",\"itemListElement\":[{\"@type\":\"ListItem\",\"position\":1,\"name\":\"Home\",\"item\":\"https:\/\/www.fundaciomascort.com\/es\/\"},{\"@type\":\"ListItem\",\"position\":2,\"name\":\"Publicaciones\",\"item\":\"https:\/\/www.fundaciomascort.com\/es\/publicacions\/\"},{\"@type\":\"ListItem\",\"position\":3,\"name\":\"Vides privades\"}]},{\"@type\":\"WebSite\",\"@id\":\"https:\/\/www.fundaciomascort.com\/es\/#website\",\"url\":\"https:\/\/www.fundaciomascort.com\/es\/\",\"name\":\"Fundaci\u00f3 Mascort\",\"description\":\"Esperem que compartiu amb nosaltres les exposicions de la Casa Galibern i les nostres publicacions.\",\"potentialAction\":[{\"@type\":\"SearchAction\",\"target\":{\"@type\":\"EntryPoint\",\"urlTemplate\":\"https:\/\/www.fundaciomascort.com\/es\/?s={search_term_string}\"},\"query-input\":{\"@type\":\"PropertyValueSpecification\",\"valueRequired\":true,\"valueName\":\"search_term_string\"}}],\"inLanguage\":\"es\"}]}<\/script>\n<!-- \/ Yoast SEO plugin. -->","yoast_head_json":{"title":"Vides privades - Fundaci\u00f3 Mascort","robots":{"index":"index","follow":"follow","max-snippet":"max-snippet:-1","max-image-preview":"max-image-preview:large","max-video-preview":"max-video-preview:-1"},"canonical":"https:\/\/www.fundaciomascort.com\/es\/publicacion\/vides-privades\/","og_locale":"es_ES","og_type":"article","og_title":"Vides privades - Fundaci\u00f3 Mascort","og_description":"El cat\u00e1logo resulta un excelente documento a la hora de repasar y poner en valor la importancia de estos fondos fotogr\u00e1ficos para conocer no solo la historia de la fotograf\u00eda, sino tambi\u00e9n para reconocer la fotograf\u00eda privada como objeto de valor para documentar nuestro pasado. El presente cat\u00e1logo tiene como objetivo principal mostrar las caracter\u00edsticas [&hellip;]","og_url":"https:\/\/www.fundaciomascort.com\/es\/publicacion\/vides-privades\/","og_site_name":"Fundaci\u00f3 Mascort","article_publisher":"https:\/\/www.facebook.com\/fundaciomascort","article_modified_time":"2024-04-29T00:01:03+00:00","og_image":[{"width":595,"height":709,"url":"https:\/\/www.fundaciomascort.com\/wp-content\/uploads\/2020\/03\/Coberta-Vides-Privades.jpg","type":"image\/jpeg"}],"twitter_card":"summary_large_image","twitter_site":"@fundaciomascort","twitter_misc":{"Tiempo de lectura":"2 minutos"},"schema":{"@context":"https:\/\/schema.org","@graph":[{"@type":"WebPage","@id":"https:\/\/www.fundaciomascort.com\/es\/publicacion\/vides-privades\/","url":"https:\/\/www.fundaciomascort.com\/es\/publicacion\/vides-privades\/","name":"Vides privades - Fundaci\u00f3 Mascort","isPartOf":{"@id":"https:\/\/www.fundaciomascort.com\/es\/#website"},"primaryImageOfPage":{"@id":"https:\/\/www.fundaciomascort.com\/es\/publicacion\/vides-privades\/#primaryimage"},"image":{"@id":"https:\/\/www.fundaciomascort.com\/es\/publicacion\/vides-privades\/#primaryimage"},"thumbnailUrl":"https:\/\/www.fundaciomascort.com\/wp-content\/uploads\/2020\/03\/Coberta-Vides-Privades.jpg","datePublished":"2020-03-16T18:00:53+00:00","dateModified":"2024-04-29T00:01:03+00:00","breadcrumb":{"@id":"https:\/\/www.fundaciomascort.com\/es\/publicacion\/vides-privades\/#breadcrumb"},"inLanguage":"es","potentialAction":[{"@type":"ReadAction","target":["https:\/\/www.fundaciomascort.com\/es\/publicacion\/vides-privades\/"]}]},{"@type":"ImageObject","inLanguage":"es","@id":"https:\/\/www.fundaciomascort.com\/es\/publicacion\/vides-privades\/#primaryimage","url":"https:\/\/www.fundaciomascort.com\/wp-content\/uploads\/2020\/03\/Coberta-Vides-Privades.jpg","contentUrl":"https:\/\/www.fundaciomascort.com\/wp-content\/uploads\/2020\/03\/Coberta-Vides-Privades.jpg","width":595,"height":709},{"@type":"BreadcrumbList","@id":"https:\/\/www.fundaciomascort.com\/es\/publicacion\/vides-privades\/#breadcrumb","itemListElement":[{"@type":"ListItem","position":1,"name":"Home","item":"https:\/\/www.fundaciomascort.com\/es\/"},{"@type":"ListItem","position":2,"name":"Publicaciones","item":"https:\/\/www.fundaciomascort.com\/es\/publicacions\/"},{"@type":"ListItem","position":3,"name":"Vides privades"}]},{"@type":"WebSite","@id":"https:\/\/www.fundaciomascort.com\/es\/#website","url":"https:\/\/www.fundaciomascort.com\/es\/","name":"Fundaci\u00f3 Mascort","description":"Esperem que compartiu amb nosaltres les exposicions de la Casa Galibern i les nostres publicacions.","potentialAction":[{"@type":"SearchAction","target":{"@type":"EntryPoint","urlTemplate":"https:\/\/www.fundaciomascort.com\/es\/?s={search_term_string}"},"query-input":{"@type":"PropertyValueSpecification","valueRequired":true,"valueName":"search_term_string"}}],"inLanguage":"es"}]}},"_links":{"self":[{"href":"https:\/\/www.fundaciomascort.com\/es\/wp-json\/wp\/v2\/product\/11429"}],"collection":[{"href":"https:\/\/www.fundaciomascort.com\/es\/wp-json\/wp\/v2\/product"}],"about":[{"href":"https:\/\/www.fundaciomascort.com\/es\/wp-json\/wp\/v2\/types\/product"}],"wp:featuredmedia":[{"embeddable":true,"href":"https:\/\/www.fundaciomascort.com\/es\/wp-json\/wp\/v2\/media\/9550"}],"wp:attachment":[{"href":"https:\/\/www.fundaciomascort.com\/es\/wp-json\/wp\/v2\/media?parent=11429"}],"wp:term":[{"taxonomy":"product_brand","embeddable":true,"href":"https:\/\/www.fundaciomascort.com\/es\/wp-json\/wp\/v2\/product_brand?post=11429"},{"taxonomy":"product_cat","embeddable":true,"href":"https:\/\/www.fundaciomascort.com\/es\/wp-json\/wp\/v2\/product_cat?post=11429"},{"taxonomy":"product_tag","embeddable":true,"href":"https:\/\/www.fundaciomascort.com\/es\/wp-json\/wp\/v2\/product_tag?post=11429"}],"curies":[{"name":"wp","href":"https:\/\/api.w.org\/{rel}","templated":true}]}}