{"id":11488,"date":"2020-03-19T05:08:15","date_gmt":"2020-03-19T05:08:15","guid":{"rendered":"https:\/\/www.fundaciomascort.com\/publicacio\/jose-maria-mascort-2\/"},"modified":"2024-04-29T00:01:03","modified_gmt":"2024-04-29T00:01:03","slug":"jose-maria-mascort-2","status":"publish","type":"product","link":"https:\/\/www.fundaciomascort.com\/en\/publication\/jose-maria-mascort-2\/","title":{"rendered":"Jos\u00e9 Mar\u00eda Mascort"},"content":{"rendered":"<p>The book <em>Jos\u00e9 Mar\u00eda Mascort. The Power of the Landscape<\/em>, published by the Mascort Private Foundation and written by Rosa M. Creixell, professor of History of Art at the Universitat de Barcelona, is the first study about the life and work of Torroella\u2019s painter Jos\u00e9 Mar\u00eda Mascort Galibern. This book is not a mere biographical account, but a study and analysis of his extended pictorial work \u2013dominated by the landscapes of the Montgr\u00ed- and his relation with contemporary artists like Joaquim Mir. The study also catalogues 676 items of his work kept by individual collectors, the Mascort Private Foundation and some public institutions.<\/p>\n","protected":false},"excerpt":{"rendered":"<p>The book Jos\u00e9 Mar\u00eda Mascort. The Power of the Landscape, published by the Mascort Private Foundation and written by Rosa M. Creixell, professor of History of Art at the Universitat de Barcelona, is the first study about the life and work of Torroella\u2019s painter Jos\u00e9 Mar\u00eda Mascort Galibern. This book is not a mere biographical [&hellip;]<\/p>\n","protected":false},"featured_media":9605,"template":"","meta":{"_acf_changed":false},"product_brand":[],"product_cat":[42],"product_tag":[],"class_list":{"0":"post-11488","1":"product","2":"type-product","3":"status-publish","4":"has-post-thumbnail","6":"product_cat-sense-categoria-en","8":"first","9":"instock","10":"taxable","11":"shipping-taxable","12":"purchasable","13":"product-type-simple"},"acf":[],"yoast_head":"<!-- This site is optimized with the Yoast SEO plugin v25.6 - https:\/\/yoast.com\/wordpress\/plugins\/seo\/ -->\n<title>Jos\u00e9 Mar\u00eda Mascort - Fundaci\u00f3 Mascort<\/title>\n<meta name=\"robots\" content=\"index, follow, max-snippet:-1, max-image-preview:large, max-video-preview:-1\" \/>\n<link rel=\"canonical\" href=\"https:\/\/www.fundaciomascort.com\/en\/publication\/jose-maria-mascort-2\/\" \/>\n<meta property=\"og:locale\" content=\"en_US\" \/>\n<meta property=\"og:type\" content=\"article\" \/>\n<meta property=\"og:title\" content=\"Jos\u00e9 Mar\u00eda Mascort - Fundaci\u00f3 Mascort\" \/>\n<meta property=\"og:description\" content=\"The book Jos\u00e9 Mar\u00eda Mascort. The Power of the Landscape, published by the Mascort Private Foundation and written by Rosa M. Creixell, professor of History of Art at the Universitat de Barcelona, is the first study about the life and work of Torroella\u2019s painter Jos\u00e9 Mar\u00eda Mascort Galibern. This book is not a mere biographical [&hellip;]\" \/>\n<meta property=\"og:url\" content=\"https:\/\/www.fundaciomascort.com\/en\/publication\/jose-maria-mascort-2\/\" \/>\n<meta property=\"og:site_name\" content=\"Fundaci\u00f3 Mascort\" \/>\n<meta property=\"article:publisher\" content=\"https:\/\/www.facebook.com\/fundaciomascort\" \/>\n<meta property=\"article:modified_time\" content=\"2024-04-29T00:01:03+00:00\" \/>\n<meta property=\"og:image\" content=\"https:\/\/www.fundaciomascort.com\/wp-content\/uploads\/2020\/03\/Coberta-Jose-M-Mascort-forca-paisatge.jpg\" \/>\n\t<meta property=\"og:image:width\" content=\"595\" \/>\n\t<meta property=\"og:image:height\" content=\"709\" \/>\n\t<meta property=\"og:image:type\" content=\"image\/jpeg\" \/>\n<meta name=\"twitter:card\" content=\"summary_large_image\" \/>\n<meta name=\"twitter:site\" content=\"@fundaciomascort\" \/>\n<meta name=\"twitter:label1\" content=\"Est. reading time\" \/>\n\t<meta name=\"twitter:data1\" content=\"1 minute\" \/>\n<script type=\"application\/ld+json\" class=\"yoast-schema-graph\">{\"@context\":\"https:\/\/schema.org\",\"@graph\":[{\"@type\":\"WebPage\",\"@id\":\"https:\/\/www.fundaciomascort.com\/en\/publication\/jose-maria-mascort-2\/\",\"url\":\"https:\/\/www.fundaciomascort.com\/en\/publication\/jose-maria-mascort-2\/\",\"name\":\"Jos\u00e9 Mar\u00eda Mascort - Fundaci\u00f3 Mascort\",\"isPartOf\":{\"@id\":\"https:\/\/www.fundaciomascort.com\/en\/#website\"},\"primaryImageOfPage\":{\"@id\":\"https:\/\/www.fundaciomascort.com\/en\/publication\/jose-maria-mascort-2\/#primaryimage\"},\"image\":{\"@id\":\"https:\/\/www.fundaciomascort.com\/en\/publication\/jose-maria-mascort-2\/#primaryimage\"},\"thumbnailUrl\":\"https:\/\/www.fundaciomascort.com\/wp-content\/uploads\/2020\/03\/Coberta-Jose-M-Mascort-forca-paisatge.jpg\",\"datePublished\":\"2020-03-19T05:08:15+00:00\",\"dateModified\":\"2024-04-29T00:01:03+00:00\",\"breadcrumb\":{\"@id\":\"https:\/\/www.fundaciomascort.com\/en\/publication\/jose-maria-mascort-2\/#breadcrumb\"},\"inLanguage\":\"en-US\",\"potentialAction\":[{\"@type\":\"ReadAction\",\"target\":[\"https:\/\/www.fundaciomascort.com\/en\/publication\/jose-maria-mascort-2\/\"]}]},{\"@type\":\"ImageObject\",\"inLanguage\":\"en-US\",\"@id\":\"https:\/\/www.fundaciomascort.com\/en\/publication\/jose-maria-mascort-2\/#primaryimage\",\"url\":\"https:\/\/www.fundaciomascort.com\/wp-content\/uploads\/2020\/03\/Coberta-Jose-M-Mascort-forca-paisatge.jpg\",\"contentUrl\":\"https:\/\/www.fundaciomascort.com\/wp-content\/uploads\/2020\/03\/Coberta-Jose-M-Mascort-forca-paisatge.jpg\",\"width\":595,\"height\":709},{\"@type\":\"BreadcrumbList\",\"@id\":\"https:\/\/www.fundaciomascort.com\/en\/publication\/jose-maria-mascort-2\/#breadcrumb\",\"itemListElement\":[{\"@type\":\"ListItem\",\"position\":1,\"name\":\"Home\",\"item\":\"https:\/\/www.fundaciomascort.com\/en\/\"},{\"@type\":\"ListItem\",\"position\":2,\"name\":\"Publications\",\"item\":\"https:\/\/www.fundaciomascort.com\/en\/publicacions\/\"},{\"@type\":\"ListItem\",\"position\":3,\"name\":\"Jos\u00e9 Mar\u00eda Mascort\"}]},{\"@type\":\"WebSite\",\"@id\":\"https:\/\/www.fundaciomascort.com\/en\/#website\",\"url\":\"https:\/\/www.fundaciomascort.com\/en\/\",\"name\":\"Fundaci\u00f3 Mascort\",\"description\":\"Esperem que compartiu amb nosaltres les exposicions de la Casa Galibern i les nostres publicacions.\",\"potentialAction\":[{\"@type\":\"SearchAction\",\"target\":{\"@type\":\"EntryPoint\",\"urlTemplate\":\"https:\/\/www.fundaciomascort.com\/en\/?s={search_term_string}\"},\"query-input\":{\"@type\":\"PropertyValueSpecification\",\"valueRequired\":true,\"valueName\":\"search_term_string\"}}],\"inLanguage\":\"en-US\"}]}<\/script>\n<!-- \/ Yoast SEO plugin. -->","yoast_head_json":{"title":"Jos\u00e9 Mar\u00eda Mascort - Fundaci\u00f3 Mascort","robots":{"index":"index","follow":"follow","max-snippet":"max-snippet:-1","max-image-preview":"max-image-preview:large","max-video-preview":"max-video-preview:-1"},"canonical":"https:\/\/www.fundaciomascort.com\/en\/publication\/jose-maria-mascort-2\/","og_locale":"en_US","og_type":"article","og_title":"Jos\u00e9 Mar\u00eda Mascort - Fundaci\u00f3 Mascort","og_description":"The book Jos\u00e9 Mar\u00eda Mascort. The Power of the Landscape, published by the Mascort Private Foundation and written by Rosa M. Creixell, professor of History of Art at the Universitat de Barcelona, is the first study about the life and work of Torroella\u2019s painter Jos\u00e9 Mar\u00eda Mascort Galibern. This book is not a mere biographical [&hellip;]","og_url":"https:\/\/www.fundaciomascort.com\/en\/publication\/jose-maria-mascort-2\/","og_site_name":"Fundaci\u00f3 Mascort","article_publisher":"https:\/\/www.facebook.com\/fundaciomascort","article_modified_time":"2024-04-29T00:01:03+00:00","og_image":[{"width":595,"height":709,"url":"https:\/\/www.fundaciomascort.com\/wp-content\/uploads\/2020\/03\/Coberta-Jose-M-Mascort-forca-paisatge.jpg","type":"image\/jpeg"}],"twitter_card":"summary_large_image","twitter_site":"@fundaciomascort","twitter_misc":{"Est. reading time":"1 minute"},"schema":{"@context":"https:\/\/schema.org","@graph":[{"@type":"WebPage","@id":"https:\/\/www.fundaciomascort.com\/en\/publication\/jose-maria-mascort-2\/","url":"https:\/\/www.fundaciomascort.com\/en\/publication\/jose-maria-mascort-2\/","name":"Jos\u00e9 Mar\u00eda Mascort - Fundaci\u00f3 Mascort","isPartOf":{"@id":"https:\/\/www.fundaciomascort.com\/en\/#website"},"primaryImageOfPage":{"@id":"https:\/\/www.fundaciomascort.com\/en\/publication\/jose-maria-mascort-2\/#primaryimage"},"image":{"@id":"https:\/\/www.fundaciomascort.com\/en\/publication\/jose-maria-mascort-2\/#primaryimage"},"thumbnailUrl":"https:\/\/www.fundaciomascort.com\/wp-content\/uploads\/2020\/03\/Coberta-Jose-M-Mascort-forca-paisatge.jpg","datePublished":"2020-03-19T05:08:15+00:00","dateModified":"2024-04-29T00:01:03+00:00","breadcrumb":{"@id":"https:\/\/www.fundaciomascort.com\/en\/publication\/jose-maria-mascort-2\/#breadcrumb"},"inLanguage":"en-US","potentialAction":[{"@type":"ReadAction","target":["https:\/\/www.fundaciomascort.com\/en\/publication\/jose-maria-mascort-2\/"]}]},{"@type":"ImageObject","inLanguage":"en-US","@id":"https:\/\/www.fundaciomascort.com\/en\/publication\/jose-maria-mascort-2\/#primaryimage","url":"https:\/\/www.fundaciomascort.com\/wp-content\/uploads\/2020\/03\/Coberta-Jose-M-Mascort-forca-paisatge.jpg","contentUrl":"https:\/\/www.fundaciomascort.com\/wp-content\/uploads\/2020\/03\/Coberta-Jose-M-Mascort-forca-paisatge.jpg","width":595,"height":709},{"@type":"BreadcrumbList","@id":"https:\/\/www.fundaciomascort.com\/en\/publication\/jose-maria-mascort-2\/#breadcrumb","itemListElement":[{"@type":"ListItem","position":1,"name":"Home","item":"https:\/\/www.fundaciomascort.com\/en\/"},{"@type":"ListItem","position":2,"name":"Publications","item":"https:\/\/www.fundaciomascort.com\/en\/publicacions\/"},{"@type":"ListItem","position":3,"name":"Jos\u00e9 Mar\u00eda Mascort"}]},{"@type":"WebSite","@id":"https:\/\/www.fundaciomascort.com\/en\/#website","url":"https:\/\/www.fundaciomascort.com\/en\/","name":"Fundaci\u00f3 Mascort","description":"Esperem que compartiu amb nosaltres les exposicions de la Casa Galibern i les nostres publicacions.","potentialAction":[{"@type":"SearchAction","target":{"@type":"EntryPoint","urlTemplate":"https:\/\/www.fundaciomascort.com\/en\/?s={search_term_string}"},"query-input":{"@type":"PropertyValueSpecification","valueRequired":true,"valueName":"search_term_string"}}],"inLanguage":"en-US"}]}},"_links":{"self":[{"href":"https:\/\/www.fundaciomascort.com\/en\/wp-json\/wp\/v2\/product\/11488"}],"collection":[{"href":"https:\/\/www.fundaciomascort.com\/en\/wp-json\/wp\/v2\/product"}],"about":[{"href":"https:\/\/www.fundaciomascort.com\/en\/wp-json\/wp\/v2\/types\/product"}],"wp:featuredmedia":[{"embeddable":true,"href":"https:\/\/www.fundaciomascort.com\/en\/wp-json\/wp\/v2\/media\/9605"}],"wp:attachment":[{"href":"https:\/\/www.fundaciomascort.com\/en\/wp-json\/wp\/v2\/media?parent=11488"}],"wp:term":[{"taxonomy":"product_brand","embeddable":true,"href":"https:\/\/www.fundaciomascort.com\/en\/wp-json\/wp\/v2\/product_brand?post=11488"},{"taxonomy":"product_cat","embeddable":true,"href":"https:\/\/www.fundaciomascort.com\/en\/wp-json\/wp\/v2\/product_cat?post=11488"},{"taxonomy":"product_tag","embeddable":true,"href":"https:\/\/www.fundaciomascort.com\/en\/wp-json\/wp\/v2\/product_tag?post=11488"}],"curies":[{"name":"wp","href":"https:\/\/api.w.org\/{rel}","templated":true}]}}