{"id":11449,"date":"2020-03-18T17:03:17","date_gmt":"2020-03-18T17:03:17","guid":{"rendered":"https:\/\/www.fundaciomascort.com\/publicacio\/pintura-espanola-en-la-coleccion-mascort\/"},"modified":"2024-04-29T00:01:01","modified_gmt":"2024-04-29T00:01:01","slug":"pintura-espanola-en-la-coleccion-mascort","status":"publish","type":"product","link":"https:\/\/www.fundaciomascort.com\/en\/publication\/pintura-espanola-en-la-coleccion-mascort\/","title":{"rendered":"Pintura espa\u00f1ola en la Colecci\u00f3n Mascort"},"content":{"rendered":"<p>On the occasion of the exhibition <strong><em>Pintura espanyola a la Col\u00b7lecci\u00f3 Mascort. Visions 1800-1950<\/em><\/strong>, the Mascort Foundation publishes a book-catalog of the same name, written by Rosa Maria Creixell, PhD in Art History, professor at the University of Barcelona. All the works have been studied and cataloged, reproduced in color in this edition, and with translations of the introductory texts into English and French.<\/p>\n<p>Leading authors such as Josep Cusachs, Mari\u00e0 Fortuny, Mart\u00edn Rico, Jos\u00e9 Navarro, Joaqu\u00edn Luque Rosell\u00f3, Arcadi Mas i Fondevila, Joaquim Mir, Cecilio Pla, among others, are represented through little-known and interesting works, such as Naranjos en la <em>Huerta del Retiro<\/em>, by Mart\u00edn Rico in 1875, which stands out for the magnificent capture of light and atmosphere of this historic place in Seville; <em>Copia de dos cabezas de La rendici\u00f3n de Breda de Vel\u00e1zquez<\/em> de Mari\u00e0 Fortuny, de c. 1860-67, made during his study of classical masters at the Museo del Prado. A third work to highlight would be <em>Maniobra de divisi\u00f3n<\/em> by Josep Cusachs, thanks to which the artist won the gold medal at the Berlin <em>International Exhibition<\/em> in 1891.<\/p>\n","protected":false},"excerpt":{"rendered":"<p>On the occasion of the exhibition Pintura espanyola a la Col\u00b7lecci\u00f3 Mascort. Visions 1800-1950, the Mascort Foundation publishes a book-catalog of the same name, written by Rosa Maria Creixell, PhD in Art History, professor at the University of Barcelona. All the works have been studied and cataloged, reproduced in color in this edition, and with [&hellip;]<\/p>\n","protected":false},"featured_media":9563,"template":"","meta":{"_acf_changed":false},"product_brand":[],"product_cat":[42],"product_tag":[],"class_list":{"0":"post-11449","1":"product","2":"type-product","3":"status-publish","4":"has-post-thumbnail","6":"product_cat-sense-categoria-en","8":"first","9":"instock","10":"taxable","11":"shipping-taxable","12":"purchasable","13":"product-type-simple"},"acf":[],"yoast_head":"<!-- This site is optimized with the Yoast SEO plugin v25.6 - https:\/\/yoast.com\/wordpress\/plugins\/seo\/ -->\n<title>Pintura espa\u00f1ola en la Colecci\u00f3n Mascort - Fundaci\u00f3 Mascort<\/title>\n<meta name=\"robots\" content=\"index, follow, max-snippet:-1, max-image-preview:large, max-video-preview:-1\" \/>\n<link rel=\"canonical\" href=\"https:\/\/www.fundaciomascort.com\/en\/publication\/pintura-espanola-en-la-coleccion-mascort\/\" \/>\n<meta property=\"og:locale\" content=\"en_US\" \/>\n<meta property=\"og:type\" content=\"article\" \/>\n<meta property=\"og:title\" content=\"Pintura espa\u00f1ola en la Colecci\u00f3n Mascort - Fundaci\u00f3 Mascort\" \/>\n<meta property=\"og:description\" content=\"On the occasion of the exhibition Pintura espanyola a la Col\u00b7lecci\u00f3 Mascort. Visions 1800-1950, the Mascort Foundation publishes a book-catalog of the same name, written by Rosa Maria Creixell, PhD in Art History, professor at the University of Barcelona. All the works have been studied and cataloged, reproduced in color in this edition, and with [&hellip;]\" \/>\n<meta property=\"og:url\" content=\"https:\/\/www.fundaciomascort.com\/en\/publication\/pintura-espanola-en-la-coleccion-mascort\/\" \/>\n<meta property=\"og:site_name\" content=\"Fundaci\u00f3 Mascort\" \/>\n<meta property=\"article:publisher\" content=\"https:\/\/www.facebook.com\/fundaciomascort\" \/>\n<meta property=\"article:modified_time\" content=\"2024-04-29T00:01:01+00:00\" \/>\n<meta property=\"og:image\" content=\"https:\/\/www.fundaciomascort.com\/wp-content\/uploads\/2020\/03\/Coberta-pintura-espanola.jpg\" \/>\n\t<meta property=\"og:image:width\" content=\"595\" \/>\n\t<meta property=\"og:image:height\" content=\"709\" \/>\n\t<meta property=\"og:image:type\" content=\"image\/jpeg\" \/>\n<meta name=\"twitter:card\" content=\"summary_large_image\" \/>\n<meta name=\"twitter:site\" content=\"@fundaciomascort\" \/>\n<meta name=\"twitter:label1\" content=\"Est. reading time\" \/>\n\t<meta name=\"twitter:data1\" content=\"1 minute\" \/>\n<script type=\"application\/ld+json\" class=\"yoast-schema-graph\">{\"@context\":\"https:\/\/schema.org\",\"@graph\":[{\"@type\":\"WebPage\",\"@id\":\"https:\/\/www.fundaciomascort.com\/en\/publication\/pintura-espanola-en-la-coleccion-mascort\/\",\"url\":\"https:\/\/www.fundaciomascort.com\/en\/publication\/pintura-espanola-en-la-coleccion-mascort\/\",\"name\":\"Pintura espa\u00f1ola en la Colecci\u00f3n Mascort - Fundaci\u00f3 Mascort\",\"isPartOf\":{\"@id\":\"https:\/\/www.fundaciomascort.com\/en\/#website\"},\"primaryImageOfPage\":{\"@id\":\"https:\/\/www.fundaciomascort.com\/en\/publication\/pintura-espanola-en-la-coleccion-mascort\/#primaryimage\"},\"image\":{\"@id\":\"https:\/\/www.fundaciomascort.com\/en\/publication\/pintura-espanola-en-la-coleccion-mascort\/#primaryimage\"},\"thumbnailUrl\":\"https:\/\/www.fundaciomascort.com\/wp-content\/uploads\/2020\/03\/Coberta-pintura-espanola.jpg\",\"datePublished\":\"2020-03-18T17:03:17+00:00\",\"dateModified\":\"2024-04-29T00:01:01+00:00\",\"breadcrumb\":{\"@id\":\"https:\/\/www.fundaciomascort.com\/en\/publication\/pintura-espanola-en-la-coleccion-mascort\/#breadcrumb\"},\"inLanguage\":\"en-US\",\"potentialAction\":[{\"@type\":\"ReadAction\",\"target\":[\"https:\/\/www.fundaciomascort.com\/en\/publication\/pintura-espanola-en-la-coleccion-mascort\/\"]}]},{\"@type\":\"ImageObject\",\"inLanguage\":\"en-US\",\"@id\":\"https:\/\/www.fundaciomascort.com\/en\/publication\/pintura-espanola-en-la-coleccion-mascort\/#primaryimage\",\"url\":\"https:\/\/www.fundaciomascort.com\/wp-content\/uploads\/2020\/03\/Coberta-pintura-espanola.jpg\",\"contentUrl\":\"https:\/\/www.fundaciomascort.com\/wp-content\/uploads\/2020\/03\/Coberta-pintura-espanola.jpg\",\"width\":595,\"height\":709},{\"@type\":\"BreadcrumbList\",\"@id\":\"https:\/\/www.fundaciomascort.com\/en\/publication\/pintura-espanola-en-la-coleccion-mascort\/#breadcrumb\",\"itemListElement\":[{\"@type\":\"ListItem\",\"position\":1,\"name\":\"Home\",\"item\":\"https:\/\/www.fundaciomascort.com\/en\/\"},{\"@type\":\"ListItem\",\"position\":2,\"name\":\"Publications\",\"item\":\"https:\/\/www.fundaciomascort.com\/en\/publicacions\/\"},{\"@type\":\"ListItem\",\"position\":3,\"name\":\"Pintura espa\u00f1ola en la Colecci\u00f3n Mascort\"}]},{\"@type\":\"WebSite\",\"@id\":\"https:\/\/www.fundaciomascort.com\/en\/#website\",\"url\":\"https:\/\/www.fundaciomascort.com\/en\/\",\"name\":\"Fundaci\u00f3 Mascort\",\"description\":\"Esperem que compartiu amb nosaltres les exposicions de la Casa Galibern i les nostres publicacions.\",\"potentialAction\":[{\"@type\":\"SearchAction\",\"target\":{\"@type\":\"EntryPoint\",\"urlTemplate\":\"https:\/\/www.fundaciomascort.com\/en\/?s={search_term_string}\"},\"query-input\":{\"@type\":\"PropertyValueSpecification\",\"valueRequired\":true,\"valueName\":\"search_term_string\"}}],\"inLanguage\":\"en-US\"}]}<\/script>\n<!-- \/ Yoast SEO plugin. -->","yoast_head_json":{"title":"Pintura espa\u00f1ola en la Colecci\u00f3n Mascort - Fundaci\u00f3 Mascort","robots":{"index":"index","follow":"follow","max-snippet":"max-snippet:-1","max-image-preview":"max-image-preview:large","max-video-preview":"max-video-preview:-1"},"canonical":"https:\/\/www.fundaciomascort.com\/en\/publication\/pintura-espanola-en-la-coleccion-mascort\/","og_locale":"en_US","og_type":"article","og_title":"Pintura espa\u00f1ola en la Colecci\u00f3n Mascort - Fundaci\u00f3 Mascort","og_description":"On the occasion of the exhibition Pintura espanyola a la Col\u00b7lecci\u00f3 Mascort. Visions 1800-1950, the Mascort Foundation publishes a book-catalog of the same name, written by Rosa Maria Creixell, PhD in Art History, professor at the University of Barcelona. All the works have been studied and cataloged, reproduced in color in this edition, and with [&hellip;]","og_url":"https:\/\/www.fundaciomascort.com\/en\/publication\/pintura-espanola-en-la-coleccion-mascort\/","og_site_name":"Fundaci\u00f3 Mascort","article_publisher":"https:\/\/www.facebook.com\/fundaciomascort","article_modified_time":"2024-04-29T00:01:01+00:00","og_image":[{"width":595,"height":709,"url":"https:\/\/www.fundaciomascort.com\/wp-content\/uploads\/2020\/03\/Coberta-pintura-espanola.jpg","type":"image\/jpeg"}],"twitter_card":"summary_large_image","twitter_site":"@fundaciomascort","twitter_misc":{"Est. reading time":"1 minute"},"schema":{"@context":"https:\/\/schema.org","@graph":[{"@type":"WebPage","@id":"https:\/\/www.fundaciomascort.com\/en\/publication\/pintura-espanola-en-la-coleccion-mascort\/","url":"https:\/\/www.fundaciomascort.com\/en\/publication\/pintura-espanola-en-la-coleccion-mascort\/","name":"Pintura espa\u00f1ola en la Colecci\u00f3n Mascort - Fundaci\u00f3 Mascort","isPartOf":{"@id":"https:\/\/www.fundaciomascort.com\/en\/#website"},"primaryImageOfPage":{"@id":"https:\/\/www.fundaciomascort.com\/en\/publication\/pintura-espanola-en-la-coleccion-mascort\/#primaryimage"},"image":{"@id":"https:\/\/www.fundaciomascort.com\/en\/publication\/pintura-espanola-en-la-coleccion-mascort\/#primaryimage"},"thumbnailUrl":"https:\/\/www.fundaciomascort.com\/wp-content\/uploads\/2020\/03\/Coberta-pintura-espanola.jpg","datePublished":"2020-03-18T17:03:17+00:00","dateModified":"2024-04-29T00:01:01+00:00","breadcrumb":{"@id":"https:\/\/www.fundaciomascort.com\/en\/publication\/pintura-espanola-en-la-coleccion-mascort\/#breadcrumb"},"inLanguage":"en-US","potentialAction":[{"@type":"ReadAction","target":["https:\/\/www.fundaciomascort.com\/en\/publication\/pintura-espanola-en-la-coleccion-mascort\/"]}]},{"@type":"ImageObject","inLanguage":"en-US","@id":"https:\/\/www.fundaciomascort.com\/en\/publication\/pintura-espanola-en-la-coleccion-mascort\/#primaryimage","url":"https:\/\/www.fundaciomascort.com\/wp-content\/uploads\/2020\/03\/Coberta-pintura-espanola.jpg","contentUrl":"https:\/\/www.fundaciomascort.com\/wp-content\/uploads\/2020\/03\/Coberta-pintura-espanola.jpg","width":595,"height":709},{"@type":"BreadcrumbList","@id":"https:\/\/www.fundaciomascort.com\/en\/publication\/pintura-espanola-en-la-coleccion-mascort\/#breadcrumb","itemListElement":[{"@type":"ListItem","position":1,"name":"Home","item":"https:\/\/www.fundaciomascort.com\/en\/"},{"@type":"ListItem","position":2,"name":"Publications","item":"https:\/\/www.fundaciomascort.com\/en\/publicacions\/"},{"@type":"ListItem","position":3,"name":"Pintura espa\u00f1ola en la Colecci\u00f3n Mascort"}]},{"@type":"WebSite","@id":"https:\/\/www.fundaciomascort.com\/en\/#website","url":"https:\/\/www.fundaciomascort.com\/en\/","name":"Fundaci\u00f3 Mascort","description":"Esperem que compartiu amb nosaltres les exposicions de la Casa Galibern i les nostres publicacions.","potentialAction":[{"@type":"SearchAction","target":{"@type":"EntryPoint","urlTemplate":"https:\/\/www.fundaciomascort.com\/en\/?s={search_term_string}"},"query-input":{"@type":"PropertyValueSpecification","valueRequired":true,"valueName":"search_term_string"}}],"inLanguage":"en-US"}]}},"_links":{"self":[{"href":"https:\/\/www.fundaciomascort.com\/en\/wp-json\/wp\/v2\/product\/11449"}],"collection":[{"href":"https:\/\/www.fundaciomascort.com\/en\/wp-json\/wp\/v2\/product"}],"about":[{"href":"https:\/\/www.fundaciomascort.com\/en\/wp-json\/wp\/v2\/types\/product"}],"wp:featuredmedia":[{"embeddable":true,"href":"https:\/\/www.fundaciomascort.com\/en\/wp-json\/wp\/v2\/media\/9563"}],"wp:attachment":[{"href":"https:\/\/www.fundaciomascort.com\/en\/wp-json\/wp\/v2\/media?parent=11449"}],"wp:term":[{"taxonomy":"product_brand","embeddable":true,"href":"https:\/\/www.fundaciomascort.com\/en\/wp-json\/wp\/v2\/product_brand?post=11449"},{"taxonomy":"product_cat","embeddable":true,"href":"https:\/\/www.fundaciomascort.com\/en\/wp-json\/wp\/v2\/product_cat?post=11449"},{"taxonomy":"product_tag","embeddable":true,"href":"https:\/\/www.fundaciomascort.com\/en\/wp-json\/wp\/v2\/product_tag?post=11449"}],"curies":[{"name":"wp","href":"https:\/\/api.w.org\/{rel}","templated":true}]}}