{"id":11439,"date":"2020-03-16T18:02:42","date_gmt":"2020-03-16T18:02:42","guid":{"rendered":"https:\/\/www.fundaciomascort.com\/publicacio\/la-cartografia-de-la-coleccion-mascort\/"},"modified":"2024-04-29T00:01:01","modified_gmt":"2024-04-29T00:01:01","slug":"la-cartografia-de-la-coleccion-mascort","status":"publish","type":"product","link":"https:\/\/www.fundaciomascort.com\/en\/publication\/la-cartografia-de-la-coleccion-mascort\/","title":{"rendered":"La Cartograf\u00eda de la Colecci\u00f3n Mascort"},"content":{"rendered":"<p>The catalogue lists more than 160 free-standing maps spanning the period from the 16th to the 19th century \u2013more than 50 of them are maps of Catalonia\u2013 made in the leading schools of cartography in Europe, outstanding among them the French school. The maps are complemented with a series of <em>Monographs<\/em> related with the world of cartography.<\/p>\n<p>We have placed special emphasis on establishing the link between the free-standing maps and the work of which they had been part. The degree of involvement of the different people who took part in the work has been detailed: cartographers, geographers, draftsmen, engravers, editors and printers, among others.\u00a0 We have tried to include a portrait of the author, to establish cartographic influences and, if necessary, to place the moment they belong to in a historical context. Moreover, wherever possible, we have included the cover of the book and tried to explain the iconographic significance of the elements that appear on the chalcographic engravings of the frontispiece.<\/p>\n<p>We have also tried to explain the significance of the cartouches and the iconographic elements that are part of them, whether architectural, mythological, historical, heraldic or simply artistic. With that vision, which is complementary to cartography proper, the reader will perceive a wealth of multidisciplinary contents that will provide him with a way of looking other than the merely historical-geographical.<\/p>\n<p>This investigation has entailed searching a score of libraries in Spain, all over Europe and even in the United States to be able to include material preserved in the institutions consulted.<\/p>\n","protected":false},"excerpt":{"rendered":"<p>The catalogue lists more than 160 free-standing maps spanning the period from the 16th to the 19th century \u2013more than 50 of them are maps of Catalonia\u2013 made in the leading schools of cartography in Europe, outstanding among them the French school. The maps are complemented with a series of Monographs related with the world [&hellip;]<\/p>\n","protected":false},"featured_media":9554,"template":"","meta":{"_acf_changed":false},"product_brand":[],"product_cat":[42],"product_tag":[],"class_list":{"0":"post-11439","1":"product","2":"type-product","3":"status-publish","4":"has-post-thumbnail","6":"product_cat-sense-categoria-en","8":"first","9":"instock","10":"taxable","11":"shipping-taxable","12":"purchasable","13":"product-type-simple"},"acf":[],"yoast_head":"<!-- This site is optimized with the Yoast SEO plugin v25.6 - https:\/\/yoast.com\/wordpress\/plugins\/seo\/ -->\n<title>La Cartograf\u00eda de la Colecci\u00f3n Mascort - Fundaci\u00f3 Mascort<\/title>\n<meta name=\"robots\" content=\"index, follow, max-snippet:-1, max-image-preview:large, max-video-preview:-1\" \/>\n<link rel=\"canonical\" href=\"https:\/\/www.fundaciomascort.com\/en\/publication\/la-cartografia-de-la-coleccion-mascort\/\" \/>\n<meta property=\"og:locale\" content=\"en_US\" \/>\n<meta property=\"og:type\" content=\"article\" \/>\n<meta property=\"og:title\" content=\"La Cartograf\u00eda de la Colecci\u00f3n Mascort - Fundaci\u00f3 Mascort\" \/>\n<meta property=\"og:description\" content=\"The catalogue lists more than 160 free-standing maps spanning the period from the 16th to the 19th century \u2013more than 50 of them are maps of Catalonia\u2013 made in the leading schools of cartography in Europe, outstanding among them the French school. The maps are complemented with a series of Monographs related with the world [&hellip;]\" \/>\n<meta property=\"og:url\" content=\"https:\/\/www.fundaciomascort.com\/en\/publication\/la-cartografia-de-la-coleccion-mascort\/\" \/>\n<meta property=\"og:site_name\" content=\"Fundaci\u00f3 Mascort\" \/>\n<meta property=\"article:publisher\" content=\"https:\/\/www.facebook.com\/fundaciomascort\" \/>\n<meta property=\"article:modified_time\" content=\"2024-04-29T00:01:01+00:00\" \/>\n<meta property=\"og:image\" content=\"https:\/\/www.fundaciomascort.com\/wp-content\/uploads\/2020\/03\/Coberta-Cartografia.jpg\" \/>\n\t<meta property=\"og:image:width\" content=\"1008\" \/>\n\t<meta property=\"og:image:height\" content=\"800\" \/>\n\t<meta property=\"og:image:type\" content=\"image\/jpeg\" \/>\n<meta name=\"twitter:card\" content=\"summary_large_image\" \/>\n<meta name=\"twitter:site\" content=\"@fundaciomascort\" \/>\n<meta name=\"twitter:label1\" content=\"Est. reading time\" \/>\n\t<meta name=\"twitter:data1\" content=\"1 minute\" \/>\n<script type=\"application\/ld+json\" class=\"yoast-schema-graph\">{\"@context\":\"https:\/\/schema.org\",\"@graph\":[{\"@type\":\"WebPage\",\"@id\":\"https:\/\/www.fundaciomascort.com\/en\/publication\/la-cartografia-de-la-coleccion-mascort\/\",\"url\":\"https:\/\/www.fundaciomascort.com\/en\/publication\/la-cartografia-de-la-coleccion-mascort\/\",\"name\":\"La Cartograf\u00eda de la Colecci\u00f3n Mascort - Fundaci\u00f3 Mascort\",\"isPartOf\":{\"@id\":\"https:\/\/www.fundaciomascort.com\/en\/#website\"},\"primaryImageOfPage\":{\"@id\":\"https:\/\/www.fundaciomascort.com\/en\/publication\/la-cartografia-de-la-coleccion-mascort\/#primaryimage\"},\"image\":{\"@id\":\"https:\/\/www.fundaciomascort.com\/en\/publication\/la-cartografia-de-la-coleccion-mascort\/#primaryimage\"},\"thumbnailUrl\":\"https:\/\/www.fundaciomascort.com\/wp-content\/uploads\/2020\/03\/Coberta-Cartografia.jpg\",\"datePublished\":\"2020-03-16T18:02:42+00:00\",\"dateModified\":\"2024-04-29T00:01:01+00:00\",\"breadcrumb\":{\"@id\":\"https:\/\/www.fundaciomascort.com\/en\/publication\/la-cartografia-de-la-coleccion-mascort\/#breadcrumb\"},\"inLanguage\":\"en-US\",\"potentialAction\":[{\"@type\":\"ReadAction\",\"target\":[\"https:\/\/www.fundaciomascort.com\/en\/publication\/la-cartografia-de-la-coleccion-mascort\/\"]}]},{\"@type\":\"ImageObject\",\"inLanguage\":\"en-US\",\"@id\":\"https:\/\/www.fundaciomascort.com\/en\/publication\/la-cartografia-de-la-coleccion-mascort\/#primaryimage\",\"url\":\"https:\/\/www.fundaciomascort.com\/wp-content\/uploads\/2020\/03\/Coberta-Cartografia.jpg\",\"contentUrl\":\"https:\/\/www.fundaciomascort.com\/wp-content\/uploads\/2020\/03\/Coberta-Cartografia.jpg\",\"width\":1008,\"height\":800},{\"@type\":\"BreadcrumbList\",\"@id\":\"https:\/\/www.fundaciomascort.com\/en\/publication\/la-cartografia-de-la-coleccion-mascort\/#breadcrumb\",\"itemListElement\":[{\"@type\":\"ListItem\",\"position\":1,\"name\":\"Home\",\"item\":\"https:\/\/www.fundaciomascort.com\/en\/\"},{\"@type\":\"ListItem\",\"position\":2,\"name\":\"Publications\",\"item\":\"https:\/\/www.fundaciomascort.com\/en\/publicacions\/\"},{\"@type\":\"ListItem\",\"position\":3,\"name\":\"La Cartograf\u00eda de la Colecci\u00f3n Mascort\"}]},{\"@type\":\"WebSite\",\"@id\":\"https:\/\/www.fundaciomascort.com\/en\/#website\",\"url\":\"https:\/\/www.fundaciomascort.com\/en\/\",\"name\":\"Fundaci\u00f3 Mascort\",\"description\":\"Esperem que compartiu amb nosaltres les exposicions de la Casa Galibern i les nostres publicacions.\",\"potentialAction\":[{\"@type\":\"SearchAction\",\"target\":{\"@type\":\"EntryPoint\",\"urlTemplate\":\"https:\/\/www.fundaciomascort.com\/en\/?s={search_term_string}\"},\"query-input\":{\"@type\":\"PropertyValueSpecification\",\"valueRequired\":true,\"valueName\":\"search_term_string\"}}],\"inLanguage\":\"en-US\"}]}<\/script>\n<!-- \/ Yoast SEO plugin. -->","yoast_head_json":{"title":"La Cartograf\u00eda de la Colecci\u00f3n Mascort - Fundaci\u00f3 Mascort","robots":{"index":"index","follow":"follow","max-snippet":"max-snippet:-1","max-image-preview":"max-image-preview:large","max-video-preview":"max-video-preview:-1"},"canonical":"https:\/\/www.fundaciomascort.com\/en\/publication\/la-cartografia-de-la-coleccion-mascort\/","og_locale":"en_US","og_type":"article","og_title":"La Cartograf\u00eda de la Colecci\u00f3n Mascort - Fundaci\u00f3 Mascort","og_description":"The catalogue lists more than 160 free-standing maps spanning the period from the 16th to the 19th century \u2013more than 50 of them are maps of Catalonia\u2013 made in the leading schools of cartography in Europe, outstanding among them the French school. The maps are complemented with a series of Monographs related with the world [&hellip;]","og_url":"https:\/\/www.fundaciomascort.com\/en\/publication\/la-cartografia-de-la-coleccion-mascort\/","og_site_name":"Fundaci\u00f3 Mascort","article_publisher":"https:\/\/www.facebook.com\/fundaciomascort","article_modified_time":"2024-04-29T00:01:01+00:00","og_image":[{"width":1008,"height":800,"url":"https:\/\/www.fundaciomascort.com\/wp-content\/uploads\/2020\/03\/Coberta-Cartografia.jpg","type":"image\/jpeg"}],"twitter_card":"summary_large_image","twitter_site":"@fundaciomascort","twitter_misc":{"Est. reading time":"1 minute"},"schema":{"@context":"https:\/\/schema.org","@graph":[{"@type":"WebPage","@id":"https:\/\/www.fundaciomascort.com\/en\/publication\/la-cartografia-de-la-coleccion-mascort\/","url":"https:\/\/www.fundaciomascort.com\/en\/publication\/la-cartografia-de-la-coleccion-mascort\/","name":"La Cartograf\u00eda de la Colecci\u00f3n Mascort - Fundaci\u00f3 Mascort","isPartOf":{"@id":"https:\/\/www.fundaciomascort.com\/en\/#website"},"primaryImageOfPage":{"@id":"https:\/\/www.fundaciomascort.com\/en\/publication\/la-cartografia-de-la-coleccion-mascort\/#primaryimage"},"image":{"@id":"https:\/\/www.fundaciomascort.com\/en\/publication\/la-cartografia-de-la-coleccion-mascort\/#primaryimage"},"thumbnailUrl":"https:\/\/www.fundaciomascort.com\/wp-content\/uploads\/2020\/03\/Coberta-Cartografia.jpg","datePublished":"2020-03-16T18:02:42+00:00","dateModified":"2024-04-29T00:01:01+00:00","breadcrumb":{"@id":"https:\/\/www.fundaciomascort.com\/en\/publication\/la-cartografia-de-la-coleccion-mascort\/#breadcrumb"},"inLanguage":"en-US","potentialAction":[{"@type":"ReadAction","target":["https:\/\/www.fundaciomascort.com\/en\/publication\/la-cartografia-de-la-coleccion-mascort\/"]}]},{"@type":"ImageObject","inLanguage":"en-US","@id":"https:\/\/www.fundaciomascort.com\/en\/publication\/la-cartografia-de-la-coleccion-mascort\/#primaryimage","url":"https:\/\/www.fundaciomascort.com\/wp-content\/uploads\/2020\/03\/Coberta-Cartografia.jpg","contentUrl":"https:\/\/www.fundaciomascort.com\/wp-content\/uploads\/2020\/03\/Coberta-Cartografia.jpg","width":1008,"height":800},{"@type":"BreadcrumbList","@id":"https:\/\/www.fundaciomascort.com\/en\/publication\/la-cartografia-de-la-coleccion-mascort\/#breadcrumb","itemListElement":[{"@type":"ListItem","position":1,"name":"Home","item":"https:\/\/www.fundaciomascort.com\/en\/"},{"@type":"ListItem","position":2,"name":"Publications","item":"https:\/\/www.fundaciomascort.com\/en\/publicacions\/"},{"@type":"ListItem","position":3,"name":"La Cartograf\u00eda de la Colecci\u00f3n Mascort"}]},{"@type":"WebSite","@id":"https:\/\/www.fundaciomascort.com\/en\/#website","url":"https:\/\/www.fundaciomascort.com\/en\/","name":"Fundaci\u00f3 Mascort","description":"Esperem que compartiu amb nosaltres les exposicions de la Casa Galibern i les nostres publicacions.","potentialAction":[{"@type":"SearchAction","target":{"@type":"EntryPoint","urlTemplate":"https:\/\/www.fundaciomascort.com\/en\/?s={search_term_string}"},"query-input":{"@type":"PropertyValueSpecification","valueRequired":true,"valueName":"search_term_string"}}],"inLanguage":"en-US"}]}},"_links":{"self":[{"href":"https:\/\/www.fundaciomascort.com\/en\/wp-json\/wp\/v2\/product\/11439"}],"collection":[{"href":"https:\/\/www.fundaciomascort.com\/en\/wp-json\/wp\/v2\/product"}],"about":[{"href":"https:\/\/www.fundaciomascort.com\/en\/wp-json\/wp\/v2\/types\/product"}],"wp:featuredmedia":[{"embeddable":true,"href":"https:\/\/www.fundaciomascort.com\/en\/wp-json\/wp\/v2\/media\/9554"}],"wp:attachment":[{"href":"https:\/\/www.fundaciomascort.com\/en\/wp-json\/wp\/v2\/media?parent=11439"}],"wp:term":[{"taxonomy":"product_brand","embeddable":true,"href":"https:\/\/www.fundaciomascort.com\/en\/wp-json\/wp\/v2\/product_brand?post=11439"},{"taxonomy":"product_cat","embeddable":true,"href":"https:\/\/www.fundaciomascort.com\/en\/wp-json\/wp\/v2\/product_cat?post=11439"},{"taxonomy":"product_tag","embeddable":true,"href":"https:\/\/www.fundaciomascort.com\/en\/wp-json\/wp\/v2\/product_tag?post=11439"}],"curies":[{"name":"wp","href":"https:\/\/api.w.org\/{rel}","templated":true}]}}