{"id":11431,"date":"2020-01-21T10:21:24","date_gmt":"2020-01-21T10:21:24","guid":{"rendered":"https:\/\/www.fundaciomascort.com\/publicacio\/tots-els-ocells-i-mamifers-del-mon\/"},"modified":"2024-04-29T00:01:00","modified_gmt":"2024-04-29T00:01:00","slug":"tots-els-ocells-i-mamifers-del-mon","status":"publish","type":"product","link":"https:\/\/www.fundaciomascort.com\/en\/publication\/tots-els-ocells-i-mamifers-del-mon\/","title":{"rendered":"Tots els ocells i mam\u00edfers del m\u00f3n"},"content":{"rendered":"<p><span style=\"font-style: normal !important; font-weight: normal !important;\">Finally, and in chronological order, all Lynx Edicions\u2019 publications are presented, some 200 titles dedicated to the natural world.<\/span><\/p>\n<p><span style=\"font-style: normal !important; font-weight: normal !important;\">The exhibition catalogue takes us on a voyage through the history of Lynx Edicions. It tells of how the publishing house was founded on the basis of what seemed to many an insane idea; the creation, for the first time ever, of an encyclopaedia covering every species of bird in the world. It describes the adversities experienced in the early years by the three founders, Ramon Mascort, Josep del Hoyo and Jordi Sargatal, and how they guided the work to a successful conclusion. Other projects also figure here, some of them part of our history and others planned for the future.<\/span><\/p>\n<p><span style=\"font-style: normal !important; font-weight: normal !important;\">The catalogue includes the 75 plates of birds that are exhibited, by notable nature artists such as Hilary Burn, Francesc Jutglar, Ian Willis and Ian Lewington, among others. Also included are 14 plates showing a good selection of the groups that form the Class Mammalia, mostly drawn by the well-known artist Toni Llobet.<\/span><\/p>\n","protected":false},"excerpt":{"rendered":"<p>ISBN:\u00a0978-84-09-16011-2<\/p>\n<p><strong>Josep del Hoyo i Jordi Sargatal<\/strong><\/p>\n<p>2019<\/p>\n<p>25 x 21 cm<\/p>\n<p>P\u00e0g. 196<\/p>\n","protected":false},"featured_media":9488,"template":"","meta":{"_acf_changed":false},"product_brand":[],"product_cat":[42],"product_tag":[],"class_list":{"0":"post-11431","1":"product","2":"type-product","3":"status-publish","4":"has-post-thumbnail","6":"product_cat-sense-categoria-en","8":"first","9":"instock","10":"taxable","11":"shipping-taxable","12":"purchasable","13":"product-type-simple"},"acf":[],"yoast_head":"<!-- This site is optimized with the Yoast SEO plugin v25.6 - https:\/\/yoast.com\/wordpress\/plugins\/seo\/ -->\n<title>Tots els ocells i mam\u00edfers del m\u00f3n - Fundaci\u00f3 Mascort<\/title>\n<meta name=\"robots\" content=\"index, follow, max-snippet:-1, max-image-preview:large, max-video-preview:-1\" \/>\n<link rel=\"canonical\" href=\"https:\/\/www.fundaciomascort.com\/en\/publication\/tots-els-ocells-i-mamifers-del-mon\/\" \/>\n<meta property=\"og:locale\" content=\"en_US\" \/>\n<meta property=\"og:type\" content=\"article\" \/>\n<meta property=\"og:title\" content=\"Tots els ocells i mam\u00edfers del m\u00f3n - Fundaci\u00f3 Mascort\" \/>\n<meta property=\"og:description\" content=\"ISBN:\u00a0978-84-09-16011-2  Josep del Hoyo i Jordi Sargatal  2019  25 x 21 cm  P\u00e0g. 196\" \/>\n<meta property=\"og:url\" content=\"https:\/\/www.fundaciomascort.com\/en\/publication\/tots-els-ocells-i-mamifers-del-mon\/\" \/>\n<meta property=\"og:site_name\" content=\"Fundaci\u00f3 Mascort\" \/>\n<meta property=\"article:publisher\" content=\"https:\/\/www.facebook.com\/fundaciomascort\" \/>\n<meta property=\"article:modified_time\" content=\"2024-04-29T00:01:00+00:00\" \/>\n<meta property=\"og:image\" content=\"https:\/\/www.fundaciomascort.com\/wp-content\/uploads\/2020\/01\/Coberta-Lynx30.jpg\" \/>\n\t<meta property=\"og:image:width\" content=\"599\" \/>\n\t<meta property=\"og:image:height\" content=\"709\" \/>\n\t<meta property=\"og:image:type\" content=\"image\/jpeg\" \/>\n<meta name=\"twitter:card\" content=\"summary_large_image\" \/>\n<meta name=\"twitter:site\" content=\"@fundaciomascort\" \/>\n<meta name=\"twitter:label1\" content=\"Est. reading time\" \/>\n\t<meta name=\"twitter:data1\" content=\"1 minute\" \/>\n<script type=\"application\/ld+json\" class=\"yoast-schema-graph\">{\"@context\":\"https:\/\/schema.org\",\"@graph\":[{\"@type\":\"WebPage\",\"@id\":\"https:\/\/www.fundaciomascort.com\/en\/publication\/tots-els-ocells-i-mamifers-del-mon\/\",\"url\":\"https:\/\/www.fundaciomascort.com\/en\/publication\/tots-els-ocells-i-mamifers-del-mon\/\",\"name\":\"Tots els ocells i mam\u00edfers del m\u00f3n - Fundaci\u00f3 Mascort\",\"isPartOf\":{\"@id\":\"https:\/\/www.fundaciomascort.com\/en\/#website\"},\"primaryImageOfPage\":{\"@id\":\"https:\/\/www.fundaciomascort.com\/en\/publication\/tots-els-ocells-i-mamifers-del-mon\/#primaryimage\"},\"image\":{\"@id\":\"https:\/\/www.fundaciomascort.com\/en\/publication\/tots-els-ocells-i-mamifers-del-mon\/#primaryimage\"},\"thumbnailUrl\":\"https:\/\/www.fundaciomascort.com\/wp-content\/uploads\/2020\/01\/Coberta-Lynx30.jpg\",\"datePublished\":\"2020-01-21T10:21:24+00:00\",\"dateModified\":\"2024-04-29T00:01:00+00:00\",\"breadcrumb\":{\"@id\":\"https:\/\/www.fundaciomascort.com\/en\/publication\/tots-els-ocells-i-mamifers-del-mon\/#breadcrumb\"},\"inLanguage\":\"en-US\",\"potentialAction\":[{\"@type\":\"ReadAction\",\"target\":[\"https:\/\/www.fundaciomascort.com\/en\/publication\/tots-els-ocells-i-mamifers-del-mon\/\"]}]},{\"@type\":\"ImageObject\",\"inLanguage\":\"en-US\",\"@id\":\"https:\/\/www.fundaciomascort.com\/en\/publication\/tots-els-ocells-i-mamifers-del-mon\/#primaryimage\",\"url\":\"https:\/\/www.fundaciomascort.com\/wp-content\/uploads\/2020\/01\/Coberta-Lynx30.jpg\",\"contentUrl\":\"https:\/\/www.fundaciomascort.com\/wp-content\/uploads\/2020\/01\/Coberta-Lynx30.jpg\",\"width\":599,\"height\":709},{\"@type\":\"BreadcrumbList\",\"@id\":\"https:\/\/www.fundaciomascort.com\/en\/publication\/tots-els-ocells-i-mamifers-del-mon\/#breadcrumb\",\"itemListElement\":[{\"@type\":\"ListItem\",\"position\":1,\"name\":\"Home\",\"item\":\"https:\/\/www.fundaciomascort.com\/en\/\"},{\"@type\":\"ListItem\",\"position\":2,\"name\":\"Publications\",\"item\":\"https:\/\/www.fundaciomascort.com\/en\/publicacions\/\"},{\"@type\":\"ListItem\",\"position\":3,\"name\":\"Tots els ocells i mam\u00edfers del m\u00f3n\"}]},{\"@type\":\"WebSite\",\"@id\":\"https:\/\/www.fundaciomascort.com\/en\/#website\",\"url\":\"https:\/\/www.fundaciomascort.com\/en\/\",\"name\":\"Fundaci\u00f3 Mascort\",\"description\":\"Esperem que compartiu amb nosaltres les exposicions de la Casa Galibern i les nostres publicacions.\",\"potentialAction\":[{\"@type\":\"SearchAction\",\"target\":{\"@type\":\"EntryPoint\",\"urlTemplate\":\"https:\/\/www.fundaciomascort.com\/en\/?s={search_term_string}\"},\"query-input\":{\"@type\":\"PropertyValueSpecification\",\"valueRequired\":true,\"valueName\":\"search_term_string\"}}],\"inLanguage\":\"en-US\"}]}<\/script>\n<!-- \/ Yoast SEO plugin. -->","yoast_head_json":{"title":"Tots els ocells i mam\u00edfers del m\u00f3n - Fundaci\u00f3 Mascort","robots":{"index":"index","follow":"follow","max-snippet":"max-snippet:-1","max-image-preview":"max-image-preview:large","max-video-preview":"max-video-preview:-1"},"canonical":"https:\/\/www.fundaciomascort.com\/en\/publication\/tots-els-ocells-i-mamifers-del-mon\/","og_locale":"en_US","og_type":"article","og_title":"Tots els ocells i mam\u00edfers del m\u00f3n - Fundaci\u00f3 Mascort","og_description":"ISBN:\u00a0978-84-09-16011-2  Josep del Hoyo i Jordi Sargatal  2019  25 x 21 cm  P\u00e0g. 196","og_url":"https:\/\/www.fundaciomascort.com\/en\/publication\/tots-els-ocells-i-mamifers-del-mon\/","og_site_name":"Fundaci\u00f3 Mascort","article_publisher":"https:\/\/www.facebook.com\/fundaciomascort","article_modified_time":"2024-04-29T00:01:00+00:00","og_image":[{"width":599,"height":709,"url":"https:\/\/www.fundaciomascort.com\/wp-content\/uploads\/2020\/01\/Coberta-Lynx30.jpg","type":"image\/jpeg"}],"twitter_card":"summary_large_image","twitter_site":"@fundaciomascort","twitter_misc":{"Est. reading time":"1 minute"},"schema":{"@context":"https:\/\/schema.org","@graph":[{"@type":"WebPage","@id":"https:\/\/www.fundaciomascort.com\/en\/publication\/tots-els-ocells-i-mamifers-del-mon\/","url":"https:\/\/www.fundaciomascort.com\/en\/publication\/tots-els-ocells-i-mamifers-del-mon\/","name":"Tots els ocells i mam\u00edfers del m\u00f3n - Fundaci\u00f3 Mascort","isPartOf":{"@id":"https:\/\/www.fundaciomascort.com\/en\/#website"},"primaryImageOfPage":{"@id":"https:\/\/www.fundaciomascort.com\/en\/publication\/tots-els-ocells-i-mamifers-del-mon\/#primaryimage"},"image":{"@id":"https:\/\/www.fundaciomascort.com\/en\/publication\/tots-els-ocells-i-mamifers-del-mon\/#primaryimage"},"thumbnailUrl":"https:\/\/www.fundaciomascort.com\/wp-content\/uploads\/2020\/01\/Coberta-Lynx30.jpg","datePublished":"2020-01-21T10:21:24+00:00","dateModified":"2024-04-29T00:01:00+00:00","breadcrumb":{"@id":"https:\/\/www.fundaciomascort.com\/en\/publication\/tots-els-ocells-i-mamifers-del-mon\/#breadcrumb"},"inLanguage":"en-US","potentialAction":[{"@type":"ReadAction","target":["https:\/\/www.fundaciomascort.com\/en\/publication\/tots-els-ocells-i-mamifers-del-mon\/"]}]},{"@type":"ImageObject","inLanguage":"en-US","@id":"https:\/\/www.fundaciomascort.com\/en\/publication\/tots-els-ocells-i-mamifers-del-mon\/#primaryimage","url":"https:\/\/www.fundaciomascort.com\/wp-content\/uploads\/2020\/01\/Coberta-Lynx30.jpg","contentUrl":"https:\/\/www.fundaciomascort.com\/wp-content\/uploads\/2020\/01\/Coberta-Lynx30.jpg","width":599,"height":709},{"@type":"BreadcrumbList","@id":"https:\/\/www.fundaciomascort.com\/en\/publication\/tots-els-ocells-i-mamifers-del-mon\/#breadcrumb","itemListElement":[{"@type":"ListItem","position":1,"name":"Home","item":"https:\/\/www.fundaciomascort.com\/en\/"},{"@type":"ListItem","position":2,"name":"Publications","item":"https:\/\/www.fundaciomascort.com\/en\/publicacions\/"},{"@type":"ListItem","position":3,"name":"Tots els ocells i mam\u00edfers del m\u00f3n"}]},{"@type":"WebSite","@id":"https:\/\/www.fundaciomascort.com\/en\/#website","url":"https:\/\/www.fundaciomascort.com\/en\/","name":"Fundaci\u00f3 Mascort","description":"Esperem que compartiu amb nosaltres les exposicions de la Casa Galibern i les nostres publicacions.","potentialAction":[{"@type":"SearchAction","target":{"@type":"EntryPoint","urlTemplate":"https:\/\/www.fundaciomascort.com\/en\/?s={search_term_string}"},"query-input":{"@type":"PropertyValueSpecification","valueRequired":true,"valueName":"search_term_string"}}],"inLanguage":"en-US"}]}},"_links":{"self":[{"href":"https:\/\/www.fundaciomascort.com\/en\/wp-json\/wp\/v2\/product\/11431"}],"collection":[{"href":"https:\/\/www.fundaciomascort.com\/en\/wp-json\/wp\/v2\/product"}],"about":[{"href":"https:\/\/www.fundaciomascort.com\/en\/wp-json\/wp\/v2\/types\/product"}],"wp:featuredmedia":[{"embeddable":true,"href":"https:\/\/www.fundaciomascort.com\/en\/wp-json\/wp\/v2\/media\/9488"}],"wp:attachment":[{"href":"https:\/\/www.fundaciomascort.com\/en\/wp-json\/wp\/v2\/media?parent=11431"}],"wp:term":[{"taxonomy":"product_brand","embeddable":true,"href":"https:\/\/www.fundaciomascort.com\/en\/wp-json\/wp\/v2\/product_brand?post=11431"},{"taxonomy":"product_cat","embeddable":true,"href":"https:\/\/www.fundaciomascort.com\/en\/wp-json\/wp\/v2\/product_cat?post=11431"},{"taxonomy":"product_tag","embeddable":true,"href":"https:\/\/www.fundaciomascort.com\/en\/wp-json\/wp\/v2\/product_tag?post=11431"}],"curies":[{"name":"wp","href":"https:\/\/api.w.org\/{rel}","templated":true}]}}