{"id":11667,"date":"2020-05-28T13:36:03","date_gmt":"2020-05-28T13:36:03","guid":{"rendered":"https:\/\/www.fundaciomascort.com\/avis-legal\/"},"modified":"2020-05-28T13:43:26","modified_gmt":"2020-05-28T13:43:26","slug":"avis-legal","status":"publish","type":"page","link":"https:\/\/www.fundaciomascort.com\/en\/avis-legal\/","title":{"rendered":"Legal notice"},"content":{"rendered":"<h3>Objeto y aceptaci\u00f3n<\/h3>\n<p>El presente aviso legal regula el uso de la web <strong>www.fundaciomascort.com<\/strong>,en adelante, LA WEB, que es de titularidad de <strong>Fundaci\u00f3 Privada Mascort<\/strong> en adelante, EL PROPIETARIO DE LA WEB.<\/p>\n<p>La navegaci\u00f3n por LA WEB atribuye la condici\u00f3n de usuario del mismo y supone la aceptaci\u00f3n plena y sin reservas de todas y cada una de las disposiciones incluidas en este Aviso Legal, susceptibles de sufrir modificaciones.<\/p>\n<p>El usuario est\u00e1 obligado a hacer un uso correcto de LA WEB conforme a la ley, la buena fe, el orden p\u00fablico, los usos del tr\u00e1fico y el presente Aviso Legal. El usuario responder\u00e1 frente al PROPIETARIO DE LA WEB o ante terceros por los da\u00f1os y perjuicios que puedan surgir como consecuencia del incumplimiento de esta obligaci\u00f3n.<\/p>\n<h3>Identificaci\u00f3n y comunicaciones<\/h3>\n<p>El PROPIETARIO DE LA WEB en cumplimiento de ley 34\/2002, de 11 de julio, de Servicios de la Sociedad de la Informaci\u00f3n y Comercio Electr\u00f3nico (LSSICE), le informa que:<\/p>\n<p>Su denominaci\u00f3n social es: <strong>Fundaci\u00f3 Privada Mascort<\/strong><\/p>\n<p>Su nombre comercial es: <strong>Fundaci\u00f3 Mascort<\/strong><\/p>\n<p>Su CIF es: <strong>ESG17940636<\/strong><\/p>\n<p>Su domicilio social se encuentra en: Esgl\u00e8sia 9\u00a017257 Torroella de Montgr\u00ed<\/p>\n<p>Para comunicarse con nosotros, ponemos a su disposici\u00f3n diversos medios de contacto que se detallan a continuaci\u00f3n: <\/p>\n<p>Tel\u00e9fono: <a href=\"tel:972 75 80 57\">972 75 80 57<\/a><\/p>\n<p>Correo electr\u00f3nico: info@fundaciomascort.com<\/p>\n<p>Todas las notificaciones y comunicaciones entre los usuarios y EL PROPIETARIO DE LA WEB se considerar\u00e1n eficaces, a todos los efectos, cuando se lleven a cabo a trav\u00e9s de correo postal o cualquier otro medio detallado anteriormente.<\/p>\n<h3>Condiciones de acceso y uso <\/h3>\n<p>LA WEB y sus servicios son de acceso libre y gratuito, no obstante, EL PROPIETARIO DE LA WEB puede condicionar el uso de algunos de los servicios ofrecidos en su sitio Web a la previa cumplimentaci\u00f3n del correspondiente formulario, previa lectura y aceptaci\u00f3n \u00edntegra, expresa y sin reservas del presente Aviso Legal.<\/p>\n<p>Si el usuario no estuviese de acuerdo con las condiciones de uso, deber\u00e1 abstenerse de utilizar este portal y operar por medio del mismo.<\/p>\n<p>El usuario garantiza la autenticidad y actualidad de todos los datos que comunique al PROPIETARIO DE LA WEB y ser\u00e1 \u00fanico responsable de las manifestaciones falsas o inexactas que lleve a cabo.<\/p>\n<p>El usuario se compromete a hacer un uso adecuado de los contenidos y servicios del PROPIETARIO DE LA WEB y a no utilizarlos para, entre otros: <\/p>\n<p>Difusi\u00f3n de contenidos delictivos, violentos, pornogr\u00e1ficos, racistas, xen\u00f3fobos, ofensivos, de apolog\u00eda del terrorismo o, en general, contrarios a la ley o al orden p\u00fablico. <\/p>\n<p>Introducir en las red virus inform\u00e1ticos o realizar actuaciones susceptibles de alterar, da\u00f1ar, interrumpir o generar errores o da\u00f1os en los datos, documentos electr\u00f3nicos en los datos o en los sistemas f\u00edsicos y l\u00f3gicos del PROPIETARIO DE LA WEB o de terceros, as\u00ed como obstaculizar el acceso de otros usuarios a LA WEB y a sus servicios mediante el consumo masivo de los recursos inform\u00e1ticos a trav\u00e9s de los cuales EL PROPIETARIO DE LA WEB presta sus servicios. <\/p>\n<p>Intentar obtener acceso a las cuentas de correo electr\u00f3nico de otros usuarios o a \u00e1reas restringidas de los sistemas inform\u00e1ticos del PROPIETARIO DE LA WEB o de terceros y, en su caso, extraer informaci\u00f3n. <\/p>\n<p>Vulnerar los derechos de propiedad intelectual o industrial, as\u00ed como violar la confidencialidad de la informaci\u00f3n del PROPIETARIO DE LA WEB o terceros. <\/p>\n<p>Suplantar la identidad de otro usuario, de las administraciones p\u00fablicas o de un tercero. <\/p>\n<p>Reproducir, copiar, distribuir, poner a disposici\u00f3n o de cualquier otra forma, comunicar p\u00fablicamente, transformar o modificar los contenidos, a menos que cuente con el permiso del titular de los correspondientes derechos o ello resulte legalmente permitido. <\/p>\n<p>Solicitar datos con fines publicitarios y enviar publicidad de cualquier clase y comunicaciones con fines de venta u otros de naturaleza comercial sin que haya previa solicitud o consentimiento. <\/p>\n<p>El establecimiento de un hiperenlace no implica en ning\u00fan caso, la existencia de relaciones entre EL PROPIETARIO DE LA WEB y el propietario de la p\u00e1gina web en la que se establezca, ni la aceptaci\u00f3n y aprobaci\u00f3n por parte del PROPIETARIO DE LA WEB de sus contenidos o servicios. Aquellos que quieran establecer un hiperenlace previamente, deber\u00e1n solicitar autorizaci\u00f3n por escrito al PROPIETARIO DE LA WEB. En cualquier caso, el hiperenlace s\u00f3lo permitir\u00e1 el acceso a la homepage o p\u00e1gina de inicio de LA WEB. <\/p>\n<p>Asimismo, Usted deber\u00e1 abstenerse de realizar manifestaciones o indicaciones falsas, inexactas o incorrectas sobre el propietario de la web o incluir contenidos il\u00edcitos contrarios a los buenos usos y el orden .<\/p>\n<p>EL PROPIETARIO DE LA WEB no es responsable del uso que cada usuario de a los materiales disponibles en LA WEB ni de las acciones que lleve a cabo en base a los mismos.<\/p>\n<h3>Propiedad intelectual<\/h3>\n<p>Todos los contenidos de LA WEB, incluyendo textos, fotograf\u00edas, gr\u00e1ficos, im\u00e1genes, iconos, tecnolog\u00eda y software, as\u00ed como sus dise\u00f1o gr\u00e1fico y c\u00f3digos fuente, constituyen una obra, cuya propiedad pertenece al PROPIETARIO DE LA WEB sin que puedan entender cedidos al usuario ninguno de los derechos de explotaci\u00f3n sobre los mismos m\u00e1s all\u00e1 de lo estrictamente necesario para el correcto uso de LA WEB.<\/p>\n<p>En definitiva, los usuarios que accedan a LA WEB pueden visualizar sus contenidos y llevar a cabo, si es necesario, copias privadas autorizadas, siempre que los elementos reproducidos no se transfierAn a terceros, o se instalen en los servidores conectados a redes, ni sean objeto de <\/p>\n<p>ning\u00fan tipo de explotaci\u00f3n. Adem\u00e1s, todos las marcas, nombres comerciales o distintivos de cualquier clase que aparecen en el sitio web son propiedad del PROPIETEARIO DE LA WEB sin <\/p>\n<p>que el usuario pueda entender que el uso o acceso al mismo atribuye ning\u00fan derecho sobre los mismos.<\/p>\n<p>Queda prohibida la distribuci\u00f3n, modificaci\u00f3n, cesi\u00f3n o comunicaci\u00f3n p\u00fablica de los contenidos y cualquier otro acto que no haya sido expresamente autorizada por el titular de los derechos de explotaci\u00f3n.<\/p>\n<h3>Exclusi\u00f3n de garant\u00edas y responsabilidad<\/h3>\n<p>El contenido de este sitio web es de car\u00e1cter general y tiene una finalidad meramente informativa, sin que se garantice plenamente el acceso a todo el contenido, ni su exhaustividad, correcci\u00f3n, vigencia o actualidad ni su idoneidad o utilidad para un objetivo espec\u00edfico.<\/p>\n<p>El PROPIETARIO DE LA WEB excluye, hasta donde le permite el ordenamiento jur\u00eddico, cualquier responsabilidad por da\u00f1os y perjuicios de cualquier naturaleza derivados de: <\/p>\n<p>La imposibilidad de acceso a LA WEB o la falta de veracidad, exactitud, exhaustividad y\/o actualidad de los contenidos, as\u00ed como la existencia de vicios y defectos de toda clase de los contenidos transmitidos, difundidos, almacenados, puestos a disposici\u00f3n, a los que se haya accedido a trav\u00e9s de la web o los servicios que se ofrecen<\/p>\n<p>La presencia de virus u otros elementos en los contenidos que puedan producir alteraciones en los sistemas inform\u00e1ticos, documentos electr\u00f3nicos o datos de usuario.<\/p>\n<p> El incumplimiento de la leyes, la buena fe, el orden p\u00fablico, los usos del tr\u00e1fico y el presente Aviso Legal, como resultado del uso incorrecto del sitio Web. En particular y a modo de ejemplo, EL PROPIETARIO DE LA WEB no se hace responsable de las actuaciones de terceros que vulneren derechos de propiedad intelectual e industrial, secretos empresariales, derechos al honor, a la intimidad personal y familiar y a la propia imagen, as\u00ed como la normativa sobre competencia desleal y publicidad il\u00edcita. <\/p>\n<p>Asimismo, el PROPIETARIO DE LA WEB declina cualquier responsabilidad respecto a la informaci\u00f3n que se encuentre fuera de este sitio web y no sea gestionada directamente por nuestro webmaster. La funci\u00f3n de los enlaces que aparecen en LA WEB es exclusivamente la de informar al usuario sobre la existencia de otras fuentes que podr\u00edan ampliar los contenidos ofrecidos por este sitio web. El PROPIETARIO DE LA WEB no garantiza ni es responsable del funcionamiento o del acceso a los sitios enlazados, ni sugiere, invita o recomienda la visita a los mismos, por lo que tampoco ser\u00e1 responsable de los resultados obtenidos. El PROPIETARIO DE LA WEB no es responsable del establecimiento de hiperv\u00ednculos por parte de terceros. <\/p>\n<h3>Publicaciones<\/h3>\n<p>La informaci\u00f3n facilitada a trav\u00e9s de LA WEB no sustituye la publicidad legal de las leyes, normativas, planes, disposiciones generales y actos que deben estar formalmente publicados en los boletines oficiales de las administraciones p\u00fablicas y que son el \u00fanico instrumento que da fe de su autenticidad y contenido. <\/p>\n<p>La informaci\u00f3n disponible en LA WEB debe entenderse como una gu\u00eda sin prop\u00f3sito de validez legal.<\/p>\n","protected":false},"excerpt":{"rendered":"<p>Objeto y aceptaci\u00f3n El presente aviso legal regula el uso de la web www.fundaciomascort.com,en adelante, LA WEB, que es de titularidad de Fundaci\u00f3 Privada Mascort en adelante, EL PROPIETARIO DE LA WEB. La navegaci\u00f3n por LA WEB atribuye la condici\u00f3n de usuario del mismo y supone la aceptaci\u00f3n plena y sin reservas de todas y [&hellip;]<\/p>\n","protected":false},"author":1,"featured_media":0,"parent":0,"menu_order":11,"comment_status":"closed","ping_status":"closed","template":"","meta":{"_acf_changed":false,"footnotes":""},"class_list":["post-11667","page","type-page","status-publish","hentry"],"acf":[],"yoast_head":"<!-- This site is optimized with the Yoast SEO plugin v25.6 - https:\/\/yoast.com\/wordpress\/plugins\/seo\/ -->\n<title>Legal notice - Fundaci\u00f3 Mascort<\/title>\n<meta name=\"robots\" content=\"index, follow, max-snippet:-1, max-image-preview:large, max-video-preview:-1\" \/>\n<link rel=\"canonical\" href=\"https:\/\/www.fundaciomascort.com\/en\/avis-legal\/\" \/>\n<meta property=\"og:locale\" content=\"en_US\" \/>\n<meta property=\"og:type\" content=\"article\" \/>\n<meta property=\"og:title\" content=\"Legal notice - Fundaci\u00f3 Mascort\" \/>\n<meta property=\"og:description\" content=\"Objeto y aceptaci\u00f3n El presente aviso legal regula el uso de la web www.fundaciomascort.com,en adelante, LA WEB, que es de titularidad de Fundaci\u00f3 Privada Mascort en adelante, EL PROPIETARIO DE LA WEB. La navegaci\u00f3n por LA WEB atribuye la condici\u00f3n de usuario del mismo y supone la aceptaci\u00f3n plena y sin reservas de todas y [&hellip;]\" \/>\n<meta property=\"og:url\" content=\"https:\/\/www.fundaciomascort.com\/en\/avis-legal\/\" \/>\n<meta property=\"og:site_name\" content=\"Fundaci\u00f3 Mascort\" \/>\n<meta property=\"article:publisher\" content=\"https:\/\/www.facebook.com\/fundaciomascort\" \/>\n<meta property=\"article:modified_time\" content=\"2020-05-28T13:43:26+00:00\" \/>\n<meta name=\"twitter:card\" content=\"summary_large_image\" \/>\n<meta name=\"twitter:site\" content=\"@fundaciomascort\" \/>\n<meta name=\"twitter:label1\" content=\"Est. reading time\" \/>\n\t<meta name=\"twitter:data1\" content=\"7 minutes\" \/>\n<script type=\"application\/ld+json\" class=\"yoast-schema-graph\">{\"@context\":\"https:\/\/schema.org\",\"@graph\":[{\"@type\":\"WebPage\",\"@id\":\"https:\/\/www.fundaciomascort.com\/en\/avis-legal\/\",\"url\":\"https:\/\/www.fundaciomascort.com\/en\/avis-legal\/\",\"name\":\"Legal notice - Fundaci\u00f3 Mascort\",\"isPartOf\":{\"@id\":\"https:\/\/www.fundaciomascort.com\/en\/#website\"},\"datePublished\":\"2020-05-28T13:36:03+00:00\",\"dateModified\":\"2020-05-28T13:43:26+00:00\",\"breadcrumb\":{\"@id\":\"https:\/\/www.fundaciomascort.com\/en\/avis-legal\/#breadcrumb\"},\"inLanguage\":\"en-US\",\"potentialAction\":[{\"@type\":\"ReadAction\",\"target\":[\"https:\/\/www.fundaciomascort.com\/en\/avis-legal\/\"]}]},{\"@type\":\"BreadcrumbList\",\"@id\":\"https:\/\/www.fundaciomascort.com\/en\/avis-legal\/#breadcrumb\",\"itemListElement\":[{\"@type\":\"ListItem\",\"position\":1,\"name\":\"Home\",\"item\":\"https:\/\/www.fundaciomascort.com\/en\/\"},{\"@type\":\"ListItem\",\"position\":2,\"name\":\"Legal notice\"}]},{\"@type\":\"WebSite\",\"@id\":\"https:\/\/www.fundaciomascort.com\/en\/#website\",\"url\":\"https:\/\/www.fundaciomascort.com\/en\/\",\"name\":\"Fundaci\u00f3 Mascort\",\"description\":\"Esperem que compartiu amb nosaltres les exposicions de la Casa Galibern i les nostres publicacions.\",\"potentialAction\":[{\"@type\":\"SearchAction\",\"target\":{\"@type\":\"EntryPoint\",\"urlTemplate\":\"https:\/\/www.fundaciomascort.com\/en\/?s={search_term_string}\"},\"query-input\":{\"@type\":\"PropertyValueSpecification\",\"valueRequired\":true,\"valueName\":\"search_term_string\"}}],\"inLanguage\":\"en-US\"}]}<\/script>\n<!-- \/ Yoast SEO plugin. -->","yoast_head_json":{"title":"Legal notice - Fundaci\u00f3 Mascort","robots":{"index":"index","follow":"follow","max-snippet":"max-snippet:-1","max-image-preview":"max-image-preview:large","max-video-preview":"max-video-preview:-1"},"canonical":"https:\/\/www.fundaciomascort.com\/en\/avis-legal\/","og_locale":"en_US","og_type":"article","og_title":"Legal notice - Fundaci\u00f3 Mascort","og_description":"Objeto y aceptaci\u00f3n El presente aviso legal regula el uso de la web www.fundaciomascort.com,en adelante, LA WEB, que es de titularidad de Fundaci\u00f3 Privada Mascort en adelante, EL PROPIETARIO DE LA WEB. La navegaci\u00f3n por LA WEB atribuye la condici\u00f3n de usuario del mismo y supone la aceptaci\u00f3n plena y sin reservas de todas y [&hellip;]","og_url":"https:\/\/www.fundaciomascort.com\/en\/avis-legal\/","og_site_name":"Fundaci\u00f3 Mascort","article_publisher":"https:\/\/www.facebook.com\/fundaciomascort","article_modified_time":"2020-05-28T13:43:26+00:00","twitter_card":"summary_large_image","twitter_site":"@fundaciomascort","twitter_misc":{"Est. reading time":"7 minutes"},"schema":{"@context":"https:\/\/schema.org","@graph":[{"@type":"WebPage","@id":"https:\/\/www.fundaciomascort.com\/en\/avis-legal\/","url":"https:\/\/www.fundaciomascort.com\/en\/avis-legal\/","name":"Legal notice - Fundaci\u00f3 Mascort","isPartOf":{"@id":"https:\/\/www.fundaciomascort.com\/en\/#website"},"datePublished":"2020-05-28T13:36:03+00:00","dateModified":"2020-05-28T13:43:26+00:00","breadcrumb":{"@id":"https:\/\/www.fundaciomascort.com\/en\/avis-legal\/#breadcrumb"},"inLanguage":"en-US","potentialAction":[{"@type":"ReadAction","target":["https:\/\/www.fundaciomascort.com\/en\/avis-legal\/"]}]},{"@type":"BreadcrumbList","@id":"https:\/\/www.fundaciomascort.com\/en\/avis-legal\/#breadcrumb","itemListElement":[{"@type":"ListItem","position":1,"name":"Home","item":"https:\/\/www.fundaciomascort.com\/en\/"},{"@type":"ListItem","position":2,"name":"Legal notice"}]},{"@type":"WebSite","@id":"https:\/\/www.fundaciomascort.com\/en\/#website","url":"https:\/\/www.fundaciomascort.com\/en\/","name":"Fundaci\u00f3 Mascort","description":"Esperem que compartiu amb nosaltres les exposicions de la Casa Galibern i les nostres publicacions.","potentialAction":[{"@type":"SearchAction","target":{"@type":"EntryPoint","urlTemplate":"https:\/\/www.fundaciomascort.com\/en\/?s={search_term_string}"},"query-input":{"@type":"PropertyValueSpecification","valueRequired":true,"valueName":"search_term_string"}}],"inLanguage":"en-US"}]}},"_links":{"self":[{"href":"https:\/\/www.fundaciomascort.com\/en\/wp-json\/wp\/v2\/pages\/11667"}],"collection":[{"href":"https:\/\/www.fundaciomascort.com\/en\/wp-json\/wp\/v2\/pages"}],"about":[{"href":"https:\/\/www.fundaciomascort.com\/en\/wp-json\/wp\/v2\/types\/page"}],"author":[{"embeddable":true,"href":"https:\/\/www.fundaciomascort.com\/en\/wp-json\/wp\/v2\/users\/1"}],"replies":[{"embeddable":true,"href":"https:\/\/www.fundaciomascort.com\/en\/wp-json\/wp\/v2\/comments?post=11667"}],"version-history":[{"count":2,"href":"https:\/\/www.fundaciomascort.com\/en\/wp-json\/wp\/v2\/pages\/11667\/revisions"}],"predecessor-version":[{"id":11677,"href":"https:\/\/www.fundaciomascort.com\/en\/wp-json\/wp\/v2\/pages\/11667\/revisions\/11677"}],"wp:attachment":[{"href":"https:\/\/www.fundaciomascort.com\/en\/wp-json\/wp\/v2\/media?parent=11667"}],"curies":[{"name":"wp","href":"https:\/\/api.w.org\/{rel}","templated":true}]}}